{"id":27701,"date":"2023-03-02T06:00:47","date_gmt":"2023-03-02T11:00:47","guid":{"rendered":"https:\/\/artbridges.ca\/2018-analytics\/"},"modified":"2023-07-03T02:36:48","modified_gmt":"2023-07-03T06:36:48","slug":"2018-analytics","status":"publish","type":"page","link":"https:\/\/artbridges.ca\/fr\/2018-analytics\/","title":{"rendered":"Analyses 2018"},"content":{"rendered":"<div class=\"wpb-content-wrapper\"><p>[vc_row bg_type=\u00a0\u00bbimage\u00a0\u00bb parallax_style=\u00a0\u00bbvcpb-default\u00a0\u00bb bg_image_new=\u00a0\u00bbid^3718|url^https:\/\/artbridges.ca\/wp-content\/uploads\/2023\/04\/New-Banner-02.jpg|caption^null|alt^null|title^New-Banner-02|description^null\u00a0\u00bb bg_image_repeat=\u00a0\u00bbno-repeat\u00a0\u00bb el_class=\u00a0\u00bbpad-sides\u00a0\u00bb][vc_column]<div class=\"ult-spacer spacer-69ea343f9043a\" data-id=\"69ea343f9043a\" data-height=\"110\" data-height-mobile=\"50\" data-height-tab=\"\" data-height-tab-portrait=\"\" data-height-mobile-landscape=\"\" style=\"clear:both;display:block;\"><\/div><div id=\"ultimate-heading-856769ea343f904ac\" class=\"uvc-heading ult-adjust-bottom-margin ultimate-heading-856769ea343f904ac uvc-9928 \" data-hspacer=\"no_spacer\"  data-halign=\"left\" style=\"text-align:left\"><div class=\"uvc-heading-spacer no_spacer\" style=\"top\"><\/div><div class=\"uvc-sub-heading ult-responsive\"  data-ultimate-target='.uvc-heading.ultimate-heading-856769ea343f904ac .uvc-sub-heading '  data-responsive-json-new='{\"font-size\":\"desktop:18px;\",\"line-height\":\"desktop:18px;\"}'  style=\"font-family:&#039;Montserrat&#039;;font-weight:700;\"><\/p>\n<p class=\"sd-text-bg-white\">ANALYTIQUE 2018<\/p>\n<p><\/div><\/div><div class=\"ult-spacer spacer-69ea343f904fc\" data-id=\"69ea343f904fc\" data-height=\"110\" data-height-mobile=\"50\" data-height-tab=\"\" data-height-tab-portrait=\"\" data-height-mobile-landscape=\"\" style=\"clear:both;display:block;\"><\/div>[\/vc_column][\/vc_row][vc_row el_class=\u00a0\u00bbpad-sides about-h3&Prime; css=\u00a0\u00bb.vc_custom_1676981735546{padding-top: 50px !important;}\u00a0\u00bb][vc_column]<div id=\"ultimate-heading-556069ea343f90524\" class=\"uvc-heading ult-adjust-bottom-margin ultimate-heading-556069ea343f90524 uvc-2383 \" data-hspacer=\"no_spacer\"  data-halign=\"center\" style=\"text-align:center\"><div class=\"uvc-heading-spacer no_spacer\" style=\"top\"><\/div><div class=\"uvc-main-heading ult-responsive\"  data-ultimate-target='.uvc-heading.ultimate-heading-556069ea343f90524 h3'  data-responsive-json-new='{\"font-size\":\"desktop:30px;\",\"line-height\":\"\"}' ><h3 style=\"font-weight:normal;color:#000000;\">Analyses 2018<\/h3><\/div><\/div>[\/vc_column][\/vc_row][vc_row el_class=\u00a0\u00bbpad-sides org-timeline\u00a0\u00bb css=\u00a0\u00bb.vc_custom_1677507417747{padding-top: 50px !important;padding-bottom: 100px !important;}\u00a0\u00bb][vc_column width=\u00a0\u00bb1\/4&Prime; css=\u00a0\u00bb.vc_custom_1677507552698{padding-right: 100px !important;}\u00a0\u00bb][\/vc_column][vc_column width=\u00a0\u00bb1\/2&Prime;]<div class=\"jstime timeline_preloader\" style=\"opacity:0;width:35px;margin:auto;margin-top:30px;\"><img decoding=\"async\" style=\"box-shadow:none;\" alt=\"timeline_pre_loader\" src=\"https:\/\/artbridges.ca\/wp-content\/plugins\/Ultimate_VC_Addons\/modules\/..\/assets\/img\/timeline_pre-loader.gif\" \/><\/div><div class=\"smile-icon-timeline-wrap jstime   \"  data-time_sep_bg_color=&quot;#b92b27&quot;  data-time_sep_color=&quot;#b92b27&quot; style=\"opacity:0; \"><div class=\"timeline-line \" style=\"border-right-color:#4b4b4b;\"><span><\/span><\/div><div class=\"timeline-wrapper\"><\/div>\n\t\t\t\t<div id=\"timeline-seperator-3096\" class=\"timeline-separator-text \" data-sep-col=\"#b92b27\" data-sep-bg-col=\"\"><span class=\"sep-text ult-responsive\"  data-ultimate-target='#timeline-seperator-3096 .sep-text'  data-responsive-json-new='{\"font-size\":\"\",\"line-height\":\"\"}'  style=\"color:#b92b27;border-width:1px;border-radius:5px;\">2018<\/span><\/div><div class=\"timeline-wrapper \"><div class=\"timeline-block \"><div class=\"timeline-dot\"><\/div><div class=\"ult-timeline-arrow\"><s><\/s><l><\/l><\/div><div class=\"timeline-icon-block\"><div class=\"ult-timeline-icon tl-icon-no-bg\" style=\"   \"><\/div> <!-- icon --><\/div><div class=\"timeline-header-block\" >\n\t\t\t\t\t\t\t<div id=\"timeline-item-6365\" class=\"timeline-header\" style=\"\"><h3 class=\"ult-timeline-title ult-responsive\"  data-ultimate-target='#timeline-item-6365 .ult-timeline-title'  data-responsive-json-new='{\"font-size\":\"\",\"line-height\":\"\"}'  style=\"\"><\/h3><div class=\"ult-responsive timeline-item-spt\"  data-ultimate-target='#timeline-item-6365 .timeline-item-spt'  data-responsive-json-new='{\"font-size\":\"\",\"line-height\":\"\"}'  style=\"\">Cinq employ\u00e9s (p\/t) ont contact\u00e9 et se sont connect\u00e9s (en anglais et en fran\u00e7ais) avec 395 initiatives de partenaires communautaires \u00e0 travers le Canada, via des outils de r\u00e9seautage social qui comprenaient artbridges.ca (annonces class\u00e9es, \u00e9v\u00e9nements, carte et r\u00e9pertoire de profils, adh\u00e9sions, apprentissage et ressources, Blog communautaire), newsletters, Twitter, Facebook, vid\u00e9os, sondages et webinaires. Le site Web d&rsquo;ArtBridges a \u00e9t\u00e9 mis \u00e0 jour afin que les partenaires communautaires puissent modifier eux-m\u00eames les profils organisationnels. Juin 2017 \u00e0 octobre 2018 : Sur le site Web : 12 645 utilisateurs ind\u00e9pendants, 41 328 pages vues, PLUS abonn\u00e9s\/abonn\u00e9s quotidiens sur le blog de la communaut\u00e9 : 123, Facebook : 530 et Twitter 1 109 = 1 762 par jour x 5 jours sem = 8 810 sem x 68 semaines = 599 080 audiences\/spectateurs potentiels. (Cela n&rsquo;inclut pas le retweet\/le suivi des publications des partenaires communautaires.) Abonn\u00e9s \u00e0 la newsletter environ : 1167 x 2 newsletters = 2334 audience\/lecteurs potentiels. Sondage aupr\u00e8s de 380 partenaires communautaires x 2 = 760<\/div><\/div> <!-- header --><\/div><\/div><\/div><\/div>[\/vc_column][vc_column width=\u00a0\u00bb1\/4&Prime;][\/vc_column][\/vc_row]<\/p>\n<\/div>","protected":false},"excerpt":{"rendered":"<p>[vc_row bg_type=\u00a0\u00bbimage\u00a0\u00bb parallax_style=\u00a0\u00bbvcpb-default\u00a0\u00bb bg_image_new=\u00a0\u00bbid^3718|url^https:\/\/artbridges.ca\/wp-content\/uploads\/2023\/04\/New-Banner-02.jpg|caption^null|alt^null|title^New-Banner-02|description^null\u00a0\u00bb bg_image_repeat=\u00a0\u00bbno-repeat\u00a0\u00bb el_class=\u00a0\u00bbpad-sides\u00a0\u00bb][vc_column][\/vc_column][\/vc_row][vc_row el_class=\u00a0\u00bbpad-sides about-h3&Prime; css=\u00a0\u00bb.vc_custom_1676981735546{padding-top: 50px !important;}\u00a0\u00bb][vc_column][\/vc_column][\/vc_row][vc_row el_class=\u00a0\u00bbpad-sides org-timeline\u00a0\u00bb css=\u00a0\u00bb.vc_custom_1677507417747{padding-top: 50px !important;padding-bottom: 100px !important;}\u00a0\u00bb][vc_column width=\u00a0\u00bb1\/4&Prime; css=\u00a0\u00bb.vc_custom_1677507552698{padding-right: 100px !important;}\u00a0\u00bb][\/vc_column][vc_column width=\u00a0\u00bb1\/2&Prime;][\/vc_column][vc_column width=\u00a0\u00bb1\/4&Prime;][\/vc_column][\/vc_row]<\/p>\n<p><a class=\"sd-more sd-all-trans\" href=\"https:\/\/artbridges.ca\/fr\/2018-analytics\/#more-27701\">Read More<\/a><\/p>\n","protected":false},"author":1,"featured_media":0,"parent":0,"menu_order":0,"comment_status":"closed","ping_status":"closed","template":"full-width-page.php","meta":{"footnotes":""},"class_list":["post-27701","page","type-page","status-publish","hentry"],"_links":{"self":[{"href":"https:\/\/artbridges.ca\/fr\/wp-json\/wp\/v2\/pages\/27701","targetHints":{"allow":["GET"]}}],"collection":[{"href":"https:\/\/artbridges.ca\/fr\/wp-json\/wp\/v2\/pages"}],"about":[{"href":"https:\/\/artbridges.ca\/fr\/wp-json\/wp\/v2\/types\/page"}],"author":[{"embeddable":true,"href":"https:\/\/artbridges.ca\/fr\/wp-json\/wp\/v2\/users\/1"}],"replies":[{"embeddable":true,"href":"https:\/\/artbridges.ca\/fr\/wp-json\/wp\/v2\/comments?post=27701"}],"version-history":[{"count":11,"href":"https:\/\/artbridges.ca\/fr\/wp-json\/wp\/v2\/pages\/27701\/revisions"}],"predecessor-version":[{"id":27869,"href":"https:\/\/artbridges.ca\/fr\/wp-json\/wp\/v2\/pages\/27701\/revisions\/27869"}],"wp:attachment":[{"href":"https:\/\/artbridges.ca\/fr\/wp-json\/wp\/v2\/media?parent=27701"}],"curies":[{"name":"wp","href":"https:\/\/api.w.org\/{rel}","templated":true}]}}