{"id":27708,"date":"2023-02-20T06:29:23","date_gmt":"2023-02-20T11:29:23","guid":{"rendered":"https:\/\/artbridges.ca\/pourquoi-nous-le-faisons\/"},"modified":"2023-07-27T09:53:43","modified_gmt":"2023-07-27T13:53:43","slug":"pourquoi-nous-le-faisons","status":"publish","type":"page","link":"https:\/\/artbridges.ca\/fr\/pourquoi-nous-le-faisons\/","title":{"rendered":"pourquoi nous le faisons"},"content":{"rendered":"<div class=\"wpb-content-wrapper\"><p>[vc_row bg_type=\u00a0\u00bbimage\u00a0\u00bb parallax_style=\u00a0\u00bbvcpb-default\u00a0\u00bb bg_image_new=\u00a0\u00bbid^3718|url^https:\/\/artbridges.ca\/wp-content\/uploads\/2023\/04\/New-Banner-02.jpg|caption^null|alt^null|title^New-Banner-02|description^null\u00a0\u00bb bg_image_repeat=\u00a0\u00bbno-repeat\u00a0\u00bb el_class=\u00a0\u00bbpad-sides\u00a0\u00bb][vc_column]<div class=\"ult-spacer spacer-69ef1fe467118\" data-id=\"69ef1fe467118\" data-height=\"110\" data-height-mobile=\"50\" data-height-tab=\"\" data-height-tab-portrait=\"\" data-height-mobile-landscape=\"\" style=\"clear:both;display:block;\"><\/div><div id=\"ultimate-heading-833669ef1fe467175\" class=\"uvc-heading ult-adjust-bottom-margin ultimate-heading-833669ef1fe467175 uvc-3671 \" data-hspacer=\"no_spacer\"  data-halign=\"left\" style=\"text-align:left\"><div class=\"uvc-heading-spacer no_spacer\" style=\"top\"><\/div><div class=\"uvc-sub-heading ult-responsive\"  data-ultimate-target='.uvc-heading.ultimate-heading-833669ef1fe467175 .uvc-sub-heading '  data-responsive-json-new='{\"font-size\":\"desktop:18px;\",\"line-height\":\"desktop:18px;\"}'  style=\"font-family:&#039;Montserrat&#039;;font-weight:700;\"><\/p>\n<p class=\"sd-text-bg-white\">POURQUOI NOUS LE FAISONS<\/p>\n<p><\/div><\/div><div class=\"ult-spacer spacer-69ef1fe4671ab\" data-id=\"69ef1fe4671ab\" data-height=\"110\" data-height-mobile=\"50\" data-height-tab=\"\" data-height-tab-portrait=\"\" data-height-mobile-landscape=\"\" style=\"clear:both;display:block;\"><\/div>[\/vc_column][\/vc_row][vc_row el_class=\u00a0\u00bbpad-sides about-h3&Prime; css=\u00a0\u00bb.vc_custom_1676038691512{padding-top: 50px !important;padding-bottom: 30px !important;}\u00a0\u00bb][vc_column]<div id=\"ultimate-heading-44069ef1fe4671c5\" class=\"uvc-heading ult-adjust-bottom-margin ultimate-heading-44069ef1fe4671c5 uvc-3114 \" data-hspacer=\"no_spacer\"  data-halign=\"center\" style=\"text-align:center\"><div class=\"uvc-heading-spacer no_spacer\" style=\"top\"><\/div><div class=\"uvc-main-heading ult-responsive\"  data-ultimate-target='.uvc-heading.ultimate-heading-44069ef1fe4671c5 h3'  data-responsive-json-new='{\"font-size\":\"desktop:34px;\",\"line-height\":\"\"}' ><h3 style=\"font-weight:normal;color:#000000;\">La raison d\u2019\u00eatre d\u2019ArtBridges\/ToileDesArts<\/h3><\/div><\/div><div class=\"ult-spacer spacer-69ef1fe4671ff\" data-id=\"69ef1fe4671ff\" data-height=\"30\" data-height-mobile=\"30\" data-height-tab=\"30\" data-height-tab-portrait=\"\" data-height-mobile-landscape=\"\" style=\"clear:both;display:block;\"><\/div>[vc_row_inner][vc_column_inner width=\u00a0\u00bb1\/6&Prime;][\/vc_column_inner][vc_column_inner width=\u00a0\u00bb2\/3&Prime;][vc_column_text]En 2008, nous avons fond\u00e9 ArtBridges\/ToileDesArts afin d&rsquo;apprendre et de partager ce qui se passait dans le domaine des arts communautaires et des arts pour le changement social \u00e0 travers le Canada. Les membres du cabinet ont tendance \u00e0 travailler en vase clos et nous avons eu le sentiment qu&rsquo;en construisant le projet, des id\u00e9es novatrices, des mod\u00e8les, des pratiques prometteuses, des le\u00e7ons apprises et des ressources pourraient \u00eatre partag\u00e9s. Un meilleur partage des connaissances, une plus grande collaboration et moins de r\u00e9invention de la roue pourraient permettre de rendre les arts communautaires plus accessibles et abordables au Canada. Il en r\u00e9sulterait davantage d&rsquo;arts dans les communaut\u00e9s mal desservies et insuffisamment dot\u00e9es en ressources, et davantage de b\u00e9n\u00e9fices pour les communaut\u00e9s canadiennes.[\/vc_column_text][\/vc_column_inner][vc_column_inner width=\u00a0\u00bb1\/6&Prime;][\/vc_column_inner][\/vc_row_inner][\/vc_column][\/vc_row][vc_row el_class=\u00a0\u00bbpad-sides\u00a0\u00bb css=\u00a0\u00bb.vc_custom_1676965643682{padding-bottom: 50px !important;}\u00a0\u00bb][vc_column][vc_row_inner content_placement=\u00a0\u00bbmiddle\u00a0\u00bb css=\u00a0\u00bb.vc_custom_1676965671086{background-color: #494e86 !important;}\u00a0\u00bb el_class=\u00a0\u00bbwhyartbridge\u00a0\u00bb][vc_column_inner width=\u00a0\u00bb1\/2&Prime;]<div id=\"ultimate-heading-593369ef1fe467216\" class=\"uvc-heading ult-adjust-bottom-margin ultimate-heading-593369ef1fe467216 uvc-4203 \" data-hspacer=\"no_spacer\"  data-halign=\"center\" style=\"text-align:center\"><div class=\"uvc-heading-spacer no_spacer\" style=\"top\"><\/div><div class=\"uvc-main-heading ult-responsive\"  data-ultimate-target='.uvc-heading.ultimate-heading-593369ef1fe467216 h2'  data-responsive-json-new='{\"font-size\":\"desktop:35px;\",\"line-height\":\"\"}' ><h2 style=\"font-weight:bold;color:#ffffff;\">Pourquoi ArtBridges et ArtBridging ?<\/h2><\/div><\/div><div class=\"ult-spacer spacer-69ef1fe467235\" data-id=\"69ef1fe467235\" data-height=\"30\" data-height-mobile=\"30\" data-height-tab=\"30\" data-height-tab-portrait=\"\" data-height-mobile-landscape=\"\" style=\"clear:both;display:block;\"><\/div><div id=\"ultimate-heading-140569ef1fe467249\" class=\"uvc-heading ult-adjust-bottom-margin ultimate-heading-140569ef1fe467249 uvc-8801 \" data-hspacer=\"no_spacer\"  data-halign=\"center\" style=\"text-align:center\"><div class=\"uvc-heading-spacer no_spacer\" style=\"top\"><\/div><div class=\"uvc-sub-heading ult-responsive\"  data-ultimate-target='.uvc-heading.ultimate-heading-140569ef1fe467249 .uvc-sub-heading '  data-responsive-json-new='{\"font-size\":\"desktop:17px;\",\"line-height\":\"\"}'  style=\"font-weight:normal;color:#ffffff;\">L&rsquo;art est un vecteur de d\u00e9veloppement communautaire sain. La cr\u00e9ation artistique, la cr\u00e9ativit\u00e9 et l&rsquo;expression artistique rassemblent les enfants, les jeunes, les adultes et les personnes \u00e2g\u00e9es dans des studios communautaires qui combinent les loisirs, l&rsquo;\u00e9ducation, l&rsquo;acquisition de comp\u00e9tences n\u00e9cessaires \u00e0 la vie courante, le d\u00e9veloppement \u00e9conomique et le leadership.<\/div><\/div><div class=\"ult-spacer spacer-69ef1fe46725f\" data-id=\"69ef1fe46725f\" data-height=\"30\" data-height-mobile=\"30\" data-height-tab=\"30\" data-height-tab-portrait=\"\" data-height-mobile-landscape=\"\" style=\"clear:both;display:block;\"><\/div>[\/vc_column_inner][vc_column_inner width=\u00a0\u00bb1\/2&Prime;][vc_single_image image=\u00a0\u00bb27669&Prime; img_size=\u00a0\u00bbfull\u00a0\u00bb][\/vc_column_inner][\/vc_row_inner][\/vc_column][\/vc_row][vc_row el_class=\u00a0\u00bbpad-sides about-h3&Prime; css=\u00a0\u00bb.vc_custom_1676965074527{padding-top: 50px !important;}\u00a0\u00bb][vc_column width=\u00a0\u00bb1\/2&Prime;]<div id=\"ultimate-heading-894369ef1fe467272\" class=\"uvc-heading ult-adjust-bottom-margin ultimate-heading-894369ef1fe467272 uvc-5436 \" data-hspacer=\"no_spacer\"  data-halign=\"left\" style=\"text-align:left\"><div class=\"uvc-heading-spacer no_spacer\" style=\"top\"><\/div><div class=\"uvc-main-heading ult-responsive\"  data-ultimate-target='.uvc-heading.ultimate-heading-894369ef1fe467272 h3'  data-responsive-json-new='{\"font-size\":\"desktop:34px;\",\"line-height\":\"\"}' ><h3 style=\"font-weight:normal;color:#000000;\">Les avantages des arts communautaires pour le changement social sont les suivants :<\/h3><\/div><\/div><div class=\"ult-spacer spacer-69ef1fe46728d\" data-id=\"69ef1fe46728d\" data-height=\"30\" data-height-mobile=\"30\" data-height-tab=\"30\" data-height-tab-portrait=\"\" data-height-mobile-landscape=\"\" style=\"clear:both;display:block;\"><\/div>[vc_column_text]<\/p>\n<ul>\n<li>Des collectivit\u00e9s plus cr\u00e9atives et plus vivantes,<\/li>\n<li>Une meilleure sant\u00e9 et une plus grande s\u00e9curit\u00e9,<\/li>\n<li>Une r\u00e9duction de la pauvret\u00e9,<\/li>\n<li>De meilleurs r\u00e9sultats scolaires et une plus grande employabilit\u00e9,<\/li>\n<li>Un engagement communautaire accru,<\/li>\n<li>Une revitalisation locale.<\/li>\n<\/ul>\n<p>[\/vc_column_text][\/vc_column][vc_column width=\u00a0\u00bb1\/2&Prime;]<div id=\"ultimate-heading-649669ef1fe4672a0\" class=\"uvc-heading ult-adjust-bottom-margin ultimate-heading-649669ef1fe4672a0 uvc-4187 \" data-hspacer=\"no_spacer\"  data-halign=\"left\" style=\"text-align:left\"><div class=\"uvc-heading-spacer no_spacer\" style=\"top\"><\/div><div class=\"uvc-main-heading ult-responsive\"  data-ultimate-target='.uvc-heading.ultimate-heading-649669ef1fe4672a0 h3'  data-responsive-json-new='{\"font-size\":\"desktop:34px;\",\"line-height\":\"\"}' ><h3 style=\"font-weight:normal;color:#000000;\">Les avantages des arts communautaires pour le changement social sont les suivants :<\/h3><\/div><\/div><div class=\"ult-spacer spacer-69ef1fe4672cf\" data-id=\"69ef1fe4672cf\" data-height=\"30\" data-height-mobile=\"30\" data-height-tab=\"30\" data-height-tab-portrait=\"\" data-height-mobile-landscape=\"\" style=\"clear:both;display:block;\"><\/div>[vc_column_text]<\/p>\n<ul>\n<li>on observe une croissance exponentielle dans le champ de l\u2019art communautaire et de l\u2019art pour le changement social;<\/li>\n<li>en g\u00e9n\u00e9ral, les personnes engag\u00e9es dans le domaine ne connaissent pas les organismes et projets d\u2019art communautaires des autres villes et r\u00e9gions;<\/li>\n<li>il n\u2019existait aucune plateforme pancanadienne autour de la question de l\u2019art communautaire;<\/li>\n<li>les artistes, les personnes initiatrices de projets d\u2019art communautaires et celles qui s\u2019engagent dans ces projets souhaitent participer \u00e0 un r\u00e9seau comme celui de la ToileDesArts;<\/li>\n<li>Les gens ont exprim\u00e9 le besoin d&rsquo;arts dans leur communaut\u00e9 mais n&rsquo;ont pas toujours l&rsquo;expertise n\u00e9cessaire pour mettre en place des initiatives artistiques. Par ailleurs, les personnes qui souhaitent apporter leur contribution ne savent souvent pas comment ni par o\u00f9 commencer.<\/li>\n<\/ul>\n<p>[\/vc_column_text][\/vc_column][\/vc_row][vc_row el_class=\u00a0\u00bbpad-sides\u00a0\u00bb css=\u00a0\u00bb.vc_custom_1676965331778{padding-bottom: 100px !important;}\u00a0\u00bb][vc_column width=\u00a0\u00bb1\/2&Prime;][vc_column_text]Les avantages des arts communautaires ont \u00e9t\u00e9 d\u00e9montr\u00e9s \u00e0 maintes reprises dans les centres-villes, les communaut\u00e9s en d\u00e9tresse ou isol\u00e9es du Canada. Pour en savoir plus sur les <a href=\"https:\/\/artbridges.ca\/fr\/bienfaits\/\">avantages des arts communautaires, cliquez ici<\/a>.[\/vc_column_text][\/vc_column][vc_column width=\u00a0\u00bb1\/2&Prime;][vc_column_text]Pour plus d&rsquo;informations sur les raisons de notre action et la raison d&rsquo;\u00eatre d&rsquo;ArtBridges, vous pouvez lire notre <a href=\"https:\/\/wayback.archive-it.org\/21337\/20230606002611\/http:\/\/artbridges.ca\/pdf\/raison-d_etre-fr.pdf\"><strong>Raison d&rsquo;\u00eatre ici<\/strong><\/a>.[\/vc_column_text][\/vc_column][\/vc_row]<\/p>\n<\/div>","protected":false},"excerpt":{"rendered":"<p>[vc_row bg_type=\u00a0\u00bbimage\u00a0\u00bb parallax_style=\u00a0\u00bbvcpb-default\u00a0\u00bb bg_image_new=\u00a0\u00bbid^3718|url^https:\/\/artbridges.ca\/wp-content\/uploads\/2023\/04\/New-Banner-02.jpg|caption^null|alt^null|title^New-Banner-02|description^null\u00a0\u00bb bg_image_repeat=\u00a0\u00bbno-repeat\u00a0\u00bb el_class=\u00a0\u00bbpad-sides\u00a0\u00bb][vc_column][\/vc_column][\/vc_row][vc_row el_class=\u00a0\u00bbpad-sides about-h3&Prime; css=\u00a0\u00bb.vc_custom_1676038691512{padding-top: 50px !important;padding-bottom: 30px !important;}\u00a0\u00bb][vc_column][vc_row_inner][vc_column_inner width=\u00a0\u00bb1\/6&Prime;][\/vc_column_inner][vc_column_inner width=\u00a0\u00bb2\/3&Prime;][vc_column_text]En 2008, nous avons fond\u00e9 ArtBridges\/ToileDesArts afin d&rsquo;apprendre et de partager ce qui se passait dans le domaine des arts communautaires et des arts pour le changement social \u00e0 travers le Canada. Les membres du cabinet<\/p>\n<p><a class=\"sd-more sd-all-trans\" href=\"https:\/\/artbridges.ca\/fr\/pourquoi-nous-le-faisons\/#more-27708\">Read More<\/a><\/p>\n","protected":false},"author":1,"featured_media":0,"parent":0,"menu_order":0,"comment_status":"closed","ping_status":"closed","template":"full-width-page.php","meta":{"footnotes":""},"class_list":["post-27708","page","type-page","status-publish","hentry"],"_links":{"self":[{"href":"https:\/\/artbridges.ca\/fr\/wp-json\/wp\/v2\/pages\/27708","targetHints":{"allow":["GET"]}}],"collection":[{"href":"https:\/\/artbridges.ca\/fr\/wp-json\/wp\/v2\/pages"}],"about":[{"href":"https:\/\/artbridges.ca\/fr\/wp-json\/wp\/v2\/types\/page"}],"author":[{"embeddable":true,"href":"https:\/\/artbridges.ca\/fr\/wp-json\/wp\/v2\/users\/1"}],"replies":[{"embeddable":true,"href":"https:\/\/artbridges.ca\/fr\/wp-json\/wp\/v2\/comments?post=27708"}],"version-history":[{"count":5,"href":"https:\/\/artbridges.ca\/fr\/wp-json\/wp\/v2\/pages\/27708\/revisions"}],"predecessor-version":[{"id":28107,"href":"https:\/\/artbridges.ca\/fr\/wp-json\/wp\/v2\/pages\/27708\/revisions\/28107"}],"wp:attachment":[{"href":"https:\/\/artbridges.ca\/fr\/wp-json\/wp\/v2\/media?parent=27708"}],"curies":[{"name":"wp","href":"https:\/\/api.w.org\/{rel}","templated":true}]}}