{"id":27727,"date":"2023-03-02T05:50:56","date_gmt":"2023-03-02T10:50:56","guid":{"rendered":"https:\/\/artbridges.ca\/conferences-presentations-et-ateliers\/"},"modified":"2023-07-01T04:47:10","modified_gmt":"2023-07-01T08:47:10","slug":"conferences-presentations-et-ateliers","status":"publish","type":"page","link":"https:\/\/artbridges.ca\/fr\/conferences-presentations-et-ateliers\/","title":{"rendered":"Conf\u00e9rences, pr\u00e9sentations et ateliers"},"content":{"rendered":"<div class=\"wpb-content-wrapper\"><p>[vc_row bg_type=\u00a0\u00bbimage\u00a0\u00bb parallax_style=\u00a0\u00bbvcpb-default\u00a0\u00bb bg_image_new=\u00a0\u00bbid^3718|url^https:\/\/artbridges.ca\/wp-content\/uploads\/2023\/04\/New-Banner-02.jpg|caption^null|alt^null|title^New-Banner-02|description^null\u00a0\u00bb bg_image_repeat=\u00a0\u00bbno-repeat\u00a0\u00bb el_class=\u00a0\u00bbpad-sides\u00a0\u00bb][vc_column]<div class=\"ult-spacer spacer-69ea38208a20c\" data-id=\"69ea38208a20c\" data-height=\"110\" data-height-mobile=\"50\" data-height-tab=\"\" data-height-tab-portrait=\"\" data-height-mobile-landscape=\"\" style=\"clear:both;display:block;\"><\/div><div id=\"ultimate-heading-718269ea38208a26b\" class=\"uvc-heading ult-adjust-bottom-margin ultimate-heading-718269ea38208a26b uvc-2537 \" data-hspacer=\"no_spacer\"  data-halign=\"left\" style=\"text-align:left\"><div class=\"uvc-heading-spacer no_spacer\" style=\"top\"><\/div><div class=\"uvc-sub-heading ult-responsive\"  data-ultimate-target='.uvc-heading.ultimate-heading-718269ea38208a26b .uvc-sub-heading '  data-responsive-json-new='{\"font-size\":\"desktop:18px;\",\"line-height\":\"desktop:18px;\"}'  style=\"font-family:&#039;Montserrat&#039;;font-weight:700;\"><\/p>\n<p class=\"sd-text-bg-white\">CONF\u00c9RENCES, PR\u00c9SENTATIONS ET ATELIERS<\/p>\n<p><\/div><\/div><div class=\"ult-spacer spacer-69ea38208a2b1\" data-id=\"69ea38208a2b1\" data-height=\"110\" data-height-mobile=\"50\" data-height-tab=\"\" data-height-tab-portrait=\"\" data-height-mobile-landscape=\"\" style=\"clear:both;display:block;\"><\/div>[\/vc_column][\/vc_row][vc_row el_class=\u00a0\u00bbpad-sides about-h3&Prime; css=\u00a0\u00bb.vc_custom_1676981735546{padding-top: 50px !important;}\u00a0\u00bb][vc_column]<div id=\"ultimate-heading-942369ea38208a2cf\" class=\"uvc-heading ult-adjust-bottom-margin ultimate-heading-942369ea38208a2cf uvc-6331 \" data-hspacer=\"no_spacer\"  data-halign=\"center\" style=\"text-align:center\"><div class=\"uvc-heading-spacer no_spacer\" style=\"top\"><\/div><div class=\"uvc-main-heading ult-responsive\"  data-ultimate-target='.uvc-heading.ultimate-heading-942369ea38208a2cf h3'  data-responsive-json-new='{\"font-size\":\"desktop:30px;\",\"line-height\":\"\"}' ><h3 style=\"font-weight:normal;color:#000000;\">Conf\u00e9rences, pr\u00e9sentations et ateliers<\/h3><\/div><\/div>[\/vc_column][\/vc_row][vc_row el_class=\u00a0\u00bbpad-sides org-timeline\u00a0\u00bb css=\u00a0\u00bb.vc_custom_1677507417747{padding-top: 50px !important;padding-bottom: 100px !important;}\u00a0\u00bb][vc_column width=\u00a0\u00bb1\/4&Prime; css=\u00a0\u00bb.vc_custom_1677507552698{padding-right: 100px !important;}\u00a0\u00bb][\/vc_column][vc_column width=\u00a0\u00bb1\/2&Prime;]<div class=\"jstime timeline_preloader\" style=\"opacity:0;width:35px;margin:auto;margin-top:30px;\"><img decoding=\"async\" style=\"box-shadow:none;\" alt=\"timeline_pre_loader\" src=\"https:\/\/artbridges.ca\/wp-content\/plugins\/Ultimate_VC_Addons\/modules\/..\/assets\/img\/timeline_pre-loader.gif\" \/><\/div><div class=\"smile-icon-timeline-wrap jstime   \"  data-time_sep_bg_color=&quot;#b92b27&quot;  data-time_sep_color=&quot;#b92b27&quot; style=\"opacity:0; \"><div class=\"timeline-line \" style=\"border-right-color:#4b4b4b;\"><span><\/span><\/div><div class=\"timeline-wrapper\"><\/div>\n\t\t\t\t<div id=\"timeline-seperator-6756\" class=\"timeline-separator-text \" data-sep-col=\"#b92b27\" data-sep-bg-col=\"\"><span class=\"sep-text ult-responsive\"  data-ultimate-target='#timeline-seperator-6756 .sep-text'  data-responsive-json-new='{\"font-size\":\"\",\"line-height\":\"\"}'  style=\"color:#b92b27;border-width:1px;border-radius:5px;\">2011<\/span><\/div><div class=\"timeline-wrapper \"><div class=\"timeline-block \"><div class=\"timeline-dot\"><\/div><div class=\"ult-timeline-arrow\"><s><\/s><l><\/l><\/div><div class=\"timeline-icon-block\"><div class=\"ult-timeline-icon tl-icon-no-bg\" style=\"   \"><\/div> <!-- icon --><\/div><div class=\"timeline-header-block\" >\n\t\t\t\t\t\t\t<div id=\"timeline-item-1249\" class=\"timeline-header\" style=\"\"><h3 class=\"ult-timeline-title ult-responsive\"  data-ultimate-target='#timeline-item-1249 .ult-timeline-title'  data-responsive-json-new='{\"font-size\":\"\",\"line-height\":\"\"}'  style=\"\"><\/h3><div class=\"ult-responsive timeline-item-spt\"  data-ultimate-target='#timeline-item-1249 .timeline-item-spt'  data-responsive-json-new='{\"font-size\":\"\",\"line-height\":\"\"}'  style=\"\">ArtBridges a fait une pr\u00e9sentation au Arts Network for Children and Youth : Creative Communities for Children and Youth Symposium au Harbourfront Centre de Toronto.<\/div><\/div> <!-- header --><\/div><\/div><\/div>\n\t\t\t\t<div id=\"timeline-seperator-1621\" class=\"timeline-separator-text \" data-sep-col=\"#b92b27\" data-sep-bg-col=\"\"><span class=\"sep-text ult-responsive\"  data-ultimate-target='#timeline-seperator-1621 .sep-text'  data-responsive-json-new='{\"font-size\":\"\",\"line-height\":\"\"}'  style=\"color:#b92b27;border-width:1px;border-radius:5px;\">2013<\/span><\/div><div class=\"timeline-wrapper \"><div class=\"timeline-block \"><div class=\"timeline-dot\"><\/div><div class=\"ult-timeline-arrow\"><s><\/s><l><\/l><\/div><div class=\"timeline-icon-block\"><div class=\"ult-timeline-icon tl-icon-no-bg\" style=\"   \"><\/div> <!-- icon --><\/div><div class=\"timeline-header-block\" >\n\t\t\t\t\t\t\t<div id=\"timeline-item-8271\" class=\"timeline-header\" style=\"\"><h3 class=\"ult-timeline-title ult-responsive\"  data-ultimate-target='#timeline-item-8271 .ult-timeline-title'  data-responsive-json-new='{\"font-size\":\"\",\"line-height\":\"\"}'  style=\"\"><\/h3><div class=\"ult-responsive timeline-item-spt\"  data-ultimate-target='#timeline-item-8271 .timeline-item-spt'  data-responsive-json-new='{\"font-size\":\"\",\"line-height\":\"\"}'  style=\"\">Le directeur de projet d&rsquo;ArtBridges a particip\u00e9 \u00e0 une session d&rsquo;une semaine \u00e0 Wasan Island avec un \u00ab\u00a0groupe d&rsquo;environ 20 travailleurs culturels, artistes, penseurs de la r\u00e9silience, bailleurs de fonds et individus socialement engag\u00e9s (&#8230;) pour partager des connaissances, et construire une plus grande sensibilisation aux pratiques artistiques socialement engag\u00e9es, en s&rsquo;appuyant sur des exemples du monde entier ; et pour r\u00e9diger un document de position sur le r\u00f4le que les arts doivent jouer pour accro\u00eetre la r\u00e9silience dans les villes\u00a0\u00bb par la Fondation Musagetes, la Fondation de la famille J. W. McConnell, et la Fondation Breuninger.<\/div><\/div> <!-- header --><\/div><\/div><\/div>\n\t\t\t\t<div id=\"timeline-seperator-3751\" class=\"timeline-separator-text \" data-sep-col=\"#b92b27\" data-sep-bg-col=\"\"><span class=\"sep-text ult-responsive\"  data-ultimate-target='#timeline-seperator-3751 .sep-text'  data-responsive-json-new='{\"font-size\":\"\",\"line-height\":\"\"}'  style=\"color:#b92b27;border-width:1px;border-radius:5px;\">2014<\/span><\/div><div class=\"timeline-wrapper \"><div class=\"timeline-block \"><div class=\"timeline-dot\"><\/div><div class=\"ult-timeline-arrow\"><s><\/s><l><\/l><\/div><div class=\"timeline-icon-block\"><div class=\"ult-timeline-icon tl-icon-no-bg\" style=\"   \"><\/div> <!-- icon --><\/div><div class=\"timeline-header-block\" >\n\t\t\t\t\t\t\t<div id=\"timeline-item-2313\" class=\"timeline-header\" style=\"\"><h3 class=\"ult-timeline-title ult-responsive\"  data-ultimate-target='#timeline-item-2313 .ult-timeline-title'  data-responsive-json-new='{\"font-size\":\"\",\"line-height\":\"\"}'  style=\"\"><\/h3><div class=\"ult-responsive timeline-item-spt\"  data-ultimate-target='#timeline-item-2313 .timeline-item-spt'  data-responsive-json-new='{\"font-size\":\"\",\"line-height\":\"\"}'  style=\"\">ArtBridges a organis\u00e9 deux pr\u00e9sentations \u00e0 l&rsquo;Universit\u00e9 de York pour les \u00e9tudiants en deuxi\u00e8me et quatri\u00e8me ann\u00e9e de pratique artistique communautaire sur le centre ArtBridges et ses ressources et services, afin de sensibiliser les \u00e9tudiants.<\/div><\/div> <!-- header --><\/div><\/div><\/div>\n\t\t\t\t<div id=\"timeline-seperator-3528\" class=\"timeline-separator-text \" data-sep-col=\"#b92b27\" data-sep-bg-col=\"\"><span class=\"sep-text ult-responsive\"  data-ultimate-target='#timeline-seperator-3528 .sep-text'  data-responsive-json-new='{\"font-size\":\"\",\"line-height\":\"\"}'  style=\"color:#b92b27;border-width:1px;border-radius:5px;\">2015<\/span><\/div><div class=\"timeline-wrapper \"><div class=\"timeline-block \"><div class=\"timeline-dot\"><\/div><div class=\"ult-timeline-arrow\"><s><\/s><l><\/l><\/div><div class=\"timeline-icon-block\"><div class=\"ult-timeline-icon tl-icon-no-bg\" style=\"   \"><\/div> <!-- icon --><\/div><div class=\"timeline-header-block\" >\n\t\t\t\t\t\t\t<div id=\"timeline-item-9322\" class=\"timeline-header\" style=\"\"><h3 class=\"ult-timeline-title ult-responsive\"  data-ultimate-target='#timeline-item-9322 .ult-timeline-title'  data-responsive-json-new='{\"font-size\":\"\",\"line-height\":\"\"}'  style=\"\"><\/h3><div class=\"ult-responsive timeline-item-spt\"  data-ultimate-target='#timeline-item-9322 .timeline-item-spt'  data-responsive-json-new='{\"font-size\":\"\",\"line-height\":\"\"}'  style=\"\">ArtBridges a anim\u00e9 un atelier interactif \u00ab\u00a0ArtBridging\u00a0\u00bb et a particip\u00e9 \u00e0 un panel lors d&rsquo;une conf\u00e9rence : Dream Big Northern Conference for the Arts \u00e0 North Bay, ON. La conf\u00e9rence a rassembl\u00e9 des artistes et des organisations artistiques (initiatives communautaires, conseils, galeries, etc.) de tout le nord de l&rsquo;Ontario. ArtBridges a fait partie du panel (Making Connections Through Technology) et a anim\u00e9 un atelier pour \u00ab\u00a0augmenter votre r\u00e9seau\u00a0\u00bb. L&rsquo;atelier a \u00e9galement fourni des informations pr\u00e9cieuses sur les questions et les sujets pour lesquels les initiatives dans le nord de l&rsquo;Ontario ont besoin d&rsquo;\u00eatre soutenues.<\/div><\/div> <!-- header --><\/div><\/div><div class=\"timeline-block \"><div class=\"timeline-dot\"><\/div><div class=\"ult-timeline-arrow\"><s><\/s><l><\/l><\/div><div class=\"timeline-icon-block\"><div class=\"ult-timeline-icon tl-icon-no-bg\" style=\"   \"><\/div> <!-- icon --><\/div><div class=\"timeline-header-block\" >\n\t\t\t\t\t\t\t<div id=\"timeline-item-9734\" class=\"timeline-header\" style=\"\"><h3 class=\"ult-timeline-title ult-responsive\"  data-ultimate-target='#timeline-item-9734 .ult-timeline-title'  data-responsive-json-new='{\"font-size\":\"\",\"line-height\":\"\"}'  style=\"\"><\/h3><div class=\"ult-responsive timeline-item-spt\"  data-ultimate-target='#timeline-item-9734 .timeline-item-spt'  data-responsive-json-new='{\"font-size\":\"\",\"line-height\":\"\"}'  style=\"\">Lors du troisi\u00e8me forum national annuel \u00ab\u00a0Le pouvoir des arts\u00a0\u00bb de la Fondation Michaelle Jean, qui s&rsquo;est tenu \u00e0 l&rsquo;Universit\u00e9 Carleton d&rsquo;Ottawa, ArtBridges a pr\u00e9sent\u00e9 un expos\u00e9 bilingue intitul\u00e9 \u00ab\u00a0Les nouvelles technologies et le changement social\u00a0\u00bb. L&rsquo;ambassadeur des \u00c9tats-Unis au Canada, l&rsquo;envoy\u00e9 culturel et Jean Daniel Lafond \u00e9taient pr\u00e9sents.<\/div><\/div> <!-- header --><\/div><\/div><div class=\"timeline-block \"><div class=\"timeline-dot\"><\/div><div class=\"ult-timeline-arrow\"><s><\/s><l><\/l><\/div><div class=\"timeline-icon-block\"><div class=\"ult-timeline-icon tl-icon-no-bg\" style=\"   \"><\/div> <!-- icon --><\/div><div class=\"timeline-header-block\" >\n\t\t\t\t\t\t\t<div id=\"timeline-item-5449\" class=\"timeline-header\" style=\"\"><h3 class=\"ult-timeline-title ult-responsive\"  data-ultimate-target='#timeline-item-5449 .ult-timeline-title'  data-responsive-json-new='{\"font-size\":\"\",\"line-height\":\"\"}'  style=\"\"><\/h3><div class=\"ult-responsive timeline-item-spt\"  data-ultimate-target='#timeline-item-5449 .timeline-item-spt'  data-responsive-json-new='{\"font-size\":\"\",\"line-height\":\"\"}'  style=\"\">ArtBridges a \u00e9t\u00e9 invit\u00e9 \u00e0 participer \u00e0 un panel sur le fait d&rsquo;\u00eatre un projet qui est \u00e0 la fois client d&rsquo;une plateforme partag\u00e9e et qui fournit des services de plateforme \u00e0 d&rsquo;autres projets artistiques. Elle a \u00e9t\u00e9 organis\u00e9e par un consortium de financeurs des arts &#8211; le Conseil des Arts du Canada, le Conseil des Arts de l&rsquo;Ontario, le Conseil des Arts de Toronto, la Fondation Trillium de l&rsquo;Ontario et la Fondation Metcalf &#8211; et s&rsquo;est tenue au Arts and Letters Club.<\/div><\/div> <!-- header --><\/div><\/div><div class=\"timeline-block \"><div class=\"timeline-dot\"><\/div><div class=\"ult-timeline-arrow\"><s><\/s><l><\/l><\/div><div class=\"timeline-icon-block\"><div class=\"ult-timeline-icon tl-icon-no-bg\" style=\"   \"><\/div> <!-- icon --><\/div><div class=\"timeline-header-block\" >\n\t\t\t\t\t\t\t<div id=\"timeline-item-9540\" class=\"timeline-header\" style=\"\"><h3 class=\"ult-timeline-title ult-responsive\"  data-ultimate-target='#timeline-item-9540 .ult-timeline-title'  data-responsive-json-new='{\"font-size\":\"\",\"line-height\":\"\"}'  style=\"\"><\/h3><div class=\"ult-responsive timeline-item-spt\"  data-ultimate-target='#timeline-item-9540 .timeline-item-spt'  data-responsive-json-new='{\"font-size\":\"\",\"line-height\":\"\"}'  style=\"\">ArtBridges a pr\u00e9sent\u00e9 un webinaire pour le Conseil des arts de l&rsquo;Ontario, en fran\u00e7ais et en anglais, sur la valeur d&rsquo;une pr\u00e9sence en ligne et sur la fa\u00e7on d&rsquo;\u00e9crire et de documenter votre projet d&rsquo;\u00e9ducation artistique pour le web, des conseils et des strat\u00e9gies sur l&rsquo;amplification de l&rsquo;impact, la valorisation de votre travail et des exemples de la fa\u00e7on dont ArtBridges partage des histoires sur les arts engag\u00e9s par la communaut\u00e9 et les projets d&rsquo;\u00e9ducation artistique \u00e0 travers l&rsquo;Ontario et le Canada.<\/div><\/div> <!-- header --><\/div><\/div><div class=\"timeline-block \"><div class=\"timeline-dot\"><\/div><div class=\"ult-timeline-arrow\"><s><\/s><l><\/l><\/div><div class=\"timeline-icon-block\"><div class=\"ult-timeline-icon tl-icon-no-bg\" style=\"   \"><\/div> <!-- icon --><\/div><div class=\"timeline-header-block\" >\n\t\t\t\t\t\t\t<div id=\"timeline-item-9928\" class=\"timeline-header\" style=\"\"><h3 class=\"ult-timeline-title ult-responsive\"  data-ultimate-target='#timeline-item-9928 .ult-timeline-title'  data-responsive-json-new='{\"font-size\":\"\",\"line-height\":\"\"}'  style=\"\"><\/h3><div class=\"ult-responsive timeline-item-spt\"  data-ultimate-target='#timeline-item-9928 .timeline-item-spt'  data-responsive-json-new='{\"font-size\":\"\",\"line-height\":\"\"}'  style=\"\">ArtBridges a pr\u00e9sent\u00e9 un expos\u00e9 aux \u00e9tudiants du programme de mineur artistique et social de l&rsquo;Universit\u00e9 OCAD.<\/div><\/div> <!-- header --><\/div><\/div><\/div>\n\t\t\t\t<div id=\"timeline-seperator-5730\" class=\"timeline-separator-text \" data-sep-col=\"#b92b27\" data-sep-bg-col=\"\"><span class=\"sep-text ult-responsive\"  data-ultimate-target='#timeline-seperator-5730 .sep-text'  data-responsive-json-new='{\"font-size\":\"\",\"line-height\":\"\"}'  style=\"color:#b92b27;border-width:1px;border-radius:5px;\">2017<\/span><\/div><div class=\"timeline-wrapper \"><div class=\"timeline-block \"><div class=\"timeline-dot\"><\/div><div class=\"ult-timeline-arrow\"><s><\/s><l><\/l><\/div><div class=\"timeline-icon-block\"><div class=\"ult-timeline-icon tl-icon-no-bg\" style=\"   \"><\/div> <!-- icon --><\/div><div class=\"timeline-header-block\" >\n\t\t\t\t\t\t\t<div id=\"timeline-item-9347\" class=\"timeline-header\" style=\"\"><h3 class=\"ult-timeline-title ult-responsive\"  data-ultimate-target='#timeline-item-9347 .ult-timeline-title'  data-responsive-json-new='{\"font-size\":\"\",\"line-height\":\"\"}'  style=\"\"><\/h3><div class=\"ult-responsive timeline-item-spt\"  data-ultimate-target='#timeline-item-9347 .timeline-item-spt'  data-responsive-json-new='{\"font-size\":\"\",\"line-height\":\"\"}'  style=\"\">ArtBridges a pr\u00e9sent\u00e9 les priorit\u00e9s et les tendances actuelles dans ce domaine lors de la conf\u00e9rence Art of Changing the World : partage des connaissances et dialogue sur le paysage de l&rsquo;art communautaire au Canada (Ottawa) ; et lors de la conf\u00e9rence CAPACOA : La culture de la communaut\u00e9 &#8211; main dans la main : L&rsquo;engagement communautaire et la pratique artistique communautaire, Ottawa. Le personnel d&rsquo;ArtBridges a \u00e9galement particip\u00e9 \u00e0 une table ronde avec M\u00e9lanie Joly, ministre du Patrimoine canadien (Montr\u00e9al), et a fait une pr\u00e9sentation \u00e0 la Fine Arts Society of Milton (Milton).<\/div><\/div> <!-- header --><\/div><\/div><\/div>\n\t\t\t\t<div id=\"timeline-seperator-8878\" class=\"timeline-separator-text \" data-sep-col=\"#b92b27\" data-sep-bg-col=\"\"><span class=\"sep-text ult-responsive\"  data-ultimate-target='#timeline-seperator-8878 .sep-text'  data-responsive-json-new='{\"font-size\":\"\",\"line-height\":\"\"}'  style=\"color:#b92b27;border-width:1px;border-radius:5px;\">2018<\/span><\/div><div class=\"timeline-wrapper \"><div class=\"timeline-block \"><div class=\"timeline-dot\"><\/div><div class=\"ult-timeline-arrow\"><s><\/s><l><\/l><\/div><div class=\"timeline-icon-block\"><div class=\"ult-timeline-icon tl-icon-no-bg\" style=\"   \"><\/div> <!-- icon --><\/div><div class=\"timeline-header-block\" >\n\t\t\t\t\t\t\t<div id=\"timeline-item-8146\" class=\"timeline-header\" style=\"\"><h3 class=\"ult-timeline-title ult-responsive\"  data-ultimate-target='#timeline-item-8146 .ult-timeline-title'  data-responsive-json-new='{\"font-size\":\"\",\"line-height\":\"\"}'  style=\"\"><\/h3><div class=\"ult-responsive timeline-item-spt\"  data-ultimate-target='#timeline-item-8146 .timeline-item-spt'  data-responsive-json-new='{\"font-size\":\"\",\"line-height\":\"\"}'  style=\"\">Le directeur de projet d&rsquo;ArtBridges a \u00e9t\u00e9 le preneur de notes lors du Mass Culture Gathering \u00e0 Thunder Bay sur les impacts, les d\u00e9fis et la capacit\u00e9 collective des arts\/artistes engag\u00e9s dans la communaut\u00e9 et travaillant dans les contextes ruraux, \u00e9loign\u00e9s et des Premi\u00e8res nations du nord de l&rsquo;Ontario.<\/div><\/div> <!-- header --><\/div><\/div><\/div><\/div>[\/vc_column][vc_column width=\u00a0\u00bb1\/4&Prime;][\/vc_column][\/vc_row]<\/p>\n<\/div>","protected":false},"excerpt":{"rendered":"<p>[vc_row bg_type=\u00a0\u00bbimage\u00a0\u00bb parallax_style=\u00a0\u00bbvcpb-default\u00a0\u00bb bg_image_new=\u00a0\u00bbid^3718|url^https:\/\/artbridges.ca\/wp-content\/uploads\/2023\/04\/New-Banner-02.jpg|caption^null|alt^null|title^New-Banner-02|description^null\u00a0\u00bb bg_image_repeat=\u00a0\u00bbno-repeat\u00a0\u00bb el_class=\u00a0\u00bbpad-sides\u00a0\u00bb][vc_column][\/vc_column][\/vc_row][vc_row el_class=\u00a0\u00bbpad-sides about-h3&Prime; css=\u00a0\u00bb.vc_custom_1676981735546{padding-top: 50px !important;}\u00a0\u00bb][vc_column][\/vc_column][\/vc_row][vc_row el_class=\u00a0\u00bbpad-sides org-timeline\u00a0\u00bb css=\u00a0\u00bb.vc_custom_1677507417747{padding-top: 50px !important;padding-bottom: 100px !important;}\u00a0\u00bb][vc_column width=\u00a0\u00bb1\/4&Prime; css=\u00a0\u00bb.vc_custom_1677507552698{padding-right: 100px !important;}\u00a0\u00bb][\/vc_column][vc_column width=\u00a0\u00bb1\/2&Prime;][\/vc_column][vc_column width=\u00a0\u00bb1\/4&Prime;][\/vc_column][\/vc_row]<\/p>\n<p><a class=\"sd-more sd-all-trans\" href=\"https:\/\/artbridges.ca\/fr\/conferences-presentations-et-ateliers\/#more-27727\">Read More<\/a><\/p>\n","protected":false},"author":1,"featured_media":0,"parent":0,"menu_order":0,"comment_status":"closed","ping_status":"closed","template":"full-width-page.php","meta":{"footnotes":""},"class_list":["post-27727","page","type-page","status-publish","hentry"],"_links":{"self":[{"href":"https:\/\/artbridges.ca\/fr\/wp-json\/wp\/v2\/pages\/27727","targetHints":{"allow":["GET"]}}],"collection":[{"href":"https:\/\/artbridges.ca\/fr\/wp-json\/wp\/v2\/pages"}],"about":[{"href":"https:\/\/artbridges.ca\/fr\/wp-json\/wp\/v2\/types\/page"}],"author":[{"embeddable":true,"href":"https:\/\/artbridges.ca\/fr\/wp-json\/wp\/v2\/users\/1"}],"replies":[{"embeddable":true,"href":"https:\/\/artbridges.ca\/fr\/wp-json\/wp\/v2\/comments?post=27727"}],"version-history":[{"count":2,"href":"https:\/\/artbridges.ca\/fr\/wp-json\/wp\/v2\/pages\/27727\/revisions"}],"predecessor-version":[{"id":27729,"href":"https:\/\/artbridges.ca\/fr\/wp-json\/wp\/v2\/pages\/27727\/revisions\/27729"}],"wp:attachment":[{"href":"https:\/\/artbridges.ca\/fr\/wp-json\/wp\/v2\/media?parent=27727"}],"curies":[{"name":"wp","href":"https:\/\/api.w.org\/{rel}","templated":true}]}}