{"id":27736,"date":"2023-03-02T06:04:56","date_gmt":"2023-03-02T11:04:56","guid":{"rendered":"https:\/\/artbridges.ca\/service\/"},"modified":"2023-07-01T04:53:31","modified_gmt":"2023-07-01T08:53:31","slug":"service","status":"publish","type":"page","link":"https:\/\/artbridges.ca\/fr\/service\/","title":{"rendered":"Service"},"content":{"rendered":"<div class=\"wpb-content-wrapper\"><p>[vc_row bg_type=\u00a0\u00bbimage\u00a0\u00bb parallax_style=\u00a0\u00bbvcpb-default\u00a0\u00bb bg_image_new=\u00a0\u00bbid^3718|url^https:\/\/artbridges.ca\/wp-content\/uploads\/2023\/04\/New-Banner-02.jpg|caption^null|alt^null|title^New-Banner-02|description^null\u00a0\u00bb bg_image_repeat=\u00a0\u00bbno-repeat\u00a0\u00bb el_class=\u00a0\u00bbpad-sides\u00a0\u00bb][vc_column]<div class=\"ult-spacer spacer-69ea3e9f26e91\" data-id=\"69ea3e9f26e91\" data-height=\"110\" data-height-mobile=\"50\" data-height-tab=\"\" data-height-tab-portrait=\"\" data-height-mobile-landscape=\"\" style=\"clear:both;display:block;\"><\/div><div id=\"ultimate-heading-923869ea3e9f26efc\" class=\"uvc-heading ult-adjust-bottom-margin ultimate-heading-923869ea3e9f26efc uvc-4932 \" data-hspacer=\"no_spacer\"  data-halign=\"left\" style=\"text-align:left\"><div class=\"uvc-heading-spacer no_spacer\" style=\"top\"><\/div><div class=\"uvc-sub-heading ult-responsive\"  data-ultimate-target='.uvc-heading.ultimate-heading-923869ea3e9f26efc .uvc-sub-heading '  data-responsive-json-new='{\"font-size\":\"desktop:18px;\",\"line-height\":\"desktop:18px;\"}'  style=\"font-family:&#039;Montserrat&#039;;font-weight:700;\"><\/p>\n<p class=\"sd-text-bg-white\">SERVICE<\/p>\n<p><\/div><\/div><div class=\"ult-spacer spacer-69ea3e9f26f34\" data-id=\"69ea3e9f26f34\" data-height=\"110\" data-height-mobile=\"50\" data-height-tab=\"\" data-height-tab-portrait=\"\" data-height-mobile-landscape=\"\" style=\"clear:both;display:block;\"><\/div>[\/vc_column][\/vc_row][vc_row el_class=\u00a0\u00bbpad-sides about-h3&Prime; css=\u00a0\u00bb.vc_custom_1676981735546{padding-top: 50px !important;}\u00a0\u00bb][vc_column]<div id=\"ultimate-heading-97569ea3e9f26f4f\" class=\"uvc-heading ult-adjust-bottom-margin ultimate-heading-97569ea3e9f26f4f uvc-7581 \" data-hspacer=\"no_spacer\"  data-halign=\"center\" style=\"text-align:center\"><div class=\"uvc-heading-spacer no_spacer\" style=\"top\"><\/div><div class=\"uvc-main-heading ult-responsive\"  data-ultimate-target='.uvc-heading.ultimate-heading-97569ea3e9f26f4f h3'  data-responsive-json-new='{\"font-size\":\"desktop:30px;\",\"line-height\":\"\"}' ><h3 style=\"font-weight:normal;color:#000000;\">Service<\/h3><\/div><\/div>[\/vc_column][\/vc_row][vc_row el_class=\u00a0\u00bbpad-sides org-timeline\u00a0\u00bb css=\u00a0\u00bb.vc_custom_1677507417747{padding-top: 50px !important;padding-bottom: 100px !important;}\u00a0\u00bb][vc_column width=\u00a0\u00bb1\/4&Prime; css=\u00a0\u00bb.vc_custom_1677507552698{padding-right: 100px !important;}\u00a0\u00bb][\/vc_column][vc_column width=\u00a0\u00bb1\/2&Prime;]<div class=\"jstime timeline_preloader\" style=\"opacity:0;width:35px;margin:auto;margin-top:30px;\"><img decoding=\"async\" style=\"box-shadow:none;\" alt=\"timeline_pre_loader\" src=\"https:\/\/artbridges.ca\/wp-content\/plugins\/Ultimate_VC_Addons\/modules\/..\/assets\/img\/timeline_pre-loader.gif\" \/><\/div><div class=\"smile-icon-timeline-wrap jstime   \"  data-time_sep_bg_color=&quot;#b92b27&quot;  data-time_sep_color=&quot;#b92b27&quot; style=\"opacity:0; \"><div class=\"timeline-line \" style=\"border-right-color:#4b4b4b;\"><span><\/span><\/div><div class=\"timeline-wrapper\"><\/div>\n\t\t\t\t<div id=\"timeline-seperator-2345\" class=\"timeline-separator-text \" data-sep-col=\"#b92b27\" data-sep-bg-col=\"\"><span class=\"sep-text ult-responsive\"  data-ultimate-target='#timeline-seperator-2345 .sep-text'  data-responsive-json-new='{\"font-size\":\"\",\"line-height\":\"\"}'  style=\"color:#b92b27;border-width:1px;border-radius:5px;\">2010-2018<\/span><\/div><div class=\"timeline-wrapper \"><div class=\"timeline-block \"><div class=\"timeline-dot\"><\/div><div class=\"ult-timeline-arrow\"><s><\/s><l><\/l><\/div><div class=\"timeline-icon-block\"><div class=\"ult-timeline-icon tl-icon-no-bg\" style=\"   \"><\/div> <!-- icon --><\/div><div class=\"timeline-header-block\" >\n\t\t\t\t\t\t\t<div id=\"timeline-item-4237\" class=\"timeline-header\" style=\"\"><h3 class=\"ult-timeline-title ult-responsive\"  data-ultimate-target='#timeline-item-4237 .ult-timeline-title'  data-responsive-json-new='{\"font-size\":\"\",\"line-height\":\"\"}'  style=\"\"><\/h3><div class=\"ult-responsive timeline-item-spt\"  data-ultimate-target='#timeline-item-4237 .timeline-item-spt'  data-responsive-json-new='{\"font-size\":\"\",\"line-height\":\"\"}'  style=\"\">ArtBridges a fourni des services aux personnes qui ont appel\u00e9 ou \u00e9crit pour demander un mentorat, des connexions, des id\u00e9es et des collaborations. Les personnes et les communaut\u00e9s desservies ont trouv\u00e9 des liens et des ressources par le biais de l&rsquo;auto-assistance sur artbridges.ca, ou en contactant directement le personnel d&rsquo;ArtBridges pour obtenir un service. Les demandes de service sont diverses et n\u00e9cessitent du temps et de l&rsquo;attention. Les gens nous contactent pour nous demander de les aider \u00e0 trouver des ressources, des besoins en mati\u00e8re de mentorat, par exemple : comment lancer un programme artistique, o\u00f9 trouver des initiatives artistiques communautaires dans leur r\u00e9gion, comment collecter des fonds, besoin d&rsquo;une lettre de soutien, comment acc\u00e9der \u00e0 des fournitures artistiques gratuites, o\u00f9 faire des dons de fournitures artistiques, etc. Nous aidons \u00e0 mettre les gens en contact avec ceux qui peuvent les aider, ou nous les aidons directement et leur offrons un mentorat, sur la base de nos connaissances et de nos relations.<\/p>\n<p><strong>En voici quelques exemples :<\/strong><\/p>\n<ul>\n<li>ArtBridges l&rsquo;a mise en contact avec MABELLEarts, une organisation artistique communautaire de sa r\u00e9gion.<\/li>\n<li>Workman Arts a utilis\u00e9 le r\u00e9pertoire de cartes et de profils d&rsquo;ArtBridges pour trouver des initiatives artistiques communautaires dans tout l&rsquo;Ontario en vue d&rsquo;une collaboration potentielle dans le cadre de son projet de mise \u00e0 l&rsquo;\u00e9chelle.<\/li>\n<li>Les groupes artistiques et de sant\u00e9 de la r\u00e9gion de Niagara et de l&rsquo;Universit\u00e9 Brock se sont r\u00e9unis pour cr\u00e9er une section \u00ab\u00a0ArtBridging Niagara\u00a0\u00bb et se familiariser avec le mod\u00e8le ArtBridges.<\/li>\n<li>Le<strong>Centennial College a lanc\u00e9 un nouveau programme d&rsquo;\u00e9tudes :<\/strong> Arts Education &amp; Community Engagement, et a rencontr\u00e9 ArtBridges pour discuter des id\u00e9es du programme et obtenir de l&rsquo;aide pour le promouvoir \u00e0 grande \u00e9chelle.<\/li>\n<li>ArtBridges a r\u00e9dig\u00e9 des lettres de soutien pour des id\u00e9es de projets collaboratifs d&rsquo;initiatives artistiques engag\u00e9es dans la communaut\u00e9, notamment : Thinking Rock Community Arts, Arts Network for Children and Youth, ainsi que pour le nouveau programme de ma\u00eetrise en arts pour le changement social propos\u00e9 par l&rsquo;OCAD U.<\/li>\n<li>ArtBridges a aid\u00e9 le CRSH, ASC ! avec une enqu\u00eate aupr\u00e8s de tous les partenaires communautaires d&rsquo;ArtBridges, et a collabor\u00e9 \u00e0 un projet de Big Data avec l&rsquo;Universit\u00e9 Simon Fraser en utilisant les donn\u00e9es en ligne d&rsquo;ArtBridges.<\/li>\n<li>Premier grand \u00ab\u00a0ArtBridging\u00a0\u00bb avec un mus\u00e9e. Le Textile Museum of Canada souhaitait offrir des cours et du mat\u00e9riel de crochetage de tapis aux femmes qui n&rsquo;avaient jamais eu ce genre d&rsquo;opportunit\u00e9 auparavant. The community outreach would tie in with their current exhibit: Home Economics: 150 Years of Canadian Hooked Rugs. ArtBridges a mis le mus\u00e9e en contact avec un certain nombre d&rsquo;initiatives artistiques communautaires qui travaillent avec des femmes \u00e0 Toronto. ArtHeart, Workman Arts, Sistering et SKETCH sont d\u00e9sormais pr\u00eats \u00e0 recevoir des sessions d&rsquo;initiation au crochetage de tapis au Mus\u00e9e, suivies de quatre ateliers sur place dans chacun de leurs studios. Il s&rsquo;agit l\u00e0 d&rsquo;un merveilleux exemple d'\u00a0\u00bbArtBridging\u00a0\u00bb et, plus important encore, de la mani\u00e8re dont de plus en plus de mus\u00e9es et de galeries font participer diverses communaut\u00e9s au-del\u00e0 de leurs murs.<\/li>\n<li>Premier mentorat continu \u00e0 long terme avec un partenaire communautaire, une initiative artistique communautaire en d\u00e9marrage dans une r\u00e9gion rurale de l&rsquo;Ontario : Arts Space Essex. ArtBridges a r\u00e9guli\u00e8rement encadr\u00e9 Arts Space Essex tout au long de la croissance et du d\u00e9veloppement de son projet depuis sa cr\u00e9ation, et ce pendant plus de deux ans.<\/li>\n<\/ul>\n<p><\/div><\/div> <!-- header --><\/div><\/div><\/div><\/div>[\/vc_column][vc_column width=\u00a0\u00bb1\/4&Prime;][\/vc_column][\/vc_row]<\/p>\n<\/div>","protected":false},"excerpt":{"rendered":"<p>[vc_row bg_type=\u00a0\u00bbimage\u00a0\u00bb parallax_style=\u00a0\u00bbvcpb-default\u00a0\u00bb bg_image_new=\u00a0\u00bbid^3718|url^https:\/\/artbridges.ca\/wp-content\/uploads\/2023\/04\/New-Banner-02.jpg|caption^null|alt^null|title^New-Banner-02|description^null\u00a0\u00bb bg_image_repeat=\u00a0\u00bbno-repeat\u00a0\u00bb el_class=\u00a0\u00bbpad-sides\u00a0\u00bb][vc_column][\/vc_column][\/vc_row][vc_row el_class=\u00a0\u00bbpad-sides about-h3&Prime; css=\u00a0\u00bb.vc_custom_1676981735546{padding-top: 50px !important;}\u00a0\u00bb][vc_column][\/vc_column][\/vc_row][vc_row el_class=\u00a0\u00bbpad-sides org-timeline\u00a0\u00bb css=\u00a0\u00bb.vc_custom_1677507417747{padding-top: 50px !important;padding-bottom: 100px !important;}\u00a0\u00bb][vc_column width=\u00a0\u00bb1\/4&Prime; css=\u00a0\u00bb.vc_custom_1677507552698{padding-right: 100px !important;}\u00a0\u00bb][\/vc_column][vc_column width=\u00a0\u00bb1\/2&Prime;][\/vc_column][vc_column width=\u00a0\u00bb1\/4&Prime;][\/vc_column][\/vc_row]<\/p>\n<p><a class=\"sd-more sd-all-trans\" href=\"https:\/\/artbridges.ca\/fr\/service\/#more-27736\">Read More<\/a><\/p>\n","protected":false},"author":1,"featured_media":0,"parent":0,"menu_order":0,"comment_status":"closed","ping_status":"closed","template":"full-width-page.php","meta":{"footnotes":""},"class_list":["post-27736","page","type-page","status-publish","hentry"],"_links":{"self":[{"href":"https:\/\/artbridges.ca\/fr\/wp-json\/wp\/v2\/pages\/27736","targetHints":{"allow":["GET"]}}],"collection":[{"href":"https:\/\/artbridges.ca\/fr\/wp-json\/wp\/v2\/pages"}],"about":[{"href":"https:\/\/artbridges.ca\/fr\/wp-json\/wp\/v2\/types\/page"}],"author":[{"embeddable":true,"href":"https:\/\/artbridges.ca\/fr\/wp-json\/wp\/v2\/users\/1"}],"replies":[{"embeddable":true,"href":"https:\/\/artbridges.ca\/fr\/wp-json\/wp\/v2\/comments?post=27736"}],"version-history":[{"count":2,"href":"https:\/\/artbridges.ca\/fr\/wp-json\/wp\/v2\/pages\/27736\/revisions"}],"predecessor-version":[{"id":27738,"href":"https:\/\/artbridges.ca\/fr\/wp-json\/wp\/v2\/pages\/27736\/revisions\/27738"}],"wp:attachment":[{"href":"https:\/\/artbridges.ca\/fr\/wp-json\/wp\/v2\/media?parent=27736"}],"curies":[{"name":"wp","href":"https:\/\/api.w.org\/{rel}","templated":true}]}}