{"id":27742,"date":"2023-03-02T06:07:46","date_gmt":"2023-03-02T11:07:46","guid":{"rendered":"https:\/\/artbridges.ca\/arts-autochtones-engages-par-la-communaute\/"},"modified":"2023-07-01T04:57:19","modified_gmt":"2023-07-01T08:57:19","slug":"arts-autochtones-engages-par-la-communaute","status":"publish","type":"page","link":"https:\/\/artbridges.ca\/fr\/arts-autochtones-engages-par-la-communaute\/","title":{"rendered":"Arts autochtones engag\u00e9s par la communaut\u00e9"},"content":{"rendered":"<div class=\"wpb-content-wrapper\"><p>[vc_row bg_type=\u00a0\u00bbimage\u00a0\u00bb parallax_style=\u00a0\u00bbvcpb-default\u00a0\u00bb bg_image_new=\u00a0\u00bbid^3718|url^https:\/\/artbridges.ca\/wp-content\/uploads\/2023\/04\/New-Banner-02.jpg|caption^null|alt^null|title^New-Banner-02|description^null\u00a0\u00bb bg_image_repeat=\u00a0\u00bbno-repeat\u00a0\u00bb el_class=\u00a0\u00bbpad-sides\u00a0\u00bb][vc_column]<div class=\"ult-spacer spacer-69ea343d5b6c5\" data-id=\"69ea343d5b6c5\" data-height=\"110\" data-height-mobile=\"50\" data-height-tab=\"\" data-height-tab-portrait=\"\" data-height-mobile-landscape=\"\" style=\"clear:both;display:block;\"><\/div><div id=\"ultimate-heading-61269ea343d5b768\" class=\"uvc-heading ult-adjust-bottom-margin ultimate-heading-61269ea343d5b768 uvc-3824 \" data-hspacer=\"no_spacer\"  data-halign=\"left\" style=\"text-align:left\"><div class=\"uvc-heading-spacer no_spacer\" style=\"top\"><\/div><div class=\"uvc-sub-heading ult-responsive\"  data-ultimate-target='.uvc-heading.ultimate-heading-61269ea343d5b768 .uvc-sub-heading '  data-responsive-json-new='{\"font-size\":\"desktop:18px;\",\"line-height\":\"desktop:18px;\"}'  style=\"font-family:&#039;Montserrat&#039;;font-weight:700;\"><\/p>\n<p class=\"sd-text-bg-white\">ARTS AUTOCHTONES ENGAG\u00c9S DANS LA COMMUNAUT\u00c9<\/p>\n<p><\/div><\/div><div class=\"ult-spacer spacer-69ea343d5b7c7\" data-id=\"69ea343d5b7c7\" data-height=\"110\" data-height-mobile=\"50\" data-height-tab=\"\" data-height-tab-portrait=\"\" data-height-mobile-landscape=\"\" style=\"clear:both;display:block;\"><\/div>[\/vc_column][\/vc_row][vc_row el_class=\u00a0\u00bbpad-sides about-h3&Prime; css=\u00a0\u00bb.vc_custom_1676981735546{padding-top: 50px !important;}\u00a0\u00bb][vc_column]<div id=\"ultimate-heading-569169ea343d5b7f6\" class=\"uvc-heading ult-adjust-bottom-margin ultimate-heading-569169ea343d5b7f6 uvc-2586 \" data-hspacer=\"no_spacer\"  data-halign=\"center\" style=\"text-align:center\"><div class=\"uvc-heading-spacer no_spacer\" style=\"top\"><\/div><div class=\"uvc-main-heading ult-responsive\"  data-ultimate-target='.uvc-heading.ultimate-heading-569169ea343d5b7f6 h3'  data-responsive-json-new='{\"font-size\":\"desktop:30px;\",\"line-height\":\"\"}' ><h3 style=\"font-weight:normal;color:#000000;\">Arts autochtones engag\u00e9s par la communaut\u00e9<\/h3><\/div><\/div>[\/vc_column][\/vc_row][vc_row el_class=\u00a0\u00bbpad-sides org-timeline\u00a0\u00bb css=\u00a0\u00bb.vc_custom_1677507417747{padding-top: 50px !important;padding-bottom: 100px !important;}\u00a0\u00bb][vc_column width=\u00a0\u00bb1\/4&Prime; css=\u00a0\u00bb.vc_custom_1677507552698{padding-right: 100px !important;}\u00a0\u00bb][\/vc_column][vc_column width=\u00a0\u00bb1\/2&Prime;]<div class=\"jstime timeline_preloader\" style=\"opacity:0;width:35px;margin:auto;margin-top:30px;\"><img decoding=\"async\" style=\"box-shadow:none;\" alt=\"timeline_pre_loader\" src=\"https:\/\/artbridges.ca\/wp-content\/plugins\/Ultimate_VC_Addons\/modules\/..\/assets\/img\/timeline_pre-loader.gif\" \/><\/div><div class=\"smile-icon-timeline-wrap jstime   \"  data-time_sep_bg_color=&quot;#b92b27&quot;  data-time_sep_color=&quot;#b92b27&quot; style=\"opacity:0; \"><div class=\"timeline-line \" style=\"border-right-color:#4b4b4b;\"><span><\/span><\/div><div class=\"timeline-wrapper\"><\/div>\n\t\t\t\t<div id=\"timeline-seperator-4910\" class=\"timeline-separator-text \" data-sep-col=\"#b92b27\" data-sep-bg-col=\"\"><span class=\"sep-text ult-responsive\"  data-ultimate-target='#timeline-seperator-4910 .sep-text'  data-responsive-json-new='{\"font-size\":\"\",\"line-height\":\"\"}'  style=\"color:#b92b27;border-width:1px;border-radius:5px;\">2009\u20132018<\/span><\/div><div class=\"timeline-wrapper \"><div class=\"timeline-block \"><div class=\"timeline-dot\"><\/div><div class=\"ult-timeline-arrow\"><s><\/s><l><\/l><\/div><div class=\"timeline-icon-block\"><div class=\"ult-timeline-icon tl-icon-no-bg\" style=\"   \"><\/div> <!-- icon --><\/div><div class=\"timeline-header-block\" >\n\t\t\t\t\t\t\t<div id=\"timeline-item-8061\" class=\"timeline-header\" style=\"\"><h3 class=\"ult-timeline-title ult-responsive\"  data-ultimate-target='#timeline-item-8061 .ult-timeline-title'  data-responsive-json-new='{\"font-size\":\"\",\"line-height\":\"\"}'  style=\"\"><\/h3><div class=\"ult-responsive timeline-item-spt\"  data-ultimate-target='#timeline-item-8061 .timeline-item-spt'  data-responsive-json-new='{\"font-size\":\"\",\"line-height\":\"\"}'  style=\"\">ArtBridges a identifi\u00e9, cartographi\u00e9, promu et mis en relation des initiatives artistiques communautaires indig\u00e8nes. 109 initiatives, soit environ 25 % des initiatives des partenaires communautaires d&rsquo;ArtBridges, travaillent au sein ou avec des communaut\u00e9s indig\u00e8nes. Des contacts, des discussions et des s\u00e9ances de remue-m\u00e9ninges sur la mani\u00e8re dont les initiatives artistiques communautaires peuvent se soutenir et apprendre les unes des autres et contribuer \u00e0 fournir davantage de ressources et d&rsquo;opportunit\u00e9s artistiques dans les communaut\u00e9s urbaines, rurales et \u00e9loign\u00e9es des Premi\u00e8res nations, des M\u00e9tis et des Inuits (FNMI). Cr\u00e9ation d&rsquo;articles de blog et partage d&rsquo;informations pertinentes sur les initiatives artistiques communautaires autochtones au Canada.<\/div><\/div> <!-- header --><\/div><\/div><\/div>\n\t\t\t\t<div id=\"timeline-seperator-6284\" class=\"timeline-separator-text \" data-sep-col=\"#b92b27\" data-sep-bg-col=\"\"><span class=\"sep-text ult-responsive\"  data-ultimate-target='#timeline-seperator-6284 .sep-text'  data-responsive-json-new='{\"font-size\":\"\",\"line-height\":\"\"}'  style=\"color:#b92b27;border-width:1px;border-radius:5px;\">2015-2016<\/span><\/div><div class=\"timeline-wrapper \"><div class=\"timeline-block \"><div class=\"timeline-dot\"><\/div><div class=\"ult-timeline-arrow\"><s><\/s><l><\/l><\/div><div class=\"timeline-icon-block\"><div class=\"ult-timeline-icon tl-icon-no-bg\" style=\"   \"><\/div> <!-- icon --><\/div><div class=\"timeline-header-block\" >\n\t\t\t\t\t\t\t<div id=\"timeline-item-2136\" class=\"timeline-header\" style=\"\"><h3 class=\"ult-timeline-title ult-responsive\"  data-ultimate-target='#timeline-item-2136 .ult-timeline-title'  data-responsive-json-new='{\"font-size\":\"\",\"line-height\":\"\"}'  style=\"\"><\/h3><div class=\"ult-responsive timeline-item-spt\"  data-ultimate-target='#timeline-item-2136 .timeline-item-spt'  data-responsive-json-new='{\"font-size\":\"\",\"line-height\":\"\"}'  style=\"\">Partage d&rsquo;id\u00e9es, de questions et de pr\u00e9occupations parmi les initiatives FNMI dans une s\u00e9rie de Google Hangout au cours d&rsquo;une ann\u00e9e pour \u00ab\u00a0Community-Engaged Arts for Indigenous Communities &amp; their Allies in Solidarity\u00a0\u00bb (Les arts engag\u00e9s par la communaut\u00e9 pour les communaut\u00e9s autochtones et leurs alli\u00e9s en solidarit\u00e9). Les sujets de discussion comprenaient Les co\u00fbts \u00e9lev\u00e9s du transport et de l&rsquo;exp\u00e9dition des fournitures artistiques vers les communaut\u00e9s \u00e9loign\u00e9es ; Les protocoles culturels varient et peuvent causer des tensions &#8211; comment respecter le point de vue de chacun et aborder ces questions de mani\u00e8re appropri\u00e9e en tant que visiteurs d&rsquo;une communaut\u00e9 ; Existe-t-il des liens entre les enseignements traditionnels et la justice r\u00e9paratrice et transformatrice qui peuvent nous aider \u00e0 g\u00e9rer les situations difficiles lorsqu&rsquo;elles se pr\u00e9sentent ?<\/div><\/div> <!-- header --><\/div><\/div><\/div>\n\t\t\t\t<div id=\"timeline-seperator-6132\" class=\"timeline-separator-text \" data-sep-col=\"#b92b27\" data-sep-bg-col=\"\"><span class=\"sep-text ult-responsive\"  data-ultimate-target='#timeline-seperator-6132 .sep-text'  data-responsive-json-new='{\"font-size\":\"\",\"line-height\":\"\"}'  style=\"color:#b92b27;border-width:1px;border-radius:5px;\">2015<\/span><\/div><div class=\"timeline-wrapper \"><div class=\"timeline-block \"><div class=\"timeline-dot\"><\/div><div class=\"ult-timeline-arrow\"><s><\/s><l><\/l><\/div><div class=\"timeline-icon-block\"><div class=\"ult-timeline-icon tl-icon-no-bg\" style=\"   \"><\/div> <!-- icon --><\/div><div class=\"timeline-header-block\" >\n\t\t\t\t\t\t\t<div id=\"timeline-item-8939\" class=\"timeline-header\" style=\"\"><h3 class=\"ult-timeline-title ult-responsive\"  data-ultimate-target='#timeline-item-8939 .ult-timeline-title'  data-responsive-json-new='{\"font-size\":\"\",\"line-height\":\"\"}'  style=\"\"><\/h3><div class=\"ult-responsive timeline-item-spt\"  data-ultimate-target='#timeline-item-8939 .timeline-item-spt'  data-responsive-json-new='{\"font-size\":\"\",\"line-height\":\"\"}'  style=\"\">Cr\u00e9er un groupe Facebook : ArtBridges&rsquo; FNMI et Northern Community Arts.<\/div><\/div> <!-- header --><\/div><\/div><\/div><\/div>[\/vc_column][vc_column width=\u00a0\u00bb1\/4&Prime;][\/vc_column][\/vc_row]<\/p>\n<\/div>","protected":false},"excerpt":{"rendered":"<p>[vc_row bg_type=\u00a0\u00bbimage\u00a0\u00bb parallax_style=\u00a0\u00bbvcpb-default\u00a0\u00bb bg_image_new=\u00a0\u00bbid^3718|url^https:\/\/artbridges.ca\/wp-content\/uploads\/2023\/04\/New-Banner-02.jpg|caption^null|alt^null|title^New-Banner-02|description^null\u00a0\u00bb bg_image_repeat=\u00a0\u00bbno-repeat\u00a0\u00bb el_class=\u00a0\u00bbpad-sides\u00a0\u00bb][vc_column][\/vc_column][\/vc_row][vc_row el_class=\u00a0\u00bbpad-sides about-h3&Prime; css=\u00a0\u00bb.vc_custom_1676981735546{padding-top: 50px !important;}\u00a0\u00bb][vc_column][\/vc_column][\/vc_row][vc_row el_class=\u00a0\u00bbpad-sides org-timeline\u00a0\u00bb css=\u00a0\u00bb.vc_custom_1677507417747{padding-top: 50px !important;padding-bottom: 100px !important;}\u00a0\u00bb][vc_column width=\u00a0\u00bb1\/4&Prime; css=\u00a0\u00bb.vc_custom_1677507552698{padding-right: 100px !important;}\u00a0\u00bb][\/vc_column][vc_column width=\u00a0\u00bb1\/2&Prime;][\/vc_column][vc_column width=\u00a0\u00bb1\/4&Prime;][\/vc_column][\/vc_row]<\/p>\n<p><a class=\"sd-more sd-all-trans\" href=\"https:\/\/artbridges.ca\/fr\/arts-autochtones-engages-par-la-communaute\/#more-27742\">Read More<\/a><\/p>\n","protected":false},"author":1,"featured_media":0,"parent":0,"menu_order":0,"comment_status":"closed","ping_status":"closed","template":"full-width-page.php","meta":{"footnotes":""},"class_list":["post-27742","page","type-page","status-publish","hentry"],"_links":{"self":[{"href":"https:\/\/artbridges.ca\/fr\/wp-json\/wp\/v2\/pages\/27742","targetHints":{"allow":["GET"]}}],"collection":[{"href":"https:\/\/artbridges.ca\/fr\/wp-json\/wp\/v2\/pages"}],"about":[{"href":"https:\/\/artbridges.ca\/fr\/wp-json\/wp\/v2\/types\/page"}],"author":[{"embeddable":true,"href":"https:\/\/artbridges.ca\/fr\/wp-json\/wp\/v2\/users\/1"}],"replies":[{"embeddable":true,"href":"https:\/\/artbridges.ca\/fr\/wp-json\/wp\/v2\/comments?post=27742"}],"version-history":[{"count":2,"href":"https:\/\/artbridges.ca\/fr\/wp-json\/wp\/v2\/pages\/27742\/revisions"}],"predecessor-version":[{"id":27744,"href":"https:\/\/artbridges.ca\/fr\/wp-json\/wp\/v2\/pages\/27742\/revisions\/27744"}],"wp:attachment":[{"href":"https:\/\/artbridges.ca\/fr\/wp-json\/wp\/v2\/media?parent=27742"}],"curies":[{"name":"wp","href":"https:\/\/api.w.org\/{rel}","templated":true}]}}