{"id":27751,"date":"2023-03-02T05:42:49","date_gmt":"2023-03-02T10:42:49","guid":{"rendered":"https:\/\/artbridges.ca\/visites-de-sites\/"},"modified":"2023-07-01T05:01:29","modified_gmt":"2023-07-01T09:01:29","slug":"visites-de-sites","status":"publish","type":"page","link":"https:\/\/artbridges.ca\/fr\/visites-de-sites\/","title":{"rendered":"Visites de sites"},"content":{"rendered":"<div class=\"wpb-content-wrapper\"><p>[vc_row bg_type=\u00a0\u00bbimage\u00a0\u00bb parallax_style=\u00a0\u00bbvcpb-default\u00a0\u00bb bg_image_new=\u00a0\u00bbid^3718|url^https:\/\/artbridges.ca\/wp-content\/uploads\/2023\/04\/New-Banner-02.jpg|caption^null|alt^null|title^New-Banner-02|description^null\u00a0\u00bb bg_image_repeat=\u00a0\u00bbno-repeat\u00a0\u00bb el_class=\u00a0\u00bbpad-sides\u00a0\u00bb][vc_column]<div class=\"ult-spacer spacer-69ea3e47539b6\" data-id=\"69ea3e47539b6\" data-height=\"110\" data-height-mobile=\"50\" data-height-tab=\"\" data-height-tab-portrait=\"\" data-height-mobile-landscape=\"\" style=\"clear:both;display:block;\"><\/div><div id=\"ultimate-heading-914669ea3e4753a47\" class=\"uvc-heading ult-adjust-bottom-margin ultimate-heading-914669ea3e4753a47 uvc-9798 \" data-hspacer=\"no_spacer\"  data-halign=\"left\" style=\"text-align:left\"><div class=\"uvc-heading-spacer no_spacer\" style=\"top\"><\/div><div class=\"uvc-sub-heading ult-responsive\"  data-ultimate-target='.uvc-heading.ultimate-heading-914669ea3e4753a47 .uvc-sub-heading '  data-responsive-json-new='{\"font-size\":\"desktop:18px;\",\"line-height\":\"desktop:18px;\"}'  style=\"font-family:&#039;Montserrat&#039;;font-weight:700;\"><\/p>\n<p class=\"sd-text-bg-white\">VISITES DE SITES<\/p>\n<p><\/div><\/div><div class=\"ult-spacer spacer-69ea3e4753a9c\" data-id=\"69ea3e4753a9c\" data-height=\"110\" data-height-mobile=\"50\" data-height-tab=\"\" data-height-tab-portrait=\"\" data-height-mobile-landscape=\"\" style=\"clear:both;display:block;\"><\/div>[\/vc_column][\/vc_row][vc_row el_class=\u00a0\u00bbpad-sides about-h3&Prime; css=\u00a0\u00bb.vc_custom_1676981735546{padding-top: 50px !important;}\u00a0\u00bb][vc_column]<div id=\"ultimate-heading-568069ea3e4753ad5\" class=\"uvc-heading ult-adjust-bottom-margin ultimate-heading-568069ea3e4753ad5 uvc-6662 \" data-hspacer=\"no_spacer\"  data-halign=\"center\" style=\"text-align:center\"><div class=\"uvc-heading-spacer no_spacer\" style=\"top\"><\/div><div class=\"uvc-main-heading ult-responsive\"  data-ultimate-target='.uvc-heading.ultimate-heading-568069ea3e4753ad5 h3'  data-responsive-json-new='{\"font-size\":\"desktop:30px;\",\"line-height\":\"\"}' ><h3 style=\"font-weight:normal;color:#000000;\">Visites de sites<\/h3><\/div><\/div>[\/vc_column][\/vc_row][vc_row el_class=\u00a0\u00bbpad-sides org-timeline\u00a0\u00bb css=\u00a0\u00bb.vc_custom_1677507417747{padding-top: 50px !important;padding-bottom: 100px !important;}\u00a0\u00bb][vc_column width=\u00a0\u00bb1\/4&Prime; css=\u00a0\u00bb.vc_custom_1677507552698{padding-right: 100px !important;}\u00a0\u00bb][\/vc_column][vc_column width=\u00a0\u00bb1\/2&Prime;]<div class=\"jstime timeline_preloader\" style=\"opacity:0;width:35px;margin:auto;margin-top:30px;\"><img decoding=\"async\" style=\"box-shadow:none;\" alt=\"timeline_pre_loader\" src=\"https:\/\/artbridges.ca\/wp-content\/plugins\/Ultimate_VC_Addons\/modules\/..\/assets\/img\/timeline_pre-loader.gif\" \/><\/div><div class=\"smile-icon-timeline-wrap jstime   \"  data-time_sep_bg_color=&quot;#b92b27&quot;  data-time_sep_color=&quot;#b92b27&quot; style=\"opacity:0; \"><div class=\"timeline-line \" style=\"border-right-color:#4b4b4b;\"><span><\/span><\/div><div class=\"timeline-wrapper\"><\/div>\n\t\t\t\t<div id=\"timeline-seperator-5829\" class=\"timeline-separator-text \" data-sep-col=\"#b92b27\" data-sep-bg-col=\"\"><span class=\"sep-text ult-responsive\"  data-ultimate-target='#timeline-seperator-5829 .sep-text'  data-responsive-json-new='{\"font-size\":\"\",\"line-height\":\"\"}'  style=\"color:#b92b27;border-width:1px;border-radius:5px;\">2015-2018<\/span><\/div><div class=\"timeline-wrapper \"><div class=\"timeline-block \"><div class=\"timeline-dot\"><\/div><div class=\"ult-timeline-arrow\"><s><\/s><l><\/l><\/div><div class=\"timeline-icon-block\"><div class=\"ult-timeline-icon tl-icon-no-bg\" style=\"   \"><\/div> <!-- icon --><\/div><div class=\"timeline-header-block\" >\n\t\t\t\t\t\t\t<div id=\"timeline-item-8238\" class=\"timeline-header\" style=\"\"><h3 class=\"ult-timeline-title ult-responsive\"  data-ultimate-target='#timeline-item-8238 .ult-timeline-title'  data-responsive-json-new='{\"font-size\":\"\",\"line-height\":\"\"}'  style=\"\"><\/h3><div class=\"ult-responsive timeline-item-spt\"  data-ultimate-target='#timeline-item-8238 .timeline-item-spt'  data-responsive-json-new='{\"font-size\":\"\",\"line-height\":\"\"}'  style=\"\">Le personnel d&rsquo;ArtBridges a effectu\u00e9 plus de 250 visites de sites \u00e0 travers le Canada pour rencontrer des partenaires communautaires et voir des initiatives artistiques communautaires en action. Nous avons appris que les mod\u00e8les op\u00e9rationnels et de mise en \u0153uvre des initiatives artistiques communautaires varient en fonction de l&#8217;emplacement de l&rsquo;initiative (ville, communaut\u00e9 ou r\u00e9gion), du contexte culturel, des ressources disponibles, du leadership, ainsi que des besoins et de l&rsquo;int\u00e9r\u00eat de la communaut\u00e9. Lors de nos visites sur place, nous avons eu l&rsquo;occasion de dire aux gens \u00e0 quel point leur travail est important et pr\u00e9cieux, et de conna\u00eetre leurs probl\u00e8mes, leurs besoins et leurs id\u00e9es. Le cas \u00e9ch\u00e9ant, nous avons offert un retour d&rsquo;information, des connexions, des ressources et des id\u00e9es. Le temps pass\u00e9 \u00e0 parler, \u00e0 \u00e9couter et \u00e0 approfondir un sujet, ainsi qu&rsquo;\u00e0 voir l&rsquo;initiative artistique communautaire de ses propres yeux, a apport\u00e9 une profondeur et un contexte qu&rsquo;il est difficile d&rsquo;obtenir par le biais de communications virtuelles ou \u00e0 distance.<\/div><\/div> <!-- header --><\/div><\/div><\/div><\/div>[\/vc_column][vc_column width=\u00a0\u00bb1\/4&Prime;][\/vc_column][\/vc_row]<\/p>\n<\/div>","protected":false},"excerpt":{"rendered":"<p>[vc_row bg_type=\u00a0\u00bbimage\u00a0\u00bb parallax_style=\u00a0\u00bbvcpb-default\u00a0\u00bb bg_image_new=\u00a0\u00bbid^3718|url^https:\/\/artbridges.ca\/wp-content\/uploads\/2023\/04\/New-Banner-02.jpg|caption^null|alt^null|title^New-Banner-02|description^null\u00a0\u00bb bg_image_repeat=\u00a0\u00bbno-repeat\u00a0\u00bb el_class=\u00a0\u00bbpad-sides\u00a0\u00bb][vc_column][\/vc_column][\/vc_row][vc_row el_class=\u00a0\u00bbpad-sides about-h3&Prime; css=\u00a0\u00bb.vc_custom_1676981735546{padding-top: 50px !important;}\u00a0\u00bb][vc_column][\/vc_column][\/vc_row][vc_row el_class=\u00a0\u00bbpad-sides org-timeline\u00a0\u00bb css=\u00a0\u00bb.vc_custom_1677507417747{padding-top: 50px !important;padding-bottom: 100px !important;}\u00a0\u00bb][vc_column width=\u00a0\u00bb1\/4&Prime; css=\u00a0\u00bb.vc_custom_1677507552698{padding-right: 100px !important;}\u00a0\u00bb][\/vc_column][vc_column width=\u00a0\u00bb1\/2&Prime;][\/vc_column][vc_column width=\u00a0\u00bb1\/4&Prime;][\/vc_column][\/vc_row]<\/p>\n<p><a class=\"sd-more sd-all-trans\" href=\"https:\/\/artbridges.ca\/fr\/visites-de-sites\/#more-27751\">Read More<\/a><\/p>\n","protected":false},"author":1,"featured_media":0,"parent":0,"menu_order":0,"comment_status":"closed","ping_status":"closed","template":"full-width-page.php","meta":{"footnotes":""},"class_list":["post-27751","page","type-page","status-publish","hentry"],"_links":{"self":[{"href":"https:\/\/artbridges.ca\/fr\/wp-json\/wp\/v2\/pages\/27751","targetHints":{"allow":["GET"]}}],"collection":[{"href":"https:\/\/artbridges.ca\/fr\/wp-json\/wp\/v2\/pages"}],"about":[{"href":"https:\/\/artbridges.ca\/fr\/wp-json\/wp\/v2\/types\/page"}],"author":[{"embeddable":true,"href":"https:\/\/artbridges.ca\/fr\/wp-json\/wp\/v2\/users\/1"}],"replies":[{"embeddable":true,"href":"https:\/\/artbridges.ca\/fr\/wp-json\/wp\/v2\/comments?post=27751"}],"version-history":[{"count":2,"href":"https:\/\/artbridges.ca\/fr\/wp-json\/wp\/v2\/pages\/27751\/revisions"}],"predecessor-version":[{"id":27753,"href":"https:\/\/artbridges.ca\/fr\/wp-json\/wp\/v2\/pages\/27751\/revisions\/27753"}],"wp:attachment":[{"href":"https:\/\/artbridges.ca\/fr\/wp-json\/wp\/v2\/media?parent=27751"}],"curies":[{"name":"wp","href":"https:\/\/api.w.org\/{rel}","templated":true}]}}