{"id":27754,"date":"2023-02-17T11:03:34","date_gmt":"2023-02-17T16:03:34","guid":{"rendered":"https:\/\/artbridges.ca\/histoires-a-travers-le-canada\/"},"modified":"2023-07-01T05:12:33","modified_gmt":"2023-07-01T09:12:33","slug":"histoires-a-travers-le-canada","status":"publish","type":"page","link":"https:\/\/artbridges.ca\/fr\/histoires-a-travers-le-canada\/","title":{"rendered":"Histoires \u00e0 travers le Canada"},"content":{"rendered":"<div class=\"wpb-content-wrapper\"><p>[vc_row bg_type=\u00a0\u00bbimage\u00a0\u00bb parallax_style=\u00a0\u00bbvcpb-default\u00a0\u00bb bg_image_new=\u00a0\u00bbid^3718|url^https:\/\/artbridges.ca\/wp-content\/uploads\/2023\/04\/New-Banner-02.jpg|caption^null|alt^null|title^New-Banner-02|description^null\u00a0\u00bb bg_image_repeat=\u00a0\u00bbno-repeat\u00a0\u00bb el_class=\u00a0\u00bbpad-sides\u00a0\u00bb][vc_column]<div class=\"ult-spacer spacer-69ef222cd413f\" data-id=\"69ef222cd413f\" data-height=\"110\" data-height-mobile=\"50\" data-height-tab=\"\" data-height-tab-portrait=\"\" data-height-mobile-landscape=\"\" style=\"clear:both;display:block;\"><\/div><div id=\"ultimate-heading-796469ef222cd4199\" class=\"uvc-heading ult-adjust-bottom-margin ultimate-heading-796469ef222cd4199 uvc-8933 \" data-hspacer=\"no_spacer\"  data-halign=\"left\" style=\"text-align:left\"><div class=\"uvc-heading-spacer no_spacer\" style=\"top\"><\/div><div class=\"uvc-sub-heading ult-responsive\"  data-ultimate-target='.uvc-heading.ultimate-heading-796469ef222cd4199 .uvc-sub-heading '  data-responsive-json-new='{\"font-size\":\"desktop:18px;\",\"line-height\":\"desktop:18px;\"}'  style=\"font-family:&#039;Montserrat&#039;;font-weight:700;\"><\/p>\n<p class=\"sd-text-bg-white\">HISTOIRES \u00c0 TRAVERS LE CANADA<\/p>\n<p><\/div><\/div><div class=\"ult-spacer spacer-69ef222cd41d2\" data-id=\"69ef222cd41d2\" data-height=\"110\" data-height-mobile=\"50\" data-height-tab=\"\" data-height-tab-portrait=\"\" data-height-mobile-landscape=\"\" style=\"clear:both;display:block;\"><\/div>[\/vc_column][\/vc_row][vc_row el_class=\u00a0\u00bbpad-sides about-h3&Prime; css=\u00a0\u00bb.vc_custom_1676553592142{padding-top: 50px !important;}\u00a0\u00bb][vc_column]<div id=\"ultimate-heading-903769ef222cd41f8\" class=\"uvc-heading ult-adjust-bottom-margin ultimate-heading-903769ef222cd41f8 uvc-7649 pad-sides about-h3\" data-hspacer=\"no_spacer\"  data-halign=\"center\" style=\"text-align:center\"><div class=\"uvc-heading-spacer no_spacer\" style=\"top\"><\/div><div class=\"uvc-main-heading ult-responsive\"  data-ultimate-target='.uvc-heading.ultimate-heading-903769ef222cd41f8 h3'  data-responsive-json-new='{\"font-size\":\"desktop:30px;\",\"line-height\":\"\"}' ><h3 style=\"font-weight:normal;color:#000000;\">Histoires de provinces et de r\u00e9gions<br \/>\nTerritoires<\/h3><\/div><\/div><div class=\"ult-spacer spacer-69ef222cd4296\" data-id=\"69ef222cd4296\" data-height=\"30\" data-height-mobile=\"30\" data-height-tab=\"30\" data-height-tab-portrait=\"\" data-height-mobile-landscape=\"\" style=\"clear:both;display:block;\"><\/div>[\/vc_column][\/vc_row][vc_row el_class=\u00a0\u00bbpad-sides\u00a0\u00bb][vc_column][vc_column_text]De 2009 \u00e0 2011, le personnel et les b\u00e9n\u00e9voles d&rsquo;ArtBridges\/ToileDesArts ont effectu\u00e9 trois voyages virtuels et t\u00e9l\u00e9phoniques, l&rsquo;un en anglais, l&rsquo;autre en fran\u00e7ais et le troisi\u00e8me ax\u00e9 sur les initiatives artistiques des communaut\u00e9s FNMI (Premi\u00e8res nations, M\u00e9tis et Inuits) \u00e0 travers le Canada.[\/vc_column_text][\/vc_column][\/vc_row][vc_row el_class=\u00a0\u00bbpad-sides about-h3&Prime;][vc_column]<div id=\"ultimate-heading-423769ef222cd42af\" class=\"uvc-heading ult-adjust-bottom-margin ultimate-heading-423769ef222cd42af uvc-3096 \" data-hspacer=\"no_spacer\"  data-halign=\"left\" style=\"text-align:left\"><div class=\"uvc-heading-spacer no_spacer\" style=\"top\"><\/div><div class=\"uvc-main-heading ult-responsive\"  data-ultimate-target='.uvc-heading.ultimate-heading-423769ef222cd42af h3'  data-responsive-json-new='{\"font-size\":\"\",\"line-height\":\"\"}' ><h3 style=\"font-weight:normal;color:#000000;\">Comment nous avons \u00e9tudi\u00e9 les initiatives artistiques communautaires existantes<\/h3><\/div><\/div><div class=\"ult-spacer spacer-69ef222cd42d3\" data-id=\"69ef222cd42d3\" data-height=\"30\" data-height-mobile=\"30\" data-height-tab=\"30\" data-height-tab-portrait=\"\" data-height-mobile-landscape=\"\" style=\"clear:both;display:block;\"><\/div>[\/vc_column][\/vc_row][vc_row el_class=\u00a0\u00bbpad-sides\u00a0\u00bb][vc_column][vc_column_text]\u00c0 l&rsquo;aide d&rsquo;une liste de recherche exhaustive, nous avons t\u00e9l\u00e9phon\u00e9 \u00e0 de nombreuses sources pour nous aider \u00e0 identifier les initiatives d&rsquo;arts engag\u00e9s dans la communaut\u00e9 et d&rsquo;arts pour le changement social &#8211; projets, programmes, organisations et ressources &#8211; qui travaillent dans des communaut\u00e9s sous-repr\u00e9sent\u00e9es et\/ou mal desservies \u00e0 travers le Canada.<\/p>\n<p>Nous avons r\u00e9dig\u00e9 des r\u00e9sum\u00e9s de nos conclusions pour chaque province\/territoire. Ces r\u00e9sum\u00e9s ne sont en aucun cas des \u00e9tudes acad\u00e9miques, ni des rapports officiels. Ils \u00e9clairent nos conclusions bas\u00e9es sur les nombreuses conversations que nous avons eues avec des personnes travaillant dans ce domaine.[\/vc_column_text][\/vc_column][\/vc_row][vc_row el_class=\u00a0\u00bbpad-sides about-h3&Prime;][vc_column]<div id=\"ultimate-heading-661669ef222cd42e7\" class=\"uvc-heading ult-adjust-bottom-margin ultimate-heading-661669ef222cd42e7 uvc-7139 \" data-hspacer=\"no_spacer\"  data-halign=\"left\" style=\"text-align:left\"><div class=\"uvc-heading-spacer no_spacer\" style=\"top\"><\/div><div class=\"uvc-main-heading ult-responsive\"  data-ultimate-target='.uvc-heading.ultimate-heading-661669ef222cd42e7 h3'  data-responsive-json-new='{\"font-size\":\"\",\"line-height\":\"\"}' ><h3 style=\"font-weight:normal;color:#000000;\">R\u00e9sultats de la recherche<\/h3><\/div><\/div><div class=\"ult-spacer spacer-69ef222cd4304\" data-id=\"69ef222cd4304\" data-height=\"30\" data-height-mobile=\"30\" data-height-tab=\"30\" data-height-tab-portrait=\"\" data-height-mobile-landscape=\"\" style=\"clear:both;display:block;\"><\/div>[\/vc_column][\/vc_row][vc_row el_class=\u00a0\u00bbpad-sides\u00a0\u00bb css=\u00a0\u00bb.vc_custom_1676650752496{padding-bottom: 100px !important;}\u00a0\u00bb][vc_column][vc_column_text]Notre recherche et les r\u00e9sum\u00e9s sont devenus la base de nos connaissances sur ce qui se passe dans la pratique des arts engag\u00e9s dans la communaut\u00e9 \u00e0 travers le Canada. Sur la base de nos conclusions, ArtBridges a mis en place des partenariats communautaires, cr\u00e9\u00e9 des profils de ces initiatives et continue \u00e0 mettre en lumi\u00e8re leurs activit\u00e9s sur notre blog communautaire.<\/p>\n<p>Nous sommes conscients qu&rsquo;il s&rsquo;agit d&rsquo;un instantan\u00e9 dans le temps et que le paysage et les histoires changent constamment.<\/p>\n<p>Nous vous invitons \u00e0 consulter nos r\u00e9sum\u00e9s et \u00e0 recevoir vos <a href=\"https:\/\/artbridges.ca\/fr\/connectez-vous-avec-artbridges-toiledesarts\/\">commentaires<\/a>.<\/p>\n<ul class=\"contentul\">\n<li><a href=\"http:\/\/artbridgesblog.ca\/en\/en\/provincial-and-territory-reports\/alberta\/\">Alberta<\/a> \/ <a href=\"http:\/\/www.artbridgesblog.ca\/en\/2011\/03\/16\/update-sommaire-de-la-recherche-pour-les-arts-communautaires-francophones-au-albertasummary-of-research-for-francophone-community-arts-in-alberta\/\">Sommaire de la recherche pour les arts communautaires francophones en Alberta\/Summary of research for francophone community arts in Alberta<\/a><\/li>\n<li><a href=\"http:\/\/www.artbridgesblog.ca\/en\/provincial-and-territory-reports\/british-columbia\/\">British Columbia <\/a>\/ <a href=\"http:\/\/www.artbridgesblog.ca\/en\/2011\/04\/12\/update-sommaire-de-la-recherche-pour-les-arts-communautaires-en-colombie-britannique-summary-of-research-for-francophone-community-arts-in-british-columbia\/\">Sommaire de la recherche pour les arts communautaires en Colombie-Britannique\/ Summary of research for francophone community arts in British Columbia<\/a><\/li>\n<li><a href=\"http:\/\/www.artbridgesblog.ca\/en\/provincial-and-territory-reports\/manitoba\/\">Manitoba<\/a> \/ <a href=\"http:\/\/www.artbridgesblog.ca\/en\/2010\/10\/07\/reflection-sur-la-recherche-sur-les-arts-communautaires-francophones-au-manitoba-reflections-of-research-on-francophone-community-arts-in-manitoba\/\">Sommaire : arts communautaires francophone au Manitoba\/Manitoba summary<\/a><\/li>\n<li><a href=\"http:\/\/www.artbridgesblog.ca\/en\/provincial-and-territory-reports\/new-brunswick\/\">New Brunswick summary<\/a> \/ <a href=\"http:\/\/www.artbridgesblog.ca\/en\/2011\/10\/27\/sommaire-les-arts-communautaires-au-nouveau-brunswick-summary-francophone-community-arts-in-new-brunswick\/\">Sommaire : les arts communautaires francophones au Nouveau-Brunswick<\/a><\/li>\n<li><a href=\"http:\/\/www.artbridgesblog.ca\/en\/provincial-and-territory-reports\/newfoundland\/\">Newfoundland &amp; Labrador summary<\/a> \/ <a href=\"http:\/\/www.artbridgesblog.ca\/en\/2010\/05\/04\/sommaire-arts-communautaires-francophone-en-terre-neuve-et-labrador-summary-francophone-community-arts-in-newfoundland-and-labrador\/\">Sommaire : arts communautaires francophones en Terre-Neuve-et-Labrador<\/a><\/li>\n<li><a href=\"http:\/\/www.artbridgesblog.ca\/en\/2011\/11\/28\/sommaire-les-arts-communautaires-francophones-aux-territoires-du-nord-ouest-summary-francophone-community-arts-in-the-northwest-territories\/\">Sommaire : les arts communautaires francophones aux Territoires du Nord-Ouest \/ Summary: francophone community arts in the Northwest Territories<\/a><\/li>\n<li><a href=\"http:\/\/www.artbridgesblog.ca\/en\/provincial-and-territory-reports\/nova-scotia\/\">Nova Scotia summary<\/a> \/ <a href=\"http:\/\/www.artbridgesblog.ca\/en\/2012\/01\/31\/update-sommaire-de-la-recherche-pour-les-arts-communautaires-francophones-au-nouvelle-ecosse-summary-of-research-for-francophone-community-arts-in-nova-scotia\/\">Sommaire : de la recherche pour les arts communautaires francophones au Nouvelle-\u00c9cosse \/ Summary of research for Ffancophone community arts in Nova Scotia<\/a><\/li>\n<li><a href=\"http:\/\/www.artbridgesblog.ca\/en\/2011\/12\/14\/sommaire-les-arts-communautaires-francophones-au-nunavut-summary-francophone-community-arts-in-nunavut\/\">Sommaire : les arts communautaires francophones au Nunavut \/ Summary: francophone community arts in Nunavut<\/a><\/li>\n<li><a href=\"http:\/\/www.artbridgesblog.ca\/en\/provincial-and-territory-reports\/ontario\/\">Ontario summary<\/a> \/ <a href=\"http:\/\/www.artbridgesblog.ca\/en\/2010\/05\/12\/sommaire-arts-communautaires-francophones-en-ontario-summary-francophone-community-arts%C2%A0in%C2%A0ontario\/\">Sommaire : arts communautaires francophones en Ontario<\/a><\/li>\n<li><a href=\"http:\/\/www.artbridgesblog.ca\/en\/provincial-and-territory-reports\/pei\/\">Prince Edward Island summary<\/a> \/ <a href=\"http:\/\/artbridgesblog.ca\/en\/en\/2010\/05\/sommaire-arts-communautaires-francophone-a-lile-du-prince-edward-summary-francophone-community-arts-in-p-e-i\/\">Sommaire : arts communautaires francophone \u00e0 l&rsquo;\u00cele du Prince Edward<\/a><\/li>\n<li><a href=\"http:\/\/www.artbridgesblog.ca\/en\/2010\/04\/29\/sommaire-arts-communautaires-francophones-au-quebec-summary-francophone-community-arts-in-quebec\/\">Sommaire : arts communautaires francophones au Qu\u00e9bec\/ Summary : francophone community arts in Qu\u00e9bec<\/a><\/li>\n<li><a href=\"http:\/\/www.artbridgesblog.ca\/en\/provincial-and-territory-reports\/saskatchewan\/\">Saskatchewan summary<\/a> \/ <a href=\"http:\/\/www.artbridgesblog.ca\/en\/2010\/11\/23\/update-sommaire-de-la-recherche-pour-les-arts-communautaires-francophones-au-saskatchewansummary-of-research-for-francophone-community-arts-in-saskatchewan\/\">Sommaire : arts communautaires francophones au Saskatchewan<\/a><\/li>\n<li><a href=\"http:\/\/www.artbridgesblog.ca\/en\/provincial-and-territory-reports\/yukon\/\">Yukon summary<\/a>\/ <a href=\"http:\/\/www.artbridgesblog.ca\/en\/2011\/07\/26\/sommaire-arts-communautaires-francophones-au-yukon-summary-francophone-community-arts-in-yukon\/\">Sommaire : arts communautaires francophones au Yukon\/ Summary : francophone community arts in Yukon<\/a><\/li>\n<\/ul>\n<p>&nbsp;<\/p>\n<p>Please reach us (<a href=\"mailto:info@artbridges.ca\">info@artbridges.ca<\/a>) if you feel there are any necessary corrections that need to be made.[\/vc_column_text][\/vc_column][\/vc_row]<\/p>\n<\/div>","protected":false},"excerpt":{"rendered":"<p>[vc_row bg_type=\u00a0\u00bbimage\u00a0\u00bb parallax_style=\u00a0\u00bbvcpb-default\u00a0\u00bb bg_image_new=\u00a0\u00bbid^3718|url^https:\/\/artbridges.ca\/wp-content\/uploads\/2023\/04\/New-Banner-02.jpg|caption^null|alt^null|title^New-Banner-02|description^null\u00a0\u00bb bg_image_repeat=\u00a0\u00bbno-repeat\u00a0\u00bb el_class=\u00a0\u00bbpad-sides\u00a0\u00bb][vc_column][\/vc_column][\/vc_row][vc_row el_class=\u00a0\u00bbpad-sides about-h3&Prime; css=\u00a0\u00bb.vc_custom_1676553592142{padding-top: 50px !important;}\u00a0\u00bb][vc_column][\/vc_column][\/vc_row][vc_row el_class=\u00a0\u00bbpad-sides\u00a0\u00bb][vc_column][vc_column_text]De 2009 \u00e0 2011, le personnel et les b\u00e9n\u00e9voles d&rsquo;ArtBridges\/ToileDesArts ont effectu\u00e9 trois voyages virtuels et t\u00e9l\u00e9phoniques, l&rsquo;un en anglais, l&rsquo;autre en fran\u00e7ais et le troisi\u00e8me ax\u00e9 sur les initiatives artistiques des communaut\u00e9s FNMI (Premi\u00e8res nations, M\u00e9tis et Inuits)<\/p>\n<p><a class=\"sd-more sd-all-trans\" href=\"https:\/\/artbridges.ca\/fr\/histoires-a-travers-le-canada\/#more-27754\">Read More<\/a><\/p>\n","protected":false},"author":1,"featured_media":0,"parent":0,"menu_order":0,"comment_status":"closed","ping_status":"closed","template":"full-width-page.php","meta":{"footnotes":""},"class_list":["post-27754","page","type-page","status-publish","hentry"],"_links":{"self":[{"href":"https:\/\/artbridges.ca\/fr\/wp-json\/wp\/v2\/pages\/27754","targetHints":{"allow":["GET"]}}],"collection":[{"href":"https:\/\/artbridges.ca\/fr\/wp-json\/wp\/v2\/pages"}],"about":[{"href":"https:\/\/artbridges.ca\/fr\/wp-json\/wp\/v2\/types\/page"}],"author":[{"embeddable":true,"href":"https:\/\/artbridges.ca\/fr\/wp-json\/wp\/v2\/users\/1"}],"replies":[{"embeddable":true,"href":"https:\/\/artbridges.ca\/fr\/wp-json\/wp\/v2\/comments?post=27754"}],"version-history":[{"count":2,"href":"https:\/\/artbridges.ca\/fr\/wp-json\/wp\/v2\/pages\/27754\/revisions"}],"predecessor-version":[{"id":27756,"href":"https:\/\/artbridges.ca\/fr\/wp-json\/wp\/v2\/pages\/27754\/revisions\/27756"}],"wp:attachment":[{"href":"https:\/\/artbridges.ca\/fr\/wp-json\/wp\/v2\/media?parent=27754"}],"curies":[{"name":"wp","href":"https:\/\/api.w.org\/{rel}","templated":true}]}}