{"id":27764,"date":"2023-02-21T04:12:35","date_gmt":"2023-02-21T09:12:35","guid":{"rendered":"https:\/\/artbridges.ca\/repertoire-de-profils-et-carte-des-arts-communautaires-au-canada\/"},"modified":"2023-07-27T04:28:36","modified_gmt":"2023-07-27T08:28:36","slug":"repertoire-de-profils-et-carte-des-arts-communautaires-au-canada","status":"publish","type":"page","link":"https:\/\/artbridges.ca\/fr\/repertoire-de-profils-et-carte-des-arts-communautaires-au-canada\/","title":{"rendered":"R\u00e9pertoire de profils et carte des arts communautaires au Canada"},"content":{"rendered":"<div class=\"wpb-content-wrapper\"><p>[vc_row bg_type=\u00a0\u00bbimage\u00a0\u00bb parallax_style=\u00a0\u00bbvcpb-default\u00a0\u00bb bg_image_new=\u00a0\u00bbid^3718|url^https:\/\/artbridges.ca\/wp-content\/uploads\/2023\/04\/New-Banner-02.jpg|caption^null|alt^null|title^New-Banner-02|description^null\u00a0\u00bb bg_image_repeat=\u00a0\u00bbno-repeat\u00a0\u00bb el_class=\u00a0\u00bbpad-sides\u00a0\u00bb][vc_column]<div class=\"ult-spacer spacer-69ef22567b064\" data-id=\"69ef22567b064\" data-height=\"110\" data-height-mobile=\"50\" data-height-tab=\"\" data-height-tab-portrait=\"\" data-height-mobile-landscape=\"\" style=\"clear:both;display:block;\"><\/div><div id=\"ultimate-heading-565069ef22567b0bd\" class=\"uvc-heading ult-adjust-bottom-margin ultimate-heading-565069ef22567b0bd uvc-6391 \" data-hspacer=\"no_spacer\"  data-halign=\"left\" style=\"text-align:left\"><div class=\"uvc-heading-spacer no_spacer\" style=\"top\"><\/div><div class=\"uvc-sub-heading ult-responsive\"  data-ultimate-target='.uvc-heading.ultimate-heading-565069ef22567b0bd .uvc-sub-heading '  data-responsive-json-new='{\"font-size\":\"desktop:18px;\",\"line-height\":\"desktop:18px;\"}'  style=\"font-family:&#039;Montserrat&#039;;font-weight:700;\"><\/p>\n<p class=\"sd-text-bg-white\">PROFIL ANNUAIRE ET CARTE DES COMMUNAUT\u00c9S ENGAG\u00c9ES<br \/>\nLES ARTS AU CANADA<\/div><\/div><div class=\"ult-spacer spacer-69ef22567b0f3\" data-id=\"69ef22567b0f3\" data-height=\"110\" data-height-mobile=\"50\" data-height-tab=\"\" data-height-tab-portrait=\"\" data-height-mobile-landscape=\"\" style=\"clear:both;display:block;\"><\/div>[\/vc_column][\/vc_row][vc_row el_class=\u00a0\u00bbpad-sides about-h3&Prime; css=\u00a0\u00bb.vc_custom_1676971030743{padding-top: 50px !important;}\u00a0\u00bb][vc_column]<div id=\"ultimate-heading-492069ef22567b118\" class=\"uvc-heading ult-adjust-bottom-margin ultimate-heading-492069ef22567b118 uvc-628 \" data-hspacer=\"no_spacer\"  data-halign=\"center\" style=\"text-align:center\"><div class=\"uvc-heading-spacer no_spacer\" style=\"top\"><\/div><div class=\"uvc-main-heading ult-responsive\"  data-ultimate-target='.uvc-heading.ultimate-heading-492069ef22567b118 h3'  data-responsive-json-new='{\"font-size\":\"desktop:34px;\",\"line-height\":\"\"}' ><h3 style=\"font-weight:normal;color:#000000;\">Profil R\u00e9pertoire et carte des collectivit\u00e9s engag\u00e9es<br \/>\nLes arts \u00e0 travers le Canada<\/h3><\/div><\/div><div class=\"ult-spacer spacer-69ef22567b1b4\" data-id=\"69ef22567b1b4\" data-height=\"30\" data-height-mobile=\"30\" data-height-tab=\"30\" data-height-tab-portrait=\"\" data-height-mobile-landscape=\"\" style=\"clear:both;display:block;\"><\/div>[vc_row_inner][vc_column_inner width=\u00a0\u00bb1\/6&Prime;][\/vc_column_inner][vc_column_inner width=\u00a0\u00bb2\/3&Prime;][vc_column_text]Le r\u00e9pertoire des profils d&rsquo;ArtBridges\/ToilesDesArts est une base de donn\u00e9es d&rsquo;informations sur les projets, programmes, organisations et ressources artistiques communautaires accessibles et\/ou abordables au Canada. Nous vous invitons \u00e0 consulter les nombreux profils d&rsquo;artistes engag\u00e9s dans la communaut\u00e9 qui ont d\u00e9j\u00e0 \u00e9t\u00e9 soumis. Notre annuaire de profils comporte des filtres int\u00e9gr\u00e9s, tant pour la MAP que pour l&rsquo;annuaire de profils, afin de vous aider \u00e0 trouver ce que vous cherchez. Cochez toutes les cases correspondantes.<\/p>\n<p>Souhaitez-vous ajouter votre initiative artistique communautaire \u00e0 notre r\u00e9pertoire de profils ? Voici deux fa\u00e7ons de proc\u00e9der.[\/vc_column_text][\/vc_column_inner][vc_column_inner width=\u00a0\u00bb1\/6&Prime;][\/vc_column_inner][\/vc_row_inner][\/vc_column][\/vc_row][vc_row el_class=\u00a0\u00bbpad-sides\u00a0\u00bb css=\u00a0\u00bb.vc_custom_1676971304209{padding-bottom: 50px !important;}\u00a0\u00bb][vc_column][vc_row_inner][vc_column_inner width=\u00a0\u00bb1\/2&Prime;]<div class=\" ubtn-ctn-right \"><a class=\"ubtn-link ult-adjust-bottom-margin ubtn-right ubtn-normal \" href=\"https:\/\/artbridges.ca\/fr\/enregistrer\/\" ><button type=\"button\" id=\"ubtn-2838\"  class=\"ubtn ult-adjust-bottom-margin ult-responsive ubtn-normal ubtn-no-hover-bg  none  ubtn-right   tooltip-69ef22567b1d0\"  data-hover=\"\" data-border-color=\"\" data-bg=\"#b92b27\" data-hover-bg=\"\" data-border-hover=\"\" data-shadow-hover=\"\" data-shadow-click=\"none\" data-shadow=\"\" data-shd-shadow=\"\"  data-ultimate-target='#ubtn-2838'  data-responsive-json-new='{\"font-size\":\"desktop:16px;\",\"line-height\":\"\"}'  style=\"font-weight:bold;border:none;background: #b92b27;color: #ffffff;\"><span class=\"ubtn-hover\" style=\"background-color:\"><\/span><span class=\"ubtn-data ubtn-text \" >Formulaire de profil en ligne<\/span><\/button><\/a><\/div>[\/vc_column_inner][vc_column_inner width=\u00a0\u00bb1\/2&Prime;]<div class=\" ubtn-ctn-left \"><a class=\"ubtn-link ult-adjust-bottom-margin ubtn-left ubtn-normal \" href=\"https:\/\/wayback.archive-it.org\/21337\/20230607070929\/http:\/\/artbridges.ca\/pdf\/ToileDesArts-Formulaire-de-creation-de-profils.pdf\" target=\"_blank\" rel=\"noopener\" ><button type=\"button\" id=\"ubtn-7299\"  class=\"ubtn ult-adjust-bottom-margin ult-responsive ubtn-normal ubtn-no-hover-bg  none  ubtn-left   tooltip-69ef22567b220\"  data-hover=\"\" data-border-color=\"\" data-bg=\"#b92b27\" data-hover-bg=\"\" data-border-hover=\"\" data-shadow-hover=\"\" data-shadow-click=\"none\" data-shadow=\"\" data-shd-shadow=\"\"  data-ultimate-target='#ubtn-7299'  data-responsive-json-new='{\"font-size\":\"desktop:16px;\",\"line-height\":\"\"}'  style=\"font-weight:bold;border:none;background: #b92b27;color: #ffffff;\"><span class=\"ubtn-hover\" style=\"background-color:\"><\/span><span class=\"ubtn-data ubtn-text \" >Formulaire de profil hors ligne<\/span><\/button><\/a><\/div>[\/vc_column_inner][\/vc_row_inner][vc_separator color=\u00a0\u00bbcustom\u00a0\u00bb border_width=\u00a0\u00bb5&Prime; accent_color=\u00a0\u00bb#f2f2f2&Prime;][vc_row_inner][vc_column_inner]<div class=\" ubtn-ctn-center \"><a class=\"ubtn-link ult-adjust-bottom-margin ubtn-center ubtn-large \" href=\"https:\/\/wayback.archive-it.org\/21337\/20230605204016\/http:\/\/artbridges.ca\/community\/community_map?lang=fr\" target=\"_blank\" rel=\"nofollow  noopener\" ><button type=\"button\" id=\"ubtn-1836\"  class=\"ubtn ult-adjust-bottom-margin ult-responsive ubtn-large ubtn-no-hover-bg  none  ubtn-center   tooltip-69ef22567b244\"  data-hover=\"\" data-border-color=\"\" data-bg=\"#b92b27\" data-hover-bg=\"\" data-border-hover=\"\" data-shadow-hover=\"\" data-shadow-click=\"none\" data-shadow=\"\" data-shd-shadow=\"\"  data-ultimate-target='#ubtn-1836'  data-responsive-json-new='{\"font-size\":\"desktop:16px;\",\"line-height\":\"\"}'  style=\"font-weight:bold;border:none;background: #b92b27;color: #ffffff;\"><span class=\"ubtn-hover\" style=\"background-color:\"><\/span><span class=\"ubtn-data ubtn-text \" >Carte de la Communaut\u00e9<\/span><\/button><\/a><\/div>[\/vc_column_inner][\/vc_row_inner][\/vc_column][\/vc_row][vc_row][vc_column][vc_column_text]<h3>No Users Found<\/h3>[\/vc_column_text][\/vc_column][\/vc_row]<\/p>\n<\/div>","protected":false},"excerpt":{"rendered":"<p>[vc_row bg_type=\u00a0\u00bbimage\u00a0\u00bb parallax_style=\u00a0\u00bbvcpb-default\u00a0\u00bb bg_image_new=\u00a0\u00bbid^3718|url^https:\/\/artbridges.ca\/wp-content\/uploads\/2023\/04\/New-Banner-02.jpg|caption^null|alt^null|title^New-Banner-02|description^null\u00a0\u00bb bg_image_repeat=\u00a0\u00bbno-repeat\u00a0\u00bb el_class=\u00a0\u00bbpad-sides\u00a0\u00bb][vc_column][\/vc_column][\/vc_row][vc_row el_class=\u00a0\u00bbpad-sides about-h3&Prime; css=\u00a0\u00bb.vc_custom_1676971030743{padding-top: 50px !important;}\u00a0\u00bb][vc_column][vc_row_inner][vc_column_inner width=\u00a0\u00bb1\/6&Prime;][\/vc_column_inner][vc_column_inner width=\u00a0\u00bb2\/3&Prime;][vc_column_text]Le r\u00e9pertoire des profils d&rsquo;ArtBridges\/ToilesDesArts est une base de donn\u00e9es d&rsquo;informations sur les projets, programmes, organisations et ressources artistiques communautaires accessibles et\/ou abordables au Canada. Nous vous invitons \u00e0 consulter les nombreux profils d&rsquo;artistes engag\u00e9s dans la communaut\u00e9<\/p>\n<p><a class=\"sd-more sd-all-trans\" href=\"https:\/\/artbridges.ca\/fr\/repertoire-de-profils-et-carte-des-arts-communautaires-au-canada\/#more-27764\">Read More<\/a><\/p>\n","protected":false},"author":1,"featured_media":0,"parent":0,"menu_order":0,"comment_status":"closed","ping_status":"closed","template":"full-width-page.php","meta":{"footnotes":""},"class_list":["post-27764","page","type-page","status-publish","hentry"],"_links":{"self":[{"href":"https:\/\/artbridges.ca\/fr\/wp-json\/wp\/v2\/pages\/27764","targetHints":{"allow":["GET"]}}],"collection":[{"href":"https:\/\/artbridges.ca\/fr\/wp-json\/wp\/v2\/pages"}],"about":[{"href":"https:\/\/artbridges.ca\/fr\/wp-json\/wp\/v2\/types\/page"}],"author":[{"embeddable":true,"href":"https:\/\/artbridges.ca\/fr\/wp-json\/wp\/v2\/users\/1"}],"replies":[{"embeddable":true,"href":"https:\/\/artbridges.ca\/fr\/wp-json\/wp\/v2\/comments?post=27764"}],"version-history":[{"count":7,"href":"https:\/\/artbridges.ca\/fr\/wp-json\/wp\/v2\/pages\/27764\/revisions"}],"predecessor-version":[{"id":28102,"href":"https:\/\/artbridges.ca\/fr\/wp-json\/wp\/v2\/pages\/27764\/revisions\/28102"}],"wp:attachment":[{"href":"https:\/\/artbridges.ca\/fr\/wp-json\/wp\/v2\/media?parent=27764"}],"curies":[{"name":"wp","href":"https:\/\/api.w.org\/{rel}","templated":true}]}}