{"id":27768,"date":"2023-02-14T05:49:14","date_gmt":"2023-02-14T10:49:14","guid":{"rendered":"https:\/\/artbridges.ca\/les-arts-en-action-dans-la-communaute-a-travers-le-canada\/"},"modified":"2023-07-03T05:55:37","modified_gmt":"2023-07-03T09:55:37","slug":"les-arts-en-action-dans-la-communaute-a-travers-le-canada","status":"publish","type":"page","link":"https:\/\/artbridges.ca\/fr\/les-arts-en-action-dans-la-communaute-a-travers-le-canada\/","title":{"rendered":"Les arts en action dans la communaut\u00e9 \u00e0 travers le Canada"},"content":{"rendered":"<div class=\"wpb-content-wrapper\"><p>[vc_row bg_type=\u00a0\u00bbimage\u00a0\u00bb parallax_style=\u00a0\u00bbvcpb-default\u00a0\u00bb bg_image_new=\u00a0\u00bbid^3718|url^https:\/\/artbridges.ca\/wp-content\/uploads\/2023\/04\/New-Banner-02.jpg|caption^null|alt^null|title^New-Banner-02|description^null\u00a0\u00bb bg_image_repeat=\u00a0\u00bbno-repeat\u00a0\u00bb el_class=\u00a0\u00bbpad-sides\u00a0\u00bb][vc_column]<div class=\"ult-spacer spacer-69ef1fce3520a\" data-id=\"69ef1fce3520a\" data-height=\"110\" data-height-mobile=\"50\" data-height-tab=\"\" data-height-tab-portrait=\"\" data-height-mobile-landscape=\"\" style=\"clear:both;display:block;\"><\/div><div id=\"ultimate-heading-51269ef1fce35284\" class=\"uvc-heading ult-adjust-bottom-margin ultimate-heading-51269ef1fce35284 uvc-5471 \" data-hspacer=\"no_spacer\"  data-halign=\"left\" style=\"text-align:left\"><div class=\"uvc-heading-spacer no_spacer\" style=\"top\"><\/div><div class=\"uvc-sub-heading ult-responsive\"  data-ultimate-target='.uvc-heading.ultimate-heading-51269ef1fce35284 .uvc-sub-heading '  data-responsive-json-new='{\"font-size\":\"desktop:18px;\",\"line-height\":\"desktop:18px;\"}'  style=\"font-family:&#039;Montserrat&#039;;font-weight:700;\"><\/p>\n<p class=\"sd-text-bg-white\">LES ARTS COMMUNAUTAIRES EN ACTION AU CANADA<\/p>\n<p><\/div><\/div><div class=\"ult-spacer spacer-69ef1fce352ca\" data-id=\"69ef1fce352ca\" data-height=\"110\" data-height-mobile=\"50\" data-height-tab=\"\" data-height-tab-portrait=\"\" data-height-mobile-landscape=\"\" style=\"clear:both;display:block;\"><\/div>[\/vc_column][\/vc_row][vc_row el_class=\u00a0\u00bbpad-sides about-h3&Prime; css=\u00a0\u00bb.vc_custom_1676375894624{padding-top: 50px !important;}\u00a0\u00bb][vc_column]<div id=\"ultimate-heading-730669ef1fce352ed\" class=\"uvc-heading ult-adjust-bottom-margin ultimate-heading-730669ef1fce352ed uvc-3811 \" data-hspacer=\"no_spacer\"  data-halign=\"center\" style=\"text-align:center\"><div class=\"uvc-heading-spacer no_spacer\" style=\"top\"><\/div><div class=\"uvc-main-heading ult-responsive\"  data-ultimate-target='.uvc-heading.ultimate-heading-730669ef1fce352ed h3'  data-responsive-json-new='{\"font-size\":\"desktop:34px;\",\"line-height\":\"\"}' ><h3 style=\"font-weight:normal;color:#000000;\">Les arts en action dans la communaut\u00e9 \u00e0 travers le Canada<\/h3><\/div><\/div><div class=\"ult-spacer spacer-69ef1fce3533c\" data-id=\"69ef1fce3533c\" data-height=\"30\" data-height-mobile=\"30\" data-height-tab=\"30\" data-height-tab-portrait=\"\" data-height-mobile-landscape=\"\" style=\"clear:both;display:block;\"><\/div>[vc_row_inner][vc_column_inner width=\u00a0\u00bb1\/6&Prime;][\/vc_column_inner][vc_column_inner width=\u00a0\u00bb2\/3&Prime;][vc_column_text]Cette galerie de photos, d&rsquo;images et de vid\u00e9os qui nous ont \u00e9t\u00e9 envoy\u00e9es par des initiatives d&rsquo;arts communautaires \u00e0 travers le Canada montre les arts communautaires en action &#8211; donnant vie \u00e0 des histoires et \u00e0 des cr\u00e9ations artistiques dans des communaut\u00e9s \u00e0 travers le Canada.<\/p>\n<p>Survolez l&rsquo;image pour obtenir plus d&rsquo;informations sur la photo.<\/p>\n<p>Chaque image\/vid\u00e9o a \u00e9t\u00e9 pr\u00e9alablement publi\u00e9e sur notre <a href=\"https:\/\/artbridges.ca\/fr\/blog\/\">blog communautaire<\/a>, accompagn\u00e9e d&rsquo;un profil, d&rsquo;un \u00e9v\u00e9nement ou d&rsquo;un r\u00e9cit sur l&rsquo;initiative. Nous avons obtenu l&rsquo;autorisation de publier chaque image\/vid\u00e9o de chaque initiative artistique communautaire.<\/p>\n<p>N&rsquo;h\u00e9sitez pas \u00e0 partager vos photos d&rsquo;arts engag\u00e9s dans la communaut\u00e9 ! <a href=\"mailto:info@artbridges.ca\">Envoyez-nous un courriel<\/a> pour prendre des dispositions.[\/vc_column_text][\/vc_column_inner][vc_column_inner width=\u00a0\u00bb1\/6&Prime;][\/vc_column_inner][\/vc_row_inner][\/vc_column][\/vc_row][vc_row el_class=\u00a0\u00bbpad-sides cstm-gallery\u00a0\u00bb css=\u00a0\u00bb.vc_custom_1676375870374{padding-top: 50px !important;padding-bottom: 30px !important;}\u00a0\u00bb][vc_column][vc_tta_tabs alignment=\u00a0\u00bbcenter\u00a0\u00bb active_section=\u00a0\u00bb1&Prime;][vc_tta_section title=\u00a0\u00bbGalerie de photos\u00a0\u00bb tab_id=\u00a0\u00bb1676373758602-4cabc2c2-bc38&Prime;]<div class=\"ult-spacer spacer-69ef1fce35353\" data-id=\"69ef1fce35353\" data-height=\"20\" data-height-mobile=\"20\" data-height-tab=\"20\" data-height-tab-portrait=\"\" data-height-mobile-landscape=\"\" style=\"clear:both;display:block;\"><\/div>[vc_row_inner][vc_column_inner width=\u00a0\u00bb1\/6&Prime;][\/vc_column_inner][vc_column_inner width=\u00a0\u00bb2\/3&Prime;][vc_raw_html]JTVCc29saWxvcXV5JTIwaWQlM0QlMjIyNzk2OCUyMiU1RA==[\/vc_raw_html][\/vc_column_inner][vc_column_inner width=\u00a0\u00bb1\/6&Prime;][\/vc_column_inner][\/vc_row_inner][\/vc_tta_section][vc_tta_section title=\u00a0\u00bbGalerie vid\u00e9o\u00a0\u00bb tab_id=\u00a0\u00bb1676372872990-c60d8d48-63a0&Prime;]<div class=\"ult-spacer spacer-69ef1fce3536a\" data-id=\"69ef1fce3536a\" data-height=\"20\" data-height-mobile=\"20\" data-height-tab=\"20\" data-height-tab-portrait=\"\" data-height-mobile-landscape=\"\" style=\"clear:both;display:block;\"><\/div>[vc_row_inner][vc_column_inner width=\u00a0\u00bb1\/6&Prime;][\/vc_column_inner][vc_column_inner width=\u00a0\u00bb2\/3&Prime;][vc_raw_html]JTVCc29saWxvcXV5JTIwaWQlM0QlMjIyNzk3MyUyMiU1RA==[\/vc_raw_html][\/vc_column_inner][vc_column_inner width=\u00a0\u00bb1\/6&Prime;][\/vc_column_inner][\/vc_row_inner][\/vc_tta_section][\/vc_tta_tabs][vc_row_inner][vc_column_inner][vc_column_text]Aanmitaagzi, situ\u00e9e \u00e0 North Bay, est une \u00ab\u00a0compagnie professionnelle multidisciplinaire dirig\u00e9e par des artistes, au service des artistes et des membres de la communaut\u00e9 de la Premi\u00e8re nation de Nipissing et de la r\u00e9gion environnante, et li\u00e9e \u00e0 des r\u00e9seaux provinciaux et nationaux\u00a0\u00bb. La photo est tir\u00e9e de la programmation Dances of Resistance et est utilis\u00e9e avec l&rsquo;autorisation d&rsquo;Aanmitaagzi.[\/vc_column_text][\/vc_column_inner][\/vc_row_inner][\/vc_column][\/vc_row]<\/p>\n<\/div>","protected":false},"excerpt":{"rendered":"<p>[vc_row bg_type=\u00a0\u00bbimage\u00a0\u00bb parallax_style=\u00a0\u00bbvcpb-default\u00a0\u00bb bg_image_new=\u00a0\u00bbid^3718|url^https:\/\/artbridges.ca\/wp-content\/uploads\/2023\/04\/New-Banner-02.jpg|caption^null|alt^null|title^New-Banner-02|description^null\u00a0\u00bb bg_image_repeat=\u00a0\u00bbno-repeat\u00a0\u00bb el_class=\u00a0\u00bbpad-sides\u00a0\u00bb][vc_column][\/vc_column][\/vc_row][vc_row el_class=\u00a0\u00bbpad-sides about-h3&Prime; css=\u00a0\u00bb.vc_custom_1676375894624{padding-top: 50px !important;}\u00a0\u00bb][vc_column][vc_row_inner][vc_column_inner width=\u00a0\u00bb1\/6&Prime;][\/vc_column_inner][vc_column_inner width=\u00a0\u00bb2\/3&Prime;][vc_column_text]Cette galerie de photos, d&rsquo;images et de vid\u00e9os qui nous ont \u00e9t\u00e9 envoy\u00e9es par des initiatives d&rsquo;arts communautaires \u00e0 travers le Canada montre les arts communautaires en action &#8211; donnant vie \u00e0 des histoires et \u00e0 des cr\u00e9ations<\/p>\n<p><a class=\"sd-more sd-all-trans\" href=\"https:\/\/artbridges.ca\/fr\/les-arts-en-action-dans-la-communaute-a-travers-le-canada\/#more-27768\">Read More<\/a><\/p>\n","protected":false},"author":1,"featured_media":0,"parent":0,"menu_order":0,"comment_status":"closed","ping_status":"closed","template":"full-width-page.php","meta":{"footnotes":""},"class_list":["post-27768","page","type-page","status-publish","hentry"],"_links":{"self":[{"href":"https:\/\/artbridges.ca\/fr\/wp-json\/wp\/v2\/pages\/27768","targetHints":{"allow":["GET"]}}],"collection":[{"href":"https:\/\/artbridges.ca\/fr\/wp-json\/wp\/v2\/pages"}],"about":[{"href":"https:\/\/artbridges.ca\/fr\/wp-json\/wp\/v2\/types\/page"}],"author":[{"embeddable":true,"href":"https:\/\/artbridges.ca\/fr\/wp-json\/wp\/v2\/users\/1"}],"replies":[{"embeddable":true,"href":"https:\/\/artbridges.ca\/fr\/wp-json\/wp\/v2\/comments?post=27768"}],"version-history":[{"count":11,"href":"https:\/\/artbridges.ca\/fr\/wp-json\/wp\/v2\/pages\/27768\/revisions"}],"predecessor-version":[{"id":27969,"href":"https:\/\/artbridges.ca\/fr\/wp-json\/wp\/v2\/pages\/27768\/revisions\/27969"}],"wp:attachment":[{"href":"https:\/\/artbridges.ca\/fr\/wp-json\/wp\/v2\/media?parent=27768"}],"curies":[{"name":"wp","href":"https:\/\/api.w.org\/{rel}","templated":true}]}}