{"id":27774,"date":"2015-07-29T23:46:37","date_gmt":"2015-07-30T03:46:37","guid":{"rendered":"https:\/\/artbridges.ca\/blog\/"},"modified":"2023-07-27T04:54:27","modified_gmt":"2023-07-27T08:54:27","slug":"blog","status":"publish","type":"page","link":"https:\/\/artbridges.ca\/fr\/blog\/","title":{"rendered":"BLOG"},"content":{"rendered":"<div class=\"wpb-content-wrapper\"><p>[vc_row bg_type=\u00a0\u00bbimage\u00a0\u00bb parallax_style=\u00a0\u00bbvcpb-default\u00a0\u00bb bg_image_new=\u00a0\u00bbid^3718|url^https:\/\/artbridges.ca\/wp-content\/uploads\/2023\/04\/New-Banner-02.jpg|caption^null|alt^null|title^New-Banner-02|description^null\u00a0\u00bb bg_image_repeat=\u00a0\u00bbno-repeat\u00a0\u00bb el_class=\u00a0\u00bbpad-sides\u00a0\u00bb][vc_column]<div class=\"ult-spacer spacer-69ef225696ad1\" data-id=\"69ef225696ad1\" data-height=\"110\" data-height-mobile=\"50\" data-height-tab=\"\" data-height-tab-portrait=\"\" data-height-mobile-landscape=\"\" style=\"clear:both;display:block;\"><\/div><div id=\"ultimate-heading-134869ef225696b33\" class=\"uvc-heading ult-adjust-bottom-margin ultimate-heading-134869ef225696b33 uvc-7601 \" data-hspacer=\"no_spacer\"  data-halign=\"left\" style=\"text-align:left\"><div class=\"uvc-heading-spacer no_spacer\" style=\"top\"><\/div><div class=\"uvc-sub-heading ult-responsive\"  data-ultimate-target='.uvc-heading.ultimate-heading-134869ef225696b33 .uvc-sub-heading '  data-responsive-json-new='{\"font-size\":\"desktop:18px;\",\"line-height\":\"desktop:18px;\"}'  style=\"font-family:&#039;Montserrat&#039;;font-weight:700;\"><\/p>\n<p class=\"sd-text-bg-white\">BIENVENUE SUR NOTRE BLOG COMMUNAUTAIRE<\/p>\n<p><\/div><\/div><div class=\"ult-spacer spacer-69ef225696b71\" data-id=\"69ef225696b71\" data-height=\"110\" data-height-mobile=\"50\" data-height-tab=\"\" data-height-tab-portrait=\"\" data-height-mobile-landscape=\"\" style=\"clear:both;display:block;\"><\/div>[\/vc_column][\/vc_row][vc_row el_class=\u00a0\u00bbpad-sides about-h3&Prime; css=\u00a0\u00bb.vc_custom_1676376330303{padding-top: 50px !important;}\u00a0\u00bb][vc_column]<div id=\"ultimate-heading-85969ef225696b8b\" class=\"uvc-heading ult-adjust-bottom-margin ultimate-heading-85969ef225696b8b uvc-2142 \" data-hspacer=\"no_spacer\"  data-halign=\"center\" style=\"text-align:center\"><div class=\"uvc-heading-spacer no_spacer\" style=\"top\"><\/div><div class=\"uvc-main-heading ult-responsive\"  data-ultimate-target='.uvc-heading.ultimate-heading-85969ef225696b8b h3'  data-responsive-json-new='{\"font-size\":\"desktop:34px;\",\"line-height\":\"\"}' ><h3 style=\"font-weight:normal;color:#000000;\">Bienvenue sur notre blog communautaire<\/h3><\/div><\/div><div class=\"ult-spacer spacer-69ef225696bc0\" data-id=\"69ef225696bc0\" data-height=\"30\" data-height-mobile=\"30\" data-height-tab=\"30\" data-height-tab-portrait=\"\" data-height-mobile-landscape=\"\" style=\"clear:both;display:block;\"><\/div>[\/vc_column][\/vc_row][vc_row el_class=\u00a0\u00bbpad-sides\u00a0\u00bb][vc_column width=\u00a0\u00bb1\/2&Prime;][vc_column_text]Nous vous invitons \u00e0 vous informer et \u00e0 contribuer \u00e0 ce qui se passe dans le domaine des arts engag\u00e9s par la communaut\u00e9 et des arts pour les initiatives de changement social \u00e0 travers le Canada. Nous publions ce que les gens nous soumettent ainsi que \u00ab\u00a0tout ce qui concerne les arts engag\u00e9s par la communaut\u00e9\u00a0\u00bb dont nous prenons connaissance. ArtBridges\/ToilesDesArts partage toutes sortes d&rsquo;informations :<\/p>\n<ul>\n<li>Conf\u00e9rences, ateliers, formation, s\u00e9minaires, \u00e9ducation<\/li>\n<li>\u00c9v\u00e9nements<\/li>\n<li>Prix artistiques, possibilit\u00e9s de financement et de subvention<\/li>\n<li>Outils, conseils, id\u00e9es et mises \u00e0 jour, points forts des projets, ressources (y compris livres et rapports)<\/li>\n<li>Histoires inspirantes<\/li>\n<li>Pr\u00e9sentation d&rsquo;initiatives artistiques communautaires<\/li>\n<\/ul>\n<p>[\/vc_column_text][\/vc_column][vc_column width=\u00a0\u00bb1\/2&Prime;][vc_column_text]<a href=\"mailto:info@artbridges.ca\">Envoyez-nous<\/a> votre histoire, votre conseil, votre annonce ou votre opportunit\u00e9 &#8211; toutes les informations sur les arts engag\u00e9s par la communaut\u00e9 que d&rsquo;autres aimeraient conna\u00eetre.<\/p>\n<p>Vous envisagez de publier un article dans notre blog communautaire ? Nous vous invitons \u00e0 lire nos <a href=\"#footer-guidelines\">lignes directrices pour les blogs ici<\/a><\/p>\n<p>\u00cates-vous pr\u00eat \u00e0 soumettre votre candidature ? <a href=\"mailto:info@artbridges.ca\">Envoyez-nous un courriel !<\/a>[\/vc_column_text][\/vc_column][\/vc_row][vc_row][vc_column][vc_basic_grid post_type=\u00a0\u00bbpost\u00a0\u00bb max_items=\u00a0\u00bb-1&Prime; style=\u00a0\u00bbload-more\u00a0\u00bb items_per_page=\u00a0\u00bb12&Prime; initial_loading_animation=\u00a0\u00bbnone\u00a0\u00bb btn_style=\u00a0\u00bbmodern\u00a0\u00bb btn_color=\u00a0\u00bbdefault\u00a0\u00bb btn_size=\u00a0\u00bbxs\u00a0\u00bb grid_id=\u00a0\u00bbvc_gid:1690448025563-3cf0d39d-414c-4&Prime;][\/vc_column][\/vc_row]<\/p>\n<\/div>","protected":false},"excerpt":{"rendered":"<p>[vc_row bg_type=\u00a0\u00bbimage\u00a0\u00bb parallax_style=\u00a0\u00bbvcpb-default\u00a0\u00bb bg_image_new=\u00a0\u00bbid^3718|url^https:\/\/artbridges.ca\/wp-content\/uploads\/2023\/04\/New-Banner-02.jpg|caption^null|alt^null|title^New-Banner-02|description^null\u00a0\u00bb bg_image_repeat=\u00a0\u00bbno-repeat\u00a0\u00bb el_class=\u00a0\u00bbpad-sides\u00a0\u00bb][vc_column][\/vc_column][\/vc_row][vc_row el_class=\u00a0\u00bbpad-sides about-h3&Prime; css=\u00a0\u00bb.vc_custom_1676376330303{padding-top: 50px !important;}\u00a0\u00bb][vc_column][\/vc_column][\/vc_row][vc_row el_class=\u00a0\u00bbpad-sides\u00a0\u00bb][vc_column width=\u00a0\u00bb1\/2&Prime;][vc_column_text]Nous vous invitons \u00e0 vous informer et \u00e0 contribuer \u00e0 ce qui se passe dans le domaine des arts engag\u00e9s par la communaut\u00e9 et des arts pour les initiatives de changement social \u00e0 travers le Canada. Nous publions<\/p>\n<p><a class=\"sd-more sd-all-trans\" href=\"https:\/\/artbridges.ca\/fr\/blog\/#more-27774\">Read More<\/a><\/p>\n","protected":false},"author":1,"featured_media":0,"parent":0,"menu_order":0,"comment_status":"open","ping_status":"closed","template":"full-width-page.php","meta":{"footnotes":""},"class_list":["post-27774","page","type-page","status-publish","hentry"],"_links":{"self":[{"href":"https:\/\/artbridges.ca\/fr\/wp-json\/wp\/v2\/pages\/27774","targetHints":{"allow":["GET"]}}],"collection":[{"href":"https:\/\/artbridges.ca\/fr\/wp-json\/wp\/v2\/pages"}],"about":[{"href":"https:\/\/artbridges.ca\/fr\/wp-json\/wp\/v2\/types\/page"}],"author":[{"embeddable":true,"href":"https:\/\/artbridges.ca\/fr\/wp-json\/wp\/v2\/users\/1"}],"replies":[{"embeddable":true,"href":"https:\/\/artbridges.ca\/fr\/wp-json\/wp\/v2\/comments?post=27774"}],"version-history":[{"count":7,"href":"https:\/\/artbridges.ca\/fr\/wp-json\/wp\/v2\/pages\/27774\/revisions"}],"predecessor-version":[{"id":28105,"href":"https:\/\/artbridges.ca\/fr\/wp-json\/wp\/v2\/pages\/27774\/revisions\/28105"}],"wp:attachment":[{"href":"https:\/\/artbridges.ca\/fr\/wp-json\/wp\/v2\/media?parent=27774"}],"curies":[{"name":"wp","href":"https:\/\/api.w.org\/{rel}","templated":true}]}}