{"id":27777,"date":"2023-02-21T04:27:54","date_gmt":"2023-02-21T09:27:54","guid":{"rendered":"https:\/\/artbridges.ca\/simpliquer-en-ligne\/"},"modified":"2023-07-24T14:23:10","modified_gmt":"2023-07-24T18:23:10","slug":"simpliquer-en-ligne","status":"publish","type":"page","link":"https:\/\/artbridges.ca\/fr\/simpliquer-en-ligne\/","title":{"rendered":"S&rsquo;impliquer en ligne"},"content":{"rendered":"<div class=\"wpb-content-wrapper\"><p>[vc_row centered=\u00a0\u00bbyes\u00a0\u00bb bg_type=\u00a0\u00bbimage\u00a0\u00bb parallax_style=\u00a0\u00bbvcpb-default\u00a0\u00bb bg_image_new=\u00a0\u00bbid^3718|url^https:\/\/artbridges.ca\/wp-content\/uploads\/2023\/04\/New-Banner-02.jpg|caption^null|alt^null|title^New-Banner-02|description^null\u00a0\u00bb bg_image_repeat=\u00a0\u00bbno-repeat\u00a0\u00bb][vc_column]<div class=\"ult-spacer spacer-69ef22802b007\" data-id=\"69ef22802b007\" data-height=\"110\" data-height-mobile=\"50\" data-height-tab=\"\" data-height-tab-portrait=\"\" data-height-mobile-landscape=\"\" style=\"clear:both;display:block;\"><\/div><div id=\"ultimate-heading-72569ef22802b060\" class=\"uvc-heading ult-adjust-bottom-margin ultimate-heading-72569ef22802b060 uvc-6406 \" data-hspacer=\"no_spacer\"  data-halign=\"left\" style=\"text-align:left\"><div class=\"uvc-heading-spacer no_spacer\" style=\"top\"><\/div><div class=\"uvc-sub-heading ult-responsive\"  data-ultimate-target='.uvc-heading.ultimate-heading-72569ef22802b060 .uvc-sub-heading '  data-responsive-json-new='{\"font-size\":\"desktop:18px;\",\"line-height\":\"desktop:18px;\"}'  style=\"font-family:&#039;Montserrat&#039;;font-weight:700;\"><\/p>\n<p class=\"sd-text-bg-white\">S&rsquo;IMPLIQUER EN LIGNE<\/p>\n<p><\/div><\/div><div class=\"ult-spacer spacer-69ef22802b096\" data-id=\"69ef22802b096\" data-height=\"110\" data-height-mobile=\"50\" data-height-tab=\"\" data-height-tab-portrait=\"\" data-height-mobile-landscape=\"\" style=\"clear:both;display:block;\"><\/div>[\/vc_column][\/vc_row][vc_row el_class=\u00a0\u00bbpad-sides about-h3&Prime; css=\u00a0\u00bb.vc_custom_1676971030743{padding-top: 50px !important;}\u00a0\u00bb][vc_column]<div id=\"ultimate-heading-558269ef22802b0cb\" class=\"uvc-heading ult-adjust-bottom-margin ultimate-heading-558269ef22802b0cb uvc-5113 \" data-hspacer=\"no_spacer\"  data-halign=\"center\" style=\"text-align:center\"><div class=\"uvc-heading-spacer no_spacer\" style=\"top\"><\/div><div class=\"uvc-main-heading ult-responsive\"  data-ultimate-target='.uvc-heading.ultimate-heading-558269ef22802b0cb h3'  data-responsive-json-new='{\"font-size\":\"desktop:34px;\",\"line-height\":\"\"}' ><h3 style=\"font-weight:normal;color:#000000;\">Participez ! Participer \u00e0 ArtBridges\/ToileDesArts<br \/>\nCommunaut\u00e9 en ligne<\/h3><\/div><\/div>[\/vc_column][\/vc_row][vc_row el_class=\u00a0\u00bbpad-sides\u00a0\u00bb css=\u00a0\u00bb.vc_custom_1676974780472{padding-top: 80px !important;padding-bottom: 50px !important;}\u00a0\u00bb][vc_column]<div id=\"ultimate-heading-879469ef22802b16d\" class=\"uvc-heading ult-adjust-bottom-margin ultimate-heading-879469ef22802b16d uvc-6199 getinvolved-community\" data-hspacer=\"no_spacer\"  data-halign=\"center\" style=\"text-align:center\"><div class=\"uvc-heading-spacer no_spacer\" style=\"top\"><\/div><div class=\"uvc-sub-heading ult-responsive\"  data-ultimate-target='.uvc-heading.ultimate-heading-879469ef22802b16d .uvc-sub-heading '  data-responsive-json-new='{\"font-size\":\"desktop:25px;\",\"line-height\":\"\"}'  style=\"font-weight:bold;color:#000000;\"><\/p>\n<h3><span class=\"ult-before-heading\"><span class=\"ult-dual-heading-text ult-first-text ult-responsive\" data-ultimate-target=\".ult-dual-color.ultv-5481 .ult-dual-heading-text\" data-responsive-json-new=\"{\"font-size\":\"desktop:25px;\",\"line-height\":\"\"}\">Contribuer au blog de la communaut\u00e9 ArtBridges\/ToileDesArts<\/span><\/span><a href=\"https:\/\/artbridges.ca\/fr\/blog\/\"><span class=\"ult-adv-heading\"><span class=\"ult-dual-adv-heading-text ult-highlight-text ult-responsive\" data-ultimate-target=\".ult-dual-color.ultv-5481 .ult-highlight-text\" data-responsive-json-new=\"{\"font-size\":\"desktop:25px;\",\"line-height\":\"\"}\">Blog de la communaut\u00e9<\/span><\/span><\/a>      <img loading=\"lazy\" decoding=\"async\" class=\"alignnone size-full wp-image-2001\" src=\"https:\/\/artbridges.ca\/wp-content\/uploads\/2023\/02\/Layer-17.png\" rel=\"PrettyPhoto[27777]\" alt=\"\" width=\"44\" height=\"40\"><\/h3>\n<p><\/div><\/div><div class=\"ult-spacer spacer-69ef22802b187\" data-id=\"69ef22802b187\" data-height=\"20\" data-height-mobile=\"20\" data-height-tab=\"20\" data-height-tab-portrait=\"\" data-height-mobile-landscape=\"\" style=\"clear:both;display:block;\"><\/div>[vc_row_inner][vc_column_inner width=\u00a0\u00bb1\/3&Prime;][\/vc_column_inner][vc_column_inner width=\u00a0\u00bb1\/3&Prime;][vc_column_text]<\/p>\n<ul>\n<li>Nous informer sur ce qui se passe dans le domaine des arts communautaires au Canada (annonces, ateliers, recherches, r\u00e9cits, id\u00e9es, photos et vid\u00e9os, nouveaux programmes et initiatives).<\/li>\n<li>Parlez-nous d&rsquo;un \u00e9v\u00e9nement li\u00e9 aux arts pour le changement social<\/li>\n<\/ul>\n<p>[\/vc_column_text][\/vc_column_inner][vc_column_inner width=\u00a0\u00bb1\/3&Prime;][\/vc_column_inner][\/vc_row_inner][\/vc_column][\/vc_row][vc_row el_class=\u00a0\u00bbfourth-row pad-sides\u00a0\u00bb css=\u00a0\u00bb.vc_custom_1676974899260{padding-top: 100px !important;padding-bottom: 100px !important;background-image: url(https:\/\/artbridges.ca\/wp-content\/uploads\/2023\/02\/Group-152.png?id=1773) !important;background-position: center !important;background-repeat: no-repeat !important;background-size: cover !important;}\u00a0\u00bb][vc_column]<div id=\"ultimate-heading-936069ef22802b19e\" class=\"uvc-heading ult-adjust-bottom-margin ultimate-heading-936069ef22802b19e uvc-7168 \" data-hspacer=\"no_spacer\"  data-halign=\"center\" style=\"text-align:center\"><div class=\"uvc-heading-spacer no_spacer\" style=\"top\"><\/div><div class=\"uvc-main-heading ult-responsive\"  data-ultimate-target='.uvc-heading.ultimate-heading-936069ef22802b19e h3'  data-responsive-json-new='{\"font-size\":\"desktop:34px;\",\"line-height\":\"\"}' ><h3 style=\"font-weight:bold;color:#000000;\">S&#039;abonner \u00e0 notre newsletter blog<\/h3><\/div><\/div><div class=\"ult-spacer spacer-69ef22802b1d5\" data-id=\"69ef22802b1d5\" data-height=\"40\" data-height-mobile=\"40\" data-height-tab=\"40\" data-height-tab-portrait=\"\" data-height-mobile-landscape=\"\" style=\"clear:both;display:block;\"><\/div>[vc_row_inner][vc_column_inner width=\u00a0\u00bb1\/6&Prime;][\/vc_column_inner][vc_column_inner width=\u00a0\u00bb2\/3&Prime;][\/vc_column_inner][vc_column_inner width=\u00a0\u00bb1\/6&Prime;][\/vc_column_inner][\/vc_row_inner][\/vc_column][\/vc_row][vc_row content_placement=\u00a0\u00bbmiddle\u00a0\u00bb el_class=\u00a0\u00bbpad-sides center\u00a0\u00bb css=\u00a0\u00bb.vc_custom_1676973050334{padding-bottom: 50px !important;}\u00a0\u00bb][vc_column width=\u00a0\u00bb1\/6&Prime;][\/vc_column][vc_column width=\u00a0\u00bb2\/3&Prime;][vc_row_inner content_placement=\u00a0\u00bbmiddle\u00a0\u00bb el_class=\u00a0\u00bbmap-h4&Prime;][vc_column_inner width=\u00a0\u00bb1\/4&Prime;][vc_single_image image=\u00a0\u00bb27543&Prime; img_size=\u00a0\u00bbmedium\u00a0\u00bb][\/vc_column_inner][vc_column_inner width=\u00a0\u00bb3\/4&Prime;]<div id=\"ultimate-heading-57069ef22802b1ec\" class=\"uvc-heading ult-adjust-bottom-margin ultimate-heading-57069ef22802b1ec uvc-3324 \" data-hspacer=\"no_spacer\"  data-halign=\"left\" style=\"text-align:left\"><div class=\"uvc-heading-spacer no_spacer\" style=\"top\"><\/div><div class=\"uvc-sub-heading ult-responsive\"  data-ultimate-target='.uvc-heading.ultimate-heading-57069ef22802b1ec .uvc-sub-heading '  data-responsive-json-new='{\"font-size\":\"desktop:25px;\",\"line-height\":\"desktop:25px;\"}'  style=\"font-weight:normal;color:#000000;\"><\/p>\n<h4>Ajoutez vos arts engag\u00e9s dans la communaut\u00e9<\/h4>\n<h4>initiative \u00e0 notre <a href=\"https:\/\/artbridges.ca\/fr\/repertoire-de-profils-et-carte-des-arts-communautaires-au-canada\/\">profil R\u00e9pertoire et carte<\/a>        <img loading=\"lazy\" decoding=\"async\" class=\"alignnone size-full wp-image-2001\" src=\"https:\/\/artbridges.ca\/wp-content\/uploads\/2023\/02\/Layer-17.png\" rel=\"PrettyPhoto[27777]\" alt=\"\" width=\"44\" height=\"40\"><\/h4>\n<p><\/div><\/div>[\/vc_column_inner][\/vc_row_inner][\/vc_column][vc_column width=\u00a0\u00bb1\/6&Prime;][\/vc_column][\/vc_row][vc_row gap=\u00a0\u00bb20&Prime; el_class=\u00a0\u00bbpad-sides\u00a0\u00bb][vc_column]<div id=\"ultv-4396\" class=\"ult-dual-color ult-adjust-bottom-margin ult-dual-color-responsive-none ultv-4396  \"><div class=\"ult-module-content ult-dual-color-heading\" style=\"text-align:left;\">\n\t\t\t\t\t\t<h3><span class=\"ult-before-heading\">\n\t\t\t\t\t\t<span class=\"ult-dual-heading-text ult-first-text ult-responsive\"  data-ultimate-target='.ult-dual-color.ultv-4396 .ult-dual-heading-text'  data-responsive-json-new='{\"font-size\":\"desktop:25px;\",\"line-height\":\"\"}'  style=\"color:#000000;     border:none; font-weight:bold;\">Parlez-nous de<\/span>\n\t\t\t\t\t<\/span><a class=\"dual-link\" href=\"https:\/\/artbridges.ca\/learning-opportunities\/\" target=\"_blank\" rel=\"noopener\"  ><span class=\"ult-adv-heading\" style=\"\">\n\t\t\t\t\t\t<span class=\"ult-dual-adv-heading-text ult-highlight-text ult-responsive\"  data-ultimate-target='.ult-dual-color.ultv-4396 .ult-highlight-text'  data-responsive-json-new='{\"font-size\":\"desktop:25px;\",\"line-height\":\"\"}'  style=\"color:#b92b27;     border:none; font-weight:bold;\">possibilit\u00e9s d&#039;apprentissage<\/span>\n\t\t\t\t\t<\/span><\/a><span class=\"ult-after-heading\">\n\t\t\t\t\t\t\t\t\t<span class=\"ult-dual-heading-text ult-third-text\"  data-ultimate-target='.ult-dual-color.ultv-4396 .ult-dual-heading-text'  data-responsive-json-new='{\"font-size\":\"desktop:25px;\",\"line-height\":\"\"}'  style=\"color:#000000;     border:none; font-weight:bold;\">et nous les publierons sur notre r\u00e9seau<\/span>\n\t\t\t\t\t\t\t\t<\/span><\/h3> <\/div><\/div><div class=\"ult-spacer spacer-69ef22802b26e\" data-id=\"69ef22802b26e\" data-height=\"20\" data-height-mobile=\"20\" data-height-tab=\"20\" data-height-tab-portrait=\"\" data-height-mobile-landscape=\"\" style=\"clear:both;display:block;\"><\/div>[vc_column_text]<\/p>\n<ul>\n<li>Ateliers \u00e9ducatifs ou \u00e9tudes sur les arts engag\u00e9s par la communaut\u00e9<\/li>\n<li>Conf\u00e9rences, \u00e9v\u00e9nements sp\u00e9ciaux, formation, d\u00e9veloppement professionnel<\/li>\n<li>Rapports, livres ou recherches sur les initiatives artistiques communautaires au Canada<\/li>\n<\/ul>\n<p>[\/vc_column_text][\/vc_column][\/vc_row][vc_row gap=\u00a0\u00bb20&Prime; content_placement=\u00a0\u00bbmiddle\u00a0\u00bb el_class=\u00a0\u00bbpad-sides\u00a0\u00bb][vc_column width=\u00a0\u00bb1\/2&Prime;]<div id=\"ultv-8823\" class=\"ult-dual-color ult-adjust-bottom-margin ult-dual-color-responsive-none ultv-8823  \"><div class=\"ult-module-content ult-dual-color-heading\" style=\"text-align:left;\">\n\t\t\t\t\t\t<h3><span class=\"ult-before-heading\">\n\t\t\t\t\t\t<span class=\"ult-dual-heading-text ult-first-text ult-responsive\"  data-ultimate-target='.ult-dual-color.ultv-8823 .ult-dual-heading-text'  data-responsive-json-new='{\"font-size\":\"desktop:25px;\",\"line-height\":\"\"}'  style=\"color:#000000;     border:none; font-weight:bold;\">Partager ou trouver utile<\/span>\n\t\t\t\t\t<\/span><a class=\"dual-link\" href=\"https:\/\/artbridges.ca\/resources-and-tools\/\" target=\"_blank\" rel=\"noopener\"  ><span class=\"ult-adv-heading\" style=\"\">\n\t\t\t\t\t\t<span class=\"ult-dual-adv-heading-text ult-highlight-text ult-responsive\"  data-ultimate-target='.ult-dual-color.ultv-8823 .ult-highlight-text'  data-responsive-json-new='{\"font-size\":\"desktop:25px;\",\"line-height\":\"\"}'  style=\"color:#b92b27;     border:none; font-weight:bold;\">ressources artistiques communautaires<\/span>\n\t\t\t\t\t<\/span><\/a><span class=\"ult-after-heading\">\n\t\t\t\t\t\t\t\t\t<span class=\"ult-dual-heading-text ult-third-text\"  data-ultimate-target='.ult-dual-color.ultv-8823 .ult-dual-heading-text'  data-responsive-json-new='{\"font-size\":\"desktop:25px;\",\"line-height\":\"\"}'  style=\"color:#000000;     border:none; font-weight:bold;\">sur notre site internet<\/span>\n\t\t\t\t\t\t\t\t<\/span><\/h3> <\/div><\/div><div class=\"ult-spacer spacer-69ef22802b2b2\" data-id=\"69ef22802b2b2\" data-height=\"20\" data-height-mobile=\"20\" data-height-tab=\"20\" data-height-tab-portrait=\"\" data-height-mobile-landscape=\"\" style=\"clear:both;display:block;\"><\/div>[vc_column_text]<\/p>\n<ul>\n<li>Outils de d\u00e9veloppement organisationnel tels que manuels de politique, r\u00e8gles et proc\u00e9dures, pratiques prometteuses, conseils en mati\u00e8re de collecte de fonds, mod\u00e8les organisationnels, programmes d&rsquo;\u00e9tudes.<\/li>\n<\/ul>\n<p>[\/vc_column_text][\/vc_column][vc_column width=\u00a0\u00bb1\/2&Prime;]<div class=\"ult-spacer spacer-69ef22802b2c1\" data-id=\"69ef22802b2c1\" data-height=\"45\" data-height-mobile=\"45\" data-height-tab=\"45\" data-height-tab-portrait=\"\" data-height-mobile-landscape=\"\" style=\"clear:both;display:block;\"><\/div>[vc_column_text]Besoin de plus d&rsquo;informations ? Vous ne trouvez rien ? Vous souhaitez apporter votre contribution mais vous avez besoin d&rsquo;aide ?[\/vc_column_text]<div class=\" ubtn-ctn-center \"><a class=\"ubtn-link ult-adjust-bottom-margin ubtn-center ubtn-normal \" href=\"https:\/\/artbridges.ca\/fr\/connectez-vous-avec-artbridges-toiledesarts\/\" title=\"CONTACT US\" ><button type=\"button\" id=\"ubtn-5425\"  class=\"ubtn ult-adjust-bottom-margin ult-responsive ubtn-normal ubtn-no-hover-bg  none  ubtn-center   tooltip-69ef22802b2d7\"  data-hover=\"\" data-border-color=\"\" data-bg=\"#b92b27\" data-hover-bg=\"\" data-border-hover=\"\" data-shadow-hover=\"\" data-shadow-click=\"none\" data-shadow=\"\" data-shd-shadow=\"\"  data-ultimate-target='#ubtn-5425'  data-responsive-json-new='{\"font-size\":\"desktop:16px;\",\"line-height\":\"\"}'  style=\"font-weight:bold;border:none;background: #b92b27;color: #ffffff;\"><span class=\"ubtn-hover\" style=\"background-color:\"><\/span><span class=\"ubtn-data ubtn-text \" >CONTACTEZ-NOUS<\/span><\/button><\/a><\/div>[\/vc_column][\/vc_row][vc_row content_placement=\u00a0\u00bbmiddle\u00a0\u00bb el_class=\u00a0\u00bbpad-sides\u00a0\u00bb css=\u00a0\u00bb.vc_custom_1676974570084{padding-bottom: 100px !important;}\u00a0\u00bb][vc_column width=\u00a0\u00bb1\/2&Prime;][vc_column_text]<img loading=\"lazy\" decoding=\"async\" class=\"alignnone size-full wp-image-2377\" src=\"https:\/\/artbridges.ca\/wp-content\/uploads\/2023\/02\/Facebook.png\" rel=\"PrettyPhoto[27777]\" alt=\"\" width=\"40\" height=\"52\"> Likez et engagez-vous avec nous sur notre <a href=\"http:\/\/www.facebook.com\/artbridgestoiledesarts\">page Facebook ArtBridges\/ToileDesArts<\/a>.[\/vc_column_text][\/vc_column][vc_column width=\u00a0\u00bb1\/2&Prime;][vc_column_text]<img loading=\"lazy\" decoding=\"async\" class=\"alignnone size-full wp-image-2378\" src=\"https:\/\/artbridges.ca\/wp-content\/uploads\/2023\/02\/Twitter.png\" rel=\"PrettyPhoto[27777]\" alt=\"\" width=\"40\" height=\"40\"> Suivez <a href=\"http:\/\/www.twitter.com\/artbridges\">ArtBridges\/ToileDesArts sur Twitter<\/a>[\/vc_column_text][\/vc_column][\/vc_row]<\/p>\n<\/div>","protected":false},"excerpt":{"rendered":"<p>[vc_row centered=\u00a0\u00bbyes\u00a0\u00bb bg_type=\u00a0\u00bbimage\u00a0\u00bb parallax_style=\u00a0\u00bbvcpb-default\u00a0\u00bb bg_image_new=\u00a0\u00bbid^3718|url^https:\/\/artbridges.ca\/wp-content\/uploads\/2023\/04\/New-Banner-02.jpg|caption^null|alt^null|title^New-Banner-02|description^null\u00a0\u00bb bg_image_repeat=\u00a0\u00bbno-repeat\u00a0\u00bb][vc_column][\/vc_column][\/vc_row][vc_row el_class=\u00a0\u00bbpad-sides about-h3&Prime; css=\u00a0\u00bb.vc_custom_1676971030743{padding-top: 50px !important;}\u00a0\u00bb][vc_column][\/vc_column][\/vc_row][vc_row el_class=\u00a0\u00bbpad-sides\u00a0\u00bb css=\u00a0\u00bb.vc_custom_1676974780472{padding-top: 80px !important;padding-bottom: 50px !important;}\u00a0\u00bb][vc_column][vc_row_inner][vc_column_inner width=\u00a0\u00bb1\/3&Prime;][\/vc_column_inner][vc_column_inner width=\u00a0\u00bb1\/3&Prime;][vc_column_text] Nous informer sur ce qui se passe dans le domaine des arts communautaires au Canada (annonces, ateliers, recherches, r\u00e9cits, id\u00e9es, photos et vid\u00e9os, nouveaux programmes et initiatives). Parlez-nous d&rsquo;un \u00e9v\u00e9nement li\u00e9<\/p>\n<p><a class=\"sd-more sd-all-trans\" href=\"https:\/\/artbridges.ca\/fr\/simpliquer-en-ligne\/#more-27777\">Read More<\/a><\/p>\n","protected":false},"author":1,"featured_media":0,"parent":0,"menu_order":0,"comment_status":"closed","ping_status":"closed","template":"full-width-page.php","meta":{"footnotes":""},"class_list":["post-27777","page","type-page","status-publish","hentry"],"_links":{"self":[{"href":"https:\/\/artbridges.ca\/fr\/wp-json\/wp\/v2\/pages\/27777","targetHints":{"allow":["GET"]}}],"collection":[{"href":"https:\/\/artbridges.ca\/fr\/wp-json\/wp\/v2\/pages"}],"about":[{"href":"https:\/\/artbridges.ca\/fr\/wp-json\/wp\/v2\/types\/page"}],"author":[{"embeddable":true,"href":"https:\/\/artbridges.ca\/fr\/wp-json\/wp\/v2\/users\/1"}],"replies":[{"embeddable":true,"href":"https:\/\/artbridges.ca\/fr\/wp-json\/wp\/v2\/comments?post=27777"}],"version-history":[{"count":7,"href":"https:\/\/artbridges.ca\/fr\/wp-json\/wp\/v2\/pages\/27777\/revisions"}],"predecessor-version":[{"id":28030,"href":"https:\/\/artbridges.ca\/fr\/wp-json\/wp\/v2\/pages\/27777\/revisions\/28030"}],"wp:attachment":[{"href":"https:\/\/artbridges.ca\/fr\/wp-json\/wp\/v2\/media?parent=27777"}],"curies":[{"name":"wp","href":"https:\/\/api.w.org\/{rel}","templated":true}]}}