{"id":27781,"date":"2023-02-21T05:22:56","date_gmt":"2023-02-21T10:22:56","guid":{"rendered":"https:\/\/artbridges.ca\/devenir-membre-dartbridges\/"},"modified":"2023-07-08T06:31:07","modified_gmt":"2023-07-08T10:31:07","slug":"devenir-membre-dartbridges","status":"publish","type":"page","link":"https:\/\/artbridges.ca\/fr\/devenir-membre-dartbridges\/","title":{"rendered":"Devenir membre d&rsquo;ArtBridges"},"content":{"rendered":"<div class=\"wpb-content-wrapper\"><p>[vc_row centered=\u00a0\u00bbyes\u00a0\u00bb bg_type=\u00a0\u00bbimage\u00a0\u00bb parallax_style=\u00a0\u00bbvcpb-default\u00a0\u00bb bg_image_new=\u00a0\u00bbid^3718|url^https:\/\/artbridges.ca\/wp-content\/uploads\/2023\/04\/New-Banner-02.jpg|caption^null|alt^null|title^New-Banner-02|description^null\u00a0\u00bb bg_image_repeat=\u00a0\u00bbno-repeat\u00a0\u00bb][vc_column]<div class=\"ult-spacer spacer-69ef1ffd4314f\" data-id=\"69ef1ffd4314f\" data-height=\"110\" data-height-mobile=\"50\" data-height-tab=\"\" data-height-tab-portrait=\"\" data-height-mobile-landscape=\"\" style=\"clear:both;display:block;\"><\/div><div id=\"ultimate-heading-536469ef1ffd431bb\" class=\"uvc-heading ult-adjust-bottom-margin ultimate-heading-536469ef1ffd431bb uvc-2350 \" data-hspacer=\"no_spacer\"  data-halign=\"left\" style=\"text-align:left\"><div class=\"uvc-heading-spacer no_spacer\" style=\"top\"><\/div><div class=\"uvc-sub-heading ult-responsive\"  data-ultimate-target='.uvc-heading.ultimate-heading-536469ef1ffd431bb .uvc-sub-heading '  data-responsive-json-new='{\"font-size\":\"desktop:18px;\",\"line-height\":\"desktop:18px;\"}'  style=\"font-family:&#039;Montserrat&#039;;font-weight:700;\"><\/p>\n<p class=\"sd-text-bg-white\">DEVENIR MEMBRE D&rsquo;ARTBRIDGES<\/p>\n<p><\/div><\/div><div class=\"ult-spacer spacer-69ef1ffd431f2\" data-id=\"69ef1ffd431f2\" data-height=\"110\" data-height-mobile=\"50\" data-height-tab=\"\" data-height-tab-portrait=\"\" data-height-mobile-landscape=\"\" style=\"clear:both;display:block;\"><\/div>[\/vc_column][\/vc_row][vc_row el_class=\u00a0\u00bbpad-sides about-h3&Prime; css=\u00a0\u00bb.vc_custom_1676971030743{padding-top: 50px !important;}\u00a0\u00bb][vc_column]<div id=\"ultimate-heading-359969ef1ffd4320b\" class=\"uvc-heading ult-adjust-bottom-margin ultimate-heading-359969ef1ffd4320b uvc-5209 \" data-hspacer=\"no_spacer\"  data-halign=\"center\" style=\"text-align:center\"><div class=\"uvc-heading-spacer no_spacer\" style=\"top\"><\/div><div class=\"uvc-main-heading ult-responsive\"  data-ultimate-target='.uvc-heading.ultimate-heading-359969ef1ffd4320b h3'  data-responsive-json-new='{\"font-size\":\"desktop:34px;\",\"line-height\":\"\"}' ><h3 style=\"font-weight:normal;color:#000000;\">Devenir membre d'ArtBridges<\/h3><\/div><\/div><div class=\"ult-spacer spacer-69ef1ffd43240\" data-id=\"69ef1ffd43240\" data-height=\"20\" data-height-mobile=\"20\" data-height-tab=\"20\" data-height-tab-portrait=\"\" data-height-mobile-landscape=\"\" style=\"clear:both;display:block;\"><\/div>[vc_row_inner][vc_column_inner width=\u00a0\u00bb1\/4&Prime;][\/vc_column_inner][vc_column_inner width=\u00a0\u00bb1\/2&Prime;][vc_column_text]ArtBridges g\u00e8re un programme annuel d&rsquo;adh\u00e9sion. Rejoignez-nous en tant que membre ou renouvelez votre adh\u00e9sion annuelle \u00e0 ArtBridges\/ToileDesArts ![\/vc_column_text][\/vc_column_inner][vc_column_inner width=\u00a0\u00bb1\/4&Prime;][\/vc_column_inner][\/vc_row_inner][\/vc_column][\/vc_row][vc_row el_class=\u00a0\u00bbfourth-row pad-sides\u00a0\u00bb css=\u00a0\u00bb.vc_custom_1676974899260{padding-top: 100px !important;padding-bottom: 100px !important;background-image: url(https:\/\/artbridges.ca\/wp-content\/uploads\/2023\/02\/Group-152.png?id=1773) !important;background-position: center !important;background-repeat: no-repeat !important;background-size: cover !important;}\u00a0\u00bb][vc_column][vc_row_inner][vc_column_inner width=\u00a0\u00bb1\/4&Prime;][\/vc_column_inner][vc_column_inner width=\u00a0\u00bb1\/2&Prime;]<div id=\"ultimate-heading-235469ef1ffd43258\" class=\"uvc-heading ult-adjust-bottom-margin ultimate-heading-235469ef1ffd43258 uvc-6449 \" data-hspacer=\"no_spacer\"  data-halign=\"left\" style=\"text-align:left\"><div class=\"uvc-heading-spacer no_spacer\" style=\"top\"><\/div><div class=\"uvc-main-heading ult-responsive\"  data-ultimate-target='.uvc-heading.ultimate-heading-235469ef1ffd43258 h3'  data-responsive-json-new='{\"font-size\":\"desktop:34px;\",\"line-height\":\"\"}' ><h3 style=\"font-weight:bold;color:#000000;\">Type d'adh\u00e9sion<\/h3><\/div><\/div><div class=\"ult-spacer spacer-69ef1ffd43275\" data-id=\"69ef1ffd43275\" data-height=\"20\" data-height-mobile=\"20\" data-height-tab=\"20\" data-height-tab-portrait=\"\" data-height-mobile-landscape=\"\" style=\"clear:both;display:block;\"><\/div>[vc_raw_html]JTNDZGl2JTIwY2xhc3MlM0QlMjJtZW1iZXJzaGlwJTIyJTNFJTVCZ3Jhdml0eWZvcm0lMjBpZCUzRCUyMjUlMjIlMjB0aXRsZSUzRCUyMmZhbHNlJTIyJTVEJTNDJTJGZGl2JTNF[\/vc_raw_html][\/vc_column_inner][vc_column_inner width=\u00a0\u00bb1\/4&Prime;][\/vc_column_inner][\/vc_row_inner][\/vc_column][\/vc_row][vc_row gap=\u00a0\u00bb20&Prime; el_class=\u00a0\u00bbpad-sides\u00a0\u00bb css=\u00a0\u00bb.vc_custom_1676975299527{padding-bottom: 50px !important;}\u00a0\u00bb][vc_column width=\u00a0\u00bb1\/2&Prime;]<div id=\"ultimate-heading-515469ef1ffd4328a\" class=\"uvc-heading ult-adjust-bottom-margin ultimate-heading-515469ef1ffd4328a uvc-9062 \" data-hspacer=\"no_spacer\"  data-halign=\"left\" style=\"text-align:left\"><div class=\"uvc-heading-spacer no_spacer\" style=\"top\"><\/div><div class=\"uvc-main-heading ult-responsive\"  data-ultimate-target='.uvc-heading.ultimate-heading-515469ef1ffd4328a h3'  data-responsive-json-new='{\"font-size\":\"desktop:30px;\",\"line-height\":\"\"}' ><h3 style=\"font-weight:bold;color:#000000;\">En tant que membre d'ArtBridges, vous ou votre initiative artistique pouvez<\/h3><\/div><\/div><div class=\"ult-spacer spacer-69ef1ffd432a6\" data-id=\"69ef1ffd432a6\" data-height=\"20\" data-height-mobile=\"20\" data-height-tab=\"20\" data-height-tab-portrait=\"\" data-height-mobile-landscape=\"\" style=\"clear:both;display:block;\"><\/div>[vc_column_text]<\/p>\n<ul>\n<li>Faites examiner votre site web pour en v\u00e9rifier l&rsquo;accessibilit\u00e9, la r\u00e9activit\u00e9 mobile et la clart\u00e9 lors d&rsquo;une consultation professionnelle d&rsquo;une heure.<\/li>\n<li>Prix de reconnaissance : Proposez la candidature de votre propre initiative artistique communautaire ou d&rsquo;une autre pour les prix de reconnaissance annuels d&rsquo;ArtBridges, bas\u00e9s sur l&rsquo;innovation, la r\u00e9silience et la cr\u00e9ativit\u00e9 remarquables. Chacune des trois initiatives gagnantes recevra un don de 300 dollars.<\/li>\n<li>Pleins feux sur les membres : Faites figurer votre initiative artistique communautaire sur le <a href=\"https:\/\/artbridges.ca\/fr\/blog\/\">blogue communautaire<\/a> pancanadien d&rsquo;ArtBridges.<\/li>\n<li>Recevoir une lettre de soutien de notre part pour votre initiative<\/li>\n<li>figurer sur le site web d&rsquo;ArtBridges dans la rubrique \u00a0\u00bb <a href=\"https:\/\/artbridges.ca\/artbridges-members\/\">Reconnaissance des membres<\/a> \u00ab\u00a0.<\/li>\n<li>Recevez une carte de membre : devenez un membre porteur d&rsquo;une carte !<\/li>\n<\/ul>\n<p>[\/vc_column_text][\/vc_column][vc_column width=\u00a0\u00bb1\/2&Prime;]<div id=\"ultimate-heading-774669ef1ffd432c3\" class=\"uvc-heading ult-adjust-bottom-margin ultimate-heading-774669ef1ffd432c3 uvc-2162 \" data-hspacer=\"no_spacer\"  data-halign=\"left\" style=\"text-align:left\"><div class=\"uvc-heading-spacer no_spacer\" style=\"top\"><\/div><div class=\"uvc-main-heading ult-responsive\"  data-ultimate-target='.uvc-heading.ultimate-heading-774669ef1ffd432c3 h3'  data-responsive-json-new='{\"font-size\":\"desktop:30px;\",\"line-height\":\"\"}' ><h3 style=\"font-weight:bold;color:#000000;\">Vous serez un partenaire essentiel du travail important d'ArtBridges.<\/h3><\/div><\/div><div class=\"ult-spacer spacer-69ef1ffd432dd\" data-id=\"69ef1ffd432dd\" data-height=\"20\" data-height-mobile=\"20\" data-height-tab=\"20\" data-height-tab-portrait=\"\" data-height-mobile-landscape=\"\" style=\"clear:both;display:block;\"><\/div>[vc_column_text]Depuis 2009, ArtBridges, par l&rsquo;interm\u00e9diaire d&rsquo;un r\u00e9seau pancanadien gratuit, a \u00e9t\u00e9<\/p>\n<ul>\n<li>Identifier les initiatives artistiques engag\u00e9es par la communaut\u00e9 \u00e0 travers le Canada<\/li>\n<li>Informer les Canadiens, leurs communaut\u00e9s et les artistes<\/li>\n<li>Connecter les gens aux arts engag\u00e9s dans la communaut\u00e9<\/li>\n<li>Partager les b\u00e9n\u00e9fices des arts pour le changement social<\/li>\n<\/ul>\n<p>&nbsp;<\/p>\n<p><strong>Les cotisations des membres permettent de soutenir le travail d&rsquo;ArtBridges tout au long de l&rsquo;ann\u00e9e !<\/strong><\/p>\n<p>Merci de croire en ce travail ![\/vc_column_text][\/vc_column][\/vc_row]<\/p>\n<\/div>","protected":false},"excerpt":{"rendered":"<p>[vc_row centered=\u00a0\u00bbyes\u00a0\u00bb bg_type=\u00a0\u00bbimage\u00a0\u00bb parallax_style=\u00a0\u00bbvcpb-default\u00a0\u00bb bg_image_new=\u00a0\u00bbid^3718|url^https:\/\/artbridges.ca\/wp-content\/uploads\/2023\/04\/New-Banner-02.jpg|caption^null|alt^null|title^New-Banner-02|description^null\u00a0\u00bb bg_image_repeat=\u00a0\u00bbno-repeat\u00a0\u00bb][vc_column][\/vc_column][\/vc_row][vc_row el_class=\u00a0\u00bbpad-sides about-h3&Prime; css=\u00a0\u00bb.vc_custom_1676971030743{padding-top: 50px !important;}\u00a0\u00bb][vc_column][vc_row_inner][vc_column_inner width=\u00a0\u00bb1\/4&Prime;][\/vc_column_inner][vc_column_inner width=\u00a0\u00bb1\/2&Prime;][vc_column_text]ArtBridges g\u00e8re un programme annuel d&rsquo;adh\u00e9sion. Rejoignez-nous en tant que membre ou renouvelez votre adh\u00e9sion annuelle \u00e0 ArtBridges\/ToileDesArts ![\/vc_column_text][\/vc_column_inner][vc_column_inner width=\u00a0\u00bb1\/4&Prime;][\/vc_column_inner][\/vc_row_inner][\/vc_column][\/vc_row][vc_row el_class=\u00a0\u00bbfourth-row pad-sides\u00a0\u00bb css=\u00a0\u00bb.vc_custom_1676974899260{padding-top: 100px !important;padding-bottom: 100px !important;background-image: url(https:\/\/artbridges.ca\/wp-content\/uploads\/2023\/02\/Group-152.png?id=1773) !important;background-position: center !important;background-repeat: no-repeat !important;background-size: cover !important;}\u00a0\u00bb][vc_column][vc_row_inner][vc_column_inner width=\u00a0\u00bb1\/4&Prime;][\/vc_column_inner][vc_column_inner width=\u00a0\u00bb1\/2&Prime;][vc_raw_html]JTNDZGl2JTIwY2xhc3MlM0QlMjJtZW1iZXJzaGlwJTIyJTNFJTVCZ3Jhdml0eWZvcm0lMjBpZCUzRCUyMjUlMjIlMjB0aXRsZSUzRCUyMmZhbHNlJTIyJTVEJTNDJTJGZGl2JTNF[\/vc_raw_html][\/vc_column_inner][vc_column_inner width=\u00a0\u00bb1\/4&Prime;][\/vc_column_inner][\/vc_row_inner][\/vc_column][\/vc_row][vc_row<\/p>\n<p><a class=\"sd-more sd-all-trans\" href=\"https:\/\/artbridges.ca\/fr\/devenir-membre-dartbridges\/#more-27781\">Read More<\/a><\/p>\n","protected":false},"author":1,"featured_media":0,"parent":0,"menu_order":0,"comment_status":"closed","ping_status":"closed","template":"full-width-page.php","meta":{"footnotes":""},"class_list":["post-27781","page","type-page","status-publish","hentry"],"_links":{"self":[{"href":"https:\/\/artbridges.ca\/fr\/wp-json\/wp\/v2\/pages\/27781","targetHints":{"allow":["GET"]}}],"collection":[{"href":"https:\/\/artbridges.ca\/fr\/wp-json\/wp\/v2\/pages"}],"about":[{"href":"https:\/\/artbridges.ca\/fr\/wp-json\/wp\/v2\/types\/page"}],"author":[{"embeddable":true,"href":"https:\/\/artbridges.ca\/fr\/wp-json\/wp\/v2\/users\/1"}],"replies":[{"embeddable":true,"href":"https:\/\/artbridges.ca\/fr\/wp-json\/wp\/v2\/comments?post=27781"}],"version-history":[{"count":3,"href":"https:\/\/artbridges.ca\/fr\/wp-json\/wp\/v2\/pages\/27781\/revisions"}],"predecessor-version":[{"id":27991,"href":"https:\/\/artbridges.ca\/fr\/wp-json\/wp\/v2\/pages\/27781\/revisions\/27991"}],"wp:attachment":[{"href":"https:\/\/artbridges.ca\/fr\/wp-json\/wp\/v2\/media?parent=27781"}],"curies":[{"name":"wp","href":"https:\/\/api.w.org\/{rel}","templated":true}]}}