{"id":27784,"date":"2023-02-17T11:37:16","date_gmt":"2023-02-17T16:37:16","guid":{"rendered":"https:\/\/artbridges.ca\/membres-dartbridges\/"},"modified":"2023-07-01T06:26:38","modified_gmt":"2023-07-01T10:26:38","slug":"membres-dartbridges","status":"publish","type":"page","link":"https:\/\/artbridges.ca\/fr\/membres-dartbridges\/","title":{"rendered":"Membres d&rsquo;ArtBridges"},"content":{"rendered":"<div class=\"wpb-content-wrapper\"><p>[vc_row bg_type=\u00a0\u00bbimage\u00a0\u00bb parallax_style=\u00a0\u00bbvcpb-default\u00a0\u00bb bg_image_new=\u00a0\u00bbid^3718|url^https:\/\/artbridges.ca\/wp-content\/uploads\/2023\/04\/New-Banner-02.jpg|caption^null|alt^null|title^New-Banner-02|description^null\u00a0\u00bb bg_image_repeat=\u00a0\u00bbno-repeat\u00a0\u00bb el_class=\u00a0\u00bbpad-sides\u00a0\u00bb][vc_column]<div class=\"ult-spacer spacer-69ef58705d707\" data-id=\"69ef58705d707\" data-height=\"110\" data-height-mobile=\"50\" data-height-tab=\"\" data-height-tab-portrait=\"\" data-height-mobile-landscape=\"\" style=\"clear:both;display:block;\"><\/div><div id=\"ultimate-heading-2269ef58705d76c\" class=\"uvc-heading ult-adjust-bottom-margin ultimate-heading-2269ef58705d76c uvc-5588 \" data-hspacer=\"no_spacer\"  data-halign=\"left\" style=\"text-align:left\"><div class=\"uvc-heading-spacer no_spacer\" style=\"top\"><\/div><div class=\"uvc-sub-heading ult-responsive\"  data-ultimate-target='.uvc-heading.ultimate-heading-2269ef58705d76c .uvc-sub-heading '  data-responsive-json-new='{\"font-size\":\"desktop:18px;\",\"line-height\":\"desktop:18px;\"}'  style=\"font-family:&#039;Montserrat&#039;;font-weight:700;\"><\/p>\n<p class=\"sd-text-bg-white\">MEMBRES D&rsquo;ARTBRIDGES<\/p>\n<p><\/div><\/div><div class=\"ult-spacer spacer-69ef58705d7a7\" data-id=\"69ef58705d7a7\" data-height=\"110\" data-height-mobile=\"50\" data-height-tab=\"\" data-height-tab-portrait=\"\" data-height-mobile-landscape=\"\" style=\"clear:both;display:block;\"><\/div>[\/vc_column][\/vc_row][vc_row el_class=\u00a0\u00bbpad-sides about-h3&Prime; css=\u00a0\u00bb.vc_custom_1676553592142{padding-top: 50px !important;}\u00a0\u00bb][vc_column]<div id=\"ultimate-heading-153169ef58705d7c0\" class=\"uvc-heading ult-adjust-bottom-margin ultimate-heading-153169ef58705d7c0 uvc-3666 \" data-hspacer=\"no_spacer\"  data-halign=\"center\" style=\"text-align:center\"><div class=\"uvc-heading-spacer no_spacer\" style=\"top\"><\/div><div class=\"uvc-main-heading ult-responsive\"  data-ultimate-target='.uvc-heading.ultimate-heading-153169ef58705d7c0 h3'  data-responsive-json-new='{\"font-size\":\"desktop:30px;\",\"line-height\":\"\"}' ><h3 style=\"font-weight:normal;color:#000000;\">Membres d&#039;ArtBridges<\/h3><\/div><\/div>[\/vc_column][\/vc_row][vc_row el_class=\u00a0\u00bbpad-sides faqs\u00a0\u00bb css=\u00a0\u00bb.vc_custom_1676652183241{padding-top: 50px !important;}\u00a0\u00bb][vc_column][vc_column_text]Nos membres font la diff\u00e9rence dans le domaine des arts engag\u00e9s par la communaut\u00e9, en enrichissant leurs communaut\u00e9s et les personnes qui y vivent.<\/p>\n<p>Nos listes de membres sont r\u00e9parties entre les individus, les organisations artistiques ou les initiatives artistiques et les agences gouvernementales.<\/p>\n<p>Vous n&rsquo;\u00eates pas encore membre ? Vous souhaitez renouveler votre adh\u00e9sion pour l&rsquo;ann\u00e9e en cours ? D\u00e9couvrez les <a href=\"https:\/\/artbridges.ca\/fr\/bienfaits\/\">avantages<\/a> de devenir <a href=\"https:\/\/artbridges.ca\/fr\/devenir-membre-dartbridges\/\">membre d&rsquo;<\/a> ArtBridges ou <a href=\"https:\/\/artbridges.ca\/contact\/\">contactez-nous<\/a>.<\/p>\n<p>Si vous avez d\u00e9j\u00e0 adh\u00e9r\u00e9, merci de soutenir ArtBridges et le domaine des arts communautaires \u00e0 travers le Canada.[\/vc_column_text][\/vc_column][\/vc_row][vc_row el_class=\u00a0\u00bbpad-sides about-h3&Prime;][vc_column]<div id=\"ultimate-heading-323969ef58705d7fe\" class=\"uvc-heading ult-adjust-bottom-margin ultimate-heading-323969ef58705d7fe uvc-2065 \" data-hspacer=\"no_spacer\"  data-halign=\"left\" style=\"text-align:left\"><div class=\"uvc-heading-spacer no_spacer\" style=\"top\"><\/div><div class=\"uvc-main-heading ult-responsive\"  data-ultimate-target='.uvc-heading.ultimate-heading-323969ef58705d7fe h3'  data-responsive-json-new='{\"font-size\":\"desktop:28px;\",\"line-height\":\"\"}' ><h3 style=\"font-weight:bold;color:#000000;\">MEMBRES DE L&#039;ANN\u00c9E EN COURS (2022)<\/h3><\/div><\/div><div class=\"ult-spacer spacer-69ef58705d822\" data-id=\"69ef58705d822\" data-height=\"30\" data-height-mobile=\"30\" data-height-tab=\"30\" data-height-tab-portrait=\"\" data-height-mobile-landscape=\"\" style=\"clear:both;display:block;\"><\/div>[\/vc_column][\/vc_row][vc_row el_class=\u00a0\u00bbpad-sides memberlist\u00a0\u00bb][vc_column][vc_column_text]<\/p>\n<h4><strong>Individus<\/strong><\/h4>\n<p>&nbsp;<\/p>\n<ul>\n<li>Emmy Pantin (Toronto, ON)<\/li>\n<li>Miranda Bouchard (Desbarats, ON)<\/li>\n<li>Patty Poretta (Toronto, ON)<\/li>\n<li>Sonya Young (Toronto, ON)<\/li>\n<li>Stacey Hare Hodgins (Thunder Bay, ON)<\/li>\n<li>Will Weigler (Victoria, BC)<\/li>\n<\/ul>\n<p>&nbsp;<\/p>\n<h4><strong>Organisations<\/strong><\/h4>\n<p>&nbsp;<\/p>\n<ul>\n<li>ArtHouse pour les enfants et les jeunes (Oakville, ON)<\/li>\n<li>coCreations (Ottawa, ON)<\/li>\n<li>Focus on Nature (Guelph, ON)<\/li>\n<li>Jumblies Theatre (Toronto, ON)<\/li>\n<li>Klondike Institute of Art and Culture (KIAC), Dawson City Arts Society (Dawson, YT)<\/li>\n<li>South Essex Arts Association\/Leamington Arts Centre Leamington, ON)<\/li>\n<li>MU (Montr\u00e9al, QC)<\/li>\n<li>Pointe-Saint-Charles Art School\/\u00c9cole d&rsquo;art Pointe-Saint-Charles (Montr\u00e9al, QC)<\/li>\n<li>Sick Muse Arts Projects (Muse Arts) (Toronto, ON)<\/li>\n<li>Spring Pulse Poetry Festival (Colbalt, ON)<\/li>\n<li>Th\u00e9\u00e2tre Action (Ottawa, ON)<\/li>\n<li>Thinking Rock Community Arts (Desbarats, ON)<\/li>\n<li>Urban Shaman (Winnipeg, MB)<\/li>\n<li>Wonder&rsquo;neath Art Society (Halifax, NS)<\/li>\n<\/ul>\n<p>&nbsp;<\/p>\n<h4><strong>Membres honoraires<\/strong><\/h4>\n<p>&nbsp;<\/p>\n<ul>\n<li>Emel Tabaku (Toronto, ON)<\/li>\n<li>Marie Coderre (Yellowknife, TNO)<\/li>\n<li>Miranda Bouchard (Thessalon, ON)<\/li>\n<\/ul>\n<p>[\/vc_column_text][\/vc_column][\/vc_row][vc_row el_class=\u00a0\u00bbpad-sides faqs\u00a0\u00bb css=\u00a0\u00bb.vc_custom_1676890343078{padding-bottom: 100px !important;}\u00a0\u00bb][vc_column][vc_tta_accordion style=\u00a0\u00bbflat\u00a0\u00bb shape=\u00a0\u00bbsquare\u00a0\u00bb color=\u00a0\u00bbwhite\u00a0\u00bb c_icon=\u00a0\u00bbchevron\u00a0\u00bb c_position=\u00a0\u00bbright\u00a0\u00bb active_section=\u00a0\u00bb-1&Prime; no_fill=\u00a0\u00bbtrue\u00a0\u00bb collapsible_all=\u00a0\u00bbtrue\u00a0\u00bb][vc_tta_section title=\u00a0\u00bb2021 MEMBRES\u00a0\u00bb tab_id=\u00a0\u00bb1676652516112-149330a4-d31c\u00a0\u00bb][vc_column_text]<\/p>\n<h5><strong>Individus<\/strong><\/h5>\n<ul>\n<li>Chris Little (Toronto, ON)<\/li>\n<li>Jane Howard Baker (Toronto, ON)<\/li>\n<li>Joan Chandler (Sheatre) [Kemble, ON]<\/li>\n<li>Louise Hanavan (Wolfville, NS)<\/li>\n<li>Miranda Bouchard (Desbarats, ON)<\/li>\n<li>Patty Poretta (Toronto, ON)<\/li>\n<li>Sonya Young (Toronto, ON)<\/li>\n<li>Stacey Hare Hodgins (Thunder Bay, ON)<\/li>\n<\/ul>\n<p>&nbsp;<\/p>\n<h5><strong>Organisations<\/strong><\/h5>\n<ul>\n<li>Projet \u00ab\u00a0Art for Aid\u00a0\u00bb (Smith Falls, ON)<\/li>\n<li>Cirque Hors Piste (Montr\u00e9al, QC)<\/li>\n<li>Community Arts Guild (Scarborough, ON)<\/li>\n<li>Centre R\u00e9sidentiel et Communautaire Jacques-Cartier (Qu\u00e9bec, QC)<\/li>\n<li>Inner City Angels (Toronto, ON)<\/li>\n<li>Jumblies Theatre (Toronto, ON)<\/li>\n<li>Leamington Arts Centre Leamington, ON)<\/li>\n<li>MU (Montr\u00e9al, QC)<\/li>\n<li>Red Dress Productions (Toronto, ON)<\/li>\n<li>Sarasv\u00e0ti Productions (Winnipeg, MB)<\/li>\n<li>Sick Muse Arts Projects (Muse Arts) (Toronto, ON)<\/li>\n<li>Spring Pulse Poetry Festival (Colbalt, ON)<\/li>\n<li>Th\u00e9\u00e2tre Action (Ottawa, ON)<\/li>\n<li>Thinking Rock Community Arts (Thessalon, ON)<\/li>\n<li>Urban Shaman (Winnipeg, MB)<\/li>\n<li>Wonder&rsquo;neath Art Society (Halifax, NS)<\/li>\n<\/ul>\n<p>&nbsp;<\/p>\n<h5><strong>Membres honoraires<\/strong><\/h5>\n<ul>\n<li>Heather MacDonald (Halifax, NS)<\/li>\n<li>Janet Hinkle (Toronto, ON)<\/li>\n<li>Chad Riley (Leamington, ON)<\/li>\n<\/ul>\n<p>[\/vc_column_text][\/vc_tta_section][vc_tta_section title=\u00a0\u00bb2020 MEMBRES\u00a0\u00bb tab_id=\u00a0\u00bb1676652516124-2a8d40b8-3a83&Prime;][vc_column_text]<\/p>\n<h5><strong>Individus<\/strong><\/h5>\n<ul>\n<li>Chris Little (Toronto, ON)<\/li>\n<li>David Diamond (Vancouver, BC)<\/li>\n<li>Deirdre Potash (Vaudreuil-Dorion, QC)<\/li>\n<li>Marilyn Lajeunesse (Montr\u00e9al, QC)<\/li>\n<li>Miranda Bouchard (Desbarats, ON)<\/li>\n<li>Pamela Schuller (Toronto, ON)<\/li>\n<li>Will Weigler (Victoria, BC)<\/li>\n<li>Sonya Young (Toronto, ON)<\/li>\n<li>Stacey Hare Hodgins (Thunder Bay, ON)<\/li>\n<\/ul>\n<p>&nbsp;<\/p>\n<h5><strong>Organisations<\/strong><\/h5>\n<ul>\n<li>Clay &amp; Paper Theatre (Toronto, ON)<\/li>\n<li>Projets Judith Marcuse, Centre international d&rsquo;art social<\/li>\n<li>Change (West Vancouver, BC)<\/li>\n<li>Jumblies Theatre (Toronto, ON)<\/li>\n<li>Sarasv\u00e0ti Productions (Winnipeg, MB)<\/li>\n<li>Spring Pulse Poetry Festival (Colbalt, ON)<\/li>\n<li>Thinking Rock Community Arts (Thessalon, ON)<\/li>\n<li>Wonder&rsquo;neath Art Society (Halifax, NS)<\/li>\n<\/ul>\n<p>[\/vc_column_text][\/vc_tta_section][vc_tta_section title=\u00a0\u00bbMEMBRES 2019&Prime; tab_id=\u00a0\u00bb1676889789992-ac7fd5dc-35a6&Prime;][vc_column_text]<\/p>\n<h5><strong>Individus<\/strong><\/h5>\n<ul>\n<li>Chris Little (Toronto, ON)<\/li>\n<li>Elizabeth Feld (Toronto, ON)<\/li>\n<li>Johanne Maheux (St-Georges, QC)<\/li>\n<li>Miranda Bouchard (Desbarats, ON)<\/li>\n<li>Pamela Schuller (Toronto, ON)<\/li>\n<li>Patty Porretta (Toronto, ON)<\/li>\n<li>Seanna Connell (Toronto, ON)<\/li>\n<li>Sonya Young (Etobicoke, ON)<\/li>\n<\/ul>\n<p>&nbsp;<\/p>\n<h5><strong>Organisations<\/strong><\/h5>\n<ul>\n<li>Alchemy (Prince Edward County, ON)<\/li>\n<li>Projet \u00ab\u00a0Art for Aid\u00a0\u00bb (Smith Falls, ON)<\/li>\n<li>Boost Business (Toronto, ON)<\/li>\n<li>R\u00e9seau canadien pour les arts et l&rsquo;apprentissage (Kingston, ON)<\/li>\n<li>Centre R\u00e9sidentiel et Communautaire Jacques-Cartier (Qu\u00e9bec, QC)<\/li>\n<li>Clay &amp; Paper Theatre (Toronto, ON)<\/li>\n<li>Community Arts Guild (Scarborough, ON)<\/li>\n<li>Jumblies Theatre (Toronto, ON)<\/li>\n<li>Lakeshore Arts (Etobicoke, ON)<\/li>\n<li>MASC (Ottawa, ON)<\/li>\n<li>MU (Montr\u00e9al, QC)<\/li>\n<li>Routes murales (Toronto, ON)<\/li>\n<li>Sarasv\u00e0ti Productions (Winnipeg, MB)<\/li>\n<li>South Essex Arts Association\/Leamington Arts Centre (Leamington, ON)<\/li>\n<li>Spring Pulse Poetry Festival (Colbalt, ON)<\/li>\n<li>Th\u00e9\u00e2tre Action (Ottawa, ON)<\/li>\n<li>Thinking Rock Community Arts (Thessalon, ON)<\/li>\n<li>Wonder&rsquo;neath Art Society (Halifax, NS)<\/li>\n<\/ul>\n<h5><\/h5>\n<h5><strong>Membres honoraires<\/strong><\/h5>\n<ul>\n<li>Beni Malone (St. Johns, NL)<\/li>\n<li>Jillian Cockburn (Guelph, ON)<\/li>\n<li>Kim Gilker (Vancouver, BC)<\/li>\n<\/ul>\n<p>[\/vc_column_text][\/vc_tta_section][vc_tta_section title=\u00a0\u00bb2018 MEMBRES\u00a0\u00bb tab_id=\u00a0\u00bb1676890120076-34a6a8ce-8d0c\u00a0\u00bb][vc_column_text]<\/p>\n<h5><strong>Individus<\/strong><\/h5>\n<ul>\n<li>Chris Little (Toronto, ON)<\/li>\n<li>Jane Howard Baker (Toronto, ON)<\/li>\n<li>Keira McArthur (Owen Sound, ON)<\/li>\n<li>Louise Hanavan (Halifax, NS)<\/li>\n<li>Marc Pronovost (Laval, QC)<\/li>\n<li>Miranda Bouchard (Desbarats, ON)<\/li>\n<li>Pamela Schuller (Toronto, ON)<\/li>\n<li>Sonya Young (Toronto, ON)<\/li>\n<\/ul>\n<p>&nbsp;<\/p>\n<h5><strong>Organisations<\/strong><\/h5>\n<ul>\n<li>4elements Living Arts (Kagawong, ON)<\/li>\n<li>Alexander Society for Inclusive Arts (Wolfville, NS)<\/li>\n<li>Arts Network Ottawa \/ R\u00e9seau des arts d&rsquo;Ottawa (Ottawa, ON)<\/li>\n<li>ArtBridges\/ToileDesArts (Kate Austin. Canada entier)<\/li>\n<li>ArtHouse pour les enfants et les jeunes (Oakville, ON)<\/li>\n<li>ArtWill Studio (Vaudreuil-Dorion, QC)<\/li>\n<li>DAREarts DAREarts (Palgrave, ON)<\/li>\n<li>Lakeshore Arts (Etobicoke, ON)<\/li>\n<li>MASC (Ottawa, ON)<\/li>\n<li>Mixed Company Theatre (Toronto, ON)<\/li>\n<li>Routes murales (Toronto, ON)<\/li>\n<li>Scarborough Arts (Scarborough, ON)<\/li>\n<li>Soci\u00e9t\u00e9 Elizabeth Fry du Qu\u00e9bec (Montr\u00e9al, QC)<\/li>\n<li>Spring Pulse Poetry Festival (Colbalt, ON)<\/li>\n<li>Street Culture Kidz Project Inc (Regina, SK)<\/li>\n<li>UrbanArts Community Arts Council (Toronto, ON)<\/li>\n<li>VIBE Arts (Toronto, ON)<\/li>\n<li>Wonder&rsquo;neath Art Society (Halifax, NS)<\/li>\n<\/ul>\n<p>&nbsp;<\/p>\n<h5><strong>Membres honoraires<\/strong><\/h5>\n<ul>\n<li>Linda Albright (Port Loring, ON)<\/li>\n<li>Eric Rhys Miller (Sechelt, BC)<\/li>\n<li>Keri Ryan (Toronto, ON)<\/li>\n<\/ul>\n<p>[\/vc_column_text][\/vc_tta_section][vc_tta_section title=\u00a0\u00bbMEMBRES 2017&Prime; tab_id=\u00a0\u00bb1676890229558-3fe2d31f-031e\u00a0\u00bb][vc_column_text]<\/p>\n<h5><strong>Individus<\/strong><\/h5>\n<ul>\n<li>David Brydges (Cobalt, ON)<\/li>\n<li>Louise Hanavan (Halifax, NS)<\/li>\n<li>Olivia Wallace (Brampton, ON)<\/li>\n<li>Miranda Bouchard (Desbarats, ON)<\/li>\n<li>Patty Porretta (Toronto, ON)<\/li>\n<li>Sabine M. Fels (Halifax, NS)<\/li>\n<li>Seanna Connell (Toronto, ON)<\/li>\n<li>Sharon Weintraub (Toronto, ON)<\/li>\n<li>Sonya Young Photography (Etobicoke, ON)<\/li>\n<\/ul>\n<p>&nbsp;<\/p>\n<h5><strong>Organisations<\/strong><\/h5>\n<ul>\n<li>Fondation 4Cs (Halifax, NS)<\/li>\n<li>4elements Living Arts (Kagawong, ON)<\/li>\n<li>All Nations Healin&rsquo; Thru Artz Inc (Regina, SK)<\/li>\n<li>Arts Network Ottawa \/ R\u00e9seau des arts d&rsquo;Ottawa (Ottawa, ON)<\/li>\n<li>Creative Manitoba (Association des industries artistiques et culturelles du Manitoba) (Winnipeg, MB)<\/li>\n<li>Projet Art On the Fence (Wasaga Beach, ON)<\/li>\n<li>ArtWill Studio (Vaudreuil-Dorion, QC)<\/li>\n<li>ATSA (Montr\u00e9al, QC)<\/li>\n<li>Clay &amp; Paper Theatre (Toronto, ON)<\/li>\n<li>DAREarts (Palgrave, ON)<\/li>\n<li>Jumblies Theatre (Toronto, ON)<\/li>\n<li>South Essex Arts Association\/Leamington Arts Centre (Leamington, ON)<\/li>\n<li>MASC (Ottawa, ON)<\/li>\n<li>Mixed Company Theatre (Toronto, ON)<\/li>\n<li>MU (Montr\u00e9al, QC)<\/li>\n<li>Oxy-Jeunes inc. (Montr\u00e9al, QC)<\/li>\n<li>Project Kids &amp; Cameras (Toronto, ON)<\/li>\n<li>Red Dress Productions (Toronto, ON)<\/li>\n<li>Centre de sant\u00e9 communautaire de Regent Park (Toronto, ON)<\/li>\n<li>Regent Park Focus Youth Media (Toronto, ON)<\/li>\n<li>Soci\u00e9t\u00e9 Elizabeth Fry du Qu\u00e9bec (Montr\u00e9al, QC)<\/li>\n<li>Stone Masque (Pamela Schuller. Toronto, ON)<\/li>\n<li>Street Culture Kidz Project Inc (Regina, SK)<\/li>\n<li>Streetrich Hip Hop Society (Burnaby, BC)<\/li>\n<li>Th\u00e9\u00e2tre Action (Ottawa, ON)<\/li>\n<li>Thinking Rock Community Arts (Thessalon, ON)<\/li>\n<li>VIBE Arts (Toronto, ON)<\/li>\n<\/ul>\n<p>&nbsp;<\/p>\n<h5><strong>Membres honoraires<\/strong><\/h5>\n<ul>\n<li>Karen DuBois (Dawson. YT)<\/li>\n<li>Carol Finlay (Winnipeg, MB)<\/li>\n<li>Parul Pandya (Toronto, ON)<\/li>\n<\/ul>\n<p>[\/vc_column_text][\/vc_tta_section][vc_tta_section title=\u00a0\u00bb2016 MEMBRES\u00a0\u00bb tab_id=\u00a0\u00bb1676890232061-7c519f48-eafb\u00a0\u00bb][vc_column_text]<\/p>\n<h5><strong>Individus<\/strong><\/h5>\n<ul>\n<li>Chris Little (Toronto, ON)<\/li>\n<li>David Brydges (Cobalt, ON)<\/li>\n<li>Kat Clarida (Ottawa, ON)<\/li>\n<li>Kathy Smith (London, ON)<\/li>\n<li>Jamie Vinderine (Thornhill, ON)<\/li>\n<li>Patty Porretta (Toronto, ON)<\/li>\n<li>Seanna Connell (Toronto, ON)<\/li>\n<li>Sharon McCoubrey (Lake Country, BC)<\/li>\n<li>Sonya Young (Toronto, ON)<\/li>\n<\/ul>\n<p>&nbsp;<\/p>\n<h5><strong>Organisations<\/strong><\/h5>\n<ul>\n<li>4elements Living Arts (Kagawong, ON)<\/li>\n<li>L&rsquo;Amalgame des arts de la langue fran\u00e7aise et du th\u00e9\u00e2tre (Cornwall, ON)<\/li>\n<li>Arts &amp; Cultural Industries Association of Manitoba (Winnipeg, MB) ATSA (Montr\u00e9al, QC)<\/li>\n<li>DAREarts (Ontario)<\/li>\n<li>Holland Bloorview Kids Rehabilitation Hospital (Toronto, ON)<\/li>\n<li>Jumblies Theatre (Toronto, ON) Lakeshore Arts (Etobicoke, ON)<\/li>\n<li>London Creative Age Network (Vieillissement cr\u00e9atif au Canada) (London, ON)<\/li>\n<li>MU (Montr\u00e9al, QC)<\/li>\n<li>Nina Haggerty Centre for the Arts (Edmonton, AB)<\/li>\n<li>South Essex Arts Association\/Leamington Arts Centre (Leamington, ON)<\/li>\n<li>Street Culture Kidz Project Inc (Regina, SK)<\/li>\n<li>Urban Shaman Inc. (Winnipeg, MB)<\/li>\n<li>VIBE Arts (Toronto, ON)<\/li>\n<\/ul>\n<p>&nbsp;<\/p>\n<h5><strong>Membres honoraires<\/strong><\/h5>\n<ul>\n<li>Ella Cooper (Toronto, ON)<\/li>\n<li>Rachel Chainey (Montr\u00e9al, QC)<\/li>\n<li>Ryan Veltmeyer (Halifax, NS)<\/li>\n<\/ul>\n<p>[\/vc_column_text][\/vc_tta_section][vc_tta_section title=\u00a0\u00bbMEMBRES 2015&Prime; tab_id=\u00a0\u00bb1676890445238-2fd2e57a-68d7&Prime;][vc_column_text]<\/p>\n<h5><strong>Individus<\/strong><\/h5>\n<ul>\n<li>Allison Parker (Vancouver, BC)<\/li>\n<li>Aylan Couchie (North Bay, ON)<\/li>\n<li>Chris Little (Toronto, ON)<\/li>\n<li>Jeanette Luchese (Innisfil, ON)<\/li>\n<li>Judith Marcuse (Burnaby, BC)<\/li>\n<li>Kat Clarida (Ottawa, ON)<\/li>\n<li>Patty Porretta (Toronto, ON)<\/li>\n<li>Seanna Connell (Toronto, ON)<\/li>\n<li>Sharon McCoubrey (Lake Country, BC)<\/li>\n<li>Sonya Young Photography (Toronto, ON)<\/li>\n<\/ul>\n<p>&nbsp;<\/p>\n<h5><strong>Organisations<\/strong><\/h5>\n<ul>\n<li>Alexander Society for Inclusive Arts (Wolfville, NS)<\/li>\n<li>L&rsquo;Amalgame des arts de la langue fran\u00e7aise et du th\u00e9\u00e2tre (Cornwall, ON)<\/li>\n<li>Centre d&rsquo;art communautaire ArtHeart (Toronto, ON)<\/li>\n<li>Ruches d&rsquo;art (Montr\u00e9al, QC)<\/li>\n<li>Association des arts et des industries culturelles du Manitoba (Winnipeg, MB)<\/li>\n<li>Arts Express (Halifax, NS)<\/li>\n<li>ATSA (Montr\u00e9al, QC)<\/li>\n<li>Art Space Essex (Essex, ON)<\/li>\n<li>Clay &amp; Paper Theatre (Toronto, ON)<\/li>\n<li>Common Weal Community Arts Inc. (Regina et Prince Albert, SK)<\/li>\n<li>Conseil des arts communautaires de Vancouver (Vancouver, BC)<\/li>\n<li>DAREarts (Ontario)<\/li>\n<li>Folklore Music and Arts (Toronto, ON)<\/li>\n<li>Jumblies Theatre (Toronto, ON)<\/li>\n<li>Lakeshore Arts (Etobicoke, ON)<\/li>\n<li>MU (Montr\u00e9al, QC)<\/li>\n<li>Soci\u00e9t\u00e9 Elizabeth Fry du Qu\u00e9bec (Montr\u00e9al, QC)<\/li>\n<li>South Essex Arts Association\/Leamington Arts Centre (Leamington, ON)<\/li>\n<li>Street Culture Kidz Project Inc (Regina, SK)<\/li>\n<li>L&rsquo;initiative STEPS (Toronto, ON)<\/li>\n<li>VIBE Arts (Toronto, ON)<\/li>\n<li>VibraFusionLab (London, ON)<\/li>\n<\/ul>\n<p>&nbsp;<\/p>\n<h5><strong>Membres honoraires<\/strong><\/h5>\n<ul>\n<li>Linda Albright (Port Loring, ON)<\/li>\n<li>Diana Joy (Surrey, BC)<\/li>\n<li>Terri Whetstone (Halifax, NS)<\/li>\n<\/ul>\n<p>[\/vc_column_text][\/vc_tta_section][vc_tta_section title=\u00a0\u00bb2013- 2014 MEMBRES FONDATEURS\u00a0\u00bb tab_id=\u00a0\u00bb1676890527357-2e6c9a11-d336&Prime;][vc_column_text]<\/p>\n<h5><strong>Individus<\/strong><\/h5>\n<ul>\n<li>Seanna Connell (Toronto, ON)<\/li>\n<li>H\u00e9l\u00e8ne A. Daigle (Saint-Joseph de Madawaska, NB)<\/li>\n<li>Christina Halliday (Toronto, ON)<\/li>\n<li>Jacinthe Laforte (Qu\u00e9bec, QC)<\/li>\n<li>Chris Little (Oakville, ON)<\/li>\n<li>Judith Marcuse (Burnaby, BC)<\/li>\n<li>Sharon McCoubrey (Lake Country, BC)<\/li>\n<li>Patty Porretta (Toronto, ON)<\/li>\n<li>Laurel Tien (Surrey, BC)<\/li>\n<li>Sonya Young Photography (Toronto, ON)<\/li>\n<\/ul>\n<p>&nbsp;<\/p>\n<h5><strong>Organisations<\/strong><\/h5>\n<ul>\n<li>Conseil des arts autochtones de l&rsquo;Alberta (Smoky Lake, Alberta)<\/li>\n<li>Alexander Society for Inclusive Arts (Wolfville, NS)<\/li>\n<li>All Nations Healin&rsquo; Thru Artz Inc (Regina, SK)<\/li>\n<li>L&rsquo;Amalgame des arts de la langue fran\u00e7aise et du th\u00e9\u00e2tre (Cornwall, ON)<\/li>\n<li>Centre d&rsquo;art communautaire ArtHeart (Toronto, ON)<\/li>\n<li>Ruches d&rsquo;art (Montr\u00e9al, QC)<\/li>\n<li>Art Starts (Toronto, ON)<\/li>\n<li>Association des arts et des industries culturelles du Manitoba (Winnipeg, MB)<\/li>\n<li>Arts Express (Halifax, NS)<\/li>\n<li>ATSA (Montr\u00e9al, ON)<\/li>\n<li>Bureau des regroupements des artistes visuels de l&rsquo;Ontario &#8211; BRAVO (Ottawa, ON)<\/li>\n<li>Clay &amp; Paper Theatre (Toronto, ON)<\/li>\n<li>Common Weal Community Arts Inc. (Regina et Prince Albert, SK)<\/li>\n<li>DAREarts (Ontario)<\/li>\n<li>Folklore Music and Arts (Toronto, ON)<\/li>\n<li>ICI par les arts (Saint-J\u00e9r\u00f4me, QC)<\/li>\n<li>Jumblies Theatre (Toronto, ON)<\/li>\n<li>Lakeshore Arts (Etobicoke, ON)<\/li>\n<li>Mindful Arts (North York, ON)<\/li>\n<li>MU (Montr\u00e9al, QC)<\/li>\n<li>Street Culture Kidz Project Inc (Regina, SK)<\/li>\n<li>L&rsquo;initiative STEPS (Toronto, ON)<\/li>\n<li>UrbanArts Toronto (Toronto, ON)<\/li>\n<li>VIBE Arts (Toronto, ON)<\/li>\n<li>VibraFusionLab (London, ON)<\/li>\n<\/ul>\n<p>[\/vc_column_text][\/vc_tta_section][\/vc_tta_accordion][\/vc_column][\/vc_row]<\/p>\n<\/div>","protected":false},"excerpt":{"rendered":"<p>[vc_row bg_type=\u00a0\u00bbimage\u00a0\u00bb parallax_style=\u00a0\u00bbvcpb-default\u00a0\u00bb bg_image_new=\u00a0\u00bbid^3718|url^https:\/\/artbridges.ca\/wp-content\/uploads\/2023\/04\/New-Banner-02.jpg|caption^null|alt^null|title^New-Banner-02|description^null\u00a0\u00bb bg_image_repeat=\u00a0\u00bbno-repeat\u00a0\u00bb el_class=\u00a0\u00bbpad-sides\u00a0\u00bb][vc_column][\/vc_column][\/vc_row][vc_row el_class=\u00a0\u00bbpad-sides about-h3&Prime; css=\u00a0\u00bb.vc_custom_1676553592142{padding-top: 50px !important;}\u00a0\u00bb][vc_column][\/vc_column][\/vc_row][vc_row el_class=\u00a0\u00bbpad-sides faqs\u00a0\u00bb css=\u00a0\u00bb.vc_custom_1676652183241{padding-top: 50px !important;}\u00a0\u00bb][vc_column][vc_column_text]Nos membres font la diff\u00e9rence dans le domaine des arts engag\u00e9s par la communaut\u00e9, en enrichissant leurs communaut\u00e9s et les personnes qui y vivent. Nos listes de membres sont r\u00e9parties entre les individus, les organisations<\/p>\n<p><a class=\"sd-more sd-all-trans\" href=\"https:\/\/artbridges.ca\/fr\/membres-dartbridges\/#more-27784\">Read More<\/a><\/p>\n","protected":false},"author":1,"featured_media":0,"parent":0,"menu_order":0,"comment_status":"closed","ping_status":"closed","template":"full-width-page.php","meta":{"footnotes":""},"class_list":["post-27784","page","type-page","status-publish","hentry"],"_links":{"self":[{"href":"https:\/\/artbridges.ca\/fr\/wp-json\/wp\/v2\/pages\/27784","targetHints":{"allow":["GET"]}}],"collection":[{"href":"https:\/\/artbridges.ca\/fr\/wp-json\/wp\/v2\/pages"}],"about":[{"href":"https:\/\/artbridges.ca\/fr\/wp-json\/wp\/v2\/types\/page"}],"author":[{"embeddable":true,"href":"https:\/\/artbridges.ca\/fr\/wp-json\/wp\/v2\/users\/1"}],"replies":[{"embeddable":true,"href":"https:\/\/artbridges.ca\/fr\/wp-json\/wp\/v2\/comments?post=27784"}],"version-history":[{"count":2,"href":"https:\/\/artbridges.ca\/fr\/wp-json\/wp\/v2\/pages\/27784\/revisions"}],"predecessor-version":[{"id":27786,"href":"https:\/\/artbridges.ca\/fr\/wp-json\/wp\/v2\/pages\/27784\/revisions\/27786"}],"wp:attachment":[{"href":"https:\/\/artbridges.ca\/fr\/wp-json\/wp\/v2\/media?parent=27784"}],"curies":[{"name":"wp","href":"https:\/\/api.w.org\/{rel}","templated":true}]}}