{"id":27787,"date":"2023-02-15T07:11:26","date_gmt":"2023-02-15T12:11:26","guid":{"rendered":"https:\/\/artbridges.ca\/benevole\/"},"modified":"2023-07-25T13:59:31","modified_gmt":"2023-07-25T17:59:31","slug":"benevole","status":"publish","type":"page","link":"https:\/\/artbridges.ca\/fr\/benevole\/","title":{"rendered":"B\u00e9n\u00e9vole"},"content":{"rendered":"<div class=\"wpb-content-wrapper\"><p>[vc_row bg_type=\u00a0\u00bbimage\u00a0\u00bb parallax_style=\u00a0\u00bbvcpb-default\u00a0\u00bb bg_image_new=\u00a0\u00bbid^3718|url^https:\/\/artbridges.ca\/wp-content\/uploads\/2023\/04\/New-Banner-02.jpg|caption^null|alt^null|title^New-Banner-02|description^null\u00a0\u00bb bg_image_repeat=\u00a0\u00bbno-repeat\u00a0\u00bb el_class=\u00a0\u00bbpad-sides\u00a0\u00bb][vc_column]<div class=\"ult-spacer spacer-69ef1fe3ea23f\" data-id=\"69ef1fe3ea23f\" data-height=\"110\" data-height-mobile=\"50\" data-height-tab=\"\" data-height-tab-portrait=\"\" data-height-mobile-landscape=\"\" style=\"clear:both;display:block;\"><\/div><div id=\"ultimate-heading-420369ef1fe3ea29d\" class=\"uvc-heading ult-adjust-bottom-margin ultimate-heading-420369ef1fe3ea29d uvc-3595 \" data-hspacer=\"no_spacer\"  data-halign=\"left\" style=\"text-align:left\"><div class=\"uvc-heading-spacer no_spacer\" style=\"top\"><\/div><div class=\"uvc-sub-heading ult-responsive\"  data-ultimate-target='.uvc-heading.ultimate-heading-420369ef1fe3ea29d .uvc-sub-heading '  data-responsive-json-new='{\"font-size\":\"desktop:18px;\",\"line-height\":\"desktop:18px;\"}'  style=\"font-family:&#039;Montserrat&#039;;font-weight:700;\"><\/p>\n<p class=\"sd-text-bg-white\">B\u00c9N\u00c9VOLAT<\/p>\n<p><\/div><\/div><div class=\"ult-spacer spacer-69ef1fe3ea2da\" data-id=\"69ef1fe3ea2da\" data-height=\"110\" data-height-mobile=\"50\" data-height-tab=\"\" data-height-tab-portrait=\"\" data-height-mobile-landscape=\"\" style=\"clear:both;display:block;\"><\/div>[\/vc_column][\/vc_row][vc_row el_class=\u00a0\u00bbpad-sides about-h3 volunteer\u00a0\u00bb css=\u00a0\u00bb.vc_custom_1676465434118{padding-top: 50px !important;}\u00a0\u00bb][vc_column width=\u00a0\u00bb1\/2&Prime;]<div id=\"ultimate-heading-446769ef1fe3ea30d\" class=\"uvc-heading ult-adjust-bottom-margin ultimate-heading-446769ef1fe3ea30d uvc-2512 \" data-hspacer=\"no_spacer\"  data-halign=\"center\" style=\"text-align:center\"><div class=\"uvc-heading-spacer no_spacer\" style=\"top\"><\/div><div class=\"uvc-main-heading ult-responsive\"  data-ultimate-target='.uvc-heading.ultimate-heading-446769ef1fe3ea30d h3'  data-responsive-json-new='{\"font-size\":\"desktop:34px;\",\"line-height\":\"\"}' ><h3 style=\"font-weight:normal;color:#000000;\">Faire la diff\u00e9rence<br \/>\nLes arts engag\u00e9s par la communaut\u00e9<\/h3><\/div><\/div><div class=\"ult-spacer spacer-69ef1fe3ea3e3\" data-id=\"69ef1fe3ea3e3\" data-height=\"30\" data-height-mobile=\"30\" data-height-tab=\"30\" data-height-tab-portrait=\"\" data-height-mobile-landscape=\"\" style=\"clear:both;display:block;\"><\/div>[vc_column_text]B\u00e9n\u00e9vole au bureau d&rsquo;ArtBridges\/ToileDesArts \u00e0 Toronto<\/p>\n<p>Effectuer un stage, des heures de travail d&rsquo;int\u00e9r\u00eat g\u00e9n\u00e9ral, un stage \u00e9tudiant ou des heures de b\u00e9n\u00e9volat, ou simplement faire du b\u00e9n\u00e9volat.<\/p>\n<p>&nbsp;<\/p>\n<p>Nous essaierons d&rsquo;adapter votre participation \u00e0 vos int\u00e9r\u00eats, \u00e0 vos capacit\u00e9s et \u00e0 vos talents. Les possibilit\u00e9s de b\u00e9n\u00e9volat au bureau sont les suivantes<\/p>\n<ol>\n<li>Connexion avec des initiatives artistiques communautaires \u00e0 travers le Canada (par t\u00e9l\u00e9phone et par courrier \u00e9lectronique). Invitez des personnes \u00e0 partager les mises \u00e0 jour de leurs initiatives artistiques communautaires sur notre <a href=\"https:\/\/artbridges.ca\/fr\/blog\/\">blog communautaire<\/a> et\/ou \u00e0 rejoindre notre <a href=\"https:\/\/artbridges.ca\/fr\/repertoire-de-profils-et-carte-des-arts-communautaires-au-canada\/\">r\u00e9pertoire de profils et notre carte<\/a>.<\/li>\n<li>Soutenir le nouveau projet d&rsquo;ArtBridges\/ToileDesArts.<\/li>\n<li>Cr\u00e9er des discussions, des commentaires et un engagement sur la <a href=\"https:\/\/www.facebook.com\/artbridgestoiledesarts\">page Facebook<\/a> et <a href=\"https:\/\/twitter.com\/artbridges\">Twitter<\/a> d&rsquo;ArtBridges\/ToileDesArts. Nous avons besoin de vous pour nous aider \u00e0 mobiliser les amateurs d&rsquo;art engag\u00e9s dans la communaut\u00e9 \u00e0 travers le Canada.<\/li>\n<\/ol>\n<p><strong>Venez avec vos propres id\u00e9es et votre propre vision. Ensemble, nous pourrions d\u00e9velopper une nouvelle initiative. <\/strong>[\/vc_column_text][\/vc_column][vc_column width=\u00a0\u00bb1\/2&Prime;][\/vc_column][\/vc_row][vc_row el_class=\u00a0\u00bbpad-sides about-h3&Prime; css=\u00a0\u00bb.vc_custom_1676465409302{padding-top: 50px !important;padding-bottom: 50px !important;}\u00a0\u00bb][vc_column]<div id=\"ultimate-heading-132869ef1fe3ea408\" class=\"uvc-heading ult-adjust-bottom-margin ultimate-heading-132869ef1fe3ea408 uvc-2109 \" data-hspacer=\"no_spacer\"  data-halign=\"center\" style=\"text-align:center\"><div class=\"uvc-heading-spacer no_spacer\" style=\"top\"><\/div><div class=\"uvc-main-heading ult-responsive\"  data-ultimate-target='.uvc-heading.ultimate-heading-132869ef1fe3ea408 h3'  data-responsive-json-new='{\"font-size\":\"desktop:34px;\",\"line-height\":\"\"}' ><h3 style=\"font-weight:normal;color:#000000;\">Faire du b\u00e9n\u00e9volat dans votre communaut\u00e9<\/h3><\/div><\/div><div class=\"ult-spacer spacer-69ef1fe3ea440\" data-id=\"69ef1fe3ea440\" data-height=\"30\" data-height-mobile=\"30\" data-height-tab=\"30\" data-height-tab-portrait=\"\" data-height-mobile-landscape=\"\" style=\"clear:both;display:block;\"><\/div>[vc_row_inner][vc_column_inner width=\u00a0\u00bb1\/6&Prime;][\/vc_column_inner][vc_column_inner width=\u00a0\u00bb2\/3&Prime;][vc_column_text]Soyez un repr\u00e9sentant r\u00e9gional pour ArtBridges\/ToileDesArts&rsquo;.<\/p>\n<p>Devenez un repr\u00e9sentant r\u00e9gional, un \u00ab\u00a0ArtBridger\u00a0\u00bb dans votre communaut\u00e9. Avez-vous de l&rsquo;exp\u00e9rience dans le domaine des initiatives artistiques communautaires ? Consid\u00e9rez-vous qu&rsquo;il est utile de mettre les gens en contact pour partager des informations, des ressources et de l&rsquo;inspiration ? Proposez votre exp\u00e9rience et votre expertise. <a href=\"https:\/\/artbridges.ca\/contact\/\">Contactez-nous ici<\/a> pour en savoir plus et commencer \u00e0 travailler !<\/p>\n<p>Participer b\u00e9n\u00e9volement \u00e0 une initiative artistique communautaire dans votre propre communaut\u00e9<\/p>\n<p><a href=\"https:\/\/artbridges.ca\/fr\/repertoire-de-profils-et-carte-des-arts-communautaires-au-canada\/\">Trouvez une initiative artistique engag\u00e9e dans<\/a> votre communaut\u00e9.<\/p>\n<p>Vous ne trouvez pas une initiative artistique sur la carte ? <a href=\"https:\/\/artbridges.ca\/contact\/\">Contactez-nous<\/a> et nous vous aiderons.<br \/>\nIl se peut que nous n&rsquo;en ayons pas encore entendu parler ou qu&rsquo;il n&rsquo;y ait pas d&rsquo;initiative artistique communautaire dans votre r\u00e9gion.[\/vc_column_text][\/vc_column_inner][vc_column_inner width=\u00a0\u00bb1\/6&Prime;][\/vc_column_inner][\/vc_row_inner][\/vc_column][\/vc_row]<\/p>\n<\/div>","protected":false},"excerpt":{"rendered":"<p>[vc_row bg_type=\u00a0\u00bbimage\u00a0\u00bb parallax_style=\u00a0\u00bbvcpb-default\u00a0\u00bb bg_image_new=\u00a0\u00bbid^3718|url^https:\/\/artbridges.ca\/wp-content\/uploads\/2023\/04\/New-Banner-02.jpg|caption^null|alt^null|title^New-Banner-02|description^null\u00a0\u00bb bg_image_repeat=\u00a0\u00bbno-repeat\u00a0\u00bb el_class=\u00a0\u00bbpad-sides\u00a0\u00bb][vc_column][\/vc_column][\/vc_row][vc_row el_class=\u00a0\u00bbpad-sides about-h3 volunteer\u00a0\u00bb css=\u00a0\u00bb.vc_custom_1676465434118{padding-top: 50px !important;}\u00a0\u00bb][vc_column width=\u00a0\u00bb1\/2&Prime;][vc_column_text]B\u00e9n\u00e9vole au bureau d&rsquo;ArtBridges\/ToileDesArts \u00e0 Toronto Effectuer un stage, des heures de travail d&rsquo;int\u00e9r\u00eat g\u00e9n\u00e9ral, un stage \u00e9tudiant ou des heures de b\u00e9n\u00e9volat, ou simplement faire du b\u00e9n\u00e9volat. &nbsp; Nous essaierons d&rsquo;adapter votre participation \u00e0 vos int\u00e9r\u00eats, \u00e0<\/p>\n<p><a class=\"sd-more sd-all-trans\" href=\"https:\/\/artbridges.ca\/fr\/benevole\/#more-27787\">Read More<\/a><\/p>\n","protected":false},"author":1,"featured_media":0,"parent":0,"menu_order":0,"comment_status":"closed","ping_status":"closed","template":"full-width-page.php","meta":{"footnotes":""},"class_list":["post-27787","page","type-page","status-publish","hentry"],"_links":{"self":[{"href":"https:\/\/artbridges.ca\/fr\/wp-json\/wp\/v2\/pages\/27787","targetHints":{"allow":["GET"]}}],"collection":[{"href":"https:\/\/artbridges.ca\/fr\/wp-json\/wp\/v2\/pages"}],"about":[{"href":"https:\/\/artbridges.ca\/fr\/wp-json\/wp\/v2\/types\/page"}],"author":[{"embeddable":true,"href":"https:\/\/artbridges.ca\/fr\/wp-json\/wp\/v2\/users\/1"}],"replies":[{"embeddable":true,"href":"https:\/\/artbridges.ca\/fr\/wp-json\/wp\/v2\/comments?post=27787"}],"version-history":[{"count":3,"href":"https:\/\/artbridges.ca\/fr\/wp-json\/wp\/v2\/pages\/27787\/revisions"}],"predecessor-version":[{"id":28058,"href":"https:\/\/artbridges.ca\/fr\/wp-json\/wp\/v2\/pages\/27787\/revisions\/28058"}],"wp:attachment":[{"href":"https:\/\/artbridges.ca\/fr\/wp-json\/wp\/v2\/media?parent=27787"}],"curies":[{"name":"wp","href":"https:\/\/api.w.org\/{rel}","templated":true}]}}