{"id":27790,"date":"2023-02-15T10:39:17","date_gmt":"2023-02-15T15:39:17","guid":{"rendered":"https:\/\/artbridges.ca\/collaborer\/"},"modified":"2023-07-26T14:16:43","modified_gmt":"2023-07-26T18:16:43","slug":"collaborer","status":"publish","type":"page","link":"https:\/\/artbridges.ca\/fr\/collaborer\/","title":{"rendered":"Collaborer"},"content":{"rendered":"<div class=\"wpb-content-wrapper\"><p>[vc_row bg_type=\u00a0\u00bbimage\u00a0\u00bb parallax_style=\u00a0\u00bbvcpb-default\u00a0\u00bb bg_image_new=\u00a0\u00bbid^3718|url^https:\/\/artbridges.ca\/wp-content\/uploads\/2023\/04\/New-Banner-02.jpg|caption^null|alt^null|title^New-Banner-02|description^null\u00a0\u00bb bg_image_repeat=\u00a0\u00bbno-repeat\u00a0\u00bb el_class=\u00a0\u00bbpad-sides\u00a0\u00bb][vc_column]<div class=\"ult-spacer spacer-69ef1ffd95f64\" data-id=\"69ef1ffd95f64\" data-height=\"110\" data-height-mobile=\"50\" data-height-tab=\"\" data-height-tab-portrait=\"\" data-height-mobile-landscape=\"\" style=\"clear:both;display:block;\"><\/div><div id=\"ultimate-heading-594169ef1ffd95fbc\" class=\"uvc-heading ult-adjust-bottom-margin ultimate-heading-594169ef1ffd95fbc uvc-5975 \" data-hspacer=\"no_spacer\"  data-halign=\"left\" style=\"text-align:left\"><div class=\"uvc-heading-spacer no_spacer\" style=\"top\"><\/div><div class=\"uvc-sub-heading ult-responsive\"  data-ultimate-target='.uvc-heading.ultimate-heading-594169ef1ffd95fbc .uvc-sub-heading '  data-responsive-json-new='{\"font-size\":\"desktop:18px;\",\"line-height\":\"desktop:18px;\"}'  style=\"font-family:&#039;Montserrat&#039;;font-weight:700;\"><\/p>\n<p class=\"sd-text-bg-white\">COLLABORER<\/p>\n<p><\/div><\/div><div class=\"ult-spacer spacer-69ef1ffd95ff1\" data-id=\"69ef1ffd95ff1\" data-height=\"110\" data-height-mobile=\"50\" data-height-tab=\"\" data-height-tab-portrait=\"\" data-height-mobile-landscape=\"\" style=\"clear:both;display:block;\"><\/div>[\/vc_column][\/vc_row][vc_row el_class=\u00a0\u00bbpad-sides about-h3&Prime; css=\u00a0\u00bb.vc_custom_1676476053185{padding-top: 50px !important;}\u00a0\u00bb][vc_column]<div id=\"ultimate-heading-970969ef1ffd96016\" class=\"uvc-heading ult-adjust-bottom-margin ultimate-heading-970969ef1ffd96016 uvc-2998 \" data-hspacer=\"no_spacer\"  data-halign=\"center\" style=\"text-align:center\"><div class=\"uvc-heading-spacer no_spacer\" style=\"top\"><\/div><div class=\"uvc-main-heading ult-responsive\"  data-ultimate-target='.uvc-heading.ultimate-heading-970969ef1ffd96016 h3'  data-responsive-json-new='{\"font-size\":\"desktop:34px;\",\"line-height\":\"\"}' ><h3 style=\"font-weight:normal;color:#000000;\">Collaborer avec d'autres organismes communautaires<br \/>\nInitiatives artistiques<\/h3><\/div><\/div><div class=\"ult-spacer spacer-69ef1ffd960cc\" data-id=\"69ef1ffd960cc\" data-height=\"30\" data-height-mobile=\"30\" data-height-tab=\"30\" data-height-tab-portrait=\"\" data-height-mobile-landscape=\"\" style=\"clear:both;display:block;\"><\/div>[\/vc_column][\/vc_row][vc_row el_class=\u00a0\u00bbpad-sides\u00a0\u00bb][vc_column width=\u00a0\u00bb1\/2&Prime;][vc_column_text]<strong>Pourquoi collaborer avec d&rsquo;autres initiatives artistiques communautaires au Canada ? Vous allez<\/strong><\/p>\n<ul>\n<li>Contribuer \u00e0 la cr\u00e9ation d&rsquo;une communaut\u00e9 pancanadienne de passionn\u00e9s des arts au service du changement social<\/li>\n<li>Se laisser inspirer par d&rsquo;autres personnes dans d&rsquo;autres villes, provinces ou territoires<\/li>\n<li>D\u00e9couvrir de nouvelles id\u00e9es, les enseignements tir\u00e9s, les raisons du succ\u00e8s, la mani\u00e8re dont d&rsquo;autres ont surmont\u00e9 les difficult\u00e9s et les pratiques prometteuses.<\/li>\n<li><a href=\"https:\/\/artbridges.ca\/fr\/apprentissage-et-ressources\/\">Partager des ressources<\/a>, telles que des studios, des politiques, des formulaires, des proc\u00e9dures, des bo\u00eetes \u00e0 outils, etc.<\/li>\n<li>Mettre en commun les forces et les talents et proposer des projets cr\u00e9atifs plus solides et plus rentables.<\/li>\n<li>Se mettre en relation avec des initiatives \u00e9tablies afin de tirer parti de leur exp\u00e9rience et de leurs pratiques r\u00e9ussies<\/li>\n<li>Apprendre de nouvelles approches et tendances dans les pratiques artistiques engag\u00e9es par la communaut\u00e9<\/li>\n<li>Capitaliser sur la croyance que \u00ab\u00a0l&rsquo;union fait la force\u00a0\u00bb et que \u00ab\u00a0deux t\u00eates valent mieux qu&rsquo;une\u00a0\u00bb<\/li>\n<\/ul>\n<p>&nbsp;<\/p>\n<p><strong>ArtBridges\/ToileDesArts peut vous mettre en contact avec des initiatives artistiques communautaires \u00e0 travers le Canada. <a href=\"https:\/\/artbridges.ca\/fr\/connectez-vous-avec-artbridges-toiledesarts\/\">Contactez-nous<\/a> pour commencer \u00e0 \u00e9tablir ces liens !<\/strong>[\/vc_column_text][\/vc_column][vc_column width=\u00a0\u00bb1\/2&Prime;][vc_column_text]<strong>Fa\u00e7ons de collaborer :<\/strong><\/p>\n<ul>\n<li>En tant qu&rsquo;initiative artistique communautaire naissante, vous devez vous rapprocher d&rsquo;une initiative \u00e9tablie similaire \u00e0 la v\u00f4tre.<\/li>\n<li>Devenez le mentor d&rsquo;une nouvelle initiative artistique communautaire et partagez votre expertise et votre mat\u00e9riel.<\/li>\n<li>Cr\u00e9er un \u00e9v\u00e9nement, une exposition d&rsquo;art ou une performance multidisciplinaire avec d&rsquo;autres initiatives artistiques engag\u00e9es par la communaut\u00e9.<\/li>\n<li>Partager un studio avec une autre initiative artistique communautaire et prendre en charge les frais de location.<\/li>\n<li>Cr\u00e9er une communaut\u00e9 \u00ab\u00a0jumelle\u00a0\u00bb avec une autre initiative artistique communautaire dans une province ou un territoire diff\u00e9rent afin de partager des id\u00e9es, des probl\u00e8mes et des conseils mutuels.<\/li>\n<\/ul>\n<p>[\/vc_column_text][\/vc_column][\/vc_row][vc_row el_class=\u00a0\u00bbpad-sides about-h3&Prime; css=\u00a0\u00bb.vc_custom_1676476361246{padding-top: 50px !important;padding-bottom: 50px !important;}\u00a0\u00bb][vc_column]<div id=\"ultimate-heading-678169ef1ffd960e7\" class=\"uvc-heading ult-adjust-bottom-margin ultimate-heading-678169ef1ffd960e7 uvc-484 \" data-hspacer=\"no_spacer\"  data-halign=\"center\" style=\"text-align:center\"><div class=\"uvc-heading-spacer no_spacer\" style=\"top\"><\/div><div class=\"uvc-main-heading ult-responsive\"  data-ultimate-target='.uvc-heading.ultimate-heading-678169ef1ffd960e7 h3'  data-responsive-json-new='{\"font-size\":\"desktop:34px;\",\"line-height\":\"\"}' ><h3 style=\"font-weight:normal;color:#000000;\">La collaboration en action<\/h3><\/div><\/div><div class=\"ult-spacer spacer-69ef1ffd9610e\" data-id=\"69ef1ffd9610e\" data-height=\"30\" data-height-mobile=\"30\" data-height-tab=\"30\" data-height-tab-portrait=\"\" data-height-mobile-landscape=\"\" style=\"clear:both;display:block;\"><\/div>[vc_row_inner el_class=\u00a0\u00bbcollaborate\u00a0\u00bb][vc_column_inner width=\u00a0\u00bb1\/6&Prime;][\/vc_column_inner][vc_column_inner width=\u00a0\u00bb2\/3&Prime;][\/vc_column_inner][vc_column_inner width=\u00a0\u00bb1\/6&Prime;][\/vc_column_inner][\/vc_row_inner][\/vc_column][\/vc_row]<\/p>\n<\/div>","protected":false},"excerpt":{"rendered":"<p>[vc_row bg_type=\u00a0\u00bbimage\u00a0\u00bb parallax_style=\u00a0\u00bbvcpb-default\u00a0\u00bb bg_image_new=\u00a0\u00bbid^3718|url^https:\/\/artbridges.ca\/wp-content\/uploads\/2023\/04\/New-Banner-02.jpg|caption^null|alt^null|title^New-Banner-02|description^null\u00a0\u00bb bg_image_repeat=\u00a0\u00bbno-repeat\u00a0\u00bb el_class=\u00a0\u00bbpad-sides\u00a0\u00bb][vc_column][\/vc_column][\/vc_row][vc_row el_class=\u00a0\u00bbpad-sides about-h3&Prime; css=\u00a0\u00bb.vc_custom_1676476053185{padding-top: 50px !important;}\u00a0\u00bb][vc_column][\/vc_column][\/vc_row][vc_row el_class=\u00a0\u00bbpad-sides\u00a0\u00bb][vc_column width=\u00a0\u00bb1\/2&Prime;][vc_column_text]Pourquoi collaborer avec d&rsquo;autres initiatives artistiques communautaires au Canada ? Vous allez Contribuer \u00e0 la cr\u00e9ation d&rsquo;une communaut\u00e9 pancanadienne de passionn\u00e9s des arts au service du changement social Se laisser inspirer par d&rsquo;autres personnes dans d&rsquo;autres villes, provinces<\/p>\n<p><a class=\"sd-more sd-all-trans\" href=\"https:\/\/artbridges.ca\/fr\/collaborer\/#more-27790\">Read More<\/a><\/p>\n","protected":false},"author":1,"featured_media":0,"parent":0,"menu_order":0,"comment_status":"closed","ping_status":"closed","template":"full-width-page.php","meta":{"footnotes":""},"class_list":["post-27790","page","type-page","status-publish","hentry"],"_links":{"self":[{"href":"https:\/\/artbridges.ca\/fr\/wp-json\/wp\/v2\/pages\/27790","targetHints":{"allow":["GET"]}}],"collection":[{"href":"https:\/\/artbridges.ca\/fr\/wp-json\/wp\/v2\/pages"}],"about":[{"href":"https:\/\/artbridges.ca\/fr\/wp-json\/wp\/v2\/types\/page"}],"author":[{"embeddable":true,"href":"https:\/\/artbridges.ca\/fr\/wp-json\/wp\/v2\/users\/1"}],"replies":[{"embeddable":true,"href":"https:\/\/artbridges.ca\/fr\/wp-json\/wp\/v2\/comments?post=27790"}],"version-history":[{"count":5,"href":"https:\/\/artbridges.ca\/fr\/wp-json\/wp\/v2\/pages\/27790\/revisions"}],"predecessor-version":[{"id":28095,"href":"https:\/\/artbridges.ca\/fr\/wp-json\/wp\/v2\/pages\/27790\/revisions\/28095"}],"wp:attachment":[{"href":"https:\/\/artbridges.ca\/fr\/wp-json\/wp\/v2\/media?parent=27790"}],"curies":[{"name":"wp","href":"https:\/\/api.w.org\/{rel}","templated":true}]}}