{"id":27793,"date":"2023-02-15T10:53:27","date_gmt":"2023-02-15T15:53:27","guid":{"rendered":"https:\/\/artbridges.ca\/donner\/"},"modified":"2023-07-25T13:36:52","modified_gmt":"2023-07-25T17:36:52","slug":"donner","status":"publish","type":"page","link":"https:\/\/artbridges.ca\/fr\/donner\/","title":{"rendered":"DONNER"},"content":{"rendered":"<div class=\"wpb-content-wrapper\"><p>[vc_row bg_type=\u00a0\u00bbimage\u00a0\u00bb parallax_style=\u00a0\u00bbvcpb-default\u00a0\u00bb bg_image_new=\u00a0\u00bbid^3718|url^https:\/\/artbridges.ca\/wp-content\/uploads\/2023\/04\/New-Banner-02.jpg|caption^null|alt^null|title^New-Banner-02|description^null\u00a0\u00bb bg_image_repeat=\u00a0\u00bbno-repeat\u00a0\u00bb el_class=\u00a0\u00bbpad-sides\u00a0\u00bb][vc_column]<div class=\"ult-spacer spacer-69ef2280b89d8\" data-id=\"69ef2280b89d8\" data-height=\"110\" data-height-mobile=\"50\" data-height-tab=\"\" data-height-tab-portrait=\"\" data-height-mobile-landscape=\"\" style=\"clear:both;display:block;\"><\/div><div id=\"ultimate-heading-792869ef2280b8a33\" class=\"uvc-heading ult-adjust-bottom-margin ultimate-heading-792869ef2280b8a33 uvc-6364 \" data-hspacer=\"no_spacer\"  data-halign=\"left\" style=\"text-align:left\"><div class=\"uvc-heading-spacer no_spacer\" style=\"top\"><\/div><div class=\"uvc-sub-heading ult-responsive\"  data-ultimate-target='.uvc-heading.ultimate-heading-792869ef2280b8a33 .uvc-sub-heading '  data-responsive-json-new='{\"font-size\":\"desktop:18px;\",\"line-height\":\"desktop:18px;\"}'  style=\"font-family:&#039;Montserrat&#039;;font-weight:700;\"><\/p>\n<p class=\"sd-text-bg-white\">DONNER<\/p>\n<p><\/div><\/div><div class=\"ult-spacer spacer-69ef2280b8a70\" data-id=\"69ef2280b8a70\" data-height=\"110\" data-height-mobile=\"50\" data-height-tab=\"\" data-height-tab-portrait=\"\" data-height-mobile-landscape=\"\" style=\"clear:both;display:block;\"><\/div>[\/vc_column][\/vc_row][vc_row el_class=\u00a0\u00bbpad-sides about-h3&Prime; css=\u00a0\u00bb.vc_custom_1676476936141{padding-top: 50px !important;}\u00a0\u00bb][vc_column]<div id=\"ultimate-heading-830469ef2280b8a94\" class=\"uvc-heading ult-adjust-bottom-margin ultimate-heading-830469ef2280b8a94 uvc-5432 \" data-hspacer=\"no_spacer\"  data-halign=\"center\" style=\"text-align:center\"><div class=\"uvc-heading-spacer no_spacer\" style=\"top\"><\/div><div class=\"uvc-main-heading ult-responsive\"  data-ultimate-target='.uvc-heading.ultimate-heading-830469ef2280b8a94 h3'  data-responsive-json-new='{\"font-size\":\"desktop:34px;\",\"line-height\":\"\"}' ><h3 style=\"font-weight:normal;color:#000000;\">Participez \u00e0 ArtBridges\/ToileDesArts en<br \/>\nDon ou parrainage<\/h3><\/div><\/div><div class=\"ult-spacer spacer-69ef2280b8b2b\" data-id=\"69ef2280b8b2b\" data-height=\"30\" data-height-mobile=\"30\" data-height-tab=\"30\" data-height-tab-portrait=\"\" data-height-mobile-landscape=\"\" style=\"clear:both;display:block;\"><\/div>[\/vc_column][\/vc_row][vc_row el_class=\u00a0\u00bbpad-sides red-back-head\u00a0\u00bb css=\u00a0\u00bb.vc_custom_1676478486518{padding-top: 50px !important;padding-bottom: 100px !important;}\u00a0\u00bb][vc_column width=\u00a0\u00bb7\/12&Prime;][vc_column_text]<\/p>\n<h4 class=\"donation-h4\">Vous pouvez participer au travail important d&rsquo;ArtBridges\/ToileDesArts en faisant un <a href=\"https:\/\/artbridges.ca\/donate_donate\/\">don<\/a> ou en <a href=\"https:\/\/artbridges.ca\/donate_sponsorship\/\">parrainant<\/a> un \u00e9l\u00e9ment du site web d&rsquo;ArtBridges\/ToileDesArts.<\/h4>\n<p>Les dons permettent de soutenir le travail d&rsquo;ArtBridges tout au long de l&rsquo;ann\u00e9e !<\/p>\n<p>En tant que donateur, vous serez un partenaire essentiel du travail important d&rsquo;ArtBridges en nous aidant \u00e0 sensibiliser les gens, \u00e0 les mettre en contact avec des initiatives d&rsquo;art communautaire, \u00e0 rassembler et \u00e0 partager des ressources, et \u00e0 mettre en lumi\u00e8re ce qui se passe dans la pratique et sur le terrain.<\/p>\n<p>ArtBridges est une plaque tournante et un forum de connexion pour toute personne int\u00e9ress\u00e9e ou active dans les arts engag\u00e9s par la communaut\u00e9 et les arts pour le changement social au Canada.<\/p>\n<p>&nbsp;<\/p>\n<p><strong>En faisant un don g\u00e9n\u00e9reux aujourd&rsquo;hui, vous vous associez au travail important d&rsquo;ArtBridges.<\/strong><\/p>\n<p>L&rsquo;art est un vecteur de d\u00e9veloppement communautaire sain. La cr\u00e9ation artistique, la cr\u00e9ativit\u00e9 et l&rsquo;expression artistique rassemblent les enfants, les jeunes et les adultes dans des studios communautaires qui allient loisirs, \u00e9ducation, d\u00e9veloppement des comp\u00e9tences de vie, d\u00e9veloppement \u00e9conomique et leadership. Les avantages pour tous sont les suivants : des quartiers plus s\u00fbrs et plus vivants, une meilleure sant\u00e9 mentale et physique, une plus grande r\u00e9ussite dans l&rsquo;\u00e9ducation et l&#8217;emploi, l&rsquo;engagement de la communaut\u00e9 et la revitalisation des quartiers.<\/p>\n<p><strong>Merci de croire en ce travail ! Nous ne pourrions pas faire tout cela sans vous !<\/strong>[\/vc_column_text][\/vc_column][vc_column width=\u00a0\u00bb5\/12&Prime;]<span id=\"creative-link-wrap-6738\" class=\"ult_main_cl ult-adjust-bottom-margin cstm-link-anchor \" >\n\t \t\t\t<span class=\"  ult_crlink\" >\n\t\t\t\t\t<a  data-ultimate-target='#creative-link-wrap-6738 .ult_colorlink'  data-responsive-json-new='{\"font-size\":\"\",\"line-height\":\"\"}'  href=\"https:\/\/artbridges.ca\/donate_donate\/\" title=\"link here\"  class=\"ult_colorlink ult-responsive \" style=\"font-weight:normal; \"  data-textcolor=\"#333333\" data-texthover=\"#333333\"data-style=\"\">\n\t\t\t\t\t\t\n\t\t\t\t\t\t<span data-hover=\"lien ici\" style=\"color:#333333;;;\" class=\"ult_btn10_span   \">lien ici<\/span>\n\t\t\t\t\t\t\n\t\t\t\t\t<\/a>\n\t\t\t\t<\/span>\n\t\t\t<\/span><div id=\"ultimate-heading-424169ef2280b8cca\" class=\"uvc-heading ult-adjust-bottom-margin ultimate-heading-424169ef2280b8cca uvc-6056 red-back-main-head\" data-hspacer=\"image_only\"  data-halign=\"left\" style=\"text-align:left\"><div class=\"uvc-heading-spacer image_only\" style=\"top\"><img decoding=\"async\" src=\"https:\/\/artbridges.ca\/wp-content\/uploads\/2023\/02\/Layer-17.png\" class=\"ultimate-headings-icon-image\" alt=\"null\" style=\"width:48px\"\/><\/div><div class=\"uvc-sub-heading ult-responsive\"  data-ultimate-target='.uvc-heading.ultimate-heading-424169ef2280b8cca .uvc-sub-heading '  data-responsive-json-new='{\"font-size\":\"\",\"line-height\":\"\"}'  style=\"font-weight:normal;\"><a href=\"https:\/\/artbridges.ca\/donate_donate\/\">DONER MAINTENANT<\/a><\/div><\/div><div id=\"ultimate-heading-705169ef2280b8cf2\" class=\"uvc-heading ult-adjust-bottom-margin ultimate-heading-705169ef2280b8cf2 uvc-7863 red-back-sub-head donation\" data-hspacer=\"no_spacer\"  data-halign=\"left\" style=\"text-align:left\"><div class=\"uvc-heading-spacer no_spacer\" style=\"top\"><\/div><div class=\"uvc-sub-heading ult-responsive\"  data-ultimate-target='.uvc-heading.ultimate-heading-705169ef2280b8cf2 .uvc-sub-heading '  data-responsive-json-new='{\"font-size\":\"\",\"line-height\":\"\"}'  style=\"font-weight:normal;\">Chaque don a un impact consid\u00e9rable. En donnant g\u00e9n\u00e9reusement, vous vous associez au travail important d&rsquo;ArtBridges\/ToileDesArts. Votre contribution permettra d&rsquo;encourager les arts communautaires \u00e0 travers le Canada, en particulier dans les communaut\u00e9s d\u00e9favoris\u00e9es et mal desservies.<\/div><\/div><div class=\"ult-spacer spacer-69ef2280b8d0a\" data-id=\"69ef2280b8d0a\" data-height=\"30\" data-height-mobile=\"30\" data-height-tab=\"30\" data-height-tab-portrait=\"\" data-height-mobile-landscape=\"\" style=\"clear:both;display:block;\"><\/div><span id=\"creative-link-wrap-5263\" class=\"ult_main_cl ult-adjust-bottom-margin cstm-link-anchor \" >\n\t \t\t\t<span class=\"  ult_crlink\" >\n\t\t\t\t\t<a  data-ultimate-target='#creative-link-wrap-5263 .ult_colorlink'  data-responsive-json-new='{\"font-size\":\"\",\"line-height\":\"\"}'  href=\"https:\/\/artbridges.ca\/donate_sponsorship\/\" title=\"link here\" target=\"_blank\" rel=\"noopener\"  class=\"ult_colorlink ult-responsive \" style=\"font-weight:normal; \"  data-textcolor=\"#333333\" data-texthover=\"#333333\"data-style=\"\">\n\t\t\t\t\t\t\n\t\t\t\t\t\t<span data-hover=\"lien ici\" style=\"color:#333333;;;\" class=\"ult_btn10_span   \">lien ici<\/span>\n\t\t\t\t\t\t\n\t\t\t\t\t<\/a>\n\t\t\t\t<\/span>\n\t\t\t<\/span><div id=\"ultimate-heading-610969ef2280b8d6e\" class=\"uvc-heading ult-adjust-bottom-margin ultimate-heading-610969ef2280b8d6e uvc-4016 red-back-main-head\" data-hspacer=\"image_only\"  data-halign=\"left\" style=\"text-align:left\"><div class=\"uvc-heading-spacer image_only\" style=\"top\"><img decoding=\"async\" src=\"https:\/\/artbridges.ca\/wp-content\/uploads\/2023\/02\/Layer-17.png\" class=\"ultimate-headings-icon-image\" alt=\"null\" style=\"width:48px\"\/><\/div><div class=\"uvc-sub-heading ult-responsive\"  data-ultimate-target='.uvc-heading.ultimate-heading-610969ef2280b8d6e .uvc-sub-heading '  data-responsive-json-new='{\"font-size\":\"\",\"line-height\":\"\"}'  style=\"font-weight:normal;\"><a href=\"https:\/\/artbridges.ca\/donate_sponsorship\/\">PARRAIN<\/a><\/div><\/div><div id=\"ultimate-heading-909669ef2280b8d8d\" class=\"uvc-heading ult-adjust-bottom-margin ultimate-heading-909669ef2280b8d8d uvc-4933 red-back-sub-head donation\" data-hspacer=\"no_spacer\"  data-halign=\"left\" style=\"text-align:left\"><div class=\"uvc-heading-spacer no_spacer\" style=\"top\"><\/div><div class=\"uvc-sub-heading ult-responsive\"  data-ultimate-target='.uvc-heading.ultimate-heading-909669ef2280b8d8d .uvc-sub-heading '  data-responsive-json-new='{\"font-size\":\"\",\"line-height\":\"\"}'  style=\"font-weight:normal;\">En devenant sponsor, vous devenez partenaire du travail important d&rsquo;ArtBridges\/ToileDesArts. Il existe plusieurs possibilit\u00e9s de parrainage pour soutenir les activit\u00e9s d&rsquo;ArtBridges\/ToileDesArts et pour mettre en relation votre organisation, votre entreprise, votre programme ou votre \u00e9v\u00e9nement avec nous.<\/p>\n<p>&nbsp;<\/p>\n<p>Pour plus d&rsquo;informations sur le parrainage, <a href=\"https:\/\/artbridges.ca\/fr\/connectez-vous-avec-artbridges-toiledesarts\/\">contactez-nous<\/a>.<\/div><\/div>[\/vc_column][\/vc_row]<\/p>\n<\/div>","protected":false},"excerpt":{"rendered":"<p>[vc_row bg_type=\u00a0\u00bbimage\u00a0\u00bb parallax_style=\u00a0\u00bbvcpb-default\u00a0\u00bb bg_image_new=\u00a0\u00bbid^3718|url^https:\/\/artbridges.ca\/wp-content\/uploads\/2023\/04\/New-Banner-02.jpg|caption^null|alt^null|title^New-Banner-02|description^null\u00a0\u00bb bg_image_repeat=\u00a0\u00bbno-repeat\u00a0\u00bb el_class=\u00a0\u00bbpad-sides\u00a0\u00bb][vc_column][\/vc_column][\/vc_row][vc_row el_class=\u00a0\u00bbpad-sides about-h3&Prime; css=\u00a0\u00bb.vc_custom_1676476936141{padding-top: 50px !important;}\u00a0\u00bb][vc_column][\/vc_column][\/vc_row][vc_row el_class=\u00a0\u00bbpad-sides red-back-head\u00a0\u00bb css=\u00a0\u00bb.vc_custom_1676478486518{padding-top: 50px !important;padding-bottom: 100px !important;}\u00a0\u00bb][vc_column width=\u00a0\u00bb7\/12&Prime;][vc_column_text] Vous pouvez participer au travail important d&rsquo;ArtBridges\/ToileDesArts en faisant un don ou en parrainant un \u00e9l\u00e9ment du site web d&rsquo;ArtBridges\/ToileDesArts. Les dons permettent de soutenir le travail d&rsquo;ArtBridges tout au long<\/p>\n<p><a class=\"sd-more sd-all-trans\" href=\"https:\/\/artbridges.ca\/fr\/donner\/#more-27793\">Read More<\/a><\/p>\n","protected":false},"author":1,"featured_media":0,"parent":0,"menu_order":0,"comment_status":"closed","ping_status":"closed","template":"full-width-page.php","meta":{"footnotes":""},"class_list":["post-27793","page","type-page","status-publish","hentry"],"_links":{"self":[{"href":"https:\/\/artbridges.ca\/fr\/wp-json\/wp\/v2\/pages\/27793","targetHints":{"allow":["GET"]}}],"collection":[{"href":"https:\/\/artbridges.ca\/fr\/wp-json\/wp\/v2\/pages"}],"about":[{"href":"https:\/\/artbridges.ca\/fr\/wp-json\/wp\/v2\/types\/page"}],"author":[{"embeddable":true,"href":"https:\/\/artbridges.ca\/fr\/wp-json\/wp\/v2\/users\/1"}],"replies":[{"embeddable":true,"href":"https:\/\/artbridges.ca\/fr\/wp-json\/wp\/v2\/comments?post=27793"}],"version-history":[{"count":3,"href":"https:\/\/artbridges.ca\/fr\/wp-json\/wp\/v2\/pages\/27793\/revisions"}],"predecessor-version":[{"id":28048,"href":"https:\/\/artbridges.ca\/fr\/wp-json\/wp\/v2\/pages\/27793\/revisions\/28048"}],"wp:attachment":[{"href":"https:\/\/artbridges.ca\/fr\/wp-json\/wp\/v2\/media?parent=27793"}],"curies":[{"name":"wp","href":"https:\/\/api.w.org\/{rel}","templated":true}]}}