{"id":27796,"date":"2023-02-15T11:29:30","date_gmt":"2023-02-15T16:29:30","guid":{"rendered":"https:\/\/artbridges.ca\/donner-dans-artbox\/"},"modified":"2023-07-01T06:36:03","modified_gmt":"2023-07-01T10:36:03","slug":"donner-dans-artbox","status":"publish","type":"page","link":"https:\/\/artbridges.ca\/fr\/donner-dans-artbox\/","title":{"rendered":"Donner dans ArtBox"},"content":{"rendered":"<div class=\"wpb-content-wrapper\"><p>[vc_row bg_type=\u00a0\u00bbimage\u00a0\u00bb parallax_style=\u00a0\u00bbvcpb-default\u00a0\u00bb bg_image_new=\u00a0\u00bbid^3718|url^https:\/\/artbridges.ca\/wp-content\/uploads\/2023\/04\/New-Banner-02.jpg|caption^null|alt^null|title^New-Banner-02|description^null\u00a0\u00bb bg_image_repeat=\u00a0\u00bbno-repeat\u00a0\u00bb el_class=\u00a0\u00bbpad-sides\u00a0\u00bb][vc_column]<div class=\"ult-spacer spacer-69ef224671932\" data-id=\"69ef224671932\" data-height=\"110\" data-height-mobile=\"50\" data-height-tab=\"\" data-height-tab-portrait=\"\" data-height-mobile-landscape=\"\" style=\"clear:both;display:block;\"><\/div><div id=\"ultimate-heading-470469ef2246719c2\" class=\"uvc-heading ult-adjust-bottom-margin ultimate-heading-470469ef2246719c2 uvc-498 \" data-hspacer=\"no_spacer\"  data-halign=\"left\" style=\"text-align:left\"><div class=\"uvc-heading-spacer no_spacer\" style=\"top\"><\/div><div class=\"uvc-sub-heading ult-responsive\"  data-ultimate-target='.uvc-heading.ultimate-heading-470469ef2246719c2 .uvc-sub-heading '  data-responsive-json-new='{\"font-size\":\"desktop:18px;\",\"line-height\":\"desktop:18px;\"}'  style=\"font-family:&#039;Montserrat&#039;;font-weight:700;\"><\/p>\n<p class=\"sd-text-bg-white\">DONNEZ DANS ARTBOX<\/p>\n<p><\/div><\/div><div class=\"ult-spacer spacer-69ef224671a12\" data-id=\"69ef224671a12\" data-height=\"110\" data-height-mobile=\"50\" data-height-tab=\"\" data-height-tab-portrait=\"\" data-height-mobile-landscape=\"\" style=\"clear:both;display:block;\"><\/div>[\/vc_column][\/vc_row][vc_row el_class=\u00a0\u00bbpad-sides about-h3 artbox-ul\u00a0\u00bb css=\u00a0\u00bb.vc_custom_1676544024489{padding-top: 50px !important;padding-bottom: 50px !important;}\u00a0\u00bb][vc_column]<div id=\"ultimate-heading-602169ef224671a38\" class=\"uvc-heading ult-adjust-bottom-margin ultimate-heading-602169ef224671a38 uvc-7303 \" data-hspacer=\"no_spacer\"  data-halign=\"center\" style=\"text-align:center\"><div class=\"uvc-heading-spacer no_spacer\" style=\"top\"><\/div><div class=\"uvc-main-heading ult-responsive\"  data-ultimate-target='.uvc-heading.ultimate-heading-602169ef224671a38 h3'  data-responsive-json-new='{\"font-size\":\"desktop:34px;\",\"line-height\":\"\"}' ><h3 style=\"font-weight:normal;color:#000000;\">Participez ! DONNEZ DANS ARTBOX<\/h3><\/div><\/div><div class=\"ult-spacer spacer-69ef224671a83\" data-id=\"69ef224671a83\" data-height=\"30\" data-height-mobile=\"30\" data-height-tab=\"30\" data-height-tab-portrait=\"\" data-height-mobile-landscape=\"\" style=\"clear:both;display:block;\"><\/div>[vc_column_text]Nous aimerions vous aider \u00e0 envoyer des bo\u00eetes de fournitures artistiques \u00e0 des personnes qui pourraient en avoir besoin &#8211; des personnes qui ont un acc\u00e8s limit\u00e9 ou inexistant \u00e0 des fournitures artistiques dans des communaut\u00e9s au Canada en raison de contraintes financi\u00e8res ou de l&rsquo;\u00e9loignement de la communaut\u00e9. Vous pouvez collecter des contributions pour une ArtBox par le biais de :<\/p>\n<ul>\n<li>Collecte de fournitures artistiques dans les salles de classe et les bureaux<\/li>\n<li>F\u00eates de fin d&rsquo;ann\u00e9e<\/li>\n<li>Bo\u00eetes de dons sur le lieu de travail<\/li>\n<\/ul>\n<p>ArtBridges\/ToileDesArts&rsquo; proposera ou facilitera la mise en relation avec les communaut\u00e9s qui ont besoin d&rsquo;ArtBox. Nous vous mettrons directement en contact avec des initiatives artistiques communautaires afin que vous puissiez prendre des dispositions pour livrer l&rsquo;ArtBox.<\/p>\n<p>Voici quelques id\u00e9es de d\u00e9part pour des ArtBox destin\u00e9s \u00e0 des initiatives artistiques communautaires dans des communaut\u00e9s isol\u00e9es, mal desservies et manquant de ressources.<\/p>\n<ul>\n<li>Pour les jeunes : un sharpie et un carnet de croquis peuvent \u00eatre un exutoire pour la cr\u00e9ativit\u00e9, l&rsquo;expression personnelle et l&rsquo;exploration.<\/li>\n<li>Pour les enfants : un kit de bricolage, des peintures, des crayons de couleur ou du papier peuvent faire na\u00eetre des artistes en herbe.<\/li>\n<li>Pour les personnes qui fr\u00e9quentent les centres d&rsquo;accueil ou les refuges, les fournitures artistiques peuvent constituer un r\u00e9pit par rapport aux difficult\u00e9s de la vie et une occasion de pratiquer ensemble une activit\u00e9 cr\u00e9ative, r\u00e9cr\u00e9ative et officieusement th\u00e9rapeutique.<\/li>\n<\/ul>\n<p>&nbsp;<\/p>\n<p>Pour commencer ou pour plus d&rsquo;informations, <a href=\"mailto:info@artbridges.ca\">envoyez-nous un courriel<\/a>.[\/vc_column_text]<div class=\"ult-spacer spacer-69ef224671a9d\" data-id=\"69ef224671a9d\" data-height=\"30\" data-height-mobile=\"30\" data-height-tab=\"30\" data-height-tab-portrait=\"\" data-height-mobile-landscape=\"\" style=\"clear:both;display:block;\"><\/div><div id=\"ultimate-heading-692769ef224671ac7\" class=\"uvc-heading ult-adjust-bottom-margin ultimate-heading-692769ef224671ac7 uvc-7176 \" data-hspacer=\"no_spacer\"  data-halign=\"left\" style=\"text-align:left\"><div class=\"uvc-heading-spacer no_spacer\" style=\"top\"><\/div><div class=\"uvc-main-heading ult-responsive\"  data-ultimate-target='.uvc-heading.ultimate-heading-692769ef224671ac7 h3'  data-responsive-json-new='{\"font-size\":\"desktop:34px;\",\"line-height\":\"\"}' ><h3 style=\"font-weight:normal;color:#000000;\">Une histoire d&#039;ArtBox pour vous inspirer<\/h3><\/div><\/div><div class=\"ult-spacer spacer-69ef224671afb\" data-id=\"69ef224671afb\" data-height=\"30\" data-height-mobile=\"30\" data-height-tab=\"30\" data-height-tab-portrait=\"\" data-height-mobile-landscape=\"\" style=\"clear:both;display:block;\"><\/div>[vc_column_text]<\/p>\n<blockquote><p>En novembre 2012, ArtBridges\/ToileDesArts a aid\u00e9 Southern Youth in Motion, un projet du Mamow Sha-way-gi-kay-win : North South Partnership for Children, en lui donnant des conseils sur la sollicitation de fournitures artistiques pour les jeunes des communaut\u00e9s \u00e9loign\u00e9es du nord de l&rsquo;Ontario. &#8230; \u00ab\u00a0Nous ne pourrions \u00eatre plus heureux de notre relation avec ArtBridges\/ToileDesArts&rsquo; et nous sommes tr\u00e8s reconnaissants \u00e0 Seanna et Cora-Rae qui se sont vraiment surpass\u00e9es pour soutenir notre campagne et en particulier nos jeunes dans le Nord\u00a0\u00bb.<\/p><\/blockquote>\n<p>&nbsp;<\/p>\n<p>Miigwetch, Lauren Akbar, coordinatrice de l&rsquo;engagement des jeunes[\/vc_column_text][\/vc_column][\/vc_row]<\/p>\n<\/div>","protected":false},"excerpt":{"rendered":"<p>[vc_row bg_type=\u00a0\u00bbimage\u00a0\u00bb parallax_style=\u00a0\u00bbvcpb-default\u00a0\u00bb bg_image_new=\u00a0\u00bbid^3718|url^https:\/\/artbridges.ca\/wp-content\/uploads\/2023\/04\/New-Banner-02.jpg|caption^null|alt^null|title^New-Banner-02|description^null\u00a0\u00bb bg_image_repeat=\u00a0\u00bbno-repeat\u00a0\u00bb el_class=\u00a0\u00bbpad-sides\u00a0\u00bb][vc_column][\/vc_column][\/vc_row][vc_row el_class=\u00a0\u00bbpad-sides about-h3 artbox-ul\u00a0\u00bb css=\u00a0\u00bb.vc_custom_1676544024489{padding-top: 50px !important;padding-bottom: 50px !important;}\u00a0\u00bb][vc_column][vc_column_text]Nous aimerions vous aider \u00e0 envoyer des bo\u00eetes de fournitures artistiques \u00e0 des personnes qui pourraient en avoir besoin &#8211; des personnes qui ont un acc\u00e8s limit\u00e9 ou inexistant \u00e0 des fournitures artistiques dans des communaut\u00e9s au<\/p>\n<p><a class=\"sd-more sd-all-trans\" href=\"https:\/\/artbridges.ca\/fr\/donner-dans-artbox\/#more-27796\">Read More<\/a><\/p>\n","protected":false},"author":1,"featured_media":0,"parent":0,"menu_order":0,"comment_status":"closed","ping_status":"closed","template":"full-width-page.php","meta":{"footnotes":""},"class_list":["post-27796","page","type-page","status-publish","hentry"],"_links":{"self":[{"href":"https:\/\/artbridges.ca\/fr\/wp-json\/wp\/v2\/pages\/27796","targetHints":{"allow":["GET"]}}],"collection":[{"href":"https:\/\/artbridges.ca\/fr\/wp-json\/wp\/v2\/pages"}],"about":[{"href":"https:\/\/artbridges.ca\/fr\/wp-json\/wp\/v2\/types\/page"}],"author":[{"embeddable":true,"href":"https:\/\/artbridges.ca\/fr\/wp-json\/wp\/v2\/users\/1"}],"replies":[{"embeddable":true,"href":"https:\/\/artbridges.ca\/fr\/wp-json\/wp\/v2\/comments?post=27796"}],"version-history":[{"count":2,"href":"https:\/\/artbridges.ca\/fr\/wp-json\/wp\/v2\/pages\/27796\/revisions"}],"predecessor-version":[{"id":27798,"href":"https:\/\/artbridges.ca\/fr\/wp-json\/wp\/v2\/pages\/27796\/revisions\/27798"}],"wp:attachment":[{"href":"https:\/\/artbridges.ca\/fr\/wp-json\/wp\/v2\/media?parent=27796"}],"curies":[{"name":"wp","href":"https:\/\/api.w.org\/{rel}","templated":true}]}}