{"id":27799,"date":"2023-02-14T07:25:54","date_gmt":"2023-02-14T12:25:54","guid":{"rendered":"https:\/\/artbridges.ca\/etre-implique\/"},"modified":"2023-07-01T06:40:10","modified_gmt":"2023-07-01T10:40:10","slug":"etre-implique","status":"publish","type":"page","link":"https:\/\/artbridges.ca\/fr\/etre-implique\/","title":{"rendered":"\u00catre impliqu\u00e9"},"content":{"rendered":"<div class=\"wpb-content-wrapper\"><p>[vc_row centered=\u00a0\u00bbyes\u00a0\u00bb bg_type=\u00a0\u00bbimage\u00a0\u00bb parallax_style=\u00a0\u00bbvcpb-default\u00a0\u00bb bg_image_new=\u00a0\u00bbid^3718|url^https:\/\/artbridges.ca\/wp-content\/uploads\/2023\/04\/New-Banner-02.jpg|caption^null|alt^null|title^New-Banner-02|description^null\u00a0\u00bb bg_image_repeat=\u00a0\u00bbno-repeat\u00a0\u00bb][vc_column]<div class=\"ult-spacer spacer-69ef37e77af36\" data-id=\"69ef37e77af36\" data-height=\"110\" data-height-mobile=\"50\" data-height-tab=\"\" data-height-tab-portrait=\"\" data-height-mobile-landscape=\"\" style=\"clear:both;display:block;\"><\/div><div id=\"ultimate-heading-431669ef37e77af99\" class=\"uvc-heading ult-adjust-bottom-margin ultimate-heading-431669ef37e77af99 uvc-8218 \" data-hspacer=\"no_spacer\"  data-halign=\"left\" style=\"text-align:left\"><div class=\"uvc-heading-spacer no_spacer\" style=\"top\"><\/div><div class=\"uvc-sub-heading ult-responsive\"  data-ultimate-target='.uvc-heading.ultimate-heading-431669ef37e77af99 .uvc-sub-heading '  data-responsive-json-new='{\"font-size\":\"desktop:18px;\",\"line-height\":\"desktop:18px;\"}'  style=\"font-family:&#039;Montserrat&#039;;font-weight:700;\"><\/p>\n<p class=\"sd-text-bg-white\">\u00caTRE IMPLIQU\u00c9<\/p>\n<p><\/div><\/div><div class=\"ult-spacer spacer-69ef37e77afd2\" data-id=\"69ef37e77afd2\" data-height=\"110\" data-height-mobile=\"50\" data-height-tab=\"\" data-height-tab-portrait=\"\" data-height-mobile-landscape=\"\" style=\"clear:both;display:block;\"><\/div>[\/vc_column][\/vc_row][vc_row el_class=\u00a0\u00bbpad-sides about-h3&Prime; css=\u00a0\u00bb.vc_custom_1676038691512{padding-top: 50px !important;padding-bottom: 30px !important;}\u00a0\u00bb][vc_column]<div id=\"ultimate-heading-181569ef37e77afec\" class=\"uvc-heading ult-adjust-bottom-margin ultimate-heading-181569ef37e77afec uvc-7364 \" data-hspacer=\"no_spacer\"  data-halign=\"center\" style=\"text-align:center\"><div class=\"uvc-heading-spacer no_spacer\" style=\"top\"><\/div><div class=\"uvc-main-heading ult-responsive\"  data-ultimate-target='.uvc-heading.ultimate-heading-181569ef37e77afec h3'  data-responsive-json-new='{\"font-size\":\"desktop:34px;\",\"line-height\":\"\"}' ><h3 style=\"font-weight:normal;color:#000000;\">Comment s&#039;impliquer avec ArtBridges\/ToileDesArts<\/h3><\/div><\/div><div class=\"ult-spacer spacer-69ef37e77b033\" data-id=\"69ef37e77b033\" data-height=\"30\" data-height-mobile=\"30\" data-height-tab=\"30\" data-height-tab-portrait=\"\" data-height-mobile-landscape=\"\" style=\"clear:both;display:block;\"><\/div>[vc_row_inner][vc_column_inner width=\u00a0\u00bb1\/4&Prime;][\/vc_column_inner][vc_column_inner width=\u00a0\u00bb1\/2&Prime;][vc_column_text]Cette section vous aidera \u00e0 trouver des moyens de vous impliquer dans ArtBridges\/ToileDesArts et\/ou dans une initiative artistique communautaire au Canada.[\/vc_column_text][\/vc_column_inner][vc_column_inner width=\u00a0\u00bb1\/4&Prime;][\/vc_column_inner][\/vc_row_inner][\/vc_column][\/vc_row][vc_row el_class=\u00a0\u00bbpad-sides about-h3&Prime;][vc_column]<div id=\"ultimate-heading-681369ef37e77b04c\" class=\"uvc-heading ult-adjust-bottom-margin ultimate-heading-681369ef37e77b04c uvc-2334 mar-bot-30\" data-hspacer=\"no_spacer\"  data-halign=\"left\" style=\"text-align:left\"><div class=\"uvc-heading-spacer no_spacer\" style=\"top\"><\/div><div class=\"uvc-main-heading ult-responsive\"  data-ultimate-target='.uvc-heading.ultimate-heading-681369ef37e77b04c h3'  data-responsive-json-new='{\"font-size\":\"desktop:28px;\",\"line-height\":\"\"}' ><h3 style=\"font-weight:normal;color:#000000;\">Ce que fait ArtBridges\/ToileDesArts<\/h3><\/div><\/div><div class=\"ult-spacer spacer-69ef37e77b06f\" data-id=\"69ef37e77b06f\" data-height=\"30\" data-height-mobile=\"30\" data-height-tab=\"30\" data-height-tab-portrait=\"\" data-height-mobile-landscape=\"\" style=\"clear:both;display:block;\"><\/div>[\/vc_column][\/vc_row][vc_row content_placement=\u00a0\u00bbmiddle\u00a0\u00bb el_class=\u00a0\u00bbpad-sides icon-row\u00a0\u00bb css=\u00a0\u00bb.vc_custom_1676041061112{padding-bottom: 50px !important;}\u00a0\u00bb][vc_column width=\u00a0\u00bb1\/2&Prime;][vc_row_inner content_placement=\u00a0\u00bbmiddle\u00a0\u00bb][vc_column_inner width=\u00a0\u00bb1\/6&Prime;][vc_single_image image=\u00a0\u00bb27548&Prime; img_size=\u00a0\u00bbfull\u00a0\u00bb][\/vc_column_inner][vc_column_inner width=\u00a0\u00bb5\/6&Prime;][vc_column_text]Informer le public sur les arts engag\u00e9s par la communaut\u00e9 et sur les avantages des arts pour le changement social au Canada.[\/vc_column_text][\/vc_column_inner][\/vc_row_inner][vc_row_inner content_placement=\u00a0\u00bbmiddle\u00a0\u00bb][vc_column_inner width=\u00a0\u00bb1\/6&Prime;][vc_single_image image=\u00a0\u00bb27550&Prime; img_size=\u00a0\u00bbfull\u00a0\u00bb][\/vc_column_inner][vc_column_inner width=\u00a0\u00bb5\/6&Prime;][vc_column_text]Fournit un centre gratuit, \u00e0 l&rsquo;\u00e9chelle du Canada, pour les initiatives artistiques engag\u00e9es par la communaut\u00e9[\/vc_column_text][\/vc_column_inner][\/vc_row_inner][\/vc_column][vc_column width=\u00a0\u00bb1\/2&Prime;][vc_row_inner content_placement=\u00a0\u00bbmiddle\u00a0\u00bb][vc_column_inner width=\u00a0\u00bb1\/6&Prime;][vc_single_image image=\u00a0\u00bb27549&Prime; img_size=\u00a0\u00bbfull\u00a0\u00bb][\/vc_column_inner][vc_column_inner width=\u00a0\u00bb5\/6&Prime;][vc_column_text]Met les gens en contact avec des initiatives, des \u00e9v\u00e9nements et des opportunit\u00e9s dans le domaine des arts communautaires.[\/vc_column_text][\/vc_column_inner][\/vc_row_inner][vc_row_inner content_placement=\u00a0\u00bbmiddle\u00a0\u00bb][vc_column_inner width=\u00a0\u00bb1\/6&Prime;][vc_single_image image=\u00a0\u00bb27551&Prime; img_size=\u00a0\u00bbfull\u00a0\u00bb][\/vc_column_inner][vc_column_inner width=\u00a0\u00bb5\/6&Prime;][vc_column_text]Contribue \u00e0 am\u00e9liorer l&rsquo;acc\u00e8s aux arts et \u00e0 la cr\u00e9ation artistique pour les Canadiens vivant dans des communaut\u00e9s isol\u00e9es, sous-\u00e9quip\u00e9es ou mal desservies.[\/vc_column_text][\/vc_column_inner][\/vc_row_inner][\/vc_column][\/vc_row][vc_row el_class=\u00a0\u00bbpad-sides about-h3&Prime; css=\u00a0\u00bb.vc_custom_1676038691512{padding-top: 50px !important;padding-bottom: 30px !important;}\u00a0\u00bb][vc_column]<div id=\"ultimate-heading-97069ef37e77b08f\" class=\"uvc-heading ult-adjust-bottom-margin ultimate-heading-97069ef37e77b08f uvc-5848 \" data-hspacer=\"no_spacer\"  data-halign=\"center\" style=\"text-align:center\"><div class=\"uvc-heading-spacer no_spacer\" style=\"top\"><\/div><div class=\"uvc-main-heading ult-responsive\"  data-ultimate-target='.uvc-heading.ultimate-heading-97069ef37e77b08f h3'  data-responsive-json-new='{\"font-size\":\"desktop:34px;\",\"line-height\":\"\"}' ><h3 style=\"font-weight:normal;color:#000000;\">S&#039;impliquer dans les arts communautaires<br \/>\nvous pouvez :<\/h3><\/div><\/div><div class=\"ult-spacer spacer-69ef37e77b118\" data-id=\"69ef37e77b118\" data-height=\"30\" data-height-mobile=\"30\" data-height-tab=\"30\" data-height-tab-portrait=\"\" data-height-mobile-landscape=\"\" style=\"clear:both;display:block;\"><\/div>[\/vc_column][\/vc_row][vc_row el_class=\u00a0\u00bbred-back-head pad-sides get-involved\u00a0\u00bb][vc_column width=\u00a0\u00bb1\/2&Prime;]<span id=\"creative-link-wrap-5912\" class=\"ult_main_cl ult-adjust-bottom-margin cstm-link-anchor \" >\n\t \t\t\t<span class=\"  ult_crlink\" >\n\t\t\t\t\t<a  data-ultimate-target='#creative-link-wrap-5912 .ult_colorlink'  data-responsive-json-new='{\"font-size\":\"\",\"line-height\":\"\"}'  href=\"https:\/\/artbridges.ca\/getinvolved_interact\/\"  class=\"ult_colorlink ult-responsive \" style=\"font-weight:normal; \"  data-textcolor=\"#333333\" data-texthover=\"#333333\"data-style=\"\">\n\t\t\t\t\t\t\n\t\t\t\t\t\t<span data-hover=\"lien ici\" style=\"color:#333333;;;\" class=\"ult_btn10_span   \">lien ici<\/span>\n\t\t\t\t\t\t\n\t\t\t\t\t<\/a>\n\t\t\t\t<\/span>\n\t\t\t<\/span><div id=\"ultimate-heading-991069ef37e77b2bc\" class=\"uvc-heading ult-adjust-bottom-margin ultimate-heading-991069ef37e77b2bc uvc-1285 red-back-main-head get-involved\" data-hspacer=\"image_only\"  data-halign=\"left\" style=\"text-align:left\"><div class=\"uvc-heading-spacer image_only\" style=\"top\"><img decoding=\"async\" src=\"https:\/\/artbridges.ca\/wp-content\/uploads\/2023\/02\/Layer-17.png\" class=\"ultimate-headings-icon-image\" alt=\"null\" style=\"\"\/><\/div><div class=\"uvc-sub-heading ult-responsive\"  data-ultimate-target='.uvc-heading.ultimate-heading-991069ef37e77b2bc .uvc-sub-heading '  data-responsive-json-new='{\"font-size\":\"\",\"line-height\":\"\"}'  style=\"font-weight:normal;\"><a href=\"https:\/\/artbridges.ca\/fr\/simpliquer-en-ligne\/\">Interagir en ligne<\/a><\/div><\/div><div id=\"ultimate-heading-511369ef37e77b2ec\" class=\"uvc-heading ult-adjust-bottom-margin ultimate-heading-511369ef37e77b2ec uvc-7708 red-back-sub-head\" data-hspacer=\"no_spacer\"  data-halign=\"left\" style=\"text-align:left\"><div class=\"uvc-heading-spacer no_spacer\" style=\"top\"><\/div><div class=\"uvc-sub-heading ult-responsive\"  data-ultimate-target='.uvc-heading.ultimate-heading-511369ef37e77b2ec .uvc-sub-heading '  data-responsive-json-new='{\"font-size\":\"desktop:15px;\",\"line-height\":\"\"}'  style=\"font-weight:normal;color:#4b4b4b;\">Lisez notre blog communautaire. Rejoignez notre annuaire de profils. Publier une offre d&#8217;emploi. Suivez-nous sur Facebook. Apprenez \u00e0 participer \u00e0 la communaut\u00e9 en ligne ArtBridges\/ToileDesArts.<\/div><\/div><div class=\"ult-spacer spacer-69ef37e77b310\" data-id=\"69ef37e77b310\" data-height=\"30\" data-height-mobile=\"0\" data-height-tab=\"\" data-height-tab-portrait=\"\" data-height-mobile-landscape=\"\" style=\"clear:both;display:block;\"><\/div>[\/vc_column][vc_column width=\u00a0\u00bb1\/2&Prime;]<span id=\"creative-link-wrap-1806\" class=\"ult_main_cl ult-adjust-bottom-margin cstm-link-anchor \" >\n\t \t\t\t<span class=\"  ult_crlink\" >\n\t\t\t\t\t<a  data-ultimate-target='#creative-link-wrap-1806 .ult_colorlink'  data-responsive-json-new='{\"font-size\":\"\",\"line-height\":\"\"}'  href=\"https:\/\/artbridges.ca\/getinvolved_member\/\"  class=\"ult_colorlink ult-responsive \" style=\"font-weight:normal; \"  data-textcolor=\"#333333\" data-texthover=\"#333333\"data-style=\"\">\n\t\t\t\t\t\t\n\t\t\t\t\t\t<span data-hover=\"lien ici\" style=\"color:#333333;;;\" class=\"ult_btn10_span   \">lien ici<\/span>\n\t\t\t\t\t\t\n\t\t\t\t\t<\/a>\n\t\t\t\t<\/span>\n\t\t\t<\/span><div id=\"ultimate-heading-498769ef37e77b37c\" class=\"uvc-heading ult-adjust-bottom-margin ultimate-heading-498769ef37e77b37c uvc-1610 red-back-main-head get-involved\" data-hspacer=\"image_only\"  data-halign=\"left\" style=\"text-align:left\"><div class=\"uvc-heading-spacer image_only\" style=\"top\"><img decoding=\"async\" src=\"https:\/\/artbridges.ca\/wp-content\/uploads\/2023\/02\/Layer-17.png\" class=\"ultimate-headings-icon-image\" alt=\"null\" style=\"\"\/><\/div><div class=\"uvc-sub-heading ult-responsive\"  data-ultimate-target='.uvc-heading.ultimate-heading-498769ef37e77b37c .uvc-sub-heading '  data-responsive-json-new='{\"font-size\":\"\",\"line-height\":\"\"}'  style=\"font-weight:normal;\"><a href=\"https:\/\/artbridges.ca\/fr\/devenir-membre-dartbridges\/\">Devenir membre<\/a><\/div><\/div><div id=\"ultimate-heading-10769ef37e77b399\" class=\"uvc-heading ult-adjust-bottom-margin ultimate-heading-10769ef37e77b399 uvc-1158 red-back-sub-head\" data-hspacer=\"no_spacer\"  data-halign=\"left\" style=\"text-align:left\"><div class=\"uvc-heading-spacer no_spacer\" style=\"top\"><\/div><div class=\"uvc-sub-heading ult-responsive\"  data-ultimate-target='.uvc-heading.ultimate-heading-10769ef37e77b399 .uvc-sub-heading '  data-responsive-json-new='{\"font-size\":\"desktop:15px;\",\"line-height\":\"\"}'  style=\"font-weight:normal;color:#4b4b4b;\">Devenez membre d&rsquo;ArtBridges\/ToileDesArts !<\/div><\/div><div class=\"ult-spacer spacer-69ef37e77b3b0\" data-id=\"69ef37e77b3b0\" data-height=\"30\" data-height-mobile=\"0\" data-height-tab=\"\" data-height-tab-portrait=\"\" data-height-mobile-landscape=\"\" style=\"clear:both;display:block;\"><\/div>[\/vc_column][\/vc_row][vc_row el_class=\u00a0\u00bbred-back-head pad-sides get-involved\u00a0\u00bb][vc_column width=\u00a0\u00bb1\/2&Prime;]<span id=\"creative-link-wrap-5968\" class=\"ult_main_cl ult-adjust-bottom-margin cstm-link-anchor \" >\n\t \t\t\t<span class=\"  ult_crlink\" >\n\t\t\t\t\t<a  data-ultimate-target='#creative-link-wrap-5968 .ult_colorlink'  data-responsive-json-new='{\"font-size\":\"\",\"line-height\":\"\"}'  href=\"https:\/\/artbridges.ca\/getinvolved_volunteer\/\"  class=\"ult_colorlink ult-responsive \" style=\"font-weight:normal; \"  data-textcolor=\"#333333\" data-texthover=\"#333333\"data-style=\"\">\n\t\t\t\t\t\t\n\t\t\t\t\t\t<span data-hover=\"lien ici\" style=\"color:#333333;;;\" class=\"ult_btn10_span   \">lien ici<\/span>\n\t\t\t\t\t\t\n\t\t\t\t\t<\/a>\n\t\t\t\t<\/span>\n\t\t\t<\/span><div id=\"ultimate-heading-924069ef37e77b409\" class=\"uvc-heading ult-adjust-bottom-margin ultimate-heading-924069ef37e77b409 uvc-9892 red-back-main-head get-involved\" data-hspacer=\"image_only\"  data-halign=\"left\" style=\"text-align:left\"><div class=\"uvc-heading-spacer image_only\" style=\"top\"><img decoding=\"async\" src=\"https:\/\/artbridges.ca\/wp-content\/uploads\/2023\/02\/Layer-17.png\" class=\"ultimate-headings-icon-image\" alt=\"null\" style=\"\"\/><\/div><div class=\"uvc-sub-heading ult-responsive\"  data-ultimate-target='.uvc-heading.ultimate-heading-924069ef37e77b409 .uvc-sub-heading '  data-responsive-json-new='{\"font-size\":\"\",\"line-height\":\"\"}'  style=\"font-weight:normal;\"><a href=\"https:\/\/artbridges.ca\/fr\/benevole\/\">B\u00e9n\u00e9vole<\/a><\/div><\/div><div id=\"ultimate-heading-604669ef37e77b427\" class=\"uvc-heading ult-adjust-bottom-margin ultimate-heading-604669ef37e77b427 uvc-9676 red-back-sub-head\" data-hspacer=\"no_spacer\"  data-halign=\"left\" style=\"text-align:left\"><div class=\"uvc-heading-spacer no_spacer\" style=\"top\"><\/div><div class=\"uvc-sub-heading ult-responsive\"  data-ultimate-target='.uvc-heading.ultimate-heading-604669ef37e77b427 .uvc-sub-heading '  data-responsive-json-new='{\"font-size\":\"desktop:15px;\",\"line-height\":\"\"}'  style=\"font-weight:normal;color:#4b4b4b;\">Faites du b\u00e9n\u00e9volat au bureau d&rsquo;ArtBridges ou devenez un repr\u00e9sentant r\u00e9gional d&rsquo;ArtBridges. Faites du b\u00e9n\u00e9volat dans votre propre communaut\u00e9 dans le cadre d&rsquo;une initiative artistique impliquant la communaut\u00e9.<\/div><\/div><div class=\"ult-spacer spacer-69ef37e77b43d\" data-id=\"69ef37e77b43d\" data-height=\"30\" data-height-mobile=\"0\" data-height-tab=\"\" data-height-tab-portrait=\"\" data-height-mobile-landscape=\"\" style=\"clear:both;display:block;\"><\/div>[\/vc_column][vc_column width=\u00a0\u00bb1\/2&Prime;]<span id=\"creative-link-wrap-3093\" class=\"ult_main_cl ult-adjust-bottom-margin cstm-link-anchor \" >\n\t \t\t\t<span class=\"  ult_crlink\" >\n\t\t\t\t\t<a  data-ultimate-target='#creative-link-wrap-3093 .ult_colorlink'  data-responsive-json-new='{\"font-size\":\"\",\"line-height\":\"\"}'  href=\"https:\/\/artbridges.ca\/getinvolved_collaborate\/\"  class=\"ult_colorlink ult-responsive \" style=\"font-weight:normal; \"  data-textcolor=\"#333333\" data-texthover=\"#333333\"data-style=\"\">\n\t\t\t\t\t\t\n\t\t\t\t\t\t<span data-hover=\"lien ici\" style=\"color:#333333;;;\" class=\"ult_btn10_span   \">lien ici<\/span>\n\t\t\t\t\t\t\n\t\t\t\t\t<\/a>\n\t\t\t\t<\/span>\n\t\t\t<\/span><div id=\"ultimate-heading-479069ef37e77b48f\" class=\"uvc-heading ult-adjust-bottom-margin ultimate-heading-479069ef37e77b48f uvc-860 red-back-main-head get-involved\" data-hspacer=\"image_only\"  data-halign=\"left\" style=\"text-align:left\"><div class=\"uvc-heading-spacer image_only\" style=\"top\"><img decoding=\"async\" src=\"https:\/\/artbridges.ca\/wp-content\/uploads\/2023\/02\/Layer-17.png\" class=\"ultimate-headings-icon-image\" alt=\"null\" style=\"\"\/><\/div><div class=\"uvc-sub-heading ult-responsive\"  data-ultimate-target='.uvc-heading.ultimate-heading-479069ef37e77b48f .uvc-sub-heading '  data-responsive-json-new='{\"font-size\":\"\",\"line-height\":\"\"}'  style=\"font-weight:normal;\"><a href=\"https:\/\/artbridges.ca\/fr\/collaborer\/\">Collaborer<\/a><\/div><\/div><div id=\"ultimate-heading-596869ef37e77b4aa\" class=\"uvc-heading ult-adjust-bottom-margin ultimate-heading-596869ef37e77b4aa uvc-8176 red-back-sub-head\" data-hspacer=\"no_spacer\"  data-halign=\"left\" style=\"text-align:left\"><div class=\"uvc-heading-spacer no_spacer\" style=\"top\"><\/div><div class=\"uvc-sub-heading ult-responsive\"  data-ultimate-target='.uvc-heading.ultimate-heading-596869ef37e77b4aa .uvc-sub-heading '  data-responsive-json-new='{\"font-size\":\"desktop:15px;\",\"line-height\":\"\"}'  style=\"font-weight:normal;color:#4b4b4b;\">Co-cr\u00e9er un \u00e9v\u00e9nement. Partager un studio. Devenez le mentor d&rsquo;une initiative artistique \u00e9mergente. D\u00e9couvrez d&rsquo;autres possibilit\u00e9s de collaboration.<\/div><\/div><div class=\"ult-spacer spacer-69ef37e77b4bf\" data-id=\"69ef37e77b4bf\" data-height=\"30\" data-height-mobile=\"0\" data-height-tab=\"\" data-height-tab-portrait=\"\" data-height-mobile-landscape=\"\" style=\"clear:both;display:block;\"><\/div>[\/vc_column][\/vc_row][vc_row el_class=\u00a0\u00bbred-back-head pad-sides get-involved\u00a0\u00bb css=\u00a0\u00bb.vc_custom_1676377864108{padding-bottom: 100px !important;}\u00a0\u00bb][vc_column width=\u00a0\u00bb1\/2&Prime;]<span id=\"creative-link-wrap-5275\" class=\"ult_main_cl ult-adjust-bottom-margin cstm-link-anchor \" >\n\t \t\t\t<span class=\"  ult_crlink\" >\n\t\t\t\t\t<a  data-ultimate-target='#creative-link-wrap-5275 .ult_colorlink'  data-responsive-json-new='{\"font-size\":\"\",\"line-height\":\"\"}'  href=\"https:\/\/artbridges.ca\/getinvolved_donate\/\"  class=\"ult_colorlink ult-responsive \" style=\"font-weight:normal; \"  data-textcolor=\"#333333\" data-texthover=\"#333333\"data-style=\"\">\n\t\t\t\t\t\t\n\t\t\t\t\t\t<span data-hover=\"lien ici\" style=\"color:#333333;;;\" class=\"ult_btn10_span   \">lien ici<\/span>\n\t\t\t\t\t\t\n\t\t\t\t\t<\/a>\n\t\t\t\t<\/span>\n\t\t\t<\/span><div id=\"ultimate-heading-52069ef37e77b50e\" class=\"uvc-heading ult-adjust-bottom-margin ultimate-heading-52069ef37e77b50e uvc-5391 red-back-main-head get-involved\" data-hspacer=\"image_only\"  data-halign=\"left\" style=\"text-align:left\"><div class=\"uvc-heading-spacer image_only\" style=\"top\"><img decoding=\"async\" src=\"https:\/\/artbridges.ca\/wp-content\/uploads\/2023\/02\/Layer-17.png\" class=\"ultimate-headings-icon-image\" alt=\"null\" style=\"\"\/><\/div><div class=\"uvc-sub-heading ult-responsive\"  data-ultimate-target='.uvc-heading.ultimate-heading-52069ef37e77b50e .uvc-sub-heading '  data-responsive-json-new='{\"font-size\":\"\",\"line-height\":\"\"}'  style=\"font-weight:normal;\"><a href=\"https:\/\/artbridges.ca\/fr\/donner\/\">Parrainage\/donation<\/a><\/div><\/div><div id=\"ultimate-heading-596569ef37e77b529\" class=\"uvc-heading ult-adjust-bottom-margin ultimate-heading-596569ef37e77b529 uvc-2607 red-back-sub-head\" data-hspacer=\"no_spacer\"  data-halign=\"left\" style=\"text-align:left\"><div class=\"uvc-heading-spacer no_spacer\" style=\"top\"><\/div><div class=\"uvc-sub-heading ult-responsive\"  data-ultimate-target='.uvc-heading.ultimate-heading-596569ef37e77b529 .uvc-sub-heading '  data-responsive-json-new='{\"font-size\":\"desktop:15px;\",\"line-height\":\"\"}'  style=\"font-weight:normal;color:#4b4b4b;\">Aidez \u00e0 d\u00e9velopper les arts communautaires \u00e0 travers le Canada ! Voici comment vous pouvez faire un don de charit\u00e9. Sponsoriser les activit\u00e9s d&rsquo;ArtBridges\/ToileDesArts et associer votre organisation, votre entreprise, votre programme ou votre \u00e9v\u00e9nement avec nous.<\/div><\/div><div class=\"ult-spacer spacer-69ef37e77b53e\" data-id=\"69ef37e77b53e\" data-height=\"30\" data-height-mobile=\"0\" data-height-tab=\"\" data-height-tab-portrait=\"\" data-height-mobile-landscape=\"\" style=\"clear:both;display:block;\"><\/div>[\/vc_column][vc_column width=\u00a0\u00bb1\/2&Prime;]<span id=\"creative-link-wrap-8554\" class=\"ult_main_cl ult-adjust-bottom-margin cstm-link-anchor \" >\n\t \t\t\t<span class=\"  ult_crlink\" >\n\t\t\t\t\t<a  data-ultimate-target='#creative-link-wrap-8554 .ult_colorlink'  data-responsive-json-new='{\"font-size\":\"\",\"line-height\":\"\"}'  href=\"https:\/\/artbridges.ca\/getinvolved_give_artbox\/\"  class=\"ult_colorlink ult-responsive \" style=\"font-weight:normal; \"  data-textcolor=\"#333333\" data-texthover=\"#333333\"data-style=\"\">\n\t\t\t\t\t\t\n\t\t\t\t\t\t<span data-hover=\"lien ici\" style=\"color:#333333;;;\" class=\"ult_btn10_span   \">lien ici<\/span>\n\t\t\t\t\t\t\n\t\t\t\t\t<\/a>\n\t\t\t\t<\/span>\n\t\t\t<\/span><div id=\"ultimate-heading-75869ef37e77b58c\" class=\"uvc-heading ult-adjust-bottom-margin ultimate-heading-75869ef37e77b58c uvc-6744 red-back-main-head get-involved\" data-hspacer=\"image_only\"  data-halign=\"left\" style=\"text-align:left\"><div class=\"uvc-heading-spacer image_only\" style=\"top\"><img decoding=\"async\" src=\"https:\/\/artbridges.ca\/wp-content\/uploads\/2023\/02\/Layer-17.png\" class=\"ultimate-headings-icon-image\" alt=\"null\" style=\"\"\/><\/div><div class=\"uvc-sub-heading ult-responsive\"  data-ultimate-target='.uvc-heading.ultimate-heading-75869ef37e77b58c .uvc-sub-heading '  data-responsive-json-new='{\"font-size\":\"\",\"line-height\":\"\"}'  style=\"font-weight:normal;\"><a href=\"https:\/\/artbridges.ca\/fr\/donner-dans-artbox\/\">Donner dans ArtBox<\/a><\/div><\/div><div id=\"ultimate-heading-117369ef37e77b5a7\" class=\"uvc-heading ult-adjust-bottom-margin ultimate-heading-117369ef37e77b5a7 uvc-1078 red-back-sub-head\" data-hspacer=\"no_spacer\"  data-halign=\"left\" style=\"text-align:left\"><div class=\"uvc-heading-spacer no_spacer\" style=\"top\"><\/div><div class=\"uvc-sub-heading ult-responsive\"  data-ultimate-target='.uvc-heading.ultimate-heading-117369ef37e77b5a7 .uvc-sub-heading '  data-responsive-json-new='{\"font-size\":\"desktop:15px;\",\"line-height\":\"\"}'  style=\"font-weight:normal;color:#4b4b4b;\">Recueillir des contributions pour une ArtBox (\u00ab\u00a0une bo\u00eete de mat\u00e9riel artistique\u00a0\u00bb) destin\u00e9e aux communaut\u00e9s d\u00e9favoris\u00e9es ou isol\u00e9es qui en expriment le besoin.<\/div><\/div><div class=\"ult-spacer spacer-69ef37e77b5bc\" data-id=\"69ef37e77b5bc\" data-height=\"30\" data-height-mobile=\"0\" data-height-tab=\"\" data-height-tab-portrait=\"\" data-height-mobile-landscape=\"\" style=\"clear:both;display:block;\"><\/div>[\/vc_column][\/vc_row]<\/p>\n<\/div>","protected":false},"excerpt":{"rendered":"<p>[vc_row centered=\u00a0\u00bbyes\u00a0\u00bb bg_type=\u00a0\u00bbimage\u00a0\u00bb parallax_style=\u00a0\u00bbvcpb-default\u00a0\u00bb bg_image_new=\u00a0\u00bbid^3718|url^https:\/\/artbridges.ca\/wp-content\/uploads\/2023\/04\/New-Banner-02.jpg|caption^null|alt^null|title^New-Banner-02|description^null\u00a0\u00bb bg_image_repeat=\u00a0\u00bbno-repeat\u00a0\u00bb][vc_column][\/vc_column][\/vc_row][vc_row el_class=\u00a0\u00bbpad-sides about-h3&Prime; css=\u00a0\u00bb.vc_custom_1676038691512{padding-top: 50px !important;padding-bottom: 30px !important;}\u00a0\u00bb][vc_column][vc_row_inner][vc_column_inner width=\u00a0\u00bb1\/4&Prime;][\/vc_column_inner][vc_column_inner width=\u00a0\u00bb1\/2&Prime;][vc_column_text]Cette section vous aidera \u00e0 trouver des moyens de vous impliquer dans ArtBridges\/ToileDesArts et\/ou dans une initiative artistique communautaire au Canada.[\/vc_column_text][\/vc_column_inner][vc_column_inner width=\u00a0\u00bb1\/4&Prime;][\/vc_column_inner][\/vc_row_inner][\/vc_column][\/vc_row][vc_row el_class=\u00a0\u00bbpad-sides about-h3&Prime;][vc_column][\/vc_column][\/vc_row][vc_row content_placement=\u00a0\u00bbmiddle\u00a0\u00bb el_class=\u00a0\u00bbpad-sides icon-row\u00a0\u00bb css=\u00a0\u00bb.vc_custom_1676041061112{padding-bottom: 50px !important;}\u00a0\u00bb][vc_column width=\u00a0\u00bb1\/2&Prime;][vc_row_inner content_placement=\u00a0\u00bbmiddle\u00a0\u00bb][vc_column_inner width=\u00a0\u00bb1\/6&Prime;][vc_single_image image=\u00a0\u00bb27548&Prime; img_size=\u00a0\u00bbfull\u00a0\u00bb][\/vc_column_inner][vc_column_inner width=\u00a0\u00bb5\/6&Prime;][vc_column_text]Informer<\/p>\n<p><a class=\"sd-more sd-all-trans\" href=\"https:\/\/artbridges.ca\/fr\/etre-implique\/#more-27799\">Read More<\/a><\/p>\n","protected":false},"author":1,"featured_media":0,"parent":0,"menu_order":0,"comment_status":"closed","ping_status":"closed","template":"full-width-page.php","meta":{"footnotes":""},"class_list":["post-27799","page","type-page","status-publish","hentry"],"_links":{"self":[{"href":"https:\/\/artbridges.ca\/fr\/wp-json\/wp\/v2\/pages\/27799","targetHints":{"allow":["GET"]}}],"collection":[{"href":"https:\/\/artbridges.ca\/fr\/wp-json\/wp\/v2\/pages"}],"about":[{"href":"https:\/\/artbridges.ca\/fr\/wp-json\/wp\/v2\/types\/page"}],"author":[{"embeddable":true,"href":"https:\/\/artbridges.ca\/fr\/wp-json\/wp\/v2\/users\/1"}],"replies":[{"embeddable":true,"href":"https:\/\/artbridges.ca\/fr\/wp-json\/wp\/v2\/comments?post=27799"}],"version-history":[{"count":3,"href":"https:\/\/artbridges.ca\/fr\/wp-json\/wp\/v2\/pages\/27799\/revisions"}],"predecessor-version":[{"id":27802,"href":"https:\/\/artbridges.ca\/fr\/wp-json\/wp\/v2\/pages\/27799\/revisions\/27802"}],"wp:attachment":[{"href":"https:\/\/artbridges.ca\/fr\/wp-json\/wp\/v2\/media?parent=27799"}],"curies":[{"name":"wp","href":"https:\/\/api.w.org\/{rel}","templated":true}]}}