{"id":27803,"date":"2023-03-08T10:43:50","date_gmt":"2023-03-08T15:43:50","guid":{"rendered":"https:\/\/artbridges.ca\/apprentissage-et-ressources\/"},"modified":"2023-07-26T13:46:16","modified_gmt":"2023-07-26T17:46:16","slug":"apprentissage-et-ressources","status":"publish","type":"page","link":"https:\/\/artbridges.ca\/fr\/apprentissage-et-ressources\/","title":{"rendered":"Apprentissage et ressources"},"content":{"rendered":"<div class=\"wpb-content-wrapper\"><p>[vc_row centered=\u00a0\u00bbyes\u00a0\u00bb bg_type=\u00a0\u00bbimage\u00a0\u00bb parallax_style=\u00a0\u00bbvcpb-default\u00a0\u00bb bg_image_new=\u00a0\u00bbid^3718|url^https:\/\/artbridges.ca\/wp-content\/uploads\/2023\/04\/New-Banner-02.jpg|caption^null|alt^null|title^New-Banner-02|description^null\u00a0\u00bb bg_image_repeat=\u00a0\u00bbno-repeat\u00a0\u00bb][vc_column]<div class=\"ult-spacer spacer-69ef1ffd90441\" data-id=\"69ef1ffd90441\" data-height=\"110\" data-height-mobile=\"50\" data-height-tab=\"\" data-height-tab-portrait=\"\" data-height-mobile-landscape=\"\" style=\"clear:both;display:block;\"><\/div><div id=\"ultimate-heading-763069ef1ffd90482\" class=\"uvc-heading ult-adjust-bottom-margin ultimate-heading-763069ef1ffd90482 uvc-2346 \" data-hspacer=\"no_spacer\"  data-halign=\"left\" style=\"text-align:left\"><div class=\"uvc-heading-spacer no_spacer\" style=\"top\"><\/div><div class=\"uvc-sub-heading ult-responsive\"  data-ultimate-target='.uvc-heading.ultimate-heading-763069ef1ffd90482 .uvc-sub-heading '  data-responsive-json-new='{\"font-size\":\"desktop:18px;\",\"line-height\":\"desktop:18px;\"}'  style=\"font-family:&#039;Montserrat&#039;;font-weight:700;\"><\/p>\n<p class=\"sd-text-bg-white\">APPRENTISSAGE ET RESSOURCES<\/p>\n<p><\/div><\/div><div class=\"ult-spacer spacer-69ef1ffd904b4\" data-id=\"69ef1ffd904b4\" data-height=\"110\" data-height-mobile=\"50\" data-height-tab=\"\" data-height-tab-portrait=\"\" data-height-mobile-landscape=\"\" style=\"clear:both;display:block;\"><\/div>[\/vc_column][\/vc_row][vc_row el_class=\u00a0\u00bbpad-sides\u00a0\u00bb css=\u00a0\u00bb.vc_custom_1676977663186{padding-top: 50px !important;}\u00a0\u00bb][vc_column]<div id=\"ultimate-heading-963169ef1ffd904d0\" class=\"uvc-heading ult-adjust-bottom-margin ultimate-heading-963169ef1ffd904d0 uvc-9621 \" data-hspacer=\"no_spacer\"  data-halign=\"left\" style=\"text-align:left\"><div class=\"uvc-heading-spacer no_spacer\" style=\"top\"><\/div><div class=\"uvc-main-heading ult-responsive\"  data-ultimate-target='.uvc-heading.ultimate-heading-963169ef1ffd904d0 h2'  data-responsive-json-new='{\"font-size\":\"desktop:34px;\",\"line-height\":\"\"}' ><h2 style=\"font-weight:bold;color:#000000;\">Apprentissage et ressources sur ArtBridges\/ToileDesArts<\/h2><\/div><\/div><div class=\"ult-spacer spacer-69ef1ffd90503\" data-id=\"69ef1ffd90503\" data-height=\"20\" data-height-mobile=\"20\" data-height-tab=\"20\" data-height-tab-portrait=\"\" data-height-mobile-landscape=\"\" style=\"clear:both;display:block;\"><\/div>[vc_column_text]<\/p>\n<h5>Cette section vous aidera \u00e0 trouver des opportunit\u00e9s, des ressources et des outils de formation et de d\u00e9veloppement professionnel dans le domaine des arts engag\u00e9s par la communaut\u00e9.<\/h5>\n<p><strong>Ce que fait ArtBridges\/ToileDesArts<\/strong><\/p>\n<ul class=\"contentul\">\n<li>Informer le public sur les arts engag\u00e9s par la communaut\u00e9 et sur les avantages des arts pour le changement social au Canada.<\/li>\n<li>Met les gens en contact avec des initiatives, des \u00e9v\u00e9nements et des opportunit\u00e9s dans le domaine des arts communautaires.<\/li>\n<li>Fournit un centre gratuit, \u00e0 l&rsquo;\u00e9chelle du Canada, pour les initiatives artistiques engag\u00e9es par la communaut\u00e9<\/li>\n<li>Contribue \u00e0 am\u00e9liorer l&rsquo;acc\u00e8s aux arts et \u00e0 la cr\u00e9ation artistique pour les Canadiens vivant dans des communaut\u00e9s isol\u00e9es, sous-\u00e9quip\u00e9es ou mal desservies.<\/li>\n<\/ul>\n<p>&nbsp;<\/p>\n<p><strong>Pour trouver des possibilit\u00e9s d&rsquo;apprentissage ou des ressources et des outils, vous pouvez :<\/strong>[\/vc_column_text][\/vc_column][\/vc_row][vc_row el_class=\u00a0\u00bbred-back-head pad-sides get-involved\u00a0\u00bb][vc_column width=\u00a0\u00bb1\/2&Prime;]<span id=\"creative-link-wrap-5858\" class=\"ult_main_cl ult-adjust-bottom-margin cstm-link-anchor \" >\n\t \t\t\t<span class=\"  ult_crlink\" >\n\t\t\t\t\t<a  data-ultimate-target='#creative-link-wrap-5858 .ult_colorlink'  data-responsive-json-new='{\"font-size\":\"\",\"line-height\":\"\"}'  href=\"https:\/\/artbridges.ca\/fr\/opportunites-de-formation-et-de-developpement-professionnel-dans-le-domaine-des-arts-engages-par-la-communaute\/\"  class=\"ult_colorlink ult-responsive \" style=\"font-weight:normal; \"  data-textcolor=\"#333333\" data-texthover=\"#333333\"data-style=\"\">\n\t\t\t\t\t\t\n\t\t\t\t\t\t<span data-hover=\"lien ici\" style=\"color:#333333;;;\" class=\"ult_btn10_span   \">lien ici<\/span>\n\t\t\t\t\t\t\n\t\t\t\t\t<\/a>\n\t\t\t\t<\/span>\n\t\t\t<\/span><div id=\"ultimate-heading-290969ef1ffd906db\" class=\"uvc-heading ult-adjust-bottom-margin ultimate-heading-290969ef1ffd906db uvc-3254 red-back-main-head get-involved\" data-hspacer=\"image_only\"  data-halign=\"left\" style=\"text-align:left\"><div class=\"uvc-heading-spacer image_only\" style=\"top\"><img decoding=\"async\" src=\"https:\/\/artbridges.ca\/wp-content\/uploads\/2023\/02\/Layer-17.png\" class=\"ultimate-headings-icon-image\" alt=\"null\" style=\"\"\/><\/div><div class=\"uvc-sub-heading ult-responsive\"  data-ultimate-target='.uvc-heading.ultimate-heading-290969ef1ffd906db .uvc-sub-heading '  data-responsive-json-new='{\"font-size\":\"\",\"line-height\":\"\"}'  style=\"font-weight:normal;\"><a href=\"https:\/\/artbridges.ca\/learning-opportunities\/\">Trouver des opportunit\u00e9s d&rsquo;apprentissage<\/a><\/div><\/div><div id=\"ultimate-heading-247869ef1ffd90707\" class=\"uvc-heading ult-adjust-bottom-margin ultimate-heading-247869ef1ffd90707 uvc-8083 red-back-sub-head\" data-hspacer=\"no_spacer\"  data-halign=\"left\" style=\"text-align:left\"><div class=\"uvc-heading-spacer no_spacer\" style=\"top\"><\/div><div class=\"uvc-sub-heading ult-responsive\"  data-ultimate-target='.uvc-heading.ultimate-heading-247869ef1ffd90707 .uvc-sub-heading '  data-responsive-json-new='{\"font-size\":\"desktop:15px;\",\"line-height\":\"\"}'  style=\"font-weight:normal;color:#4b4b4b;\">Jetez un coup d&rsquo;\u0153il aux possibilit\u00e9s d&rsquo;\u00e9ducation et de perfectionnement professionnel offertes aux artistes communautaires du Canada ou affichez une possibilit\u00e9 d&rsquo;apprentissage.<\/div><\/div><div class=\"ult-spacer spacer-69ef1ffd90721\" data-id=\"69ef1ffd90721\" data-height=\"30\" data-height-mobile=\"0\" data-height-tab=\"\" data-height-tab-portrait=\"\" data-height-mobile-landscape=\"\" style=\"clear:both;display:block;\"><\/div>[\/vc_column][vc_column width=\u00a0\u00bb1\/2&Prime;]<span id=\"creative-link-wrap-1069\" class=\"ult_main_cl ult-adjust-bottom-margin cstm-link-anchor \" >\n\t \t\t\t<span class=\"  ult_crlink\" >\n\t\t\t\t\t<a  data-ultimate-target='#creative-link-wrap-1069 .ult_colorlink'  data-responsive-json-new='{\"font-size\":\"\",\"line-height\":\"\"}'  href=\"https:\/\/artbridges.ca\/fr\/ressources-et-outils\/\"  class=\"ult_colorlink ult-responsive \" style=\"font-weight:normal; \"  data-textcolor=\"#333333\" data-texthover=\"#333333\"data-style=\"\">\n\t\t\t\t\t\t\n\t\t\t\t\t\t<span data-hover=\"lien ici\" style=\"color:#333333;;;\" class=\"ult_btn10_span   \">lien ici<\/span>\n\t\t\t\t\t\t\n\t\t\t\t\t<\/a>\n\t\t\t\t<\/span>\n\t\t\t<\/span><div id=\"ultimate-heading-263569ef1ffd90788\" class=\"uvc-heading ult-adjust-bottom-margin ultimate-heading-263569ef1ffd90788 uvc-3810 red-back-main-head get-involved\" data-hspacer=\"image_only\"  data-halign=\"left\" style=\"text-align:left\"><div class=\"uvc-heading-spacer image_only\" style=\"top\"><img decoding=\"async\" src=\"https:\/\/artbridges.ca\/wp-content\/uploads\/2023\/02\/Layer-17.png\" class=\"ultimate-headings-icon-image\" alt=\"null\" style=\"\"\/><\/div><div class=\"uvc-sub-heading ult-responsive\"  data-ultimate-target='.uvc-heading.ultimate-heading-263569ef1ffd90788 .uvc-sub-heading '  data-responsive-json-new='{\"font-size\":\"\",\"line-height\":\"\"}'  style=\"font-weight:normal;\"><a href=\"https:\/\/artbridges.ca\/resources-and-tools\/\">Acc\u00e9der aux ressources<\/a><\/div><\/div><div id=\"ultimate-heading-604769ef1ffd907a5\" class=\"uvc-heading ult-adjust-bottom-margin ultimate-heading-604769ef1ffd907a5 uvc-9793 red-back-sub-head\" data-hspacer=\"no_spacer\"  data-halign=\"left\" style=\"text-align:left\"><div class=\"uvc-heading-spacer no_spacer\" style=\"top\"><\/div><div class=\"uvc-sub-heading ult-responsive\"  data-ultimate-target='.uvc-heading.ultimate-heading-604769ef1ffd907a5 .uvc-sub-heading '  data-responsive-json-new='{\"font-size\":\"desktop:15px;\",\"line-height\":\"\"}'  style=\"font-weight:normal;color:#4b4b4b;\">Vous y trouverez des bo\u00eetes \u00e0 outils pour les arts communautaires, des mod\u00e8les, des r\u00e9flexions et des histoires, des pratiques exemplaires et bien d&rsquo;autres choses encore, \u00e9labor\u00e9es et g\u00e9n\u00e9reusement partag\u00e9es par des artistes et des travailleurs culturels du Canada dans le cadre de leur travail.<\/div><\/div><div class=\"ult-spacer spacer-69ef1ffd907bb\" data-id=\"69ef1ffd907bb\" data-height=\"30\" data-height-mobile=\"0\" data-height-tab=\"\" data-height-tab-portrait=\"\" data-height-mobile-landscape=\"\" style=\"clear:both;display:block;\"><\/div>[\/vc_column][\/vc_row][vc_row el_class=\u00a0\u00bbred-back-head pad-sides get-involved\u00a0\u00bb css=\u00a0\u00bb.vc_custom_1676377864108{padding-bottom: 100px !important;}\u00a0\u00bb][vc_column width=\u00a0\u00bb1\/2&Prime;]<span id=\"creative-link-wrap-8986\" class=\"ult_main_cl ult-adjust-bottom-margin cstm-link-anchor \" >\n\t \t\t\t<span class=\"  ult_crlink\" >\n\t\t\t\t\t<a  data-ultimate-target='#creative-link-wrap-8986 .ult_colorlink'  data-responsive-json-new='{\"font-size\":\"\",\"line-height\":\"\"}'  href=\"https:\/\/artbridges.ca\/fr\/bailleurs-de-fonds-communautaires-pour-les-arts\/\"  class=\"ult_colorlink ult-responsive \" style=\"font-weight:normal; \"  data-textcolor=\"#333333\" data-texthover=\"#333333\"data-style=\"\">\n\t\t\t\t\t\t\n\t\t\t\t\t\t<span data-hover=\"lien ici\" style=\"color:#333333;;;\" class=\"ult_btn10_span   \">lien ici<\/span>\n\t\t\t\t\t\t\n\t\t\t\t\t<\/a>\n\t\t\t\t<\/span>\n\t\t\t<\/span><div id=\"ultimate-heading-703969ef1ffd9080d\" class=\"uvc-heading ult-adjust-bottom-margin ultimate-heading-703969ef1ffd9080d uvc-5165 red-back-main-head get-involved\" data-hspacer=\"image_only\"  data-halign=\"left\" style=\"text-align:left\"><div class=\"uvc-heading-spacer image_only\" style=\"top\"><img decoding=\"async\" src=\"https:\/\/artbridges.ca\/wp-content\/uploads\/2023\/02\/Layer-17.png\" class=\"ultimate-headings-icon-image\" alt=\"null\" style=\"\"\/><\/div><div class=\"uvc-sub-heading ult-responsive\"  data-ultimate-target='.uvc-heading.ultimate-heading-703969ef1ffd9080d .uvc-sub-heading '  data-responsive-json-new='{\"font-size\":\"\",\"line-height\":\"\"}'  style=\"font-weight:normal;\"><a href=\"https:\/\/artbridges.ca\/community-arts-funders\/\">D\u00e9couvrir le financement<\/a><\/div><\/div><div id=\"ultimate-heading-482269ef1ffd90829\" class=\"uvc-heading ult-adjust-bottom-margin ultimate-heading-482269ef1ffd90829 uvc-8573 red-back-sub-head\" data-hspacer=\"no_spacer\"  data-halign=\"left\" style=\"text-align:left\"><div class=\"uvc-heading-spacer no_spacer\" style=\"top\"><\/div><div class=\"uvc-sub-heading ult-responsive\"  data-ultimate-target='.uvc-heading.ultimate-heading-482269ef1ffd90829 .uvc-sub-heading '  data-responsive-json-new='{\"font-size\":\"desktop:15px;\",\"line-height\":\"\"}'  style=\"font-weight:normal;color:#4b4b4b;\">Parcourez nos listes personnalis\u00e9es de programmes de financement canadiens qui peuvent vous aider \u00e0 soutenir votre travail.<\/div><\/div><div class=\"ult-spacer spacer-69ef1ffd9083e\" data-id=\"69ef1ffd9083e\" data-height=\"30\" data-height-mobile=\"0\" data-height-tab=\"\" data-height-tab-portrait=\"\" data-height-mobile-landscape=\"\" style=\"clear:both;display:block;\"><\/div>[\/vc_column][vc_column width=\u00a0\u00bb1\/2&Prime;]<span id=\"creative-link-wrap-9319\" class=\"ult_main_cl ult-adjust-bottom-margin cstm-link-anchor \" >\n\t \t\t\t<span class=\"  ult_crlink\" >\n\t\t\t\t\t<a  data-ultimate-target='#creative-link-wrap-9319 .ult_colorlink'  data-responsive-json-new='{\"font-size\":\"\",\"line-height\":\"\"}'  href=\"https:\/\/artbridges.ca\/fr\/bailleurs-de-fonds-communautaires-pour-les-arts\/\"  class=\"ult_colorlink ult-responsive \" style=\"font-weight:normal; \"  data-textcolor=\"#333333\" data-texthover=\"#333333\"data-style=\"\">\n\t\t\t\t\t\t\n\t\t\t\t\t\t<span data-hover=\"lien ici\" style=\"color:#333333;;;\" class=\"ult_btn10_span   \">lien ici<\/span>\n\t\t\t\t\t\t\n\t\t\t\t\t<\/a>\n\t\t\t\t<\/span>\n\t\t\t<\/span><div id=\"ultimate-heading-777469ef1ffd9088c\" class=\"uvc-heading ult-adjust-bottom-margin ultimate-heading-777469ef1ffd9088c uvc-2696 red-back-main-head get-involved\" data-hspacer=\"image_only\"  data-halign=\"left\" style=\"text-align:left\"><div class=\"uvc-heading-spacer image_only\" style=\"top\"><img decoding=\"async\" src=\"https:\/\/artbridges.ca\/wp-content\/uploads\/2023\/02\/Layer-17.png\" class=\"ultimate-headings-icon-image\" alt=\"null\" style=\"\"\/><\/div><div class=\"uvc-sub-heading ult-responsive\"  data-ultimate-target='.uvc-heading.ultimate-heading-777469ef1ffd9088c .uvc-sub-heading '  data-responsive-json-new='{\"font-size\":\"\",\"line-height\":\"\"}'  style=\"font-weight:normal;\"><a href=\"https:\/\/artbridges.ca\/networks-and-services\/\">D\u00e9couvrir les r\u00e9seaux et les services<\/a><\/div><\/div><div id=\"ultimate-heading-17069ef1ffd908a7\" class=\"uvc-heading ult-adjust-bottom-margin ultimate-heading-17069ef1ffd908a7 uvc-9028 red-back-sub-head\" data-hspacer=\"no_spacer\"  data-halign=\"left\" style=\"text-align:left\"><div class=\"uvc-heading-spacer no_spacer\" style=\"top\"><\/div><div class=\"uvc-sub-heading ult-responsive\"  data-ultimate-target='.uvc-heading.ultimate-heading-17069ef1ffd908a7 .uvc-sub-heading '  data-responsive-json-new='{\"font-size\":\"desktop:15px;\",\"line-height\":\"\"}'  style=\"font-weight:normal;color:#4b4b4b;\">Connectez-vous aux r\u00e9seaux, ressources et services artistiques ! Cet <a href=\"http:\/\/artbridges.ca\/pdf\/Artbridges-Arts-Networks-and-Resource-Groups.pdf\" target=\"_blank\" rel=\"noopener\">annuaire des r\u00e9seaux et services<\/a> est organis\u00e9 par r\u00e9gion, les groupes nationaux \u00e9tant suivis des groupes r\u00e9gionaux. Cliquez sur le nom du groupe pour visiter son site web.<\/div><\/div><div class=\"ult-spacer spacer-69ef1ffd908bb\" data-id=\"69ef1ffd908bb\" data-height=\"30\" data-height-mobile=\"0\" data-height-tab=\"\" data-height-tab-portrait=\"\" data-height-mobile-landscape=\"\" style=\"clear:both;display:block;\"><\/div>[\/vc_column][\/vc_row]<\/p>\n<\/div>","protected":false},"excerpt":{"rendered":"<p>[vc_row centered=\u00a0\u00bbyes\u00a0\u00bb bg_type=\u00a0\u00bbimage\u00a0\u00bb parallax_style=\u00a0\u00bbvcpb-default\u00a0\u00bb bg_image_new=\u00a0\u00bbid^3718|url^https:\/\/artbridges.ca\/wp-content\/uploads\/2023\/04\/New-Banner-02.jpg|caption^null|alt^null|title^New-Banner-02|description^null\u00a0\u00bb bg_image_repeat=\u00a0\u00bbno-repeat\u00a0\u00bb][vc_column][\/vc_column][\/vc_row][vc_row el_class=\u00a0\u00bbpad-sides\u00a0\u00bb css=\u00a0\u00bb.vc_custom_1676977663186{padding-top: 50px !important;}\u00a0\u00bb][vc_column][vc_column_text] Cette section vous aidera \u00e0 trouver des opportunit\u00e9s, des ressources et des outils de formation et de d\u00e9veloppement professionnel dans le domaine des arts engag\u00e9s par la communaut\u00e9. Ce que fait ArtBridges\/ToileDesArts Informer le public sur les arts engag\u00e9s par<\/p>\n<p><a class=\"sd-more sd-all-trans\" href=\"https:\/\/artbridges.ca\/fr\/apprentissage-et-ressources\/#more-27803\">Read More<\/a><\/p>\n","protected":false},"author":1,"featured_media":0,"parent":0,"menu_order":0,"comment_status":"closed","ping_status":"closed","template":"full-width-page.php","meta":{"footnotes":""},"class_list":["post-27803","page","type-page","status-publish","hentry"],"_links":{"self":[{"href":"https:\/\/artbridges.ca\/fr\/wp-json\/wp\/v2\/pages\/27803","targetHints":{"allow":["GET"]}}],"collection":[{"href":"https:\/\/artbridges.ca\/fr\/wp-json\/wp\/v2\/pages"}],"about":[{"href":"https:\/\/artbridges.ca\/fr\/wp-json\/wp\/v2\/types\/page"}],"author":[{"embeddable":true,"href":"https:\/\/artbridges.ca\/fr\/wp-json\/wp\/v2\/users\/1"}],"replies":[{"embeddable":true,"href":"https:\/\/artbridges.ca\/fr\/wp-json\/wp\/v2\/comments?post=27803"}],"version-history":[{"count":4,"href":"https:\/\/artbridges.ca\/fr\/wp-json\/wp\/v2\/pages\/27803\/revisions"}],"predecessor-version":[{"id":28088,"href":"https:\/\/artbridges.ca\/fr\/wp-json\/wp\/v2\/pages\/27803\/revisions\/28088"}],"wp:attachment":[{"href":"https:\/\/artbridges.ca\/fr\/wp-json\/wp\/v2\/media?parent=27803"}],"curies":[{"name":"wp","href":"https:\/\/api.w.org\/{rel}","templated":true}]}}