{"id":27812,"date":"2023-02-17T09:45:01","date_gmt":"2023-02-17T14:45:01","guid":{"rendered":"https:\/\/artbridges.ca\/reseaux-et-services\/"},"modified":"2023-07-26T12:56:39","modified_gmt":"2023-07-26T16:56:39","slug":"reseaux-et-services","status":"publish","type":"page","link":"https:\/\/artbridges.ca\/fr\/reseaux-et-services\/","title":{"rendered":"R\u00e9seaux et services"},"content":{"rendered":"<div class=\"wpb-content-wrapper\"><p>[vc_row bg_type=\u00a0\u00bbimage\u00a0\u00bb parallax_style=\u00a0\u00bbvcpb-default\u00a0\u00bb bg_image_new=\u00a0\u00bbid^3718|url^https:\/\/artbridges.ca\/wp-content\/uploads\/2023\/04\/New-Banner-02.jpg|caption^null|alt^null|title^New-Banner-02|description^null\u00a0\u00bb bg_image_repeat=\u00a0\u00bbno-repeat\u00a0\u00bb el_class=\u00a0\u00bbpad-sides\u00a0\u00bb][vc_column]<div class=\"ult-spacer spacer-69ef2278a98dc\" data-id=\"69ef2278a98dc\" data-height=\"110\" data-height-mobile=\"50\" data-height-tab=\"\" data-height-tab-portrait=\"\" data-height-mobile-landscape=\"\" style=\"clear:both;display:block;\"><\/div><div id=\"ultimate-heading-694769ef2278a9955\" class=\"uvc-heading ult-adjust-bottom-margin ultimate-heading-694769ef2278a9955 uvc-3607 \" data-hspacer=\"no_spacer\"  data-halign=\"left\" style=\"text-align:left\"><div class=\"uvc-heading-spacer no_spacer\" style=\"top\"><\/div><div class=\"uvc-sub-heading ult-responsive\"  data-ultimate-target='.uvc-heading.ultimate-heading-694769ef2278a9955 .uvc-sub-heading '  data-responsive-json-new='{\"font-size\":\"desktop:18px;\",\"line-height\":\"desktop:18px;\"}'  style=\"font-family:&#039;Montserrat&#039;;font-weight:700;\"><\/p>\n<p class=\"sd-text-bg-white\">R\u00c9SEAUX ET SERVICES<\/p>\n<p><\/div><\/div><div class=\"ult-spacer spacer-69ef2278a9990\" data-id=\"69ef2278a9990\" data-height=\"110\" data-height-mobile=\"50\" data-height-tab=\"\" data-height-tab-portrait=\"\" data-height-mobile-landscape=\"\" style=\"clear:both;display:block;\"><\/div>[\/vc_column][\/vc_row][vc_row el_class=\u00a0\u00bbpad-sides about-h3&Prime; css=\u00a0\u00bb.vc_custom_1676553592142{padding-top: 50px !important;}\u00a0\u00bb][vc_column]<div id=\"ultimate-heading-674669ef2278a99b8\" class=\"uvc-heading ult-adjust-bottom-margin ultimate-heading-674669ef2278a99b8 uvc-7596 \" data-hspacer=\"no_spacer\"  data-halign=\"center\" style=\"text-align:center\"><div class=\"uvc-heading-spacer no_spacer\" style=\"top\"><\/div><div class=\"uvc-main-heading ult-responsive\"  data-ultimate-target='.uvc-heading.ultimate-heading-674669ef2278a99b8 h3'  data-responsive-json-new='{\"font-size\":\"desktop:30px;\",\"line-height\":\"\"}' ><h3 style=\"font-weight:normal;color:#000000;\">R\u00e9seaux artistiques et groupes de ressources<\/h3><\/div><\/div>[\/vc_column][\/vc_row][vc_row el_class=\u00a0\u00bbpad-sides about-h3&Prime; css=\u00a0\u00bb.vc_custom_1676645332721{padding-top: 50px !important;padding-bottom: 100px !important;}\u00a0\u00bb][vc_column][vc_single_image image=\u00a0\u00bb27562&Prime; img_size=\u00a0\u00bbfull\u00a0\u00bb alignment=\u00a0\u00bbcenter\u00a0\u00bb][vc_row_inner][vc_column_inner width=\u00a0\u00bb1\/4&Prime;][\/vc_column_inner][vc_column_inner width=\u00a0\u00bb1\/2&Prime;][vc_column_text]Connectez-vous aux r\u00e9seaux, ressources et services artistiques ! Ce r\u00e9pertoire <strong><a href=\"https:\/\/artbridges.ca\/wp-content\/uploads\/2023\/07\/ToileDesArts-Reseaux-et-Ressources-en-Art.pdf\">R\u00e9pertoire des r\u00e9seaux et services<\/a><\/strong> est organis\u00e9 par r\u00e9gion, les groupes nationaux \u00e9tant suivis des groupes r\u00e9gionaux. Cliquez sur le nom du groupe pour visiter son site web.[\/vc_column_text][\/vc_column_inner][vc_column_inner width=\u00a0\u00bb1\/4&Prime;][\/vc_column_inner][\/vc_row_inner][\/vc_column][\/vc_row]<\/p>\n<\/div>","protected":false},"excerpt":{"rendered":"<p>[vc_row bg_type=\u00a0\u00bbimage\u00a0\u00bb parallax_style=\u00a0\u00bbvcpb-default\u00a0\u00bb bg_image_new=\u00a0\u00bbid^3718|url^https:\/\/artbridges.ca\/wp-content\/uploads\/2023\/04\/New-Banner-02.jpg|caption^null|alt^null|title^New-Banner-02|description^null\u00a0\u00bb bg_image_repeat=\u00a0\u00bbno-repeat\u00a0\u00bb el_class=\u00a0\u00bbpad-sides\u00a0\u00bb][vc_column][\/vc_column][\/vc_row][vc_row el_class=\u00a0\u00bbpad-sides about-h3&Prime; css=\u00a0\u00bb.vc_custom_1676553592142{padding-top: 50px !important;}\u00a0\u00bb][vc_column][\/vc_column][\/vc_row][vc_row el_class=\u00a0\u00bbpad-sides about-h3&Prime; css=\u00a0\u00bb.vc_custom_1676645332721{padding-top: 50px !important;padding-bottom: 100px !important;}\u00a0\u00bb][vc_column][vc_single_image image=\u00a0\u00bb27562&Prime; img_size=\u00a0\u00bbfull\u00a0\u00bb alignment=\u00a0\u00bbcenter\u00a0\u00bb][vc_row_inner][vc_column_inner width=\u00a0\u00bb1\/4&Prime;][\/vc_column_inner][vc_column_inner width=\u00a0\u00bb1\/2&Prime;][vc_column_text]Connectez-vous aux r\u00e9seaux, ressources et services artistiques ! Ce r\u00e9pertoire R\u00e9pertoire des r\u00e9seaux et services est organis\u00e9 par r\u00e9gion, les groupes nationaux \u00e9tant suivis des groupes r\u00e9gionaux. Cliquez<\/p>\n<p><a class=\"sd-more sd-all-trans\" href=\"https:\/\/artbridges.ca\/fr\/reseaux-et-services\/#more-27812\">Read More<\/a><\/p>\n","protected":false},"author":1,"featured_media":0,"parent":0,"menu_order":0,"comment_status":"closed","ping_status":"closed","template":"full-width-page.php","meta":{"footnotes":""},"class_list":["post-27812","page","type-page","status-publish","hentry"],"_links":{"self":[{"href":"https:\/\/artbridges.ca\/fr\/wp-json\/wp\/v2\/pages\/27812","targetHints":{"allow":["GET"]}}],"collection":[{"href":"https:\/\/artbridges.ca\/fr\/wp-json\/wp\/v2\/pages"}],"about":[{"href":"https:\/\/artbridges.ca\/fr\/wp-json\/wp\/v2\/types\/page"}],"author":[{"embeddable":true,"href":"https:\/\/artbridges.ca\/fr\/wp-json\/wp\/v2\/users\/1"}],"replies":[{"embeddable":true,"href":"https:\/\/artbridges.ca\/fr\/wp-json\/wp\/v2\/comments?post=27812"}],"version-history":[{"count":4,"href":"https:\/\/artbridges.ca\/fr\/wp-json\/wp\/v2\/pages\/27812\/revisions"}],"predecessor-version":[{"id":28085,"href":"https:\/\/artbridges.ca\/fr\/wp-json\/wp\/v2\/pages\/27812\/revisions\/28085"}],"wp:attachment":[{"href":"https:\/\/artbridges.ca\/fr\/wp-json\/wp\/v2\/media?parent=27812"}],"curies":[{"name":"wp","href":"https:\/\/api.w.org\/{rel}","templated":true}]}}