{"id":27819,"date":"2023-02-16T08:00:41","date_gmt":"2023-02-16T13:00:41","guid":{"rendered":"https:\/\/artbridges.ca\/parrainage\/"},"modified":"2023-07-25T13:52:23","modified_gmt":"2023-07-25T17:52:23","slug":"parrainage","status":"publish","type":"page","link":"https:\/\/artbridges.ca\/fr\/parrainage\/","title":{"rendered":"Parrainage"},"content":{"rendered":"<div class=\"wpb-content-wrapper\"><p>[vc_row bg_type=\u00a0\u00bbimage\u00a0\u00bb parallax_style=\u00a0\u00bbvcpb-default\u00a0\u00bb bg_image_new=\u00a0\u00bbid^3718|url^https:\/\/artbridges.ca\/wp-content\/uploads\/2023\/04\/New-Banner-02.jpg|caption^null|alt^null|title^New-Banner-02|description^null\u00a0\u00bb bg_image_repeat=\u00a0\u00bbno-repeat\u00a0\u00bb el_class=\u00a0\u00bbpad-sides\u00a0\u00bb][vc_column]<div class=\"ult-spacer spacer-69ef24d9ef4e7\" data-id=\"69ef24d9ef4e7\" data-height=\"110\" data-height-mobile=\"50\" data-height-tab=\"\" data-height-tab-portrait=\"\" data-height-mobile-landscape=\"\" style=\"clear:both;display:block;\"><\/div><div id=\"ultimate-heading-467469ef24d9ef53e\" class=\"uvc-heading ult-adjust-bottom-margin ultimate-heading-467469ef24d9ef53e uvc-4513 \" data-hspacer=\"no_spacer\"  data-halign=\"left\" style=\"text-align:left\"><div class=\"uvc-heading-spacer no_spacer\" style=\"top\"><\/div><div class=\"uvc-sub-heading ult-responsive\"  data-ultimate-target='.uvc-heading.ultimate-heading-467469ef24d9ef53e .uvc-sub-heading '  data-responsive-json-new='{\"font-size\":\"desktop:18px;\",\"line-height\":\"desktop:18px;\"}'  style=\"font-family:&#039;Montserrat&#039;;font-weight:700;\"><\/p>\n<p class=\"sd-text-bg-white\">PARRAINAGE<\/p>\n<p><\/div><\/div><div class=\"ult-spacer spacer-69ef24d9ef572\" data-id=\"69ef24d9ef572\" data-height=\"110\" data-height-mobile=\"50\" data-height-tab=\"\" data-height-tab-portrait=\"\" data-height-mobile-landscape=\"\" style=\"clear:both;display:block;\"><\/div>[\/vc_column][\/vc_row][vc_row el_class=\u00a0\u00bbpad-sides about-h3&Prime; css=\u00a0\u00bb.vc_custom_1676553592142{padding-top: 50px !important;}\u00a0\u00bb][vc_column]<div id=\"ultimate-heading-247369ef24d9ef597\" class=\"uvc-heading ult-adjust-bottom-margin ultimate-heading-247369ef24d9ef597 uvc-9814 \" data-hspacer=\"no_spacer\"  data-halign=\"center\" style=\"text-align:center\"><div class=\"uvc-heading-spacer no_spacer\" style=\"top\"><\/div><div class=\"uvc-main-heading ult-responsive\"  data-ultimate-target='.uvc-heading.ultimate-heading-247369ef24d9ef597 h3'  data-responsive-json-new='{\"font-size\":\"desktop:30px;\",\"line-height\":\"\"}' ><h3 style=\"font-weight:normal;color:#000000;\">Parrainer le travail important de<br \/>\nArtBridges\/ ToileDesArts !<\/h3><\/div><\/div>[\/vc_column][\/vc_row][vc_row el_class=\u00a0\u00bbpad-sides volunteer\u00a0\u00bb css=\u00a0\u00bb.vc_custom_1676553604098{padding-top: 30px !important;padding-bottom: 100px !important;}\u00a0\u00bb][vc_column][vc_single_image image=\u00a0\u00bb27583&Prime; img_size=\u00a0\u00bbfull\u00a0\u00bb][vc_column_text]Le talent ne tient pas compte de la g\u00e9ographie ou de l&rsquo;origine ethnique. Il faut trouver les talents et, si possible, les encourager. Mais on peut affirmer que l&rsquo;art, ind\u00e9pendamment du talent ou de l&rsquo;affinit\u00e9, apprend aux enfants qui ils sont et qui ils peuvent \u00eatre.<\/p>\n<p><em><strong>Jennifer Fournier<\/strong>, danseuse principale \u00e0 la retraite du Ballet national du Canada et sympathisante d&rsquo;ArtBridges\/ToileDesArts<\/em><\/p>\n<p>En devenant sponsor aujourd&rsquo;hui, vous devenez partenaire du travail important d&rsquo;ArtBridges\/ToileDesArts. Votre parrainage aidera ArtBridges\/ToileDesArts \u00e0 promouvoir les arts communautaires \u00e0 travers le Canada.[\/vc_column_text]<div id=\"ultimate-heading-971969ef24d9ef641\" class=\"uvc-heading ult-adjust-bottom-margin ultimate-heading-971969ef24d9ef641 uvc-564 \" data-hspacer=\"no_spacer\"  data-halign=\"center\" style=\"text-align:center\"><div class=\"uvc-heading-spacer no_spacer\" style=\"top\"><\/div><div class=\"uvc-main-heading ult-responsive\"  data-ultimate-target='.uvc-heading.ultimate-heading-971969ef24d9ef641 h3'  data-responsive-json-new='{\"font-size\":\"desktop:28px;\",\"line-height\":\"\"}' ><h3 style=\"font-weight:bold;color:#000000;\">Les avantages des arts engag\u00e9s par la communaut\u00e9<\/h3><\/div><\/div><div class=\"ult-spacer spacer-69ef24d9ef673\" data-id=\"69ef24d9ef673\" data-height=\"30\" data-height-mobile=\"30\" data-height-tab=\"30\" data-height-tab-portrait=\"\" data-height-mobile-landscape=\"\" style=\"clear:both;display:block;\"><\/div>[vc_column_text]La cr\u00e9ation artistique, la cr\u00e9ativit\u00e9 et l&rsquo;expression artistique rassemblent les enfants, les jeunes et les adultes dans des studios communautaires qui combinent l&rsquo;\u00e9ducation artistique, l&rsquo;acquisition de comp\u00e9tences pratiques, le d\u00e9veloppement \u00e9conomique et le leadership. Les avantages pour tous sont les suivants : des quartiers plus cr\u00e9atifs et plus dynamiques, une meilleure sant\u00e9 mentale et physique, des communaut\u00e9s plus s\u00fbres, une plus grande r\u00e9ussite dans l&rsquo;\u00e9ducation et l&#8217;emploi, l&rsquo;engagement de la communaut\u00e9 et la revitalisation des quartiers.[\/vc_column_text]<div id=\"ultimate-heading-846169ef24d9ef68a\" class=\"uvc-heading ult-adjust-bottom-margin ultimate-heading-846169ef24d9ef68a uvc-3849 \" data-hspacer=\"no_spacer\"  data-halign=\"center\" style=\"text-align:center\"><div class=\"uvc-heading-spacer no_spacer\" style=\"top\"><\/div><div class=\"uvc-main-heading ult-responsive\"  data-ultimate-target='.uvc-heading.ultimate-heading-846169ef24d9ef68a h3'  data-responsive-json-new='{\"font-size\":\"desktop:28px;\",\"line-height\":\"\"}' ><h3 style=\"font-weight:bold;color:#000000;\">Comment vous pouvez parrainer<\/h3><\/div><\/div><div class=\"ult-spacer spacer-69ef24d9ef6a7\" data-id=\"69ef24d9ef6a7\" data-height=\"30\" data-height-mobile=\"30\" data-height-tab=\"30\" data-height-tab-portrait=\"\" data-height-mobile-landscape=\"\" style=\"clear:both;display:block;\"><\/div>[vc_column_text]Il existe plusieurs possibilit\u00e9s de soutenir les activit\u00e9s d&rsquo;ArtBridges\/ToileDesArts et d&rsquo;associer votre organisation, votre entreprise, votre programme ou votre \u00e9v\u00e9nement avec nous. Vous pouvez choisir de sponsoriser ArtBridges&rsquo; :<\/p>\n<ul>\n<li>Quotidiennement &lsquo;<strong><a href=\"https:\/\/artbridges.ca\/fr\/blog\/\">Blog de la Communaut\u00e9<\/a><\/strong>&lsquo; : Le billet quotidien est envoy\u00e9 aux abonn\u00e9s de tout le Canada par courriel, Twitter et Facebook. Votre parrainage sera mentionn\u00e9 sur chaque message.<\/li>\n<li>Fonctionnalit\u00e9s et activit\u00e9s du site Web, notamment <strong><a href=\"https:\/\/artbridges.ca\/fr\/\">Page d&rsquo;accueil<\/a><\/strong>, <strong><a href=\"https:\/\/artbridges.ca\/community_events\/\">\u00c9v\u00e9nements<\/a><\/strong>Classifieds, <strong><a href=\"https:\/\/artbridges.ca\/fr\/repertoire-de-profils-et-carte-des-arts-communautaires-au-canada\/\">Carte et annuaire<\/a><\/strong>, <strong><a href=\"https:\/\/artbridges.ca\/fr\/apprentissage-et-ressources\/\">Apprentissage et ressources<\/a><\/strong>, <strong><a href=\"https:\/\/artbridges.ca\/fr\/etre-implique\/\">S&rsquo;impliquer<\/a><\/strong> et plus encore. Votre parrainage sera mentionn\u00e9 sur les pages de notre site web.<\/li>\n<li>Bulletin d&rsquo;information bimensuel : Notre lettre d&rsquo;information est envoy\u00e9e \u00e0 des abonn\u00e9s dans tout le Canada. Votre parrainage sera mentionn\u00e9 dans le bulletin d&rsquo;information.<\/li>\n<\/ul>\n<p>Pour toute demande de parrainage, veuillez <a href=\"mailto:info@artbridges.ca\"><strong>envoyer un courriel<\/strong><\/a> afin de pr\u00e9ciser les conditions de votre parrainage.<\/p>\n<p>ArtBridges\/ToileDesArts est un centre pancanadien unique, \u00e9mergent et gratuit pour les initiatives artistiques communautaires. ArtBridges\/ToileDesArts informe et connecte les gens sur les arts communautaires au Canada et sur les avantages des arts pour le changement social.<\/p>\n<p>Pour en savoir plus sur ArtBridges\/ToileDesArts, veuillez envoyer un courriel \u00e0 notre directrice de projet, <strong><a href=\"mailto:info@artbridges.ca\">info@artbridges.ca<\/a><\/strong>[\/vc_column_text][\/vc_column][\/vc_row]<\/p>\n<\/div>","protected":false},"excerpt":{"rendered":"<p>[vc_row bg_type=\u00a0\u00bbimage\u00a0\u00bb parallax_style=\u00a0\u00bbvcpb-default\u00a0\u00bb bg_image_new=\u00a0\u00bbid^3718|url^https:\/\/artbridges.ca\/wp-content\/uploads\/2023\/04\/New-Banner-02.jpg|caption^null|alt^null|title^New-Banner-02|description^null\u00a0\u00bb bg_image_repeat=\u00a0\u00bbno-repeat\u00a0\u00bb el_class=\u00a0\u00bbpad-sides\u00a0\u00bb][vc_column][\/vc_column][\/vc_row][vc_row el_class=\u00a0\u00bbpad-sides about-h3&Prime; css=\u00a0\u00bb.vc_custom_1676553592142{padding-top: 50px !important;}\u00a0\u00bb][vc_column][\/vc_column][\/vc_row][vc_row el_class=\u00a0\u00bbpad-sides volunteer\u00a0\u00bb css=\u00a0\u00bb.vc_custom_1676553604098{padding-top: 30px !important;padding-bottom: 100px !important;}\u00a0\u00bb][vc_column][vc_single_image image=\u00a0\u00bb27583&Prime; img_size=\u00a0\u00bbfull\u00a0\u00bb][vc_column_text]Le talent ne tient pas compte de la g\u00e9ographie ou de l&rsquo;origine ethnique. Il faut trouver les talents et, si possible, les encourager. Mais on peut affirmer que l&rsquo;art, ind\u00e9pendamment du<\/p>\n<p><a class=\"sd-more sd-all-trans\" href=\"https:\/\/artbridges.ca\/fr\/parrainage\/#more-27819\">Read More<\/a><\/p>\n","protected":false},"author":1,"featured_media":0,"parent":0,"menu_order":0,"comment_status":"closed","ping_status":"closed","template":"full-width-page.php","meta":{"footnotes":""},"class_list":["post-27819","page","type-page","status-publish","hentry"],"_links":{"self":[{"href":"https:\/\/artbridges.ca\/fr\/wp-json\/wp\/v2\/pages\/27819","targetHints":{"allow":["GET"]}}],"collection":[{"href":"https:\/\/artbridges.ca\/fr\/wp-json\/wp\/v2\/pages"}],"about":[{"href":"https:\/\/artbridges.ca\/fr\/wp-json\/wp\/v2\/types\/page"}],"author":[{"embeddable":true,"href":"https:\/\/artbridges.ca\/fr\/wp-json\/wp\/v2\/users\/1"}],"replies":[{"embeddable":true,"href":"https:\/\/artbridges.ca\/fr\/wp-json\/wp\/v2\/comments?post=27819"}],"version-history":[{"count":14,"href":"https:\/\/artbridges.ca\/fr\/wp-json\/wp\/v2\/pages\/27819\/revisions"}],"predecessor-version":[{"id":28056,"href":"https:\/\/artbridges.ca\/fr\/wp-json\/wp\/v2\/pages\/27819\/revisions\/28056"}],"wp:attachment":[{"href":"https:\/\/artbridges.ca\/fr\/wp-json\/wp\/v2\/media?parent=27819"}],"curies":[{"name":"wp","href":"https:\/\/api.w.org\/{rel}","templated":true}]}}