{"id":27822,"date":"2023-02-17T09:34:30","date_gmt":"2023-02-17T14:34:30","guid":{"rendered":"https:\/\/artbridges.ca\/parrainage-2\/"},"modified":"2023-07-01T11:08:29","modified_gmt":"2023-07-01T15:08:29","slug":"parrainage-2","status":"publish","type":"page","link":"https:\/\/artbridges.ca\/fr\/parrainage-2\/","title":{"rendered":"Parrainage"},"content":{"rendered":"<div class=\"wpb-content-wrapper\"><p>[vc_row bg_type=\u00a0\u00bbimage\u00a0\u00bb parallax_style=\u00a0\u00bbvcpb-default\u00a0\u00bb bg_image_new=\u00a0\u00bbid^3718|url^https:\/\/artbridges.ca\/wp-content\/uploads\/2023\/04\/New-Banner-02.jpg|caption^null|alt^null|title^New-Banner-02|description^null\u00a0\u00bb bg_image_repeat=\u00a0\u00bbno-repeat\u00a0\u00bb el_class=\u00a0\u00bbpad-sides\u00a0\u00bb][vc_column]<div class=\"ult-spacer spacer-69ef22798087f\" data-id=\"69ef22798087f\" data-height=\"110\" data-height-mobile=\"50\" data-height-tab=\"\" data-height-tab-portrait=\"\" data-height-mobile-landscape=\"\" style=\"clear:both;display:block;\"><\/div><div id=\"ultimate-heading-866369ef2279808d4\" class=\"uvc-heading ult-adjust-bottom-margin ultimate-heading-866369ef2279808d4 uvc-3504 \" data-hspacer=\"no_spacer\"  data-halign=\"left\" style=\"text-align:left\"><div class=\"uvc-heading-spacer no_spacer\" style=\"top\"><\/div><div class=\"uvc-sub-heading ult-responsive\"  data-ultimate-target='.uvc-heading.ultimate-heading-866369ef2279808d4 .uvc-sub-heading '  data-responsive-json-new='{\"font-size\":\"desktop:18px;\",\"line-height\":\"desktop:18px;\"}'  style=\"font-family:&#039;Montserrat&#039;;font-weight:700;\"><\/p>\n<p class=\"sd-text-bg-white\">PARRAINAGE<\/p>\n<p><\/div><\/div><div class=\"ult-spacer spacer-69ef227980918\" data-id=\"69ef227980918\" data-height=\"110\" data-height-mobile=\"50\" data-height-tab=\"\" data-height-tab-portrait=\"\" data-height-mobile-landscape=\"\" style=\"clear:both;display:block;\"><\/div>[\/vc_column][\/vc_row][vc_row el_class=\u00a0\u00bbpad-sides about-h3&Prime; css=\u00a0\u00bb.vc_custom_1676553592142{padding-top: 50px !important;}\u00a0\u00bb][vc_column]<div id=\"ultimate-heading-612669ef227980932\" class=\"uvc-heading ult-adjust-bottom-margin ultimate-heading-612669ef227980932 uvc-4518 \" data-hspacer=\"no_spacer\"  data-halign=\"center\" style=\"text-align:center\"><div class=\"uvc-heading-spacer no_spacer\" style=\"top\"><\/div><div class=\"uvc-main-heading ult-responsive\"  data-ultimate-target='.uvc-heading.ultimate-heading-612669ef227980932 h3'  data-responsive-json-new='{\"font-size\":\"desktop:30px;\",\"line-height\":\"\"}' ><h3 style=\"font-weight:normal;color:#000000;\">Faire un don ou parrainer ArtBridges\/ToileDesArts<\/h3><\/div><\/div>[\/vc_column][\/vc_row][vc_row el_class=\u00a0\u00bbpad-sides volunteer\u00a0\u00bb css=\u00a0\u00bb.vc_custom_1676553900202{padding-top: 50px !important;}\u00a0\u00bb][vc_column width=\u00a0\u00bb1\/3&Prime;][vc_single_image image=\u00a0\u00bb27562&Prime; img_size=\u00a0\u00bbfull\u00a0\u00bb alignment=\u00a0\u00bbcenter\u00a0\u00bb][\/vc_column][vc_column width=\u00a0\u00bb2\/3&Prime;][vc_column_text]Cette section vous aidera \u00e0 d\u00e9couvrir comment faire un don ou un parrainage \u00e0 ArtBridges\/ToileDesArts et la valeur de votre soutien.[\/vc_column_text]<div id=\"ultimate-heading-467469ef227980971\" class=\"uvc-heading ult-adjust-bottom-margin ultimate-heading-467469ef227980971 uvc-1864 \" data-hspacer=\"no_spacer\"  data-halign=\"center\" style=\"text-align:center\"><div class=\"uvc-heading-spacer no_spacer\" style=\"top\"><\/div><div class=\"uvc-main-heading ult-responsive\"  data-ultimate-target='.uvc-heading.ultimate-heading-467469ef227980971 h3'  data-responsive-json-new='{\"font-size\":\"desktop:28px;\",\"line-height\":\"\"}' ><h3 style=\"font-weight:bold;color:#000000;\">Ce que fait ArtBridges\/ToileDesArts<\/h3><\/div><\/div><div class=\"ult-spacer spacer-69ef227980991\" data-id=\"69ef227980991\" data-height=\"30\" data-height-mobile=\"30\" data-height-tab=\"30\" data-height-tab-portrait=\"\" data-height-mobile-landscape=\"\" style=\"clear:both;display:block;\"><\/div>[vc_column_text]<\/p>\n<ul>\n<li>Informer le public sur les arts engag\u00e9s par la communaut\u00e9 et sur les avantages des arts pour le changement social au Canada.<\/li>\n<li>Met les gens en contact avec des initiatives, des \u00e9v\u00e9nements et des opportunit\u00e9s dans le domaine des arts communautaires.<\/li>\n<li>Fournit un centre gratuit, \u00e0 l&rsquo;\u00e9chelle du Canada, pour les initiatives artistiques engag\u00e9es par la communaut\u00e9<\/li>\n<li>Contribue \u00e0 am\u00e9liorer l&rsquo;acc\u00e8s aux arts et \u00e0 la cr\u00e9ation artistique pour les Canadiens vivant dans des communaut\u00e9s isol\u00e9es, sous-\u00e9quip\u00e9es ou mal desservies.<\/li>\n<\/ul>\n<p>[\/vc_column_text][\/vc_column][\/vc_row][vc_row el_class=\u00a0\u00bbpad-sides about-h3&Prime; css=\u00a0\u00bb.vc_custom_1676644624155{padding-top: 50px !important;}\u00a0\u00bb][vc_column]<div id=\"ultimate-heading-759969ef2279809a6\" class=\"uvc-heading ult-adjust-bottom-margin ultimate-heading-759969ef2279809a6 uvc-4996 \" data-hspacer=\"no_spacer\"  data-halign=\"left\" style=\"text-align:left\"><div class=\"uvc-heading-spacer no_spacer\" style=\"top\"><\/div><div class=\"uvc-main-heading ult-responsive\"  data-ultimate-target='.uvc-heading.ultimate-heading-759969ef2279809a6 h3'  data-responsive-json-new='{\"font-size\":\"desktop:30px;\",\"line-height\":\"\"}' ><h3 style=\"font-weight:normal;color:#000000;\">D\u00e9couvrez comment soutenir le travail important d&#039;ArtBridges\/ToileDesArts :<\/h3><\/div><\/div>[\/vc_column][\/vc_row][vc_row el_class=\u00a0\u00bbred-back-head pad-sides get-involved\u00a0\u00bb css=\u00a0\u00bb.vc_custom_1676645048138{padding-top: 50px !important;padding-bottom: 100px !important;}\u00a0\u00bb][vc_column width=\u00a0\u00bb1\/3&Prime;]<span id=\"creative-link-wrap-1198\" class=\"ult_main_cl ult-adjust-bottom-margin cstm-link-anchor \" >\n\t \t\t\t<span class=\"  ult_crlink\" >\n\t\t\t\t\t<a  data-ultimate-target='#creative-link-wrap-1198 .ult_colorlink'  data-responsive-json-new='{\"font-size\":\"\",\"line-height\":\"\"}'  href=\"https:\/\/artbridges.ca\/getinvolved_donate\/\" target=\"_blank\" rel=\"noopener\"  class=\"ult_colorlink ult-responsive \" style=\"font-weight:normal; \"  data-textcolor=\"#333333\" data-texthover=\"#333333\"data-style=\"\">\n\t\t\t\t\t\t\n\t\t\t\t\t\t<span data-hover=\"lien ici\" style=\"color:#333333;;;\" class=\"ult_btn10_span   \">lien ici<\/span>\n\t\t\t\t\t\t\n\t\t\t\t\t<\/a>\n\t\t\t\t<\/span>\n\t\t\t<\/span><div id=\"ultimate-heading-317969ef227980b7e\" class=\"uvc-heading ult-adjust-bottom-margin ultimate-heading-317969ef227980b7e uvc-5041 red-back-main-head get-involved\" data-hspacer=\"image_only\"  data-halign=\"left\" style=\"text-align:left\"><div class=\"uvc-heading-spacer image_only\" style=\"top\"><img decoding=\"async\" src=\"https:\/\/artbridges.ca\/wp-content\/uploads\/2023\/02\/Layer-17.png\" class=\"ultimate-headings-icon-image\" alt=\"null\" style=\"width:48px\"\/><\/div><div class=\"uvc-main-heading ult-responsive\"  data-ultimate-target='.uvc-heading.ultimate-heading-317969ef227980b7e h2'  data-responsive-json-new='{\"font-size\":\"desktop:18px;\",\"line-height\":\"\"}' ><h2 style=\"font-weight:bold;color:#ffffff;\">DONNER<\/h2><\/div><\/div><div id=\"ultimate-heading-801369ef227980bbf\" class=\"uvc-heading ult-adjust-bottom-margin ultimate-heading-801369ef227980bbf uvc-7267 red-back-sub-head sponsorship\" data-hspacer=\"no_spacer\"  data-halign=\"left\" style=\"text-align:left\"><div class=\"uvc-heading-spacer no_spacer\" style=\"top\"><\/div><div class=\"uvc-sub-heading ult-responsive\"  data-ultimate-target='.uvc-heading.ultimate-heading-801369ef227980bbf .uvc-sub-heading '  data-responsive-json-new='{\"font-size\":\"\",\"line-height\":\"\"}'  style=\"font-weight:normal;\">Vous pouvez avoir un impact ! ArtBridges\/ToileDesArts a besoin de votre aide pour encourager les arts communautaires \u00e0 travers le Canada. Voici comment vous pouvez faire un don de charit\u00e9.<\/div><\/div>[\/vc_column][vc_column width=\u00a0\u00bb1\/3&Prime;]<span id=\"creative-link-wrap-8377\" class=\"ult_main_cl ult-adjust-bottom-margin cstm-link-anchor \" >\n\t \t\t\t<span class=\"  ult_crlink\" >\n\t\t\t\t\t<a  data-ultimate-target='#creative-link-wrap-8377 .ult_colorlink'  data-responsive-json-new='{\"font-size\":\"\",\"line-height\":\"\"}'  href=\"https:\/\/artbridges.ca\/donate_sponsorship\/\" target=\"_blank\" rel=\"noopener\"  class=\"ult_colorlink ult-responsive \" style=\"font-weight:normal; \"  data-textcolor=\"#333333\" data-texthover=\"#333333\"data-style=\"\">\n\t\t\t\t\t\t\n\t\t\t\t\t\t<span data-hover=\"lien ici\" style=\"color:#333333;;;\" class=\"ult_btn10_span   \">lien ici<\/span>\n\t\t\t\t\t\t\n\t\t\t\t\t<\/a>\n\t\t\t\t<\/span>\n\t\t\t<\/span><div id=\"ultimate-heading-902769ef227980c46\" class=\"uvc-heading ult-adjust-bottom-margin ultimate-heading-902769ef227980c46 uvc-160 red-back-main-head get-involved\" data-hspacer=\"image_only\"  data-halign=\"left\" style=\"text-align:left\"><div class=\"uvc-heading-spacer image_only\" style=\"top\"><img decoding=\"async\" src=\"https:\/\/artbridges.ca\/wp-content\/uploads\/2023\/02\/Layer-17.png\" class=\"ultimate-headings-icon-image\" alt=\"null\" style=\"width:48px\"\/><\/div><div class=\"uvc-main-heading ult-responsive\"  data-ultimate-target='.uvc-heading.ultimate-heading-902769ef227980c46 h2'  data-responsive-json-new='{\"font-size\":\"desktop:18px;\",\"line-height\":\"\"}' ><h2 style=\"font-weight:bold;color:#ffffff;\">Parrainage<\/h2><\/div><\/div><div id=\"ultimate-heading-816269ef227980c6d\" class=\"uvc-heading ult-adjust-bottom-margin ultimate-heading-816269ef227980c6d uvc-2555 red-back-sub-head sponsorship\" data-hspacer=\"no_spacer\"  data-halign=\"left\" style=\"text-align:left\"><div class=\"uvc-heading-spacer no_spacer\" style=\"top\"><\/div><div class=\"uvc-sub-heading ult-responsive\"  data-ultimate-target='.uvc-heading.ultimate-heading-816269ef227980c6d .uvc-sub-heading '  data-responsive-json-new='{\"font-size\":\"\",\"line-height\":\"\"}'  style=\"font-weight:normal;\">Sponsoriser les activit\u00e9s d&rsquo;ArtBridges\/ToileDesArts et associer votre organisation, votre entreprise, votre programme ou votre \u00e9v\u00e9nement avec nous.<\/div><\/div>[\/vc_column][vc_column width=\u00a0\u00bb1\/3&Prime;]<span id=\"creative-link-wrap-6089\" class=\"ult_main_cl ult-adjust-bottom-margin cstm-link-anchor \" >\n\t \t\t\t<span class=\"  ult_crlink\" >\n\t\t\t\t\t<a  data-ultimate-target='#creative-link-wrap-6089 .ult_colorlink'  data-responsive-json-new='{\"font-size\":\"\",\"line-height\":\"\"}'  href=\"https:\/\/artbridges.ca\/acknowledgement\/\" target=\"_blank\" rel=\"noopener\"  class=\"ult_colorlink ult-responsive \" style=\"font-weight:normal; \"  data-textcolor=\"#333333\" data-texthover=\"#333333\"data-style=\"\">\n\t\t\t\t\t\t\n\t\t\t\t\t\t<span data-hover=\"lien ici\" style=\"color:#333333;;;\" class=\"ult_btn10_span   \">lien ici<\/span>\n\t\t\t\t\t\t\n\t\t\t\t\t<\/a>\n\t\t\t\t<\/span>\n\t\t\t<\/span><div id=\"ultimate-heading-81669ef227980ccb\" class=\"uvc-heading ult-adjust-bottom-margin ultimate-heading-81669ef227980ccb uvc-3904 red-back-main-head get-involved\" data-hspacer=\"image_only\"  data-halign=\"left\" style=\"text-align:left\"><div class=\"uvc-heading-spacer image_only\" style=\"top\"><img decoding=\"async\" src=\"https:\/\/artbridges.ca\/wp-content\/uploads\/2023\/02\/Layer-17.png\" class=\"ultimate-headings-icon-image\" alt=\"null\" style=\"width:48px\"\/><\/div><div class=\"uvc-main-heading ult-responsive\"  data-ultimate-target='.uvc-heading.ultimate-heading-81669ef227980ccb h2'  data-responsive-json-new='{\"font-size\":\"desktop:18px;\",\"line-height\":\"\"}' ><h2 style=\"font-weight:bold;color:#ffffff;\">En savoir plus sur nos g\u00e9n\u00e9reux donateurs<\/h2><\/div><\/div><div id=\"ultimate-heading-191469ef227980cf8\" class=\"uvc-heading ult-adjust-bottom-margin ultimate-heading-191469ef227980cf8 uvc-9847 red-back-sub-head sponsorship\" data-hspacer=\"no_spacer\"  data-halign=\"left\" style=\"text-align:left\"><div class=\"uvc-heading-spacer no_spacer\" style=\"top\"><\/div><div class=\"uvc-sub-heading ult-responsive\"  data-ultimate-target='.uvc-heading.ultimate-heading-191469ef227980cf8 .uvc-sub-heading '  data-responsive-json-new='{\"font-size\":\"\",\"line-height\":\"\"}'  style=\"font-weight:normal;\">En savoir plus sur nos g\u00e9n\u00e9reux donateurs. Ils sont des partenaires essentiels pour le travail important et la durabilit\u00e9 d&rsquo;ArtBridges\/ToileDesArts.<\/div><\/div>[\/vc_column][\/vc_row]<\/p>\n<\/div>","protected":false},"excerpt":{"rendered":"<p>[vc_row bg_type=\u00a0\u00bbimage\u00a0\u00bb parallax_style=\u00a0\u00bbvcpb-default\u00a0\u00bb bg_image_new=\u00a0\u00bbid^3718|url^https:\/\/artbridges.ca\/wp-content\/uploads\/2023\/04\/New-Banner-02.jpg|caption^null|alt^null|title^New-Banner-02|description^null\u00a0\u00bb bg_image_repeat=\u00a0\u00bbno-repeat\u00a0\u00bb el_class=\u00a0\u00bbpad-sides\u00a0\u00bb][vc_column][\/vc_column][\/vc_row][vc_row el_class=\u00a0\u00bbpad-sides about-h3&Prime; css=\u00a0\u00bb.vc_custom_1676553592142{padding-top: 50px !important;}\u00a0\u00bb][vc_column][\/vc_column][\/vc_row][vc_row el_class=\u00a0\u00bbpad-sides volunteer\u00a0\u00bb css=\u00a0\u00bb.vc_custom_1676553900202{padding-top: 50px !important;}\u00a0\u00bb][vc_column width=\u00a0\u00bb1\/3&Prime;][vc_single_image image=\u00a0\u00bb27562&Prime; img_size=\u00a0\u00bbfull\u00a0\u00bb alignment=\u00a0\u00bbcenter\u00a0\u00bb][\/vc_column][vc_column width=\u00a0\u00bb2\/3&Prime;][vc_column_text]Cette section vous aidera \u00e0 d\u00e9couvrir comment faire un don ou un parrainage \u00e0 ArtBridges\/ToileDesArts et la valeur de votre soutien.[\/vc_column_text][vc_column_text] Informer le public sur les arts engag\u00e9s par la<\/p>\n<p><a class=\"sd-more sd-all-trans\" href=\"https:\/\/artbridges.ca\/fr\/parrainage-2\/#more-27822\">Read More<\/a><\/p>\n","protected":false},"author":1,"featured_media":0,"parent":0,"menu_order":0,"comment_status":"closed","ping_status":"closed","template":"full-width-page.php","meta":{"footnotes":""},"class_list":["post-27822","page","type-page","status-publish","hentry"],"_links":{"self":[{"href":"https:\/\/artbridges.ca\/fr\/wp-json\/wp\/v2\/pages\/27822","targetHints":{"allow":["GET"]}}],"collection":[{"href":"https:\/\/artbridges.ca\/fr\/wp-json\/wp\/v2\/pages"}],"about":[{"href":"https:\/\/artbridges.ca\/fr\/wp-json\/wp\/v2\/types\/page"}],"author":[{"embeddable":true,"href":"https:\/\/artbridges.ca\/fr\/wp-json\/wp\/v2\/users\/1"}],"replies":[{"embeddable":true,"href":"https:\/\/artbridges.ca\/fr\/wp-json\/wp\/v2\/comments?post=27822"}],"version-history":[{"count":2,"href":"https:\/\/artbridges.ca\/fr\/wp-json\/wp\/v2\/pages\/27822\/revisions"}],"predecessor-version":[{"id":27839,"href":"https:\/\/artbridges.ca\/fr\/wp-json\/wp\/v2\/pages\/27822\/revisions\/27839"}],"wp:attachment":[{"href":"https:\/\/artbridges.ca\/fr\/wp-json\/wp\/v2\/media?parent=27822"}],"curies":[{"name":"wp","href":"https:\/\/api.w.org\/{rel}","templated":true}]}}