{"id":27826,"date":"2015-07-30T14:47:00","date_gmt":"2015-07-30T18:47:00","guid":{"rendered":"https:\/\/artbridges.ca\/a-propos-de-nous\/"},"modified":"2023-07-25T10:45:15","modified_gmt":"2023-07-25T14:45:15","slug":"a-propos-de-nous","status":"publish","type":"page","link":"https:\/\/artbridges.ca\/fr\/a-propos-de-nous\/","title":{"rendered":"\u00c0 PROPOS DE NOUS"},"content":{"rendered":"<div class=\"wpb-content-wrapper\"><p>[vc_row bg_type=\u00a0\u00bbimage\u00a0\u00bb parallax_style=\u00a0\u00bbvcpb-default\u00a0\u00bb bg_image_new=\u00a0\u00bbid^3718|url^https:\/\/artbridges.ca\/wp-content\/uploads\/2023\/04\/New-Banner-02.jpg|caption^null|alt^null|title^New-Banner-02|description^null\u00a0\u00bb bg_image_repeat=\u00a0\u00bbno-repeat\u00a0\u00bb el_class=\u00a0\u00bbpad-sides\u00a0\u00bb][vc_column]<div class=\"ult-spacer spacer-69ef1ffd3b905\" data-id=\"69ef1ffd3b905\" data-height=\"110\" data-height-mobile=\"50\" data-height-tab=\"\" data-height-tab-portrait=\"\" data-height-mobile-landscape=\"\" style=\"clear:both;display:block;\"><\/div><div id=\"ultimate-heading-930969ef1ffd3b967\" class=\"uvc-heading ult-adjust-bottom-margin ultimate-heading-930969ef1ffd3b967 uvc-5785 \" data-hspacer=\"no_spacer\"  data-halign=\"left\" style=\"text-align:left\"><div class=\"uvc-heading-spacer no_spacer\" style=\"top\"><\/div><div class=\"uvc-sub-heading ult-responsive\"  data-ultimate-target='.uvc-heading.ultimate-heading-930969ef1ffd3b967 .uvc-sub-heading '  data-responsive-json-new='{\"font-size\":\"desktop:18px;\",\"line-height\":\"desktop:18px;\"}'  style=\"font-family:&#039;Montserrat&#039;;font-weight:700;\"><\/p>\n<p class=\"sd-text-bg-white\">\u00c0 PROPOS DE NOUS<\/p>\n<p><\/div><\/div><div class=\"ult-spacer spacer-69ef1ffd3b9ad\" data-id=\"69ef1ffd3b9ad\" data-height=\"110\" data-height-mobile=\"50\" data-height-tab=\"\" data-height-tab-portrait=\"\" data-height-mobile-landscape=\"\" style=\"clear:both;display:block;\"><\/div>[\/vc_column][\/vc_row][vc_row el_class=\u00a0\u00bbpad-sides about-h3&Prime; css=\u00a0\u00bb.vc_custom_1676038691512{padding-top: 50px !important;padding-bottom: 30px !important;}\u00a0\u00bb][vc_column]<div id=\"ultimate-heading-904269ef1ffd3b9da\" class=\"uvc-heading ult-adjust-bottom-margin ultimate-heading-904269ef1ffd3b9da uvc-5634 \" data-hspacer=\"no_spacer\"  data-halign=\"center\" style=\"text-align:center\"><div class=\"uvc-heading-spacer no_spacer\" style=\"top\"><\/div><div class=\"uvc-main-heading ult-responsive\"  data-ultimate-target='.uvc-heading.ultimate-heading-904269ef1ffd3b9da h3'  data-responsive-json-new='{\"font-size\":\"desktop:34px;\",\"line-height\":\"\"}' ><h3 style=\"font-weight:normal;color:#000000;\">\u00c0 propos d&#039;ArtBridges - Un carrefour pour la communaut\u00e9<br \/>\nLes arts engag\u00e9s au Canada<\/h3><\/div><\/div><div class=\"ult-spacer spacer-69ef1ffd3ba84\" data-id=\"69ef1ffd3ba84\" data-height=\"30\" data-height-mobile=\"30\" data-height-tab=\"30\" data-height-tab-portrait=\"\" data-height-mobile-landscape=\"\" style=\"clear:both;display:block;\"><\/div>[vc_row_inner][vc_column_inner width=\u00a0\u00bb1\/4&Prime;][\/vc_column_inner][vc_column_inner width=\u00a0\u00bb1\/2&Prime;][vc_column_text]Cette section vous permettra d&rsquo;en savoir plus sur ArtBridges &#8211; ce que nous faisons actuellement, pourquoi nous le faisons, qui fait partie de l&rsquo;\u00e9quipe et notre histoire.[\/vc_column_text][\/vc_column_inner][vc_column_inner width=\u00a0\u00bb1\/4&Prime;][\/vc_column_inner][\/vc_row_inner][\/vc_column][\/vc_row][vc_row el_class=\u00a0\u00bbpad-sides about-h3&Prime;][vc_column]<div id=\"ultimate-heading-236069ef1ffd3ba9e\" class=\"uvc-heading ult-adjust-bottom-margin ultimate-heading-236069ef1ffd3ba9e uvc-3639 \" data-hspacer=\"no_spacer\"  data-halign=\"left\" style=\"text-align:left\"><div class=\"uvc-heading-spacer no_spacer\" style=\"top\"><\/div><div class=\"uvc-main-heading ult-responsive\"  data-ultimate-target='.uvc-heading.ultimate-heading-236069ef1ffd3ba9e h3'  data-responsive-json-new='{\"font-size\":\"desktop:28px;\",\"line-height\":\"\"}' ><h3 style=\"font-weight:normal;color:#000000;\">Ce que fait ArtBridges\/ToileDesArts<\/h3><\/div><\/div><div class=\"ult-spacer spacer-69ef1ffd3bac5\" data-id=\"69ef1ffd3bac5\" data-height=\"30\" data-height-mobile=\"30\" data-height-tab=\"30\" data-height-tab-portrait=\"\" data-height-mobile-landscape=\"\" style=\"clear:both;display:block;\"><\/div>[\/vc_column][\/vc_row][vc_row content_placement=\u00a0\u00bbmiddle\u00a0\u00bb el_class=\u00a0\u00bbpad-sides icon-row\u00a0\u00bb css=\u00a0\u00bb.vc_custom_1676041061112{padding-bottom: 50px !important;}\u00a0\u00bb][vc_column width=\u00a0\u00bb1\/2&Prime;][vc_row_inner content_placement=\u00a0\u00bbmiddle\u00a0\u00bb][vc_column_inner width=\u00a0\u00bb1\/6&Prime;][vc_single_image image=\u00a0\u00bb27548&Prime; img_size=\u00a0\u00bbfull\u00a0\u00bb][\/vc_column_inner][vc_column_inner width=\u00a0\u00bb5\/6&Prime;][vc_column_text]Informer le public sur les arts engag\u00e9s par la communaut\u00e9 et sur les avantages des arts pour le changement social au Canada.[\/vc_column_text][\/vc_column_inner][\/vc_row_inner][vc_row_inner content_placement=\u00a0\u00bbmiddle\u00a0\u00bb][vc_column_inner width=\u00a0\u00bb1\/6&Prime;][vc_single_image image=\u00a0\u00bb27550&Prime; img_size=\u00a0\u00bbfull\u00a0\u00bb][\/vc_column_inner][vc_column_inner width=\u00a0\u00bb5\/6&Prime;][vc_column_text]Fournit un centre gratuit, \u00e0 l&rsquo;\u00e9chelle du Canada, pour les initiatives artistiques engag\u00e9es par la communaut\u00e9[\/vc_column_text][\/vc_column_inner][\/vc_row_inner][\/vc_column][vc_column width=\u00a0\u00bb1\/2&Prime;][vc_row_inner content_placement=\u00a0\u00bbmiddle\u00a0\u00bb][vc_column_inner width=\u00a0\u00bb1\/6&Prime;][vc_single_image image=\u00a0\u00bb27549&Prime; img_size=\u00a0\u00bbfull\u00a0\u00bb][\/vc_column_inner][vc_column_inner width=\u00a0\u00bb5\/6&Prime;][vc_column_text]Met les gens en contact avec des initiatives, des \u00e9v\u00e9nements et des opportunit\u00e9s dans le domaine des arts communautaires.[\/vc_column_text][\/vc_column_inner][\/vc_row_inner][vc_row_inner content_placement=\u00a0\u00bbmiddle\u00a0\u00bb][vc_column_inner width=\u00a0\u00bb1\/6&Prime;][vc_single_image image=\u00a0\u00bb27551&Prime; img_size=\u00a0\u00bbfull\u00a0\u00bb][\/vc_column_inner][vc_column_inner width=\u00a0\u00bb5\/6&Prime;][vc_column_text]Contribue \u00e0 am\u00e9liorer l&rsquo;acc\u00e8s aux arts et \u00e0 la cr\u00e9ation artistique pour les Canadiens vivant dans des communaut\u00e9s isol\u00e9es, sous-\u00e9quip\u00e9es ou mal desservies.[\/vc_column_text][\/vc_column_inner][\/vc_row_inner][\/vc_column][\/vc_row][vc_row el_class=\u00a0\u00bbpad-sides icon-row\u00a0\u00bb css=\u00a0\u00bb.vc_custom_1676041307710{padding-bottom: 60px !important;}\u00a0\u00bb][vc_column width=\u00a0\u00bb1\/3&Prime;]<div id=\"ultimate-heading-675669ef1ffd3badb\" class=\"uvc-heading ult-adjust-bottom-margin ultimate-heading-675669ef1ffd3badb uvc-6345 \" data-hspacer=\"no_spacer\"  data-halign=\"left\" style=\"text-align:left\"><div class=\"uvc-heading-spacer no_spacer\" style=\"top\"><\/div><div class=\"uvc-main-heading ult-responsive\"  data-ultimate-target='.uvc-heading.ultimate-heading-675669ef1ffd3badb h2'  data-responsive-json-new='{\"font-size\":\"desktop:24px;\",\"line-height\":\"\"}' ><h2 style=\"font-weight:bold;color:#000000;\">Nos actitiv\u00e9s<\/h2><\/div><\/div>[vc_column_text css=\u00a0\u00bb.vc_custom_1676041578427{margin-bottom: 20px !important;}\u00a0\u00bb]D\u00e9couvrez les objectifs g\u00e9n\u00e9raux d&rsquo;ArtBridges et les activit\u00e9s sp\u00e9cifiques en cours.[\/vc_column_text][vc_raw_html]JTNDYSUyMGhyZWYlM0QlMjJodHRwcyUzQSUyRiUyRmFydGJyaWRnZXMuY2ElMkZmciUyRm5vcy1hY3RpdGl2ZXMlMkYlMjIlM0VMaXJlJTIwbGElMjBzdWl0ZSUyMCUzQ2ltZyUyMHNyYyUzRCUyMmh0dHBzJTNBJTJGJTJGYXJ0YnJpZGdlcy5jYSUyRndwLWNvbnRlbnQlMkZ1cGxvYWRzJTJGMjAyMyUyRjAyJTJGRG93bmxvYWQtMS5wbmclMjIlM0UlM0MlMkZhJTNF[\/vc_raw_html][\/vc_column][vc_column width=\u00a0\u00bb1\/3&Prime;]<div id=\"ultimate-heading-725769ef1ffd3bafe\" class=\"uvc-heading ult-adjust-bottom-margin ultimate-heading-725769ef1ffd3bafe uvc-4266 \" data-hspacer=\"no_spacer\"  data-halign=\"left\" style=\"text-align:left\"><div class=\"uvc-heading-spacer no_spacer\" style=\"top\"><\/div><div class=\"uvc-main-heading ult-responsive\"  data-ultimate-target='.uvc-heading.ultimate-heading-725769ef1ffd3bafe h2'  data-responsive-json-new='{\"font-size\":\"desktop:24px;\",\"line-height\":\"\"}' ><h2 style=\"font-weight:bold;color:#000000;\">POURQUOI NOUS LE FAISONS<\/h2><\/div><\/div>[vc_column_text css=\u00a0\u00bb.vc_custom_1676041584394{margin-bottom: 20px !important;}\u00a0\u00bb]D\u00e9couvrez les objectifs g\u00e9n\u00e9raux d&rsquo;ArtBridges et les activit\u00e9s sp\u00e9cifiques en cours.[\/vc_column_text][vc_raw_html]JTNDYSUyMGhyZWYlM0QlMjJodHRwcyUzQSUyRiUyRmFydGJyaWRnZXMuY2ElMkZmciUyRnBvdXJxdW9pLW5vdXMtbGUtZmFpc29ucyUyRiUyMiUzRUxpcmUlMjBsYSUyMHN1aXRlJTIwJTNDaW1nJTIwc3JjJTNEJTIyaHR0cHMlM0ElMkYlMkZhcnRicmlkZ2VzLmNhJTJGd3AtY29udGVudCUyRnVwbG9hZHMlMkYyMDIzJTJGMDIlMkZEb3dubG9hZC0xLnBuZyUyMiUzRSUzQyUyRmElM0U=[\/vc_raw_html][\/vc_column][vc_column width=\u00a0\u00bb1\/3&Prime;]<div id=\"ultimate-heading-623569ef1ffd3bb1c\" class=\"uvc-heading ult-adjust-bottom-margin ultimate-heading-623569ef1ffd3bb1c uvc-2666 \" data-hspacer=\"no_spacer\"  data-halign=\"left\" style=\"text-align:left\"><div class=\"uvc-heading-spacer no_spacer\" style=\"top\"><\/div><div class=\"uvc-main-heading ult-responsive\"  data-ultimate-target='.uvc-heading.ultimate-heading-623569ef1ffd3bb1c h2'  data-responsive-json-new='{\"font-size\":\"desktop:24px;\",\"line-height\":\"\"}' ><h2 style=\"font-weight:bold;color:#000000;\">L&#039;histoire d&#039;ArtBridges<\/h2><\/div><\/div>[vc_column_text css=\u00a0\u00bb.vc_custom_1676041589602{margin-bottom: 20px !important;}\u00a0\u00bb]D\u00e9couvrez les objectifs g\u00e9n\u00e9raux d&rsquo;ArtBridges et les activit\u00e9s sp\u00e9cifiques en cours.[\/vc_column_text][vc_raw_html]JTNDYSUyMGhyZWYlM0QlMjJodHRwcyUzQSUyRiUyRmFydGJyaWRnZXMuY2ElMkZhcnRicmlkZ2VzLWhpc3RvcnklMkYlMjIlM0VMaXJlJTIwbGElMjBzdWl0ZSUyMCUzQ2ltZyUyMHNyYyUzRCUyMmh0dHBzJTNBJTJGJTJGYXJ0YnJpZGdlcy5jYSUyRndwLWNvbnRlbnQlMkZ1cGxvYWRzJTJGMjAyMyUyRjAyJTJGRG93bmxvYWQtMS5wbmclMjIlM0UlM0MlMkZhJTNF[\/vc_raw_html][\/vc_column][\/vc_row][vc_row el_class=\u00a0\u00bbpad-sides icon-row head-height\u00a0\u00bb css=\u00a0\u00bb.vc_custom_1676041627471{padding-bottom: 60px !important;}\u00a0\u00bb][vc_column width=\u00a0\u00bb1\/3&Prime;]<div id=\"ultimate-heading-162469ef1ffd3bb3c\" class=\"uvc-heading ult-adjust-bottom-margin ultimate-heading-162469ef1ffd3bb3c uvc-7111 \" data-hspacer=\"no_spacer\"  data-halign=\"left\" style=\"text-align:left\"><div class=\"uvc-heading-spacer no_spacer\" style=\"top\"><\/div><div class=\"uvc-main-heading ult-responsive\"  data-ultimate-target='.uvc-heading.ultimate-heading-162469ef1ffd3bb3c h2'  data-responsive-json-new='{\"font-size\":\"desktop:24px;\",\"line-height\":\"\"}' ><h2 style=\"font-weight:bold;color:#000000;\">Histoires des provinces et territoires<\/h2><\/div><\/div>[vc_column_text css=\u00a0\u00bb.vc_custom_1676041552570{margin-bottom: 20px !important;}\u00a0\u00bb]D\u00e9couvrez comment nous avons men\u00e9 notre recherche initiale sur les initiatives artistiques communautaires \u00e0 travers le Canada et les r\u00e9sum\u00e9s de nos conclusions.[\/vc_column_text][vc_raw_html]JTNDYSUyMGhyZWYlM0QlMjJodHRwcyUzQSUyRiUyRmFydGJyaWRnZXMuY2ElMkZmciUyRmhpc3RvaXJlcy1hLXRyYXZlcnMtbGUtY2FuYWRhJTJGJTIyJTNFTGlyZSUyMGxhJTIwc3VpdGUlMjAlM0NpbWclMjBzcmMlM0QlMjJodHRwcyUzQSUyRiUyRmFydGJyaWRnZXMuY2ElMkZ3cC1jb250ZW50JTJGdXBsb2FkcyUyRjIwMjMlMkYwMiUyRkRvd25sb2FkLTEucG5nJTIyJTNFJTNDJTJGYSUzRQ==[\/vc_raw_html][\/vc_column][vc_column width=\u00a0\u00bb1\/3&Prime;]<div id=\"ultimate-heading-304869ef1ffd3bb68\" class=\"uvc-heading ult-adjust-bottom-margin ultimate-heading-304869ef1ffd3bb68 uvc-976 \" data-hspacer=\"no_spacer\"  data-halign=\"left\" style=\"text-align:left\"><div class=\"uvc-heading-spacer no_spacer\" style=\"top\"><\/div><div class=\"uvc-main-heading ult-responsive\"  data-ultimate-target='.uvc-heading.ultimate-heading-304869ef1ffd3bb68 h2'  data-responsive-json-new='{\"font-size\":\"desktop:24px;\",\"line-height\":\"\"}' ><h2 style=\"font-weight:bold;color:#000000;\">Les avantages des arts engag\u00e9s par la communaut\u00e9<\/h2><\/div><\/div>[vc_column_text css=\u00a0\u00bb.vc_custom_1678210065277{margin-bottom: 20px !important;}\u00a0\u00bb]D\u00e9couvrez quelques-uns des avantages des arts engag\u00e9s par la communaut\u00e9. Lisez et regardez des histoires, des vid\u00e9os et des t\u00e9moignages inspirants&#8230;[\/vc_column_text][vc_raw_html]JTNDYSUyMGhyZWYlM0QlMjJodHRwcyUzQSUyRiUyRmFydGJyaWRnZXMuY2ElMkZmciUyRmJpZW5mYWl0cyUyRiUyMiUzRUxpcmUlMjBsYSUyMHN1aXRlJTIwJTNDaW1nJTIwc3JjJTNEJTIyaHR0cHMlM0ElMkYlMkZhcnRicmlkZ2VzLmNhJTJGd3AtY29udGVudCUyRnVwbG9hZHMlMkYyMDIzJTJGMDIlMkZEb3dubG9hZC0xLnBuZyUyMiUzRSUzQyUyRmElM0U=[\/vc_raw_html][\/vc_column][vc_column width=\u00a0\u00bb1\/3&Prime;]<div id=\"ultimate-heading-195269ef1ffd3bb8e\" class=\"uvc-heading ult-adjust-bottom-margin ultimate-heading-195269ef1ffd3bb8e uvc-5104 \" data-hspacer=\"no_spacer\"  data-halign=\"left\" style=\"text-align:left\"><div class=\"uvc-heading-spacer no_spacer\" style=\"top\"><\/div><div class=\"uvc-main-heading ult-responsive\"  data-ultimate-target='.uvc-heading.ultimate-heading-195269ef1ffd3bb8e h2'  data-responsive-json-new='{\"font-size\":\"desktop:24px;\",\"line-height\":\"\"}' ><h2 style=\"font-weight:bold;color:#000000;\">\u00c0 propos de l&#039;\u00e9quipe d&#039;ArtBridges<\/h2><\/div><\/div>[vc_column_text css=\u00a0\u00bb.vc_custom_1676041572650{margin-bottom: 20px !important;}\u00a0\u00bb]D\u00e9couvrez ArtBridges. Voyez qui aide le conseiller. Lire les biographies du personnel actuel, des consultants et des fondateurs. D\u00e9couvrez comment les \u00e9tudiants sont impliqu\u00e9s.[\/vc_column_text][vc_raw_html]JTNDYSUyMGhyZWYlM0QlMjJodHRwcyUzQSUyRiUyRmFydGJyaWRnZXMuY2ElMkZmciUyRmxlcXVpcGUtZGFydGJyaWRnZXMlMkYlMjIlM0VMaXJlJTIwbGElMjBzdWl0ZSUyMCUyMCUzQ2ltZyUyMHNyYyUzRCUyMmh0dHBzJTNBJTJGJTJGYXJ0YnJpZGdlcy5jYSUyRndwLWNvbnRlbnQlMkZ1cGxvYWRzJTJGMjAyMyUyRjAyJTJGRG93bmxvYWQtMS5wbmclMjIlM0UlM0MlMkZhJTNF[\/vc_raw_html][\/vc_column][\/vc_row]<\/p>\n<\/div>","protected":false},"excerpt":{"rendered":"<p>[vc_row bg_type=\u00a0\u00bbimage\u00a0\u00bb parallax_style=\u00a0\u00bbvcpb-default\u00a0\u00bb bg_image_new=\u00a0\u00bbid^3718|url^https:\/\/artbridges.ca\/wp-content\/uploads\/2023\/04\/New-Banner-02.jpg|caption^null|alt^null|title^New-Banner-02|description^null\u00a0\u00bb bg_image_repeat=\u00a0\u00bbno-repeat\u00a0\u00bb el_class=\u00a0\u00bbpad-sides\u00a0\u00bb][vc_column][\/vc_column][\/vc_row][vc_row el_class=\u00a0\u00bbpad-sides about-h3&Prime; css=\u00a0\u00bb.vc_custom_1676038691512{padding-top: 50px !important;padding-bottom: 30px !important;}\u00a0\u00bb][vc_column][vc_row_inner][vc_column_inner width=\u00a0\u00bb1\/4&Prime;][\/vc_column_inner][vc_column_inner width=\u00a0\u00bb1\/2&Prime;][vc_column_text]Cette section vous permettra d&rsquo;en savoir plus sur ArtBridges &#8211; ce que nous faisons actuellement, pourquoi nous le faisons, qui fait partie de l&rsquo;\u00e9quipe et notre histoire.[\/vc_column_text][\/vc_column_inner][vc_column_inner width=\u00a0\u00bb1\/4&Prime;][\/vc_column_inner][\/vc_row_inner][\/vc_column][\/vc_row][vc_row el_class=\u00a0\u00bbpad-sides about-h3&Prime;][vc_column][\/vc_column][\/vc_row][vc_row content_placement=\u00a0\u00bbmiddle\u00a0\u00bb el_class=\u00a0\u00bbpad-sides icon-row\u00a0\u00bb css=\u00a0\u00bb.vc_custom_1676041061112{padding-bottom: 50px !important;}\u00a0\u00bb][vc_column<\/p>\n<p><a class=\"sd-more sd-all-trans\" href=\"https:\/\/artbridges.ca\/fr\/a-propos-de-nous\/#more-27826\">Read More<\/a><\/p>\n","protected":false},"author":1,"featured_media":0,"parent":0,"menu_order":0,"comment_status":"open","ping_status":"closed","template":"full-width-page.php","meta":{"footnotes":""},"class_list":["post-27826","page","type-page","status-publish","hentry"],"_links":{"self":[{"href":"https:\/\/artbridges.ca\/fr\/wp-json\/wp\/v2\/pages\/27826","targetHints":{"allow":["GET"]}}],"collection":[{"href":"https:\/\/artbridges.ca\/fr\/wp-json\/wp\/v2\/pages"}],"about":[{"href":"https:\/\/artbridges.ca\/fr\/wp-json\/wp\/v2\/types\/page"}],"author":[{"embeddable":true,"href":"https:\/\/artbridges.ca\/fr\/wp-json\/wp\/v2\/users\/1"}],"replies":[{"embeddable":true,"href":"https:\/\/artbridges.ca\/fr\/wp-json\/wp\/v2\/comments?post=27826"}],"version-history":[{"count":4,"href":"https:\/\/artbridges.ca\/fr\/wp-json\/wp\/v2\/pages\/27826\/revisions"}],"predecessor-version":[{"id":28034,"href":"https:\/\/artbridges.ca\/fr\/wp-json\/wp\/v2\/pages\/27826\/revisions\/28034"}],"wp:attachment":[{"href":"https:\/\/artbridges.ca\/fr\/wp-json\/wp\/v2\/media?parent=27826"}],"curies":[{"name":"wp","href":"https:\/\/api.w.org\/{rel}","templated":true}]}}