{"id":27830,"date":"2023-02-16T07:48:27","date_gmt":"2023-02-16T12:48:27","guid":{"rendered":"https:\/\/artbridges.ca\/reconnaissance\/"},"modified":"2023-07-01T11:08:29","modified_gmt":"2023-07-01T15:08:29","slug":"reconnaissance","status":"publish","type":"page","link":"https:\/\/artbridges.ca\/fr\/reconnaissance\/","title":{"rendered":"Reconnaissance"},"content":{"rendered":"<div class=\"wpb-content-wrapper\"><p>[vc_row bg_type=\u00a0\u00bbimage\u00a0\u00bb parallax_style=\u00a0\u00bbvcpb-default\u00a0\u00bb bg_image_new=\u00a0\u00bbid^3718|url^https:\/\/artbridges.ca\/wp-content\/uploads\/2023\/04\/New-Banner-02.jpg|caption^null|alt^null|title^New-Banner-02|description^null\u00a0\u00bb bg_image_repeat=\u00a0\u00bbno-repeat\u00a0\u00bb el_class=\u00a0\u00bbpad-sides\u00a0\u00bb][vc_column]<div class=\"ult-spacer spacer-69ef1ffca7a68\" data-id=\"69ef1ffca7a68\" data-height=\"110\" data-height-mobile=\"50\" data-height-tab=\"\" data-height-tab-portrait=\"\" data-height-mobile-landscape=\"\" style=\"clear:both;display:block;\"><\/div><div id=\"ultimate-heading-159069ef1ffca7add\" class=\"uvc-heading ult-adjust-bottom-margin ultimate-heading-159069ef1ffca7add uvc-2244 \" data-hspacer=\"no_spacer\"  data-halign=\"left\" style=\"text-align:left\"><div class=\"uvc-heading-spacer no_spacer\" style=\"top\"><\/div><div class=\"uvc-sub-heading ult-responsive\"  data-ultimate-target='.uvc-heading.ultimate-heading-159069ef1ffca7add .uvc-sub-heading '  data-responsive-json-new='{\"font-size\":\"desktop:18px;\",\"line-height\":\"desktop:18px;\"}'  style=\"font-family:&#039;Montserrat&#039;;font-weight:700;\"><\/p>\n<p class=\"sd-text-bg-white\">RECONNAISSANCE<\/p>\n<p><\/div><\/div><div class=\"ult-spacer spacer-69ef1ffca7b30\" data-id=\"69ef1ffca7b30\" data-height=\"110\" data-height-mobile=\"50\" data-height-tab=\"\" data-height-tab-portrait=\"\" data-height-mobile-landscape=\"\" style=\"clear:both;display:block;\"><\/div>[\/vc_column][\/vc_row][vc_row el_class=\u00a0\u00bbpad-sides about-h3 volunteer\u00a0\u00bb css=\u00a0\u00bb.vc_custom_1676552363418{padding-top: 50px !important;}\u00a0\u00bb][vc_column]<div id=\"ultimate-heading-164669ef1ffca7b6e\" class=\"uvc-heading ult-adjust-bottom-margin ultimate-heading-164669ef1ffca7b6e uvc-508 \" data-hspacer=\"no_spacer\"  data-halign=\"center\" style=\"text-align:center\"><div class=\"uvc-heading-spacer no_spacer\" style=\"top\"><\/div><div class=\"uvc-main-heading ult-responsive\"  data-ultimate-target='.uvc-heading.ultimate-heading-164669ef1ffca7b6e h3'  data-responsive-json-new='{\"font-size\":\"desktop:34px;\",\"line-height\":\"\"}' ><h3 style=\"font-weight:normal;color:#000000;\">Nous remercions tout particuli\u00e8rement les personnes qui soutiennent<br \/>\nArtBridges\/ ToileDesArts !<\/h3><\/div><\/div><div class=\"ult-spacer spacer-69ef1ffca7c6b\" data-id=\"69ef1ffca7c6b\" data-height=\"30\" data-height-mobile=\"30\" data-height-tab=\"30\" data-height-tab-portrait=\"\" data-height-mobile-landscape=\"\" style=\"clear:both;display:block;\"><\/div>[vc_column_text]Votre g\u00e9n\u00e9rosit\u00e9 a permis \u00e0 ArtBridges\/ToileDesArts d&rsquo;encourager les arts communautaires \u00e0 travers le Canada. Vous \u00eates un partenaire essentiel du travail important et de la durabilit\u00e9 d&rsquo;ArtBridges\/ToileDesArts.<\/p>\n<p>ArtBridging [ahrt-brij-ing] verbe.<\/p>\n<p>Cr\u00e9er des r\u00e9seaux et des collaborations entre les projets, les programmes, les organisations et les ressources dans le domaine des arts communautaires, avec pour r\u00e9sultat des retomb\u00e9es positives pour les communaut\u00e9s canadiennes. Cr\u00e9er une toile de r\u00e9seaux et faciliter la collaboration entre des projets, des programmes, des organismes et des ressources en arts communautaires dans le but d&rsquo;enrichir des communaut\u00e9s canadiennes.<br \/>\nOrigine : 2008 Artbridges\/ToileDesArts<\/p>\n<p>&nbsp;<\/p>\n<p><strong>Nos g\u00e9n\u00e9reux donateurs 2013-21<\/strong>[\/vc_column_text][vc_row_inner content_placement=\u00a0\u00bbmiddle\u00a0\u00bb][vc_column_inner width=\u00a0\u00bb1\/5&Prime;][vc_single_image image=\u00a0\u00bb27568&Prime; img_size=\u00a0\u00bbfull\u00a0\u00bb][\/vc_column_inner][vc_column_inner width=\u00a0\u00bb1\/5&Prime;][vc_single_image image=\u00a0\u00bb27569&Prime; img_size=\u00a0\u00bbfull\u00a0\u00bb][\/vc_column_inner][vc_column_inner width=\u00a0\u00bb1\/5&Prime;][vc_single_image image=\u00a0\u00bb27570&Prime; img_size=\u00a0\u00bbfull\u00a0\u00bb][\/vc_column_inner][vc_column_inner width=\u00a0\u00bb1\/5&Prime;][vc_single_image image=\u00a0\u00bb27571&Prime; img_size=\u00a0\u00bbfull\u00a0\u00bb][\/vc_column_inner][vc_column_inner width=\u00a0\u00bb1\/5&Prime;][vc_single_image image=\u00a0\u00bb27572&Prime; img_size=\u00a0\u00bbfull\u00a0\u00bb][\/vc_column_inner][\/vc_row_inner][vc_row_inner content_placement=\u00a0\u00bbmiddle\u00a0\u00bb][vc_column_inner width=\u00a0\u00bb1\/4&Prime;][vc_single_image image=\u00a0\u00bb27573&Prime; img_size=\u00a0\u00bbfull\u00a0\u00bb][\/vc_column_inner][vc_column_inner width=\u00a0\u00bb1\/4&Prime;][vc_single_image image=\u00a0\u00bb27574&Prime; img_size=\u00a0\u00bbfull\u00a0\u00bb][\/vc_column_inner][vc_column_inner width=\u00a0\u00bb1\/4&Prime;][vc_single_image image=\u00a0\u00bb27575&Prime; img_size=\u00a0\u00bbfull\u00a0\u00bb][\/vc_column_inner][vc_column_inner width=\u00a0\u00bb1\/4&Prime;][vc_single_image image=\u00a0\u00bb27576&Prime; img_size=\u00a0\u00bbfull\u00a0\u00bb][\/vc_column_inner][\/vc_row_inner][vc_row_inner content_placement=\u00a0\u00bbmiddle\u00a0\u00bb][vc_column_inner width=\u00a0\u00bb1\/5&Prime;][vc_single_image image=\u00a0\u00bb27577&Prime; img_size=\u00a0\u00bbfull\u00a0\u00bb][\/vc_column_inner][vc_column_inner width=\u00a0\u00bb1\/5&Prime;][vc_single_image image=\u00a0\u00bb27578&Prime; img_size=\u00a0\u00bbfull\u00a0\u00bb][\/vc_column_inner][vc_column_inner width=\u00a0\u00bb1\/5&Prime;][vc_single_image image=\u00a0\u00bb27579&Prime; img_size=\u00a0\u00bbfull\u00a0\u00bb][\/vc_column_inner][vc_column_inner width=\u00a0\u00bb1\/5&Prime;][vc_single_image image=\u00a0\u00bb27580&Prime; img_size=\u00a0\u00bbfull\u00a0\u00bb][\/vc_column_inner][vc_column_inner width=\u00a0\u00bb1\/5&Prime;][vc_single_image image=\u00a0\u00bb27581&Prime; img_size=\u00a0\u00bbfull\u00a0\u00bb][\/vc_column_inner][\/vc_row_inner][vc_row_inner content_placement=\u00a0\u00bbmiddle\u00a0\u00bb][vc_column_inner width=\u00a0\u00bb1\/5&Prime;][vc_single_image image=\u00a0\u00bb27582&Prime; img_size=\u00a0\u00bbfull\u00a0\u00bb][\/vc_column_inner][vc_column_inner width=\u00a0\u00bb1\/5&Prime;][\/vc_column_inner][vc_column_inner width=\u00a0\u00bb1\/5&Prime;][\/vc_column_inner][vc_column_inner width=\u00a0\u00bb1\/5&Prime;][\/vc_column_inner][vc_column_inner width=\u00a0\u00bb1\/5&Prime;][\/vc_column_inner][\/vc_row_inner][\/vc_column][\/vc_row][vc_row el_class=\u00a0\u00bbpad-sides about-h3 volunteer\u00a0\u00bb css=\u00a0\u00bb.vc_custom_1676552392759{padding-top: 30px !important;padding-bottom: 100px !important;}\u00a0\u00bb][vc_column][vc_column_text]<strong>Degeneration X Investments Inc.<\/strong><\/p>\n<p>Un parrainage a \u00e9t\u00e9 effectu\u00e9 en reconnaissance de Majengo Canada pour le Majengo Children&rsquo;s Home en Tanzanie.<br \/>\nNous tenons \u00e9galement \u00e0 remercier nos donateurs qui ont choisi de rester anonymes.<\/p>\n<p>ArtBridges\/ToileDesArts est un centre pancanadien unique, \u00e9mergent et gratuit pour les initiatives artistiques communautaires. ArtBridges\/ToileDesArts informe et connecte les gens sur les arts communautaires au Canada et sur les avantages des arts pour le changement social.<\/p>\n<p>Pour en savoir plus sur ArtBridges\/ToileDesArts, veuillez envoyer un courriel \u00e0 notre directrice de projet, <a href=\"mailto:sconnell@artbridges.ca\">Seanna Connell<\/a>.[\/vc_column_text][\/vc_column][\/vc_row]<\/p>\n<\/div>","protected":false},"excerpt":{"rendered":"<p>[vc_row bg_type=\u00a0\u00bbimage\u00a0\u00bb parallax_style=\u00a0\u00bbvcpb-default\u00a0\u00bb bg_image_new=\u00a0\u00bbid^3718|url^https:\/\/artbridges.ca\/wp-content\/uploads\/2023\/04\/New-Banner-02.jpg|caption^null|alt^null|title^New-Banner-02|description^null\u00a0\u00bb bg_image_repeat=\u00a0\u00bbno-repeat\u00a0\u00bb el_class=\u00a0\u00bbpad-sides\u00a0\u00bb][vc_column][\/vc_column][\/vc_row][vc_row el_class=\u00a0\u00bbpad-sides about-h3 volunteer\u00a0\u00bb css=\u00a0\u00bb.vc_custom_1676552363418{padding-top: 50px !important;}\u00a0\u00bb][vc_column][vc_column_text]Votre g\u00e9n\u00e9rosit\u00e9 a permis \u00e0 ArtBridges\/ToileDesArts d&rsquo;encourager les arts communautaires \u00e0 travers le Canada. Vous \u00eates un partenaire essentiel du travail important et de la durabilit\u00e9 d&rsquo;ArtBridges\/ToileDesArts. ArtBridging [ahrt-brij-ing] verbe. Cr\u00e9er des r\u00e9seaux et des collaborations entre les projets,<\/p>\n<p><a class=\"sd-more sd-all-trans\" href=\"https:\/\/artbridges.ca\/fr\/reconnaissance\/#more-27830\">Read More<\/a><\/p>\n","protected":false},"author":1,"featured_media":0,"parent":0,"menu_order":0,"comment_status":"closed","ping_status":"closed","template":"full-width-page.php","meta":{"footnotes":""},"class_list":["post-27830","page","type-page","status-publish","hentry"],"_links":{"self":[{"href":"https:\/\/artbridges.ca\/fr\/wp-json\/wp\/v2\/pages\/27830","targetHints":{"allow":["GET"]}}],"collection":[{"href":"https:\/\/artbridges.ca\/fr\/wp-json\/wp\/v2\/pages"}],"about":[{"href":"https:\/\/artbridges.ca\/fr\/wp-json\/wp\/v2\/types\/page"}],"author":[{"embeddable":true,"href":"https:\/\/artbridges.ca\/fr\/wp-json\/wp\/v2\/users\/1"}],"replies":[{"embeddable":true,"href":"https:\/\/artbridges.ca\/fr\/wp-json\/wp\/v2\/comments?post=27830"}],"version-history":[{"count":2,"href":"https:\/\/artbridges.ca\/fr\/wp-json\/wp\/v2\/pages\/27830\/revisions"}],"predecessor-version":[{"id":27841,"href":"https:\/\/artbridges.ca\/fr\/wp-json\/wp\/v2\/pages\/27830\/revisions\/27841"}],"wp:attachment":[{"href":"https:\/\/artbridges.ca\/fr\/wp-json\/wp\/v2\/media?parent=27830"}],"curies":[{"name":"wp","href":"https:\/\/api.w.org\/{rel}","templated":true}]}}