{"id":27834,"date":"2023-02-16T05:42:56","date_gmt":"2023-02-16T10:42:56","guid":{"rendered":"https:\/\/artbridges.ca\/questions-frequemment-posees\/"},"modified":"2023-07-01T11:08:28","modified_gmt":"2023-07-01T15:08:28","slug":"questions-frequemment-posees","status":"publish","type":"page","link":"https:\/\/artbridges.ca\/fr\/questions-frequemment-posees\/","title":{"rendered":"Questions fr\u00e9quemment pos\u00e9es"},"content":{"rendered":"<div class=\"wpb-content-wrapper\"><p>[vc_row bg_type=\u00a0\u00bbimage\u00a0\u00bb parallax_style=\u00a0\u00bbvcpb-default\u00a0\u00bb bg_image_new=\u00a0\u00bbid^3718|url^https:\/\/artbridges.ca\/wp-content\/uploads\/2023\/04\/New-Banner-02.jpg|caption^null|alt^null|title^New-Banner-02|description^null\u00a0\u00bb bg_image_repeat=\u00a0\u00bbno-repeat\u00a0\u00bb el_class=\u00a0\u00bbpad-sides\u00a0\u00bb][vc_column]<div class=\"ult-spacer spacer-69ef1ffd8fcac\" data-id=\"69ef1ffd8fcac\" data-height=\"110\" data-height-mobile=\"50\" data-height-tab=\"\" data-height-tab-portrait=\"\" data-height-mobile-landscape=\"\" style=\"clear:both;display:block;\"><\/div><div id=\"ultimate-heading-869469ef1ffd8fd1a\" class=\"uvc-heading ult-adjust-bottom-margin ultimate-heading-869469ef1ffd8fd1a uvc-7945 \" data-hspacer=\"no_spacer\"  data-halign=\"left\" style=\"text-align:left\"><div class=\"uvc-heading-spacer no_spacer\" style=\"top\"><\/div><div class=\"uvc-sub-heading ult-responsive\"  data-ultimate-target='.uvc-heading.ultimate-heading-869469ef1ffd8fd1a .uvc-sub-heading '  data-responsive-json-new='{\"font-size\":\"desktop:18px;\",\"line-height\":\"desktop:18px;\"}'  style=\"font-family:&#039;Montserrat&#039;;font-weight:700;\"><\/p>\n<p class=\"sd-text-bg-white\">QUESTIONS FR\u00c9QUEMMENT POS\u00c9ES<\/p>\n<p><\/div><\/div><div class=\"ult-spacer spacer-69ef1ffd8fd7f\" data-id=\"69ef1ffd8fd7f\" data-height=\"110\" data-height-mobile=\"50\" data-height-tab=\"\" data-height-tab-portrait=\"\" data-height-mobile-landscape=\"\" style=\"clear:both;display:block;\"><\/div>[\/vc_column][\/vc_row][vc_row el_class=\u00a0\u00bbpad-sides about-h3&Prime; css=\u00a0\u00bb.vc_custom_1676546923712{padding-top: 50px !important;}\u00a0\u00bb][vc_column]<div id=\"ultimate-heading-910469ef1ffd8fda7\" class=\"uvc-heading ult-adjust-bottom-margin ultimate-heading-910469ef1ffd8fda7 uvc-2224 \" data-hspacer=\"no_spacer\"  data-halign=\"center\" style=\"text-align:center\"><div class=\"uvc-heading-spacer no_spacer\" style=\"top\"><\/div><div class=\"uvc-main-heading ult-responsive\"  data-ultimate-target='.uvc-heading.ultimate-heading-910469ef1ffd8fda7 h3'  data-responsive-json-new='{\"font-size\":\"desktop:34px;\",\"line-height\":\"\"}' ><h3 style=\"font-weight:normal;color:#000000;\">Questions fr\u00e9quemment pos\u00e9es<\/h3><\/div><\/div><div class=\"ult-spacer spacer-69ef1ffd8fe03\" data-id=\"69ef1ffd8fe03\" data-height=\"30\" data-height-mobile=\"30\" data-height-tab=\"30\" data-height-tab-portrait=\"\" data-height-mobile-landscape=\"\" style=\"clear:both;display:block;\"><\/div>[vc_column_text]Vous ne voyez pas votre question ici ? <a href=\"https:\/\/artbridges.ca\/contact\/\">Nous contacter<\/a>[\/vc_column_text]<div class=\"ult-spacer spacer-69ef1ffd8fe2b\" data-id=\"69ef1ffd8fe2b\" data-height=\"50\" data-height-mobile=\"50\" data-height-tab=\"50\" data-height-tab-portrait=\"\" data-height-mobile-landscape=\"\" style=\"clear:both;display:block;\"><\/div>[\/vc_column][\/vc_row][vc_row el_class=\u00a0\u00bbpad-sides faqs\u00a0\u00bb css=\u00a0\u00bb.vc_custom_1676546916379{padding-bottom: 50px !important;}\u00a0\u00bb][vc_column][vc_tta_accordion style=\u00a0\u00bbflat\u00a0\u00bb shape=\u00a0\u00bbsquare\u00a0\u00bb color=\u00a0\u00bbwhite\u00a0\u00bb c_icon=\u00a0\u00bbchevron\u00a0\u00bb c_position=\u00a0\u00bbright\u00a0\u00bb active_section=\u00a0\u00bb1&Prime; no_fill=\u00a0\u00bbtrue\u00a0\u00bb][vc_tta_section title=\u00a0\u00bbComment puis-je trouver un programme artistique gratuit, abordable ou accessible dans ma communaut\u00e9 ?\u00a0\u00bb tab_id=\u00a0\u00bb1676546874678-3378c25e-42df\u00a0\u00bb][vc_column_text]Consultez l&rsquo;<a href=\"https:\/\/artbridges.ca\/fr\/repertoire-de-profils-et-carte-des-arts-communautaires-au-canada\/\">annuaire des cartes et des profils<\/a> pour trouver un programme artistique communautaire gratuit\/abordable\/accessible dans votre r\u00e9gion. Si vous n&rsquo;en trouvez pas, cela ne veut pas dire qu&rsquo;il n&rsquo;y en a pas, c&rsquo;est peut-\u00eatre simplement que nous ne le connaissons pas encore ; nous essayons d&rsquo;en apprendre davantage chaque jour.[\/vc_column_text][\/vc_tta_section][vc_tta_section title=\u00a0\u00bbComment rechercher quelque chose sur le site ArtBridges ?\u00a0\u00bb tab_id=\u00a0\u00bb1676546874697-42bf735b-a1bb\u00a0\u00bb][vc_column_text]Vous pouvez naviguer sur notre site, effectuer une recherche par mot-cl\u00e9, filtrer les r\u00e9sultats de la recherche ou consulter notre plan du site.<\/p>\n<p>A &#8211; <strong>Parcourir :<\/strong> Si vous souhaitez simplement jeter un coup d&rsquo;\u0153il, vous pouvez tout parcourir.<\/p>\n<p>B &#8211; <strong>Recherche par mot-cl\u00e9 : <\/strong>Vous pouvez effectuer une recherche en saisissant des mots-cl\u00e9s dans la bo\u00eete de recherche, comme si vous faisiez une recherche sur Internet.<\/p>\n<p>Si votre recherche ne donne toujours aucun r\u00e9sultat :<\/p>\n<p>&#8211; Essayez d&rsquo;utiliser un <strong>terme plus g\u00e9n\u00e9ral<\/strong>. Par exemple, au lieu de \u00ab\u00a0guitare\u00a0\u00bb, essayez \u00ab\u00a0musique\u00a0\u00bb.<br \/>\n&#8211; Essayez de faire une <strong>recherche avec des caract\u00e8res g\u00e9n\u00e9riques<\/strong>. Utilisation du caract\u00e8re g\u00e9n\u00e9rique * pour remplacer la derni\u00e8re partie du mot. Par exemple : au lieu de \u00ab\u00a0artiste\u00a0\u00bb, essayez art* ; au lieu de \u00ab\u00a0communaut\u00e9s\u00a0\u00bb, essayez \u00ab\u00a0communit*\u00a0\u00bb.<\/p>\n<p>C &#8211; <strong>Filtrez vos r\u00e9sultats<\/strong><\/p>\n<p>Vous pouvez trier et filtrer les r\u00e9sultats de votre recherche afin de les organiser de diff\u00e9rentes mani\u00e8res.<br \/>\nConseil : Vous recherchez uniquement des ressources en fran\u00e7ais ? Cliquez sur le bouton \u00ab\u00a0Langue\u00a0\u00bb.<\/p>\n<p>D &#8211; <strong>Consulter le plan du site<\/strong>[\/vc_column_text][\/vc_tta_section][vc_tta_section title=\u00a0\u00bbPourquoi tous les articles et contenus de ce site ne sont-ils pas traduits en fran\u00e7ais ou en anglais ?\u00a0\u00bb tab_id=\u00a0\u00bb1676546874715-4fcf5bc6-b0f2&Prime;][vc_column_text]Les contributions \u00e0 ce site sont affich\u00e9es dans la (les) langue(s) dans laquelle (lesquelles) elles ont \u00e9t\u00e9 soumises. De nombreuses personnes aux styles d&rsquo;\u00e9criture et aux dialectes tr\u00e8s vari\u00e9s contribuent au contenu du site. Le contenu \u00ab\u00a0statique\u00a0\u00bb du site web (le contenu qui ne change pas) a \u00e9t\u00e9 traduit. Occasionnellement, nos mises \u00e0 jour et nos r\u00e9flexions sont traduites.[\/vc_column_text][\/vc_tta_section][vc_tta_section title=\u00a0\u00bbQuel est le co\u00fbt d&rsquo;une participation \u00e0 ce site\/r\u00e9seau ?\u00a0\u00bb tab_id=\u00a0\u00bb1676546874734-9529c3e5-f2b3&Prime;][vc_column_text]La contribution et l&rsquo;interaction sur le site web sont <strong>gratuites<\/strong>. Cependant, pour une somme modique, ArtBridges pr\u00e9sentera votre \u00e9v\u00e9nement artistique communautaire ou vos petites annonces en haut de ces pages.<\/p>\n<p>Nous avons \u00e9galement des frais d&rsquo;adh\u00e9sion, si vous souhaitez <a href=\"https:\/\/artbridges.ca\/fr\/devenir-membre-dartbridges\/\">devenir un membre fondateur d&rsquo;ArtBridges<\/a>. Il n&rsquo;est pas n\u00e9cessaire d&rsquo;\u00eatre membre pour contribuer et participer en ligne.[\/vc_column_text][\/vc_tta_section][vc_tta_section title=\u00a0\u00bbArtBridges finance-t-il des projets ?\u00a0\u00bb tab_id=\u00a0\u00bb1676546874754-163f225e-d2d3&Prime;][vc_column_text]Non, ArtBridges ne finance pas de projets ou d&rsquo;initiatives.[\/vc_column_text][\/vc_tta_section][vc_tta_section title=\u00a0\u00bbQui travaille chez ArtBridges ? Quelle est leur exp\u00e9rience ?\u00a0\u00bb tab_id=\u00a0\u00bb1676546874774-7e17d4fc-7531&Prime;][vc_column_text]Au cours des derni\u00e8res ann\u00e9es, ArtBridges a trouv\u00e9 des personnes particuli\u00e8rement qualifi\u00e9es dans chaque domaine de d\u00e9veloppement de projet sur lequel nous travaillons, sur la base de leur exp\u00e9rience, de leur formation, de leurs talents, de leur langue ou de leur expertise professionnelle. Nous avons eu des employ\u00e9s, des \u00e9tudiants, des b\u00e9n\u00e9voles, des consultants, des conseillers et des mentors \u00e2g\u00e9s de 21 \u00e0 72 ans. <a href=\"https:\/\/artbridges.ca\/fr\/lequipe-dartbridges\/\">Veuillez consulter la page de l&rsquo;\u00e9quipe ArtBridges<\/a> pour lire les biographies de certains d&rsquo;entre eux.[\/vc_column_text][\/vc_tta_section][vc_tta_section title=\u00a0\u00bbComment \u00e9tablir des liens entre les personnes ?\u00a0\u00bb tab_id=\u00a0\u00bb1676546874796-b751fefe-879e\u00a0\u00bb][vc_column_text]ArtBridges travaille dans l&rsquo;ombre pour cr\u00e9er des r\u00e9seaux et des liens. Si quelqu&rsquo;un nous appelle ou nous \u00e9crit pour nous faire part d&rsquo;une question, d&rsquo;un probl\u00e8me ou d&rsquo;un besoin sp\u00e9cifique, nous essayons de le mettre en contact avec des personnes qui ont les connaissances ou l&rsquo;exp\u00e9rience n\u00e9cessaires pour r\u00e9pondre \u00e0 la question ou au besoin &#8211; g\u00e9n\u00e9ralement une autre initiative artistique engag\u00e9e par la communaut\u00e9.[\/vc_column_text][\/vc_tta_section][vc_tta_section title=\u00a0\u00bbQui r\u00e9dige le mat\u00e9riel pour ce site web\/r\u00e9seau ?\u00a0\u00bb tab_id=\u00a0\u00bb1676546874815-2f8bf3c0-2382&Prime;][vc_column_text]Plusieurs personnes diff\u00e9rentes \u00e9crivent pour ce site web.<\/p>\n<p><strong>1. <\/strong>Les initiatives artistiques engag\u00e9es par la communaut\u00e9 qui ont rejoint notre r\u00e9seau nous soumettent du contenu \u00e0 publier sur le blog de la communaut\u00e9, l&rsquo;annuaire des profils ou toute autre section de ce site. (ArtBridges se r\u00e9serve le droit d&rsquo;approuver ou de refuser tout contenu soumis au site web et aux m\u00e9dias sociaux d&rsquo;ArtBridges\/ToileDesArts). Si vous souhaitez publier quelque chose, <a href=\"https:\/\/artbridges.ca\/contact\/\">contactez-nous !<\/a><\/p>\n<p><strong>2. <\/strong>Le personnel et les consultants r\u00e9digent des commentaires, des mises \u00e0 jour et des r\u00e9flexions. Les membres du personnel publient des articles sur des sujets li\u00e9s \u00e0 l&rsquo;art, mais nous demandons l&rsquo;autorisation avant de le faire.<\/p>\n<p><strong>3. <\/strong>Toute personne int\u00e9ress\u00e9e et souhaitant participer peut commenter et poster sur notre blog communautaire, notre <a href=\"http:\/\/www.facebook.com\/artbridgestoiledesarts\" target=\"_blank\" rel=\"noopener\">page Facebook<\/a> ou nous envoyer un tweet <a href=\"http:\/\/www.twitter.com\/artbridges\" target=\"_blank\" rel=\"noopener\">@artbridges<\/a>.[\/vc_column_text][\/vc_tta_section][vc_tta_section title=\u00a0\u00bbQu&rsquo;est-ce que \u00ab\u00a0ArtBridging\u00a0\u00bb ?\u00a0\u00bb tab_id=\u00a0\u00bb1676546874837-606fc3dc-1e33&Prime;][vc_column_text]ArtBridging\u00a0\u00bb est un verbe que nous avons \u00ab\u00a0invent\u00e9\u00a0\u00bb pour d\u00e9crire <a href=\"http:\/\/artbridges.ca\/about\/about_what_we_do\">ce que nous faisons<\/a>. ArtBridging est<\/p>\n<p><em>cr\u00e9er des r\u00e9seaux et des collaborations entre les projets, les programmes, les organisations et les ressources artistiques communautaires, avec pour r\u00e9sultat des retomb\u00e9es positives pour les communaut\u00e9s.<\/em><\/p>\n<p>ArtBridges cherche \u00e0 connecter (relier) les personnes et les initiatives aux communaut\u00e9s sous-financ\u00e9es ou mal desservies par le biais des arts. Dans ce \u00ab pont \u00bb r\u00e9ciproque, des liens peuvent \u00eatre \u00e9tablis qui favorisent des communaut\u00e9s plus cr\u00e9atives et r\u00e9silientes.<\/p>\n<p>\u00ab ArtBridges \u00bb peut \u00eatre \u00e0 la fois un nom et un verbe. Nous travaillons \u00e0 construire des ponts entre les communaut\u00e9s et nous constatons que <a href=\"https:\/\/artbridges.ca\/fr\/bienfaits\/\">l&rsquo;art relie effectivement les communaut\u00e9s<\/a>[\/vc_column_text][\/vc_tta_section][vc_tta_section title=\u00a0\u00bbJe recherche des groupes partageant les m\u00eames id\u00e9es avec qui parler. Comment puis-je les trouver ?\u00a0\u00bb tab_id=\u00a0\u00bb1676546874859-045ad1b0-dec0&Prime;][vc_column_text]Vous pouvez vous connecter \u00e0 plus de 375 groupes artistiques via la carte <a href=\"https:\/\/artbridges.ca\/fr\/repertoire-de-profils-et-carte-des-arts-communautaires-au-canada\/\">ArtBridges et le r\u00e9pertoire de profils<\/a>[\/vc_column_text][\/vc_tta_section][vc_tta_section title=\u00a0\u00bbQue sont les arts communautaires, les arts \u00e0 vocation sociale, les arts pour le changement social et les arts engag\u00e9s dans la communaut\u00e9 ?\u00a0\u00bb tab_id=\u00a0\u00bb1676546874882-67ad6539-c085&Prime;][vc_column_text]Les arts communautaires, les arts \u00e0 vocation sociale, les arts pour le changement social et les arts engag\u00e9s dans la communaut\u00e9 sont une pratique en \u00e9volution et en pleine croissance. Nous offrons ici un <a href=\"https:\/\/artbridges.ca\/fr\/quest-ce-que-les-arts-communautaires-les-arts-engages-par-la-communaute-ou-les-arts-pour-le-changement-social\/\">kal\u00e9idoscope de perspectives \u00e0 ce sujet.<\/a>[\/vc_column_text][\/vc_tta_section][vc_tta_section title=\u00a0\u00bbComment puis-je ajouter mon initiative artistique communautaire \u00e0 la carte et au r\u00e9pertoire de profils?\u00a0\u00bb tab_id=\u00a0\u00bb1676546874903-2180f174-0636&Prime;][vc_column_text]Nous vous invitons \u00e0 remplir notre formulaire de <a href=\"http:\/\/artbridges.ca\/site\/register\">profil en ligne<\/a> ou \u00e0 remplir notre version pdf.[\/vc_column_text][\/vc_tta_section][vc_tta_section title=\u00a0\u00bbComment avez-vous cartographi\u00e9 et identifi\u00e9 les initiatives artistiques engag\u00e9es dans la communaut\u00e9 \u00e0 travers le Canada ?\u00a0\u00bb tab_id=\u00a0\u00bb1676546874926-ec638801-1917&Prime;][vc_column_text]De 2009 \u00e0 2011, le personnel et les b\u00e9n\u00e9voles d&rsquo;ArtBridges\/ToileDesArts ont effectu\u00e9 3 voyages virtuels, (par t\u00e9l\u00e9phone) un en anglais, un en fran\u00e7ais et un ax\u00e9 sur les initiatives artistiques communautaires des PNMI (Premi\u00e8res Nations, M\u00e9tis et Inuit) \u00e0 travers le Canada .<\/p>\n<p>\u00c0 l&rsquo;aide d&rsquo;une longue liste de recherche, nous avons t\u00e9l\u00e9phon\u00e9 \u00e0 de nombreuses sources pour nous aider \u00e0 identifier les initiatives communautaires d&rsquo;arts et d&rsquo;arts pour le changement social &#8211; projets, programmes, organisations et ressources &#8211; qui fonctionnent dans des communaut\u00e9s sous-financ\u00e9es et\/ou mal desservies \u00e0 travers le Canada. Depuis lors, nous avons appris (et continuons d&rsquo;apprendre) de nombreuses autres initiatives artistiques engag\u00e9es dans la communaut\u00e9. Vous pouvez en savoir plus sur nos recherches en <a href=\"https:\/\/artbridges.ca\/fr\/histoires-a-travers-le-canada\/\">lisant nos histoires provinciales.<\/a>[\/vc_column_text][\/vc_tta_section][vc_tta_section title=\u00a0\u00bbDans votre r\u00e9pertoire de cartes et de profils, pourquoi n&rsquo;avez-vous pas de s\u00e9lections de filtres pour davantage de types de communaut\u00e9s ? c&rsquo;est-\u00e0-dire : sans-abri, LGBTQ, femmes, n\u00e9o-Canadiens ?\u00a0\u00bb tab_id=\u00a0\u00bb1676546874949-c50e13f2-729e\u00a0\u00bb][vc_column_text]ArtBridges peut augmenter les s\u00e9lections de filtres pour les groupes d&rsquo;int\u00e9r\u00eats sp\u00e9ciaux au fil du temps en fonction de la demande.[\/vc_column_text][\/vc_tta_section][vc_tta_section title=\u00a0\u00bbComment puis-je contribuer au blog communautaire ?\u00a0\u00bb tab_id=\u00a0\u00bb1676546874974-159e579d-31dc\u00a0\u00bb][vc_column_text]Envoyez-nous du mat\u00e9riel dans <a href=\"http:\/\/artbridges.ca\/contact\">un e-mail.<\/a> Nous allons configurer la publication et planifier sa publication. (ArtBridges se r\u00e9serve le droit d&rsquo;approuver ou de refuser tout contenu soumis sur le site Web et les m\u00e9dias sociaux d&rsquo;ArtBridges\/ToileDesArts).[\/vc_column_text][\/vc_tta_section][vc_tta_section title=\u00a0\u00bbComment mon organisation artistique peut-elle s&rsquo;associer \u00e0 ArtBridges ?\u00a0\u00bb tab_id=\u00a0\u00bb1676546874996-f1cfc665-4ce6&Prime;][vc_column_text]Votre initiative artistique communautaire peut devenir un partenaire communautaire avec ArtBridges en remplissant <a href=\"http:\/\/artbridges.ca\/site\/register\">d&rsquo;abord un formulaire de profil<\/a>, puis nous ajouterons votre initiative artistique \u00e0 notre r\u00e9pertoire de profils et \u00e0 notre carte. Votre profil permet aux autres de vous trouver et d&rsquo;en savoir plus sur votre initiative.<\/p>\n<p>ArtBridges assurera le suivi (par t\u00e9l\u00e9phone ou par e-mail) pour en savoir plus et \u00e9tablir une connexion. Ensuite, nous vous inviterons \u00e0 nous envoyer des informations continues pour le <a href=\"http:\/\/artbridgesblog.ca\/en\" target=\"_blank\" rel=\"noopener\">blog communautaire d&rsquo;ArtBridges<\/a>, sur les \u00e9v\u00e9nements, les ateliers, les temps forts du programme (etc.), ainsi que des contributions pour les <a href=\"https:\/\/artbridges.ca\/community_events\/\">\u00e9v\u00e9nements<\/a>, les <a href=\"http:\/\/artbridges.ca\/classifieds\">petites annonces<\/a> et les sections Apprentissage et ressources.[\/vc_column_text][\/vc_tta_section][vc_tta_section title=\u00a0\u00bbA qui s&rsquo;adressent les petites annonces ?\u00a0\u00bb tab_id=\u00a0\u00bb1676546875018-9e1d2064-a8fb\u00a0\u00bb][vc_column_text]Ce service gratuit s&rsquo;adresse \u00e0 toute personne, organisation, initiative ou communaut\u00e9 int\u00e9ress\u00e9e, impliqu\u00e9e ou engag\u00e9e dans les arts engag\u00e9s dans la communaut\u00e9 et les arts pour le changement social.[\/vc_column_text][\/vc_tta_section][vc_tta_section title=\u00a0\u00bbO\u00f9 puis-je trouver un programme \u00e9ducatif ou des ateliers sur les arts engag\u00e9s dans la communaut\u00e9\/les arts \u00e0 vocation sociale\/les arts pour le changement social ?\u00a0\u00bb tab_id=\u00a0\u00bb1676546875042-1359b1bc-f30c\u00a0\u00bb][vc_column_text]Vous pouvez trouver les prochaines opportunit\u00e9s de d\u00e9veloppement \u00e9ducatif et professionnel pour les artistes communautaires \u00e0 travers le Canada dans notre section <a href=\"https:\/\/artbridges.ca\/fr\/opportunites-de-formation-et-de-developpement-professionnel-dans-le-domaine-des-arts-engages-par-la-communaute\/\">Opportunit\u00e9s d&rsquo;apprentissage<\/a>. La <a href=\"https:\/\/artbridges.ca\/fr\/opportunites-de-formation-et-de-developpement-professionnel-dans-le-domaine-des-arts-engages-par-la-communaute\/\">section des opportunit\u00e9s \u00e0 court<\/a> terme comprend des ateliers, des conf\u00e9rences, des discussions d&rsquo;artistes et plus encore. La <a href=\"https:\/\/artbridges.ca\/fr\/opportunites-de-formation-et-de-developpement-professionnel-dans-le-domaine-des-arts-engages-par-la-communaute\/\">section des opportunit\u00e9s \u00e0 long terme<\/a> comprend des cours, des programmes de formation continue, des \u00e9tudes universitaires et des programmes de certificat.[\/vc_column_text][\/vc_tta_section][vc_tta_section title=\u00a0\u00bbNotre initiative artistique est en train de revoir nos politiques et nos manuels, avez-vous des exemples que nous pouvons examiner ?\u00a0\u00bb tab_id=\u00a0\u00bb1676546875067-4516fecc-74b7&Prime;][vc_column_text]Oui. Parcourez notre section Ressources et regardez sous : Politiques et proc\u00e9dures. Vous pouvez \u00e9galement rechercher ou parcourir des bo\u00eetes \u00e0 outils, des mod\u00e8les, des r\u00e9flexions et des histoires, des pratiques exemplaires, etc., sur les arts communautaires.[\/vc_column_text][\/vc_tta_section][vc_tta_section title=\u00a0\u00bbQui dois-je contacter pour obtenir de l&rsquo;aide\/des conseils sur le d\u00e9marrage d&rsquo;une initiative artistique communautaire dans ma communaut\u00e9 ?\u00a0\u00bb tab_id=\u00a0\u00bb1676546875091-7cfcac30-140d\u00a0\u00bb][vc_column_text]<a href=\"https:\/\/artbridges.ca\/contact\/\">Envoyez un e-mail au bureau<\/a> d&rsquo;ArtBridges et nous verrons si nous pouvons vous mettre en contact avec quelqu&rsquo;un qui peut vous aider. Parcourez notre section Apprentissage et ressources sous Mise en route et d&rsquo;autres ressources dont vous pourriez avoir besoin pour vous familiariser avec le lancement d&rsquo;une initiative artistique communautaire.[\/vc_column_text][\/vc_tta_section][vc_tta_section title=\u00a0\u00bbComment ArtBridges est-il financ\u00e9 ?\u00a0\u00bb tab_id=\u00a0\u00bb1676546875114-c433d5d3-9902&Prime;][vc_column_text]ArtBridges est une organisation caritative financ\u00e9e par une petite poign\u00e9e de fondations et de particuliers. La collecte de fonds est une activit\u00e9 permanente. En 2013, nous avons lanc\u00e9 nos <a href=\"https:\/\/artbridges.ca\/fr\/devenir-membre-dartbridges\/\">programmes de<\/a> <a href=\"https:\/\/artbridges.ca\/fr\/parrainage\/\">parrainage<\/a> et d&rsquo;adh\u00e9sion pour cr\u00e9er de nouvelles sources de financement. Notre objectif est de cr\u00e9er une durabilit\u00e9 \u00e0 long terme pour ArtBridges. Nous acceptons \u00e9galement des missions sp\u00e9ciales pour des \u00ab frais de service \u00bb. <a href=\"https:\/\/artbridges.ca\/contact\/\">Contactez-nous pour en savoir plus.<\/a>[\/vc_column_text][\/vc_tta_section][vc_tta_section title=\u00a0\u00bbArtBridges a-t-il besoin de dons ? Comment puis-je faire un don ?\u00a0\u00bb tab_id=\u00a0\u00bb1676546875137-f5ac500d-b273&Prime;][vc_column_text]Avons-nous jamais! Nous comptons sur les dons pour fournir ce service et cette ressource, et pour payer le loyer et les autres d\u00e9penses de fonctionnement. <a href=\"https:\/\/artbridges.ca\/donate_donate\/\">Merci d&rsquo;avoir envisag\u00e9 un cadeau pour ce travail important !<\/a>[\/vc_column_text][\/vc_tta_section][vc_tta_section title=\u00a0\u00bbPuis-je ou mon entreprise ou organisation devenir un sponsor et \u00eatre reconnu sur ce site Web ?\u00a0\u00bb tab_id=\u00a0\u00bb1676546875163-0da20c18-c6db\u00a0\u00bb][vc_column_text]Oui! Veuillez consulter notre <a href=\"https:\/\/artbridges.ca\/fr\/parrainage\/\">page de parrainage<\/a>.[\/vc_column_text][\/vc_tta_section][vc_tta_section title=\u00a0\u00bbPuis-je simplement appeler ou envoyer un e-mail \u00e0 quelqu&rsquo;un de votre bureau pour obtenir des informations ou pour partager des id\u00e9es ?\u00a0\u00bb tab_id=\u00a0\u00bb1676546875187-b7a7d3e8-a199&Prime;][vc_column_text]Absolument! Nous nous f\u00e9licitons de votre <a href=\"https:\/\/artbridges.ca\/contact\/\">e-mail<\/a>[\/vc_column_text][\/vc_tta_section][\/vc_tta_accordion][\/vc_column][\/vc_row]<\/p>\n<\/div>","protected":false},"excerpt":{"rendered":"<p>[vc_row bg_type=\u00a0\u00bbimage\u00a0\u00bb parallax_style=\u00a0\u00bbvcpb-default\u00a0\u00bb bg_image_new=\u00a0\u00bbid^3718|url^https:\/\/artbridges.ca\/wp-content\/uploads\/2023\/04\/New-Banner-02.jpg|caption^null|alt^null|title^New-Banner-02|description^null\u00a0\u00bb bg_image_repeat=\u00a0\u00bbno-repeat\u00a0\u00bb el_class=\u00a0\u00bbpad-sides\u00a0\u00bb][vc_column][\/vc_column][\/vc_row][vc_row el_class=\u00a0\u00bbpad-sides about-h3&Prime; css=\u00a0\u00bb.vc_custom_1676546923712{padding-top: 50px !important;}\u00a0\u00bb][vc_column][vc_column_text]Vous ne voyez pas votre question ici ? Nous contacter[\/vc_column_text][\/vc_column][\/vc_row][vc_row el_class=\u00a0\u00bbpad-sides faqs\u00a0\u00bb css=\u00a0\u00bb.vc_custom_1676546916379{padding-bottom: 50px !important;}\u00a0\u00bb][vc_column][vc_tta_accordion style=\u00a0\u00bbflat\u00a0\u00bb shape=\u00a0\u00bbsquare\u00a0\u00bb color=\u00a0\u00bbwhite\u00a0\u00bb c_icon=\u00a0\u00bbchevron\u00a0\u00bb c_position=\u00a0\u00bbright\u00a0\u00bb active_section=\u00a0\u00bb1&Prime; no_fill=\u00a0\u00bbtrue\u00a0\u00bb][vc_tta_section title=\u00a0\u00bbComment puis-je trouver un programme artistique gratuit, abordable ou accessible dans ma communaut\u00e9 ?\u00a0\u00bb tab_id=\u00a0\u00bb1676546874678-3378c25e-42df\u00a0\u00bb][vc_column_text]Consultez l&rsquo;annuaire des cartes<\/p>\n<p><a class=\"sd-more sd-all-trans\" href=\"https:\/\/artbridges.ca\/fr\/questions-frequemment-posees\/#more-27834\">Read More<\/a><\/p>\n","protected":false},"author":1,"featured_media":0,"parent":0,"menu_order":0,"comment_status":"closed","ping_status":"closed","template":"full-width-page.php","meta":{"footnotes":""},"class_list":["post-27834","page","type-page","status-publish","hentry"],"_links":{"self":[{"href":"https:\/\/artbridges.ca\/fr\/wp-json\/wp\/v2\/pages\/27834","targetHints":{"allow":["GET"]}}],"collection":[{"href":"https:\/\/artbridges.ca\/fr\/wp-json\/wp\/v2\/pages"}],"about":[{"href":"https:\/\/artbridges.ca\/fr\/wp-json\/wp\/v2\/types\/page"}],"author":[{"embeddable":true,"href":"https:\/\/artbridges.ca\/fr\/wp-json\/wp\/v2\/users\/1"}],"replies":[{"embeddable":true,"href":"https:\/\/artbridges.ca\/fr\/wp-json\/wp\/v2\/comments?post=27834"}],"version-history":[{"count":1,"href":"https:\/\/artbridges.ca\/fr\/wp-json\/wp\/v2\/pages\/27834\/revisions"}],"predecessor-version":[{"id":27837,"href":"https:\/\/artbridges.ca\/fr\/wp-json\/wp\/v2\/pages\/27834\/revisions\/27837"}],"wp:attachment":[{"href":"https:\/\/artbridges.ca\/fr\/wp-json\/wp\/v2\/media?parent=27834"}],"curies":[{"name":"wp","href":"https:\/\/api.w.org\/{rel}","templated":true}]}}