{"id":27859,"date":"2023-02-16T08:21:19","date_gmt":"2023-02-16T13:21:19","guid":{"rendered":"https:\/\/artbridges.ca\/comment-faire-un-don\/"},"modified":"2023-07-03T02:36:48","modified_gmt":"2023-07-03T06:36:48","slug":"comment-faire-un-don","status":"publish","type":"page","link":"https:\/\/artbridges.ca\/fr\/comment-faire-un-don\/","title":{"rendered":"Comment faire un don"},"content":{"rendered":"<div class=\"wpb-content-wrapper\"><p>[vc_row bg_type=\u00a0\u00bbimage\u00a0\u00bb parallax_style=\u00a0\u00bbvcpb-default\u00a0\u00bb bg_image_new=\u00a0\u00bbid^3718|url^https:\/\/artbridges.ca\/wp-content\/uploads\/2023\/04\/New-Banner-02.jpg|caption^null|alt^null|title^New-Banner-02|description^null\u00a0\u00bb bg_image_repeat=\u00a0\u00bbno-repeat\u00a0\u00bb el_class=\u00a0\u00bbpad-sides\u00a0\u00bb][vc_column]<div class=\"ult-spacer spacer-69ef227983371\" data-id=\"69ef227983371\" data-height=\"110\" data-height-mobile=\"50\" data-height-tab=\"\" data-height-tab-portrait=\"\" data-height-mobile-landscape=\"\" style=\"clear:both;display:block;\"><\/div><div id=\"ultimate-heading-747469ef2279833d8\" class=\"uvc-heading ult-adjust-bottom-margin ultimate-heading-747469ef2279833d8 uvc-2525 \" data-hspacer=\"no_spacer\"  data-halign=\"left\" style=\"text-align:left\"><div class=\"uvc-heading-spacer no_spacer\" style=\"top\"><\/div><div class=\"uvc-sub-heading ult-responsive\"  data-ultimate-target='.uvc-heading.ultimate-heading-747469ef2279833d8 .uvc-sub-heading '  data-responsive-json-new='{\"font-size\":\"desktop:18px;\",\"line-height\":\"desktop:18px;\"}'  style=\"font-family:&#039;Montserrat&#039;;font-weight:700;\"><\/p>\n<p class=\"sd-text-bg-white\">COMMENT FAIRE UN DON<\/p>\n<p><\/div><\/div><div class=\"ult-spacer spacer-69ef227983432\" data-id=\"69ef227983432\" data-height=\"110\" data-height-mobile=\"50\" data-height-tab=\"\" data-height-tab-portrait=\"\" data-height-mobile-landscape=\"\" style=\"clear:both;display:block;\"><\/div>[\/vc_column][\/vc_row][vc_row el_class=\u00a0\u00bbpad-sides about-h3&Prime; css=\u00a0\u00bb.vc_custom_1676553592142{padding-top: 50px !important;}\u00a0\u00bb][vc_column]<div id=\"ultimate-heading-510469ef227983474\" class=\"uvc-heading ult-adjust-bottom-margin ultimate-heading-510469ef227983474 uvc-6949 \" data-hspacer=\"no_spacer\"  data-halign=\"center\" style=\"text-align:center\"><div class=\"uvc-heading-spacer no_spacer\" style=\"top\"><\/div><div class=\"uvc-main-heading ult-responsive\"  data-ultimate-target='.uvc-heading.ultimate-heading-510469ef227983474 h3'  data-responsive-json-new='{\"font-size\":\"desktop:30px;\",\"line-height\":\"\"}' ><h3 style=\"font-weight:normal;color:#000000;\">Les dons aident \u00e0 soutenir le travail de<br \/>\nArtBridges toute l&#039;ann\u00e9e !<\/h3><\/div><\/div>[\/vc_column][\/vc_row][vc_row el_class=\u00a0\u00bbpad-sides volunteer\u00a0\u00bb css=\u00a0\u00bb.vc_custom_1676553900202{padding-top: 50px !important;}\u00a0\u00bb][vc_column width=\u00a0\u00bb2\/3&Prime;][vc_column_text]En tant que donateur, vous serez un partenaire essentiel dans le travail important d&rsquo;ArtBridges en nous aidant \u00e0 sensibiliser, \u00e0 connecter les gens aux initiatives artistiques engag\u00e9es par la communaut\u00e9, \u00e0 rassembler et partager des ressources et \u00e0 mettre en \u00e9vidence ce qui se passe dans la pratique et sur le terrain.<\/p>\n<p>ArtBridges est une plaque tournante et un forum de connexion pour toute personne int\u00e9ress\u00e9e ou active dans les arts engag\u00e9s dans la communaut\u00e9 et les arts pour le changement social au Canada.[\/vc_column_text]<div class=\"ult-spacer spacer-69ef22798355b\" data-id=\"69ef22798355b\" data-height=\"30\" data-height-mobile=\"30\" data-height-tab=\"30\" data-height-tab-portrait=\"\" data-height-mobile-landscape=\"\" style=\"clear:both;display:block;\"><\/div><div id=\"ultimate-heading-894769ef227983583\" class=\"uvc-heading ult-adjust-bottom-margin ultimate-heading-894769ef227983583 uvc-4285 \" data-hspacer=\"no_spacer\"  data-halign=\"center\" style=\"text-align:center\"><div class=\"uvc-heading-spacer no_spacer\" style=\"top\"><\/div><div class=\"uvc-main-heading ult-responsive\"  data-ultimate-target='.uvc-heading.ultimate-heading-894769ef227983583 h3'  data-responsive-json-new='{\"font-size\":\"desktop:28px;\",\"line-height\":\"\"}' ><h3 style=\"font-weight:bold;color:#000000;\">Lorsque vous donnez g\u00e9n\u00e9reusement aujourd&#039;hui, vous \u00eates un partenaire du travail important d&#039;ArtBridges<\/h3><\/div><\/div><div class=\"ult-spacer spacer-69ef2279835bb\" data-id=\"69ef2279835bb\" data-height=\"30\" data-height-mobile=\"30\" data-height-tab=\"30\" data-height-tab-portrait=\"\" data-height-mobile-landscape=\"\" style=\"clear:both;display:block;\"><\/div>[vc_column_text]L&rsquo;art est un vecteur de d\u00e9veloppement communautaire sain. La cr\u00e9ation artistique, la cr\u00e9ativit\u00e9 et l&rsquo;expression artistique rassemblent les enfants, les jeunes et les adultes dans des studios communautaires qui combinent loisirs, \u00e9ducation, d\u00e9veloppement des comp\u00e9tences de vie, d\u00e9veloppement \u00e9conomique et leadership. Les avantages pour tous comprennent : des quartiers plus s\u00fbrs et plus dynamiques, une meilleure sant\u00e9 mentale et physique, une plus grande r\u00e9ussite dans les \u00e9tudes et l&#8217;emploi, l&rsquo;engagement communautaire et la revitalisation des quartiers.[\/vc_column_text][\/vc_column][vc_column width=\u00a0\u00bb1\/3&Prime;][vc_single_image image=\u00a0\u00bb27562&Prime; img_size=\u00a0\u00bbfull\u00a0\u00bb alignment=\u00a0\u00bbcenter\u00a0\u00bb][\/vc_column][\/vc_row][vc_row el_class=\u00a0\u00bbpad-sides volunteer\u00a0\u00bb css=\u00a0\u00bb.vc_custom_1676643846826{padding-top: 50px !important;padding-bottom: 100px !important;}\u00a0\u00bb][vc_column]<div id=\"ultimate-heading-398569ef2279835db\" class=\"uvc-heading ult-adjust-bottom-margin ultimate-heading-398569ef2279835db uvc-1539 \" data-hspacer=\"no_spacer\"  data-halign=\"center\" style=\"text-align:center\"><div class=\"uvc-heading-spacer no_spacer\" style=\"top\"><\/div><div class=\"uvc-main-heading ult-responsive\"  data-ultimate-target='.uvc-heading.ultimate-heading-398569ef2279835db h3'  data-responsive-json-new='{\"font-size\":\"desktop:28px;\",\"line-height\":\"\"}' ><h3 style=\"font-weight:bold;color:#000000;\">Merci de croire en ce travail ! Nous ne pourrions pas faire tout cela sans vous !<\/h3><\/div><\/div><div class=\"ult-spacer spacer-69ef227983605\" data-id=\"69ef227983605\" data-height=\"30\" data-height-mobile=\"30\" data-height-tab=\"30\" data-height-tab-portrait=\"\" data-height-mobile-landscape=\"\" style=\"clear:both;display:block;\"><\/div>[vc_raw_html]PGRpdiBjbGFzcz0iZG9uYXRpb24tYnV0dG9uIj48YSBocmVmPSJodHRwczovL3d3dy5jYW5hZGFoZWxwcy5vcmcvZW4vZG4vMzg4MDg\/djI9dHJ1ZSI+IDxpbWcgc3JjPSJodHRwczovL2FydGZsaXguaW4vYXJ0YnJpZGdlcy93cC1jb250ZW50L3VwbG9hZHMvMjAyMy8wMi9kb25hdGlvbi5wbmciPiBGYWlyZSB1biBkb24gbWFpbnRlbmFudDwvYT4=[\/vc_raw_html]<div class=\"ult-spacer spacer-69ef22798361c\" data-id=\"69ef22798361c\" data-height=\"60\" data-height-mobile=\"60\" data-height-tab=\"60\" data-height-tab-portrait=\"\" data-height-mobile-landscape=\"\" style=\"clear:both;display:block;\"><\/div>[vc_column_text]<\/p>\n<h4>Voici les fa\u00e7ons dont vous pouvez faire un don caritatif \u00e0 ArtBridges :<\/h4>\n<ul>\n<li><a href=\"https:\/\/www.canadahelps.org\/en\/dn\/38808\">Faites un don en ligne par carte de cr\u00e9dit s\u00fbr, s\u00e9curis\u00e9 et pratique.<\/a><\/li>\n<\/ul>\n<p>&nbsp;<\/p>\n<h4>Vos options de cadeaux incluent :<\/h4>\n<ul>\n<li>Dons ponctuels, mensuels ou trimestriels.<\/li>\n<li>Un don de titres cot\u00e9s en bourse.<\/li>\n<li>Un cadeau en l&rsquo;honneur de quelqu&rsquo;un.<\/li>\n<li>Tous les dons de plus de 25 $ recevront un re\u00e7u d&rsquo;imp\u00f4t de bienfaisance.<\/li>\n<\/ul>\n<p>&nbsp;<\/p>\n<h4>D\u00e9couvrez comment votre don fait une diff\u00e9rence et restez inform\u00e9 de ce qui se passe<\/h4>\n<ul>\n<li>Recevez un r\u00e9sum\u00e9 annuel d\u00e9crivant nos activit\u00e9s et nos r\u00e9alisations.<\/li>\n<li>D\u00e9couvrez nos <a href=\"https:\/\/artbridges.ca\/fr\/nos-actitives\/\">activit\u00e9s en cours.<\/a><\/li>\n<li>Aimez et commentez la <a href=\"http:\/\/www.facebook.com\/artbridgestoiledesarts\">page Facebook<\/a> d&rsquo;ArtBridges\/ToileDesArts.<\/li>\n<li>Suivez ArtBridges\/ToileDesArts sur <a href=\"http:\/\/www.twitter.com\/artbridges\">Twitter<\/a> et retweetez nos tweets sur vos r\u00e9seaux.<\/li>\n<li>Abonnez-vous \u00e0 notre blog communautaire.<\/li>\n<li>Abonnez-vous \u00e0 notre newsletter bimensuelle.<\/li>\n<\/ul>\n<p>&nbsp;<\/p>\n<p><em><strong>ArtBridges\/ToileDesArts est une plaque tournante pancanadienne unique, \u00e9mergente et gratuite pour les initiatives artistiques engag\u00e9es dans la communaut\u00e9. ArtBridges\/ToileDesArts informe et connecte les gens sur les arts engag\u00e9s dans la communaut\u00e9 au Canada et les avantages des arts pour le changement social.<\/strong><\/em><\/p>\n<p>Pour en savoir plus sur ArtBridges\/ToileDesArts, veuillez envoyer un courriel \u00e0 notre directrice, <a href=\"mailto:sconnell@artbridges.ca\">Seanna Connell<\/a>[\/vc_column_text][\/vc_column][\/vc_row]<\/p>\n<\/div>","protected":false},"excerpt":{"rendered":"<p>[vc_row bg_type=\u00a0\u00bbimage\u00a0\u00bb parallax_style=\u00a0\u00bbvcpb-default\u00a0\u00bb bg_image_new=\u00a0\u00bbid^3718|url^https:\/\/artbridges.ca\/wp-content\/uploads\/2023\/04\/New-Banner-02.jpg|caption^null|alt^null|title^New-Banner-02|description^null\u00a0\u00bb bg_image_repeat=\u00a0\u00bbno-repeat\u00a0\u00bb el_class=\u00a0\u00bbpad-sides\u00a0\u00bb][vc_column][\/vc_column][\/vc_row][vc_row el_class=\u00a0\u00bbpad-sides about-h3&Prime; css=\u00a0\u00bb.vc_custom_1676553592142{padding-top: 50px !important;}\u00a0\u00bb][vc_column][\/vc_column][\/vc_row][vc_row el_class=\u00a0\u00bbpad-sides volunteer\u00a0\u00bb css=\u00a0\u00bb.vc_custom_1676553900202{padding-top: 50px !important;}\u00a0\u00bb][vc_column width=\u00a0\u00bb2\/3&Prime;][vc_column_text]En tant que donateur, vous serez un partenaire essentiel dans le travail important d&rsquo;ArtBridges en nous aidant \u00e0 sensibiliser, \u00e0 connecter les gens aux initiatives artistiques engag\u00e9es par la communaut\u00e9, \u00e0 rassembler et partager<\/p>\n<p><a class=\"sd-more sd-all-trans\" href=\"https:\/\/artbridges.ca\/fr\/comment-faire-un-don\/#more-27859\">Read More<\/a><\/p>\n","protected":false},"author":1,"featured_media":0,"parent":0,"menu_order":0,"comment_status":"closed","ping_status":"closed","template":"full-width-page.php","meta":{"footnotes":""},"class_list":["post-27859","page","type-page","status-publish","hentry"],"_links":{"self":[{"href":"https:\/\/artbridges.ca\/fr\/wp-json\/wp\/v2\/pages\/27859","targetHints":{"allow":["GET"]}}],"collection":[{"href":"https:\/\/artbridges.ca\/fr\/wp-json\/wp\/v2\/pages"}],"about":[{"href":"https:\/\/artbridges.ca\/fr\/wp-json\/wp\/v2\/types\/page"}],"author":[{"embeddable":true,"href":"https:\/\/artbridges.ca\/fr\/wp-json\/wp\/v2\/users\/1"}],"replies":[{"embeddable":true,"href":"https:\/\/artbridges.ca\/fr\/wp-json\/wp\/v2\/comments?post=27859"}],"version-history":[{"count":2,"href":"https:\/\/artbridges.ca\/fr\/wp-json\/wp\/v2\/pages\/27859\/revisions"}],"predecessor-version":[{"id":27872,"href":"https:\/\/artbridges.ca\/fr\/wp-json\/wp\/v2\/pages\/27859\/revisions\/27872"}],"wp:attachment":[{"href":"https:\/\/artbridges.ca\/fr\/wp-json\/wp\/v2\/media?parent=27859"}],"curies":[{"name":"wp","href":"https:\/\/api.w.org\/{rel}","templated":true}]}}