{"id":27863,"date":"2023-02-13T06:15:31","date_gmt":"2023-02-13T11:15:31","guid":{"rendered":"https:\/\/artbridges.ca\/vos-arts-communautaires-sur-artbridges-toiledesarts\/"},"modified":"2023-07-25T10:54:19","modified_gmt":"2023-07-25T14:54:19","slug":"vos-arts-communautaires-sur-artbridges-toiledesarts","status":"publish","type":"page","link":"https:\/\/artbridges.ca\/fr\/vos-arts-communautaires-sur-artbridges-toiledesarts\/","title":{"rendered":"Vos Arts Communautaires sur ArtBridges\/ToileDesArts"},"content":{"rendered":"<div class=\"wpb-content-wrapper\"><p>[vc_row bg_type=\u00a0\u00bbimage\u00a0\u00bb parallax_style=\u00a0\u00bbvcpb-default\u00a0\u00bb bg_image_new=\u00a0\u00bbid^3718|url^https:\/\/artbridges.ca\/wp-content\/uploads\/2023\/04\/New-Banner-02.jpg|caption^null|alt^null|title^New-Banner-02|description^null\u00a0\u00bb bg_image_repeat=\u00a0\u00bbno-repeat\u00a0\u00bb el_class=\u00a0\u00bbpad-sides\u00a0\u00bb][vc_column]<div class=\"ult-spacer spacer-69ef1fe43ef60\" data-id=\"69ef1fe43ef60\" data-height=\"110\" data-height-mobile=\"50\" data-height-tab=\"\" data-height-tab-portrait=\"\" data-height-mobile-landscape=\"\" style=\"clear:both;display:block;\"><\/div><div id=\"ultimate-heading-87869ef1fe43efd0\" class=\"uvc-heading ult-adjust-bottom-margin ultimate-heading-87869ef1fe43efd0 uvc-2905 \" data-hspacer=\"no_spacer\"  data-halign=\"left\" style=\"text-align:left\"><div class=\"uvc-heading-spacer no_spacer\" style=\"top\"><\/div><div class=\"uvc-sub-heading ult-responsive\"  data-ultimate-target='.uvc-heading.ultimate-heading-87869ef1fe43efd0 .uvc-sub-heading '  data-responsive-json-new='{\"font-size\":\"desktop:18px;\",\"line-height\":\"desktop:18px;\"}'  style=\"font-family:&#039;Montserrat&#039;;font-weight:700;\"><\/p>\n<p class=\"sd-text-bg-white\">VOS ARTS COMMUNAUTAIRES SUR ARTBRIDGES\/TOILEDESARTS<\/p>\n<p><\/div><\/div><div class=\"ult-spacer spacer-69ef1fe43f01a\" data-id=\"69ef1fe43f01a\" data-height=\"110\" data-height-mobile=\"50\" data-height-tab=\"\" data-height-tab-portrait=\"\" data-height-mobile-landscape=\"\" style=\"clear:both;display:block;\"><\/div>[\/vc_column][\/vc_row][vc_row el_class=\u00a0\u00bbpad-sides about-h3&Prime; css=\u00a0\u00bb.vc_custom_1676038691512{padding-top: 50px !important;padding-bottom: 30px !important;}\u00a0\u00bb][vc_column]<div id=\"ultimate-heading-37069ef1fe43f03e\" class=\"uvc-heading ult-adjust-bottom-margin ultimate-heading-37069ef1fe43f03e uvc-3489 \" data-hspacer=\"no_spacer\"  data-halign=\"center\" style=\"text-align:center\"><div class=\"uvc-heading-spacer no_spacer\" style=\"top\"><\/div><div class=\"uvc-main-heading ult-responsive\"  data-ultimate-target='.uvc-heading.ultimate-heading-37069ef1fe43f03e h3'  data-responsive-json-new='{\"font-size\":\"desktop:34px;\",\"line-height\":\"\"}' ><h3 style=\"font-weight:normal;color:#000000;\">Vos Arts Communautaires sur ArtBridge\/ToileDesArts<\/h3><\/div><\/div><div class=\"ult-spacer spacer-69ef1fe43f098\" data-id=\"69ef1fe43f098\" data-height=\"30\" data-height-mobile=\"30\" data-height-tab=\"30\" data-height-tab-portrait=\"\" data-height-mobile-landscape=\"\" style=\"clear:both;display:block;\"><\/div>[vc_row_inner][vc_column_inner width=\u00a0\u00bb1\/4&Prime;][\/vc_column_inner][vc_column_inner width=\u00a0\u00bb1\/2&Prime;][vc_column_text]Cette section vous aidera \u00e0 vous renseigner sur les initiatives d&rsquo;arts communautaires et d&rsquo;arts pour le changement social \u00e0 travers le Canada.[\/vc_column_text][\/vc_column_inner][vc_column_inner width=\u00a0\u00bb1\/4&Prime;][\/vc_column_inner][\/vc_row_inner][\/vc_column][\/vc_row][vc_row el_class=\u00a0\u00bbpad-sides about-h3&Prime;][vc_column]<div id=\"ultimate-heading-846469ef1fe43f0b8\" class=\"uvc-heading ult-adjust-bottom-margin ultimate-heading-846469ef1fe43f0b8 uvc-742 mar-bot-30\" data-hspacer=\"no_spacer\"  data-halign=\"left\" style=\"text-align:left\"><div class=\"uvc-heading-spacer no_spacer\" style=\"top\"><\/div><div class=\"uvc-main-heading ult-responsive\"  data-ultimate-target='.uvc-heading.ultimate-heading-846469ef1fe43f0b8 h3'  data-responsive-json-new='{\"font-size\":\"desktop:28px;\",\"line-height\":\"\"}' ><h3 style=\"font-weight:normal;color:#000000;\">Ce que fait ArtBridges\/ToileDesArts<\/h3><\/div><div class=\"uvc-sub-heading ult-responsive\"  data-ultimate-target='.uvc-heading.ultimate-heading-846469ef1fe43f0b8 .uvc-sub-heading '  data-responsive-json-new='{\"font-size\":\"\",\"line-height\":\"\"}'  style=\"font-weight:normal;\">ArtBridges connecte et informe les gens sur les arts communautaires au Canada en<\/div><\/div><div class=\"ult-spacer spacer-69ef1fe43f0e7\" data-id=\"69ef1fe43f0e7\" data-height=\"30\" data-height-mobile=\"30\" data-height-tab=\"30\" data-height-tab-portrait=\"\" data-height-mobile-landscape=\"\" style=\"clear:both;display:block;\"><\/div>[\/vc_column][\/vc_row][vc_row content_placement=\u00a0\u00bbmiddle\u00a0\u00bb el_class=\u00a0\u00bbpad-sides icon-row\u00a0\u00bb css=\u00a0\u00bb.vc_custom_1676041061112{padding-bottom: 50px !important;}\u00a0\u00bb][vc_column width=\u00a0\u00bb1\/2&Prime;][vc_row_inner content_placement=\u00a0\u00bbmiddle\u00a0\u00bb][vc_column_inner width=\u00a0\u00bb1\/6&Prime;][vc_single_image image=\u00a0\u00bb27557&Prime; img_size=\u00a0\u00bbfull\u00a0\u00bb][\/vc_column_inner][vc_column_inner width=\u00a0\u00bb5\/6&Prime;][vc_column_text]Informe les gens sur les arts engag\u00e9s dans la communaut\u00e9 et les avantages des arts pour le changement social au Canada[\/vc_column_text][\/vc_column_inner][\/vc_row_inner][vc_row_inner content_placement=\u00a0\u00bbmiddle\u00a0\u00bb][vc_column_inner width=\u00a0\u00bb1\/6&Prime;][vc_single_image image=\u00a0\u00bb27559&Prime; img_size=\u00a0\u00bbfull\u00a0\u00bb][\/vc_column_inner][vc_column_inner width=\u00a0\u00bb5\/6&Prime;][vc_column_text]Fournit un carrefour pancanadien gratuit pour les initiatives artistiques communautaires[\/vc_column_text][\/vc_column_inner][\/vc_row_inner][\/vc_column][vc_column width=\u00a0\u00bb1\/2&Prime;][vc_row_inner content_placement=\u00a0\u00bbmiddle\u00a0\u00bb][vc_column_inner width=\u00a0\u00bb1\/6&Prime;][vc_single_image image=\u00a0\u00bb27558&Prime; img_size=\u00a0\u00bbfull\u00a0\u00bb][\/vc_column_inner][vc_column_inner width=\u00a0\u00bb5\/6&Prime;][vc_column_text]Relie les gens aux initiatives, \u00e9v\u00e9nements et opportunit\u00e9s artistiques communautaires[\/vc_column_text][\/vc_column_inner][\/vc_row_inner][vc_row_inner content_placement=\u00a0\u00bbmiddle\u00a0\u00bb][vc_column_inner width=\u00a0\u00bb1\/6&Prime;][vc_single_image image=\u00a0\u00bb27560&Prime; img_size=\u00a0\u00bbfull\u00a0\u00bb][\/vc_column_inner][vc_column_inner width=\u00a0\u00bb5\/6&Prime;][vc_column_text]Contribue \u00e0 am\u00e9liorer l&rsquo;acc\u00e8s aux arts et \u00e0 la cr\u00e9ation artistique pour les Canadiens vivant dans des communaut\u00e9s \u00e9loign\u00e9es, sous-financ\u00e9es et mal desservies[\/vc_column_text][\/vc_column_inner][\/vc_row_inner][\/vc_column][\/vc_row][vc_row el_class=\u00a0\u00bbpad-sides about-h3&Prime; css=\u00a0\u00bb.vc_custom_1676038691512{padding-top: 50px !important;padding-bottom: 30px !important;}\u00a0\u00bb][vc_column]<div id=\"ultimate-heading-962669ef1fe43f112\" class=\"uvc-heading ult-adjust-bottom-margin ultimate-heading-962669ef1fe43f112 uvc-7536 \" data-hspacer=\"no_spacer\"  data-halign=\"center\" style=\"text-align:center\"><div class=\"uvc-heading-spacer no_spacer\" style=\"top\"><\/div><div class=\"uvc-main-heading ult-responsive\"  data-ultimate-target='.uvc-heading.ultimate-heading-962669ef1fe43f112 h3'  data-responsive-json-new='{\"font-size\":\"desktop:34px;\",\"line-height\":\"\"}' ><h3 style=\"font-weight:normal;color:#000000;\">En savoir plus sur les arts engag\u00e9s dans la communaut\u00e9 en<br \/>\nCanada, vous pouvez :<\/h3><\/div><\/div><div class=\"ult-spacer spacer-69ef1fe43f1bb\" data-id=\"69ef1fe43f1bb\" data-height=\"30\" data-height-mobile=\"30\" data-height-tab=\"30\" data-height-tab-portrait=\"\" data-height-mobile-landscape=\"\" style=\"clear:both;display:block;\"><\/div>[\/vc_column][\/vc_row][vc_row el_class=\u00a0\u00bbred-back-head pad-sides\u00a0\u00bb css=\u00a0\u00bb.vc_custom_1679999458315{border-bottom-width: 100px !important;}\u00a0\u00bb][vc_column width=\u00a0\u00bb1\/2&Prime;]<span id=\"creative-link-wrap-9358\" class=\"ult_main_cl ult-adjust-bottom-margin cstm-link-anchor \" >\n\t \t\t\t<span class=\"  ult_crlink\" >\n\t\t\t\t\t<a  data-ultimate-target='#creative-link-wrap-9358 .ult_colorlink'  data-responsive-json-new='{\"font-size\":\"\",\"line-height\":\"\"}'  href=\"https:\/\/artbridges.ca\/fr\/quest-ce-que-les-arts-communautaires-les-arts-engages-par-la-communaute-ou-les-arts-pour-le-changement-social\/\"  class=\"ult_colorlink ult-responsive \" style=\"font-weight:normal; \"  data-textcolor=\"#333333\" data-texthover=\"#333333\"data-style=\"\">\n\t\t\t\t\t\t\n\t\t\t\t\t\t<span data-hover=\"lien ici\" style=\"color:#333333;;;\" class=\"ult_btn10_span   \">lien ici<\/span>\n\t\t\t\t\t\t\n\t\t\t\t\t<\/a>\n\t\t\t\t<\/span>\n\t\t\t<\/span><div id=\"ultimate-heading-730769ef1fe43f3c1\" class=\"uvc-heading ult-adjust-bottom-margin ultimate-heading-730769ef1fe43f3c1 uvc-7038 red-back-main-head\" data-hspacer=\"image_only\"  data-halign=\"left\" style=\"text-align:left\"><div class=\"uvc-heading-spacer image_only\" style=\"top\"><img decoding=\"async\" src=\"https:\/\/artbridges.ca\/wp-content\/uploads\/2023\/02\/Layer-17.png\" class=\"ultimate-headings-icon-image\" alt=\"null\" style=\"\"\/><\/div><div class=\"uvc-sub-heading ult-responsive\"  data-ultimate-target='.uvc-heading.ultimate-heading-730769ef1fe43f3c1 .uvc-sub-heading '  data-responsive-json-new='{\"font-size\":\"desktop:18px;\",\"line-height\":\"\"}'  style=\"font-weight:bold;color:#ffffff;\"><a href=\"https:\/\/artbridges.ca\/fr\/quest-ce-que-les-arts-communautaires-les-arts-engages-par-la-communaute-ou-les-arts-pour-le-changement-social\/\">D\u00e9couvrez un kal\u00e9idoscope de perspectives sur ce que sont les arts engag\u00e9s dans la communaut\u00e9<\/a><\/div><\/div><div id=\"ultimate-heading-436469ef1fe43f3f1\" class=\"uvc-heading ult-adjust-bottom-margin ultimate-heading-436469ef1fe43f3f1 uvc-2627 red-back-sub-head\" data-hspacer=\"no_spacer\"  data-halign=\"left\" style=\"text-align:left\"><div class=\"uvc-heading-spacer no_spacer\" style=\"top\"><\/div><div class=\"uvc-sub-heading ult-responsive\"  data-ultimate-target='.uvc-heading.ultimate-heading-436469ef1fe43f3f1 .uvc-sub-heading '  data-responsive-json-new='{\"font-size\":\"desktop:15px;\",\"line-height\":\"\"}'  style=\"font-weight:normal;color:#4b4b4b;\">Qu&rsquo;est-ce que les arts communautaires, les arts engag\u00e9s dans la communaut\u00e9 ou les arts pour le changement social ? Est-ce un champ ? Un processus? Une pratique? Une discipline ?<\/div><\/div><div class=\"ult-spacer spacer-69ef1fe43f40c\" data-id=\"69ef1fe43f40c\" data-height=\"30\" data-height-mobile=\"0\" data-height-tab=\"\" data-height-tab-portrait=\"\" data-height-mobile-landscape=\"\" style=\"clear:both;display:block;\"><\/div>[\/vc_column][vc_column width=\u00a0\u00bb1\/2&Prime;]<span id=\"creative-link-wrap-9724\" class=\"ult_main_cl ult-adjust-bottom-margin cstm-link-anchor \" >\n\t \t\t\t<span class=\"  ult_crlink\" >\n\t\t\t\t\t<a  data-ultimate-target='#creative-link-wrap-9724 .ult_colorlink'  data-responsive-json-new='{\"font-size\":\"\",\"line-height\":\"\"}'  href=\"https:\/\/artbridges.ca\/fr\/les-arts-en-action-dans-la-communaute-a-travers-le-canada\/\"  class=\"ult_colorlink ult-responsive \" style=\"font-weight:normal; \"  data-textcolor=\"#333333\" data-texthover=\"#333333\"data-style=\"\">\n\t\t\t\t\t\t\n\t\t\t\t\t\t<span data-hover=\"lien ici\" style=\"color:#333333;;;\" class=\"ult_btn10_span   \">lien ici<\/span>\n\t\t\t\t\t\t\n\t\t\t\t\t<\/a>\n\t\t\t\t<\/span>\n\t\t\t<\/span><div id=\"ultimate-heading-399069ef1fe43f480\" class=\"uvc-heading ult-adjust-bottom-margin ultimate-heading-399069ef1fe43f480 uvc-8568 red-back-main-head\" data-hspacer=\"image_only\"  data-halign=\"left\" style=\"text-align:left\"><div class=\"uvc-heading-spacer image_only\" style=\"top\"><img decoding=\"async\" src=\"https:\/\/artbridges.ca\/wp-content\/uploads\/2023\/02\/Layer-17.png\" class=\"ultimate-headings-icon-image\" alt=\"null\" style=\"\"\/><\/div><div class=\"uvc-sub-heading ult-responsive\"  data-ultimate-target='.uvc-heading.ultimate-heading-399069ef1fe43f480 .uvc-sub-heading '  data-responsive-json-new='{\"font-size\":\"\",\"line-height\":\"\"}'  style=\"font-weight:normal;\"><a href=\"https:\/\/artbridges.ca\/fr\/les-arts-en-action-dans-la-communaute-a-travers-le-canada\/\">Voir la galerie communautaire<\/a><\/div><\/div><div id=\"ultimate-heading-77669ef1fe43f49e\" class=\"uvc-heading ult-adjust-bottom-margin ultimate-heading-77669ef1fe43f49e uvc-1585 red-back-sub-head\" data-hspacer=\"no_spacer\"  data-halign=\"left\" style=\"text-align:left\"><div class=\"uvc-heading-spacer no_spacer\" style=\"top\"><\/div><div class=\"uvc-sub-heading ult-responsive\"  data-ultimate-target='.uvc-heading.ultimate-heading-77669ef1fe43f49e .uvc-sub-heading '  data-responsive-json-new='{\"font-size\":\"desktop:15px;\",\"line-height\":\"\"}'  style=\"font-weight:normal;color:#4b4b4b;\">D\u00e9couvrez les arts engag\u00e9s dans la communaut\u00e9 en action &#8211; donner vie, raconter des histoires et faire de l&rsquo;art dans les communaut\u00e9s \u00e0 travers le Canada dans une galerie de photos, d&rsquo;images et de vid\u00e9os qui nous ont \u00e9t\u00e9 envoy\u00e9es par des initiatives d&rsquo;arts engag\u00e9s dans la communaut\u00e9.<\/div><\/div><div class=\"ult-spacer spacer-69ef1fe43f4b5\" data-id=\"69ef1fe43f4b5\" data-height=\"30\" data-height-mobile=\"0\" data-height-tab=\"\" data-height-tab-portrait=\"\" data-height-mobile-landscape=\"\" style=\"clear:both;display:block;\"><\/div>[\/vc_column][\/vc_row][vc_row el_class=\u00a0\u00bbred-back-head pad-sides\u00a0\u00bb css=\u00a0\u00bb.vc_custom_1679999496504{padding-bottom: 100px !important;}\u00a0\u00bb][vc_column width=\u00a0\u00bb1\/2&Prime;]<span id=\"creative-link-wrap-1365\" class=\"ult_main_cl ult-adjust-bottom-margin cstm-link-anchor \" >\n\t \t\t\t<span class=\"  ult_crlink\" >\n\t\t\t\t\t<a  data-ultimate-target='#creative-link-wrap-1365 .ult_colorlink'  data-responsive-json-new='{\"font-size\":\"\",\"line-height\":\"\"}'  href=\"https:\/\/artbridges.ca\/fr\/repertoire-de-profils-et-carte-des-arts-communautaires-au-canada\/\"  class=\"ult_colorlink ult-responsive \" style=\"font-weight:normal; \"  data-textcolor=\"#333333\" data-texthover=\"#333333\"data-style=\"\">\n\t\t\t\t\t\t\n\t\t\t\t\t\t<span data-hover=\"lien ici\" style=\"color:#333333;;;\" class=\"ult_btn10_span   \">lien ici<\/span>\n\t\t\t\t\t\t\n\t\t\t\t\t<\/a>\n\t\t\t\t<\/span>\n\t\t\t<\/span><div id=\"ultimate-heading-275969ef1fe43f50a\" class=\"uvc-heading ult-adjust-bottom-margin ultimate-heading-275969ef1fe43f50a uvc-8617 red-back-main-head\" data-hspacer=\"image_only\"  data-halign=\"left\" style=\"text-align:left\"><div class=\"uvc-heading-spacer image_only\" style=\"top\"><img decoding=\"async\" src=\"https:\/\/artbridges.ca\/wp-content\/uploads\/2023\/02\/Layer-17.png\" class=\"ultimate-headings-icon-image\" alt=\"null\" style=\"\"\/><\/div><div class=\"uvc-sub-heading ult-responsive\"  data-ultimate-target='.uvc-heading.ultimate-heading-275969ef1fe43f50a .uvc-sub-heading '  data-responsive-json-new='{\"font-size\":\"\",\"line-height\":\"\"}'  style=\"font-weight:normal;\"><a href=\"https:\/\/artbridges.ca\/fr\/repertoire-de-profils-et-carte-des-arts-communautaires-au-canada\/\">Trouvez des arts engag\u00e9s dans la communaut\u00e9 \u00e0 travers le Canada sur le r\u00e9pertoire de profils et la carte<\/a><\/div><\/div><div id=\"ultimate-heading-102269ef1fe43f52b\" class=\"uvc-heading ult-adjust-bottom-margin ultimate-heading-102269ef1fe43f52b uvc-871 red-back-sub-head\" data-hspacer=\"no_spacer\"  data-halign=\"left\" style=\"text-align:left\"><div class=\"uvc-heading-spacer no_spacer\" style=\"top\"><\/div><div class=\"uvc-sub-heading ult-responsive\"  data-ultimate-target='.uvc-heading.ultimate-heading-102269ef1fe43f52b .uvc-sub-heading '  data-responsive-json-new='{\"font-size\":\"desktop:15px;\",\"line-height\":\"\"}'  style=\"font-weight:normal;color:#4b4b4b;\">Vous trouverez ici des projets, des programmes, des organisations et des ressources artistiques communautaires accessibles et\/ou abordables au Canada<\/div><\/div><div class=\"ult-spacer spacer-69ef1fe43f540\" data-id=\"69ef1fe43f540\" data-height=\"30\" data-height-mobile=\"0\" data-height-tab=\"\" data-height-tab-portrait=\"\" data-height-mobile-landscape=\"\" style=\"clear:both;display:block;\"><\/div>[\/vc_column][vc_column width=\u00a0\u00bb1\/2&Prime;]<span id=\"creative-link-wrap-2154\" class=\"ult_main_cl ult-adjust-bottom-margin cstm-link-anchor \" >\n\t \t\t\t<span class=\"  ult_crlink\" >\n\t\t\t\t\t<a  data-ultimate-target='#creative-link-wrap-2154 .ult_colorlink'  data-responsive-json-new='{\"font-size\":\"\",\"line-height\":\"\"}'  href=\"https:\/\/artbridges.ca\/fr\/blog\/\"  class=\"ult_colorlink ult-responsive \" style=\"font-weight:normal; \"  data-textcolor=\"#333333\" data-texthover=\"#333333\"data-style=\"\">\n\t\t\t\t\t\t\n\t\t\t\t\t\t<span data-hover=\"lien ici\" style=\"color:#333333;;;\" class=\"ult_btn10_span   \">lien ici<\/span>\n\t\t\t\t\t\t\n\t\t\t\t\t<\/a>\n\t\t\t\t<\/span>\n\t\t\t<\/span><div id=\"ultimate-heading-696569ef1fe43f58e\" class=\"uvc-heading ult-adjust-bottom-margin ultimate-heading-696569ef1fe43f58e uvc-1856 red-back-main-head\" data-hspacer=\"image_only\"  data-halign=\"left\" style=\"text-align:left\"><div class=\"uvc-heading-spacer image_only\" style=\"top\"><img decoding=\"async\" src=\"https:\/\/artbridges.ca\/wp-content\/uploads\/2023\/02\/Layer-17.png\" class=\"ultimate-headings-icon-image\" alt=\"null\" style=\"\"\/><\/div><div class=\"uvc-sub-heading ult-responsive\"  data-ultimate-target='.uvc-heading.ultimate-heading-696569ef1fe43f58e .uvc-sub-heading '  data-responsive-json-new='{\"font-size\":\"\",\"line-height\":\"\"}'  style=\"font-weight:normal;\"><a href=\"https:\/\/artbridges.ca\/fr\/blog\/\">Lire ou contribuer au blog de la communaut\u00e9<\/a><\/div><\/div><div id=\"ultimate-heading-143869ef1fe43f5a8\" class=\"uvc-heading ult-adjust-bottom-margin ultimate-heading-143869ef1fe43f5a8 uvc-5915 red-back-sub-head\" data-hspacer=\"no_spacer\"  data-halign=\"left\" style=\"text-align:left\"><div class=\"uvc-heading-spacer no_spacer\" style=\"top\"><\/div><div class=\"uvc-sub-heading ult-responsive\"  data-ultimate-target='.uvc-heading.ultimate-heading-143869ef1fe43f5a8 .uvc-sub-heading '  data-responsive-json-new='{\"font-size\":\"desktop:15px;\",\"line-height\":\"\"}'  style=\"font-weight:normal;color:#4b4b4b;\">Informez-vous et contribuez \u00e0 ce qui se passe dans les initiatives d&rsquo;arts engag\u00e9s dans la communaut\u00e9 et d&rsquo;arts pour le changement social \u00e0 travers le Canada.<\/div><\/div><div class=\"ult-spacer spacer-69ef1fe43f5bc\" data-id=\"69ef1fe43f5bc\" data-height=\"30\" data-height-mobile=\"0\" data-height-tab=\"\" data-height-tab-portrait=\"\" data-height-mobile-landscape=\"\" style=\"clear:both;display:block;\"><\/div>[\/vc_column][\/vc_row]<\/p>\n<\/div>","protected":false},"excerpt":{"rendered":"<p>[vc_row bg_type=\u00a0\u00bbimage\u00a0\u00bb parallax_style=\u00a0\u00bbvcpb-default\u00a0\u00bb bg_image_new=\u00a0\u00bbid^3718|url^https:\/\/artbridges.ca\/wp-content\/uploads\/2023\/04\/New-Banner-02.jpg|caption^null|alt^null|title^New-Banner-02|description^null\u00a0\u00bb bg_image_repeat=\u00a0\u00bbno-repeat\u00a0\u00bb el_class=\u00a0\u00bbpad-sides\u00a0\u00bb][vc_column][\/vc_column][\/vc_row][vc_row el_class=\u00a0\u00bbpad-sides about-h3&Prime; css=\u00a0\u00bb.vc_custom_1676038691512{padding-top: 50px !important;padding-bottom: 30px !important;}\u00a0\u00bb][vc_column][vc_row_inner][vc_column_inner width=\u00a0\u00bb1\/4&Prime;][\/vc_column_inner][vc_column_inner width=\u00a0\u00bb1\/2&Prime;][vc_column_text]Cette section vous aidera \u00e0 vous renseigner sur les initiatives d&rsquo;arts communautaires et d&rsquo;arts pour le changement social \u00e0 travers le Canada.[\/vc_column_text][\/vc_column_inner][vc_column_inner width=\u00a0\u00bb1\/4&Prime;][\/vc_column_inner][\/vc_row_inner][\/vc_column][\/vc_row][vc_row el_class=\u00a0\u00bbpad-sides about-h3&Prime;][vc_column][\/vc_column][\/vc_row][vc_row content_placement=\u00a0\u00bbmiddle\u00a0\u00bb el_class=\u00a0\u00bbpad-sides icon-row\u00a0\u00bb css=\u00a0\u00bb.vc_custom_1676041061112{padding-bottom: 50px !important;}\u00a0\u00bb][vc_column width=\u00a0\u00bb1\/2&Prime;][vc_row_inner content_placement=\u00a0\u00bbmiddle\u00a0\u00bb][vc_column_inner width=\u00a0\u00bb1\/6&Prime;][vc_single_image image=\u00a0\u00bb27557&Prime; img_size=\u00a0\u00bbfull\u00a0\u00bb][\/vc_column_inner][vc_column_inner<\/p>\n<p><a class=\"sd-more sd-all-trans\" href=\"https:\/\/artbridges.ca\/fr\/vos-arts-communautaires-sur-artbridges-toiledesarts\/#more-27863\">Read More<\/a><\/p>\n","protected":false},"author":1,"featured_media":0,"parent":0,"menu_order":0,"comment_status":"closed","ping_status":"closed","template":"full-width-page.php","meta":{"footnotes":""},"class_list":["post-27863","page","type-page","status-publish","hentry"],"_links":{"self":[{"href":"https:\/\/artbridges.ca\/fr\/wp-json\/wp\/v2\/pages\/27863","targetHints":{"allow":["GET"]}}],"collection":[{"href":"https:\/\/artbridges.ca\/fr\/wp-json\/wp\/v2\/pages"}],"about":[{"href":"https:\/\/artbridges.ca\/fr\/wp-json\/wp\/v2\/types\/page"}],"author":[{"embeddable":true,"href":"https:\/\/artbridges.ca\/fr\/wp-json\/wp\/v2\/users\/1"}],"replies":[{"embeddable":true,"href":"https:\/\/artbridges.ca\/fr\/wp-json\/wp\/v2\/comments?post=27863"}],"version-history":[{"count":4,"href":"https:\/\/artbridges.ca\/fr\/wp-json\/wp\/v2\/pages\/27863\/revisions"}],"predecessor-version":[{"id":28036,"href":"https:\/\/artbridges.ca\/fr\/wp-json\/wp\/v2\/pages\/27863\/revisions\/28036"}],"wp:attachment":[{"href":"https:\/\/artbridges.ca\/fr\/wp-json\/wp\/v2\/media?parent=27863"}],"curies":[{"name":"wp","href":"https:\/\/api.w.org\/{rel}","templated":true}]}}