{"id":27867,"date":"2023-02-16T06:47:13","date_gmt":"2023-02-16T11:47:13","guid":{"rendered":"https:\/\/artbridges.ca\/connectez-vous-avec-artbridges-toiledesarts\/"},"modified":"2023-07-25T13:44:14","modified_gmt":"2023-07-25T17:44:14","slug":"connectez-vous-avec-artbridges-toiledesarts","status":"publish","type":"page","link":"https:\/\/artbridges.ca\/fr\/connectez-vous-avec-artbridges-toiledesarts\/","title":{"rendered":"Connectez-vous avec ArtBridges\/ToileDesArts"},"content":{"rendered":"<div class=\"wpb-content-wrapper\"><p>[vc_row bg_type=\u00a0\u00bbimage\u00a0\u00bb parallax_style=\u00a0\u00bbvcpb-default\u00a0\u00bb bg_image_new=\u00a0\u00bbid^3718|url^https:\/\/artbridges.ca\/wp-content\/uploads\/2023\/04\/New-Banner-02.jpg|caption^null|alt^null|title^New-Banner-02|description^null\u00a0\u00bb bg_image_repeat=\u00a0\u00bbno-repeat\u00a0\u00bb el_class=\u00a0\u00bbpad-sides\u00a0\u00bb][vc_column]<div class=\"ult-spacer spacer-69ef1ffca5db6\" data-id=\"69ef1ffca5db6\" data-height=\"110\" data-height-mobile=\"50\" data-height-tab=\"\" data-height-tab-portrait=\"\" data-height-mobile-landscape=\"\" style=\"clear:both;display:block;\"><\/div><div id=\"ultimate-heading-271769ef1ffca5e23\" class=\"uvc-heading ult-adjust-bottom-margin ultimate-heading-271769ef1ffca5e23 uvc-9322 \" data-hspacer=\"no_spacer\"  data-halign=\"left\" style=\"text-align:left\"><div class=\"uvc-heading-spacer no_spacer\" style=\"top\"><\/div><div class=\"uvc-sub-heading ult-responsive\"  data-ultimate-target='.uvc-heading.ultimate-heading-271769ef1ffca5e23 .uvc-sub-heading '  data-responsive-json-new='{\"font-size\":\"desktop:18px;\",\"line-height\":\"desktop:18px;\"}'  style=\"font-family:&#039;Montserrat&#039;;font-weight:700;\"><\/p>\n<p class=\"sd-text-bg-white\">CONNEXION AVEC ARTBRIDGES\/TOILEDESARTS<\/p>\n<p><\/div><\/div><div class=\"ult-spacer spacer-69ef1ffca5e6b\" data-id=\"69ef1ffca5e6b\" data-height=\"110\" data-height-mobile=\"50\" data-height-tab=\"\" data-height-tab-portrait=\"\" data-height-mobile-landscape=\"\" style=\"clear:both;display:block;\"><\/div>[\/vc_column][\/vc_row][vc_row el_class=\u00a0\u00bbpad-sides about-h3 volunteer\u00a0\u00bb css=\u00a0\u00bb.vc_custom_1676550165842{padding-top: 50px !important;padding-bottom: 50px !important;}\u00a0\u00bb][vc_column width=\u00a0\u00bb1\/2&Prime;][vc_column_text]<strong>Envoyez-nous un courriel \u00e0 <a href=\"mailto:info@artbridges.ca\">info@artbridges.ca<\/a> pour toute demande ou \u00e0 :<\/strong><\/p>\n<ul>\n<li>Soumettre un article sur notre <a href=\"https:\/\/artbridges.ca\/fr\/blog\/\">blog communautaire<\/a><\/li>\n<li>Ajouter <a href=\"https:\/\/artbridges.ca\/fr\/opportunites-de-formation-et-de-developpement-professionnel-dans-le-domaine-des-arts-engages-par-la-communaute\/\">une opportunit\u00e9 ou<\/a> une <a href=\"https:\/\/artbridges.ca\/fr\/ressources-et-outils\/\">ressource<\/a> d&rsquo;apprentissage<\/li>\n<\/ul>\n<p>&nbsp;<\/p>\n<p><strong>Envoyer un mail:<\/strong>[\/vc_column_text]<div class=\"aio-icon-component  vc_custom_1676549341616   style_1\"><div id=\"Info-box-wrap-1275\" class=\"aio-icon-box default-icon\" style=\"\"  ><div class=\"aio-icon-default\"><div class=\"ult-just-icon-wrapper  \"><div class=\"align-icon\" style=\"text-align:center;\">\n<div class=\"aio-icon-img \" style=\"font-size:40px;display:inline-block;\" >\n\t<img decoding=\"async\" class=\"img-icon\" alt=\"null\" src=\"https:\/\/artbridges.ca\/wp-content\/uploads\/2023\/02\/Place-Marker-1.png\"\/>\n<\/div><\/div><\/div><\/div><div class=\"aio-icon-header\" ><h3 class=\"aio-icon-title ult-responsive\"  data-ultimate-target='#Info-box-wrap-1275 .aio-icon-title'  data-responsive-json-new='{\"font-size\":\"\",\"line-height\":\"\"}'  style=\"\">ArtBridges 2255B, rue Queen Est, bureau 351 Toronto, ON, M4E 1G3<\/h3><\/div> <!-- header --><\/div> <!-- aio-icon-box --><\/div> <!-- aio-icon-component --><div class=\"ult-spacer spacer-69ef1ffca6116\" data-id=\"69ef1ffca6116\" data-height=\"30\" data-height-mobile=\"30\" data-height-tab=\"30\" data-height-tab-portrait=\"\" data-height-mobile-landscape=\"\" style=\"clear:both;display:block;\"><\/div>[vc_column_text css=\u00a0\u00bb.vc_custom_1676549356054{margin-bottom: 0px !important;}\u00a0\u00bb]<strong>Retrouvez-nous sur le web :<\/strong>[\/vc_column_text]<div class=\"ult-spacer spacer-69ef1ffca6134\" data-id=\"69ef1ffca6134\" data-height=\"30\" data-height-mobile=\"30\" data-height-tab=\"30\" data-height-tab-portrait=\"\" data-height-mobile-landscape=\"\" style=\"clear:both;display:block;\"><\/div><div class=\"aio-icon-component  vc_custom_1677763722088   style_1\"><a class=\"aio-icon-box-link\" href=\"http:\/\/www.facebook.com\/artbridgestoiledesarts\" ><div id=\"Info-box-wrap-7572\" class=\"aio-icon-box default-icon\" style=\"\"  ><div class=\"aio-icon-default\"><div class=\"ult-just-icon-wrapper  \"><div class=\"align-icon\" style=\"text-align:center;\">\n<div class=\"aio-icon-img \" style=\"font-size:40px;display:inline-block;\" >\n\t<img decoding=\"async\" class=\"img-icon\" alt=\"null\" src=\"https:\/\/artbridges.ca\/wp-content\/uploads\/2023\/02\/Facebook.png\"\/>\n<\/div><\/div><\/div><\/div><div class=\"aio-icon-header\" ><h3 class=\"aio-icon-title ult-responsive\"  data-ultimate-target='#Info-box-wrap-7572 .aio-icon-title'  data-responsive-json-new='{\"font-size\":\"\",\"line-height\":\"\"}'  style=\"\">https:\/\/www.facebook.com\/artbridgestoiledesarts<\/h3><\/div> <!-- header --><\/div> <!-- aio-icon-box --><\/a><\/div> <!-- aio-icon-component --><div class=\"aio-icon-component  vc_custom_1677763738359   style_1\"><a class=\"aio-icon-box-link\" href=\"http:\/\/www.twitter.com\/artbridges\" ><div id=\"Info-box-wrap-2252\" class=\"aio-icon-box default-icon\" style=\"\"  ><div class=\"aio-icon-default\"><div class=\"ult-just-icon-wrapper  \"><div class=\"align-icon\" style=\"text-align:center;\">\n<div class=\"aio-icon-img \" style=\"font-size:40px;display:inline-block;\" >\n\t<img decoding=\"async\" class=\"img-icon\" alt=\"null\" src=\"https:\/\/artbridges.ca\/wp-content\/uploads\/2023\/02\/Twitter.png\"\/>\n<\/div><\/div><\/div><\/div><div class=\"aio-icon-header\" ><h3 class=\"aio-icon-title ult-responsive\"  data-ultimate-target='#Info-box-wrap-2252 .aio-icon-title'  data-responsive-json-new='{\"font-size\":\"\",\"line-height\":\"\"}'  style=\"\">https:\/\/twitter.com\/artbridges<\/h3><\/div> <!-- header --><\/div> <!-- aio-icon-box --><\/a><\/div> <!-- aio-icon-component --><div class=\"ult-spacer spacer-69ef1ffca641c\" data-id=\"69ef1ffca641c\" data-height=\"30\" data-height-mobile=\"30\" data-height-tab=\"30\" data-height-tab-portrait=\"\" data-height-mobile-landscape=\"\" style=\"clear:both;display:block;\"><\/div>[vc_column_text]<strong>Contacter le personnel du programme ArtBridges\/ToileDesArts<\/strong>[\/vc_column_text][vc_row_inner][vc_column_inner width=\u00a0\u00bb1\/2&Prime;]<div class=\"aio-icon-component  vc_custom_1676549747562   style_1\"><div id=\"Info-box-wrap-3820\" class=\"aio-icon-box default-icon\" style=\"\"  ><div class=\"aio-icon-default\"><div class=\"ult-just-icon-wrapper  \"><div class=\"align-icon\" style=\"text-align:center;\">\n<div class=\"aio-icon-img \" style=\"font-size:40px;display:inline-block;\" >\n\t<img decoding=\"async\" class=\"img-icon\" alt=\"null\" src=\"https:\/\/artbridges.ca\/wp-content\/uploads\/2023\/02\/User.png\"\/>\n<\/div><\/div><\/div><\/div><div class=\"aio-icon-header\" ><h3 class=\"aio-icon-title ult-responsive\"  data-ultimate-target='#Info-box-wrap-3820 .aio-icon-title'  data-responsive-json-new='{\"font-size\":\"\",\"line-height\":\"\"}'  style=\"\">Seanna Connel<\/h3><\/div> <!-- header --><div class=\"aio-icon-description ult-responsive\"  data-ultimate-target='#Info-box-wrap-3820 .aio-icon-description'  data-responsive-json-new='{\"font-size\":\"\",\"line-height\":\"\"}'  style=\"\">Directrice<\/p>\n<p><a href=\"mailto:sconnell@artbridges.ca\">sconnell@artbridges.ca<\/a><\/div> <!-- description --><\/div> <!-- aio-icon-box --><\/div> <!-- aio-icon-component -->[\/vc_column_inner][vc_column_inner width=\u00a0\u00bb1\/2&Prime;]<div class=\"aio-icon-component  vc_custom_1676550019553   style_1\"><div id=\"Info-box-wrap-1924\" class=\"aio-icon-box default-icon\" style=\"\"  ><div class=\"aio-icon-default\"><div class=\"ult-just-icon-wrapper  \"><div class=\"align-icon\" style=\"text-align:center;\">\n<div class=\"aio-icon-img \" style=\"font-size:40px;display:inline-block;\" >\n\t<img decoding=\"async\" class=\"img-icon\" alt=\"null\" src=\"https:\/\/artbridges.ca\/wp-content\/uploads\/2023\/02\/User.png\"\/>\n<\/div><\/div><\/div><\/div><div class=\"aio-icon-header\" ><h3 class=\"aio-icon-title ult-responsive\"  data-ultimate-target='#Info-box-wrap-1924 .aio-icon-title'  data-responsive-json-new='{\"font-size\":\"\",\"line-height\":\"\"}'  style=\"\">Lisa Tran<\/h3><\/div> <!-- header --><div class=\"aio-icon-description ult-responsive\"  data-ultimate-target='#Info-box-wrap-1924 .aio-icon-description'  data-responsive-json-new='{\"font-size\":\"\",\"line-height\":\"\"}'  style=\"\">Coordonnatrice des m\u00e9dias sociaux et du contenu<\/p>\n<p><a href=\"mailto:lisa@artbridges.ca\">lisa@artbridges.ca<\/a><\/div> <!-- description --><\/div> <!-- aio-icon-box --><\/div> <!-- aio-icon-component -->[\/vc_column_inner][\/vc_row_inner]<div class=\"ult-spacer spacer-69ef1ffca66ad\" data-id=\"69ef1ffca66ad\" data-height=\"30\" data-height-mobile=\"30\" data-height-tab=\"30\" data-height-tab-portrait=\"\" data-height-mobile-landscape=\"\" style=\"clear:both;display:block;\"><\/div><div class=\"aio-icon-component  vc_custom_1676550398834   style_1\"><div id=\"Info-box-wrap-6959\" class=\"aio-icon-box default-icon\" style=\"\"  ><div class=\"aio-icon-default\"><div class=\"ult-just-icon-wrapper  \"><div class=\"align-icon\" style=\"text-align:center;\">\n<div class=\"aio-icon-img \" style=\"font-size:40px;display:inline-block;\" >\n\t<img decoding=\"async\" class=\"img-icon\" alt=\"null\" src=\"https:\/\/artbridges.ca\/wp-content\/uploads\/2023\/02\/User.png\"\/>\n<\/div><\/div><\/div><\/div><div class=\"aio-icon-header\" ><h3 class=\"aio-icon-title ult-responsive\"  data-ultimate-target='#Info-box-wrap-6959 .aio-icon-title'  data-responsive-json-new='{\"font-size\":\"\",\"line-height\":\"\"}'  style=\"\">Catherine Lamaison<\/h3><\/div> <!-- header --><div class=\"aio-icon-description ult-responsive\"  data-ultimate-target='#Info-box-wrap-6959 .aio-icon-description'  data-responsive-json-new='{\"font-size\":\"\",\"line-height\":\"\"}'  style=\"\">Coordonnatrice des arts communautaires francophones\/Coordonnatrice<br \/>\nfrancophone en art communautaire<\/p>\n<p><a href=\"mailto:catherinelamaison@artbridges.ca\">catherinelamaison@artbridges.ca<\/a><\/div> <!-- description --><\/div> <!-- aio-icon-box --><\/div> <!-- aio-icon-component --><div class=\"ult-spacer spacer-69ef1ffca676f\" data-id=\"69ef1ffca676f\" data-height=\"30\" data-height-mobile=\"30\" data-height-tab=\"30\" data-height-tab-portrait=\"\" data-height-mobile-landscape=\"\" style=\"clear:both;display:block;\"><\/div><div class=\"aio-icon-component  vc_custom_1676550433008   style_1\"><div id=\"Info-box-wrap-7867\" class=\"aio-icon-box default-icon\" style=\"\"  ><div class=\"aio-icon-default\"><div class=\"ult-just-icon-wrapper  \"><div class=\"align-icon\" style=\"text-align:center;\">\n<div class=\"aio-icon-img \" style=\"font-size:40px;display:inline-block;\" >\n\t<img decoding=\"async\" class=\"img-icon\" alt=\"null\" src=\"https:\/\/artbridges.ca\/wp-content\/uploads\/2023\/02\/User.png\"\/>\n<\/div><\/div><\/div><\/div><div class=\"aio-icon-header\" ><h3 class=\"aio-icon-title ult-responsive\"  data-ultimate-target='#Info-box-wrap-7867 .aio-icon-title'  data-responsive-json-new='{\"font-size\":\"\",\"line-height\":\"\"}'  style=\"\">Tiffany Nyklickova<\/h3><\/div> <!-- header --><div class=\"aio-icon-description ult-responsive\"  data-ultimate-target='#Info-box-wrap-7867 .aio-icon-description'  data-responsive-json-new='{\"font-size\":\"\",\"line-height\":\"\"}'  style=\"\">D\u00e9veloppeur d&rsquo;adh\u00e9sion<\/p>\n<p><a href=\"mailto:tiffany@artbridges.ca\">tiffany@artbridges.ca<\/a><\/div> <!-- description --><\/div> <!-- aio-icon-box --><\/div> <!-- aio-icon-component -->[\/vc_column][vc_column width=\u00a0\u00bb1\/2&Prime;][vc_raw_html]JTNDZGl2JTIwY2xhc3MlM0QlMjJ3cGZvcm1zLWNzdG0lMjIlM0UlM0NoMyUzRUNPTlRBQ1RFWi1OT1VTJTNDJTJGaDMlM0UlNUJ3cGZvcm1zJTIwaWQlM0QlMjIyNzk2MiUyMiUyMHRpdGxlJTNEJTIyZmF1eCUyMiU1RCUzQyUyRmRpdiUzRQ==[\/vc_raw_html][\/vc_column][\/vc_row][vc_row el_class=\u00a0\u00bbpad-sides\u00a0\u00bb css=\u00a0\u00bb.vc_custom_1676550502257{padding-bottom: 100px !important;}\u00a0\u00bb][vc_column][vc_column_text]<strong>Remarque : Tous les postes du personnel sont \u00e0 temps partiel. Si vous avez un probl\u00e8me qui n\u00e9cessite une attention plus imm\u00e9diate et que vous ne pouvez pas attendre qu&rsquo;un certain personnel soit de retour au bureau, appelez-nous ou envoyez un courriel \u00e0 <a href=\"mailto:info@artbridges.ca\">info@artbridges.ca<\/a>. Nous vous r\u00e9pondrons.<\/strong>[\/vc_column_text][\/vc_column][\/vc_row]<\/p>\n<\/div>","protected":false},"excerpt":{"rendered":"<p>[vc_row bg_type=\u00a0\u00bbimage\u00a0\u00bb parallax_style=\u00a0\u00bbvcpb-default\u00a0\u00bb bg_image_new=\u00a0\u00bbid^3718|url^https:\/\/artbridges.ca\/wp-content\/uploads\/2023\/04\/New-Banner-02.jpg|caption^null|alt^null|title^New-Banner-02|description^null\u00a0\u00bb bg_image_repeat=\u00a0\u00bbno-repeat\u00a0\u00bb el_class=\u00a0\u00bbpad-sides\u00a0\u00bb][vc_column][\/vc_column][\/vc_row][vc_row el_class=\u00a0\u00bbpad-sides about-h3 volunteer\u00a0\u00bb css=\u00a0\u00bb.vc_custom_1676550165842{padding-top: 50px !important;padding-bottom: 50px !important;}\u00a0\u00bb][vc_column width=\u00a0\u00bb1\/2&Prime;][vc_column_text]Envoyez-nous un courriel \u00e0 info@artbridges.ca pour toute demande ou \u00e0 : Soumettre un article sur notre blog communautaire Ajouter une opportunit\u00e9 ou une ressource d&rsquo;apprentissage &nbsp; Envoyer un mail:[\/vc_column_text][vc_column_text css=\u00a0\u00bb.vc_custom_1676549356054{margin-bottom: 0px !important;}\u00a0\u00bb]Retrouvez-nous sur le web :[\/vc_column_text][vc_column_text]Contacter<\/p>\n<p><a class=\"sd-more sd-all-trans\" href=\"https:\/\/artbridges.ca\/fr\/connectez-vous-avec-artbridges-toiledesarts\/#more-27867\">Read More<\/a><\/p>\n","protected":false},"author":1,"featured_media":0,"parent":0,"menu_order":0,"comment_status":"closed","ping_status":"closed","template":"full-width-page.php","meta":{"footnotes":""},"class_list":["post-27867","page","type-page","status-publish","hentry"],"_links":{"self":[{"href":"https:\/\/artbridges.ca\/fr\/wp-json\/wp\/v2\/pages\/27867","targetHints":{"allow":["GET"]}}],"collection":[{"href":"https:\/\/artbridges.ca\/fr\/wp-json\/wp\/v2\/pages"}],"about":[{"href":"https:\/\/artbridges.ca\/fr\/wp-json\/wp\/v2\/types\/page"}],"author":[{"embeddable":true,"href":"https:\/\/artbridges.ca\/fr\/wp-json\/wp\/v2\/users\/1"}],"replies":[{"embeddable":true,"href":"https:\/\/artbridges.ca\/fr\/wp-json\/wp\/v2\/comments?post=27867"}],"version-history":[{"count":4,"href":"https:\/\/artbridges.ca\/fr\/wp-json\/wp\/v2\/pages\/27867\/revisions"}],"predecessor-version":[{"id":28052,"href":"https:\/\/artbridges.ca\/fr\/wp-json\/wp\/v2\/pages\/27867\/revisions\/28052"}],"wp:attachment":[{"href":"https:\/\/artbridges.ca\/fr\/wp-json\/wp\/v2\/media?parent=27867"}],"curies":[{"name":"wp","href":"https:\/\/api.w.org\/{rel}","templated":true}]}}