{"id":27913,"date":"2023-02-14T04:24:26","date_gmt":"2023-02-14T09:24:26","guid":{"rendered":"https:\/\/artbridges.ca\/que-se-passe-t-il-dans-les-arts-communautaires-au-canada\/"},"modified":"2023-07-03T02:36:57","modified_gmt":"2023-07-03T06:36:57","slug":"que-se-passe-t-il-dans-les-arts-communautaires-au-canada","status":"publish","type":"page","link":"https:\/\/artbridges.ca\/fr\/que-se-passe-t-il-dans-les-arts-communautaires-au-canada\/","title":{"rendered":"Que se passe-t-il dans les arts communautaires au Canada"},"content":{"rendered":"<div class=\"wpb-content-wrapper\"><p>[vc_row bg_type=\u00a0\u00bbimage\u00a0\u00bb parallax_style=\u00a0\u00bbvcpb-default\u00a0\u00bb bg_image_new=\u00a0\u00bbid^3718|url^https:\/\/artbridges.ca\/wp-content\/uploads\/2023\/04\/New-Banner-02.jpg|caption^null|alt^null|title^New-Banner-02|description^null\u00a0\u00bb bg_image_repeat=\u00a0\u00bbno-repeat\u00a0\u00bb el_class=\u00a0\u00bbpad-sides\u00a0\u00bb][vc_column]<div class=\"ult-spacer spacer-69ea343d5ae53\" data-id=\"69ea343d5ae53\" data-height=\"110\" data-height-mobile=\"50\" data-height-tab=\"\" data-height-tab-portrait=\"\" data-height-mobile-landscape=\"\" style=\"clear:both;display:block;\"><\/div><div id=\"ultimate-heading-676169ea343d5aecd\" class=\"uvc-heading ult-adjust-bottom-margin ultimate-heading-676169ea343d5aecd uvc-1099 \" data-hspacer=\"no_spacer\"  data-halign=\"left\" style=\"text-align:left\"><div class=\"uvc-heading-spacer no_spacer\" style=\"top\"><\/div><div class=\"uvc-sub-heading ult-responsive\"  data-ultimate-target='.uvc-heading.ultimate-heading-676169ea343d5aecd .uvc-sub-heading '  data-responsive-json-new='{\"font-size\":\"desktop:18px;\",\"line-height\":\"desktop:18px;\"}'  style=\"font-family:&#039;Montserrat&#039;;font-weight:700;\"><\/p>\n<p class=\"sd-text-bg-white\">QUE SE PASSE-T-IL DANS LES ARTS ENGAG\u00c9S PAR LA COMMUNAUT\u00c9 AU CANADA<\/p>\n<p><\/div><\/div><div class=\"ult-spacer spacer-69ea343d5af1d\" data-id=\"69ea343d5af1d\" data-height=\"110\" data-height-mobile=\"50\" data-height-tab=\"\" data-height-tab-portrait=\"\" data-height-mobile-landscape=\"\" style=\"clear:both;display:block;\"><\/div>[\/vc_column][\/vc_row][vc_row el_class=\u00a0\u00bbpad-sides about-h3&Prime; css=\u00a0\u00bb.vc_custom_1676038691512{padding-top: 50px !important;padding-bottom: 30px !important;}\u00a0\u00bb][vc_column]<div id=\"ultimate-heading-887669ea343d5af77\" class=\"uvc-heading ult-adjust-bottom-margin ultimate-heading-887669ea343d5af77 uvc-942 \" data-hspacer=\"no_spacer\"  data-halign=\"center\" style=\"text-align:center\"><div class=\"uvc-heading-spacer no_spacer\" style=\"top\"><\/div><div class=\"uvc-main-heading ult-responsive\"  data-ultimate-target='.uvc-heading.ultimate-heading-887669ea343d5af77 h3'  data-responsive-json-new='{\"font-size\":\"desktop:34px;\",\"line-height\":\"\"}' ><h3 style=\"font-weight:normal;color:#000000;\">Que se passe-t-il dans les arts engag\u00e9s dans la communaut\u00e9<br \/>\nPartout au Canada<\/h3><\/div><\/div><div class=\"ult-spacer spacer-69ea343d5b054\" data-id=\"69ea343d5b054\" data-height=\"30\" data-height-mobile=\"30\" data-height-tab=\"30\" data-height-tab-portrait=\"\" data-height-mobile-landscape=\"\" style=\"clear:both;display:block;\"><\/div>[vc_row_inner][vc_column_inner width=\u00a0\u00bb1\/6&Prime;][\/vc_column_inner][vc_column_inner width=\u00a0\u00bb2\/3&Prime;][vc_column_text]Chez ArtBridges\/ToileDesArts, nous entendons parler d&rsquo;\u00e9v\u00e9nements, de conf\u00e9rences, d&rsquo;ateliers, de symposiums, d&rsquo;expositions, de festivals, de c\u00e9l\u00e9brations et d&rsquo;activit\u00e9s organis\u00e9s par ou li\u00e9s \u00e0 des initiatives artistiques engag\u00e9es dans la communaut\u00e9 \u00e0 travers le Canada. Ici, vous pouvez trouver un \u00e9v\u00e9nement artistique communautaire ou publier un \u00e9v\u00e9nement artistique communautaire.[\/vc_column_text][\/vc_column_inner][vc_column_inner width=\u00a0\u00bb1\/6&Prime;][\/vc_column_inner][\/vc_row_inner][\/vc_column][\/vc_row][vc_row disable_element=\u00a0\u00bbyes\u00a0\u00bb el_class=\u00a0\u00bbpad-sides cstm-events\u00a0\u00bb][vc_column][vc_raw_html]W3RyaWJlX2V2ZW50cyB2aWV3PSJsaXN0IiBjYXRlZ29yeT0iY29tbXVuaXR5Il0=[\/vc_raw_html][\/vc_column][\/vc_row]<\/p>\n<\/div>","protected":false},"excerpt":{"rendered":"<p>[vc_row bg_type=\u00a0\u00bbimage\u00a0\u00bb parallax_style=\u00a0\u00bbvcpb-default\u00a0\u00bb bg_image_new=\u00a0\u00bbid^3718|url^https:\/\/artbridges.ca\/wp-content\/uploads\/2023\/04\/New-Banner-02.jpg|caption^null|alt^null|title^New-Banner-02|description^null\u00a0\u00bb bg_image_repeat=\u00a0\u00bbno-repeat\u00a0\u00bb el_class=\u00a0\u00bbpad-sides\u00a0\u00bb][vc_column][\/vc_column][\/vc_row][vc_row el_class=\u00a0\u00bbpad-sides about-h3&Prime; css=\u00a0\u00bb.vc_custom_1676038691512{padding-top: 50px !important;padding-bottom: 30px !important;}\u00a0\u00bb][vc_column][vc_row_inner][vc_column_inner width=\u00a0\u00bb1\/6&Prime;][\/vc_column_inner][vc_column_inner width=\u00a0\u00bb2\/3&Prime;][vc_column_text]Chez ArtBridges\/ToileDesArts, nous entendons parler d&rsquo;\u00e9v\u00e9nements, de conf\u00e9rences, d&rsquo;ateliers, de symposiums, d&rsquo;expositions, de festivals, de c\u00e9l\u00e9brations et d&rsquo;activit\u00e9s organis\u00e9s par ou li\u00e9s \u00e0 des initiatives artistiques engag\u00e9es dans la communaut\u00e9 \u00e0 travers le Canada. Ici, vous<\/p>\n<p><a class=\"sd-more sd-all-trans\" href=\"https:\/\/artbridges.ca\/fr\/que-se-passe-t-il-dans-les-arts-communautaires-au-canada\/#more-27913\">Read More<\/a><\/p>\n","protected":false},"author":1,"featured_media":0,"parent":0,"menu_order":0,"comment_status":"closed","ping_status":"closed","template":"full-width-page.php","meta":{"footnotes":""},"class_list":["post-27913","page","type-page","status-publish","hentry"],"_links":{"self":[{"href":"https:\/\/artbridges.ca\/fr\/wp-json\/wp\/v2\/pages\/27913","targetHints":{"allow":["GET"]}}],"collection":[{"href":"https:\/\/artbridges.ca\/fr\/wp-json\/wp\/v2\/pages"}],"about":[{"href":"https:\/\/artbridges.ca\/fr\/wp-json\/wp\/v2\/types\/page"}],"author":[{"embeddable":true,"href":"https:\/\/artbridges.ca\/fr\/wp-json\/wp\/v2\/users\/1"}],"replies":[{"embeddable":true,"href":"https:\/\/artbridges.ca\/fr\/wp-json\/wp\/v2\/comments?post=27913"}],"version-history":[{"count":1,"href":"https:\/\/artbridges.ca\/fr\/wp-json\/wp\/v2\/pages\/27913\/revisions"}],"predecessor-version":[{"id":27916,"href":"https:\/\/artbridges.ca\/fr\/wp-json\/wp\/v2\/pages\/27913\/revisions\/27916"}],"wp:attachment":[{"href":"https:\/\/artbridges.ca\/fr\/wp-json\/wp\/v2\/media?parent=27913"}],"curies":[{"name":"wp","href":"https:\/\/api.w.org\/{rel}","templated":true}]}}